{"id":1372,"date":"2016-07-06T11:35:06","date_gmt":"2016-07-06T09:35:06","guid":{"rendered":"http:\/\/emltrike.com\/?page_id=1372"},"modified":"2018-09-04T21:18:08","modified_gmt":"2018-09-04T19:18:08","slug":"eml-martinique","status":"publish","type":"page","link":"https:\/\/emltrike.com\/fr\/trikes\/eml-martinique\/","title":{"rendered":"EML Martinique"},"content":{"rendered":"<div class=\"wpb-content-wrapper\"><p>[vc_row full_width=&#8221;stretch_row_content_no_spaces&#8221; css=&#8221;.vc_custom_1464688053669{background-color: #ffffff !important;}&#8221;][vc_column][vc_empty_space height=&#8221;145px&#8221; css=&#8221;.vc_custom_1464795011193{background-color: #ffffff !important;}&#8221; el_class=&#8221;header-spacer&#8221;][\/vc_column][\/vc_row][vc_row full_width=&#8221;stretch_row&#8221; el_class=&#8221;intro-2&#8243; css=&#8221;.vc_custom_1464688227654{background-image: url(\/wp-content\/uploads\/2016\/05\/eml_background.png?id=220) !important;}&#8221;][vc_column][vc_row_inner el_class=&#8221;uk-flex&#8221;][vc_column_inner el_class=&#8221;uk-flex shadow-2 fill&#8221; width=&#8221;1\/2&#8243; css=&#8221;.vc_custom_1464803534916{background-color: #ffffff !important;background-position: center !important;background-repeat: no-repeat !important;background-size: cover !important;}&#8221; offset=&#8221;vc_col-xs-12&#8243;][vc_single_image image=&#8221;184&#8243; img_size=&#8221;large&#8221; alignment=&#8221;center&#8221; onclick=&#8221;link_image&#8221; el_class=&#8221;uk-flex uk-flex-middle zoom&#8221;][\/vc_column_inner][vc_column_inner el_class=&#8221;intro-2-title&#8221; width=&#8221;1\/2&#8243; offset=&#8221;vc_col-xs-12&#8243;][vc_empty_space height=&#8221;50%&#8221;][vc_column_text el_class=&#8221;title-white&#8221;]<\/p>\n<h1>EML Martinique<small>Le kit Trike pour motos de Honda GL1800<\/small><\/h1>\n<p>[\/vc_column_text][\/vc_column_inner][\/vc_row_inner][\/vc_column][\/vc_row][vc_row css=&#8221;.vc_custom_1464703868430{margin-top: 0px !important;margin-right: -15px !important;margin-bottom: 0px !important;margin-left: -15px !important;padding-top: 0px !important;padding-right: 0px !important;padding-bottom: 0px !important;padding-left: 0px !important;}&#8221;][vc_column offset=&#8221;vc_hidden-lg vc_hidden-md vc_hidden-sm&#8221; css=&#8221;.vc_custom_1464703819759{margin: 0px !important;padding: 0px !important;}&#8221;][vc_column_text el_class=&#8221;padding-large fill-blue shadow-2 title-white&#8221;]<\/p>\n<h1>EML Martinique<small>Le kit Trike pour motos de Honda GL1800<\/small><\/h1>\n<p>[\/vc_column_text][vc_single_image image=&#8221;184&#8243; img_size=&#8221;large&#8221; el_class=&#8221;fill shadow-2&#8243; css=&#8221;.vc_custom_1465376000475{margin-top: 0px !important;margin-right: 0px !important;margin-bottom: 0px !important;margin-left: 0px !important;padding-top: 0px !important;padding-right: 0px !important;padding-bottom: 0px !important;padding-left: 0px !important;}&#8221;][\/vc_column][\/vc_row][vc_row el_class=&#8221;margin-bottom&#8221;][vc_column width=&#8221;1\/2&#8243; css=&#8221;.vc_custom_1464796374996{margin-top: 0px !important;margin-bottom: 0px !important;padding-right: 0px !important;padding-left: 0px !important;}&#8221; el_class=&#8221;border-bottom shadow-2 fill padding-large&#8221;][vc_column_text]Le kit Trike EML Martinique pour motos de Honda GL1800 pour le Honda GL1800 marque le d\u00e9but d\u2019un nouvel \u00e2ge du Trike.<\/p>\n<p>T\u00f4t ou tard cela devait arriver. C\u2019est ici finalement, le tout meilleur du Trike pour le confort et la facilit\u00e9 d\u2019utilisation, avec un design exclusif.<br \/>\nUn style agressif et distinctif avec une qualit\u00e9 sans \u00e9gal.[\/vc_column_text][\/vc_column][\/vc_row][vc_row][vc_column css=&#8221;.vc_custom_1464688304848{padding-right: 0px !important;padding-left: 0px !important;}&#8221;][vc_custom_heading text=&#8221;Technical data&#8221; font_container=&#8221;tag:h3|text_align:left&#8221; use_theme_fonts=&#8221;yes&#8221; el_class=&#8221;product-heading&#8221;][\/vc_column][\/vc_row][vc_row content_placement=&#8221;top&#8221; el_class=&#8221;border-top shadow-2 fill padding-large margin-bottom table-block&#8221;][vc_column width=&#8221;1\/2&#8243; offset=&#8221;vc_col-lg-4 vc_col-md-4 vc_col-xs-12&#8243;][vc_column_text]<\/p>\n<table>\n<tbody>\n<tr>\n<th><strong>Dimensions<\/strong><\/th>\n<th><\/th>\n<\/tr>\n<tr>\n<td>Longueur<\/td>\n<td>2.780 mm<\/td>\n<\/tr>\n<tr>\n<td>Largeur<\/td>\n<td>1.300 mm<\/td>\n<\/tr>\n<tr>\n<td>Hauteur<\/td>\n<td>1.440 mm<\/td>\n<\/tr>\n<tr>\n<td>Garde au sol<\/td>\n<td>150 mm<\/td>\n<\/tr>\n<tr>\n<td>Voie<\/td>\n<td>1.100 mm<\/td>\n<\/tr>\n<tr>\n<td>Empattement<\/td>\n<td>1.790 mm<\/td>\n<\/tr>\n<tr>\n<td>Capacit\u00e9 du coffre<\/td>\n<td>145 liter<\/td>\n<\/tr>\n<\/tbody>\n<\/table>\n<p>[\/vc_column_text][\/vc_column][vc_column width=&#8221;1\/2&#8243; offset=&#8221;vc_col-lg-4 vc_col-md-4 vc_col-xs-12&#8243;][vc_column_text]<\/p>\n<table>\n<tbody>\n<tr>\n<th>Poids<\/th>\n<th><\/th>\n<\/tr>\n<tr>\n<td>Poids a vide<\/td>\n<td>486 Kg<\/td>\n<\/tr>\n<tr>\n<td>Poids total<\/td>\n<td>713 Kg<\/td>\n<\/tr>\n<\/tbody>\n<\/table>\n<p>[\/vc_column_text][\/vc_column][vc_column width=&#8221;1\/2&#8243; offset=&#8221;vc_col-lg-4 vc_col-md-4 vc_col-xs-12&#8243;][vc_column_text]<\/p>\n<table>\n<tbody>\n<tr>\n<th><strong>Roues\u00a0\u00a0<\/strong><\/th>\n<th><\/th>\n<\/tr>\n<tr>\n<td>Avant<\/td>\n<td>14\u201d EML<\/td>\n<\/tr>\n<tr>\n<td>Arri\u00e8re<\/td>\n<td>16\u201d\u00a0Roues sport en aluminium<\/td>\n<\/tr>\n<\/tbody>\n<\/table>\n<p>[\/vc_column_text][\/vc_column][\/vc_row][vc_row][vc_column css=&#8221;.vc_custom_1464688320331{padding-right: 0px !important;padding-left: 0px !important;}&#8221;][vc_custom_heading text=&#8221;Caracteristiques&#8221; font_container=&#8221;tag:h3|text_align:left&#8221; use_theme_fonts=&#8221;yes&#8221; el_class=&#8221;product-heading&#8221;][\/vc_column][\/vc_row][vc_row el_class=&#8221;border-top shadow-2 padding-large fill margin-bottom&#8221;][vc_column css=&#8221;.vc_custom_1464689159491{padding: 0px !important;}&#8221;][vc_column_text el_class=&#8221;margin-bottom&#8221;]La facilit\u00e9 de conduite et le confort du Martinique ne peuvent pas \u00eatre appel\u00e9s parfaits. Il n\u2019y a aucun mot dans le dictionnaire qui se trouve plus haut que \u201cperfection\u201d. Cruiser sur des routes et autoroutes aux longues courbes ou virages serr\u00e9s feront vous sentir \u2018\u2019le roi de la route\u2018\u2019. Le pont arri\u00e8re tubulaire et la fourche avant EML Extensodive rendent cette qualit\u00e9 de traitement possible. Le b\u00e2ti du pont est fabriqu\u00e9 en tubes au Chrome Molybd\u00e8ne le rendant beaucoup plus l\u00e9ger que des pont arri\u00e8re \u201cnormaux\u201d. La suspension semi ind\u00e9pendante avec deux amortisseurs dont la pr\u00e9charge est r\u00e9glable en hydraulique et duret\u00e9, assure un \u00e9quilibre parfait entre tenue de route et confort. Tous les inconv\u00e9nients des ponts normaux ou ind\u00e9pendants n\u2019existent plus d\u00e9sormais. Gr\u00e2ce au pont tubulaire, les ing\u00e9nieurs ont pu concevoir le Trike Martinique avec une capacit\u00e9 de coffre de 145 litres sans aucune concessions au design. Durant le d\u00e9veloppement du Trike Martinique, les ing\u00e9nieurs se sont concentr\u00e9s sur chaque d\u00e9tails.<\/p>\n<p>L\u2019\u00e9quipement standart est tr\u00e8s unique mais complet, il comprend:[\/vc_column_text][vc_column_text el_class=&#8221;features&#8221;]<\/p>\n<div class=\"rt-container\">\n<div id=\"rt-main\" class=\"mb12\">\n<div class=\"rt-container\">\n<div class=\"rt-grid-12 \">\n<div class=\"rt-block\">\n<div id=\"rt-mainbody\">\n<div class=\"component-content\">\n<article class=\"item-page\">\n<div id=\"content_machines_left\">\n<ul>\n<li>Coffre moquett\u00e9 fermant \u00e0 clefs<\/li>\n<li>Frein \u00e0 main<\/li>\n<li>Durites de frein tress\u00e9es \u2018\u2019aviation\u2019\u2019<\/li>\n<li>Roues arri\u00e8res alliage<\/li>\n<li>Freins \u00e0 disques flottants arri\u00e8res<\/li>\n<li>Fourche avant ExtensoDive, roue 14\u2019\u2019 EML<\/li>\n<li>Amortisseur de direction<\/li>\n<\/ul>\n<\/div>\n<\/article>\n<\/div>\n<\/div>\n<\/div>\n<\/div>\n<\/div>\n<\/div>\n<\/div>\n<p>[\/vc_column_text][vc_column_text el_class=&#8221;margin-bottom&#8221;]Sous r\u00e9serve de modifications ou erreurs d\u2019impression.[\/vc_column_text][\/vc_column][\/vc_row][vc_row][vc_column css=&#8221;.vc_custom_1464688325460{padding-right: 0px !important;padding-left: 0px !important;}&#8221;][vc_custom_heading text=&#8221;Options&#8221; font_container=&#8221;tag:h3|text_align:left&#8221; use_theme_fonts=&#8221;yes&#8221; el_class=&#8221;product-heading&#8221;][\/vc_column][\/vc_row][vc_row el_class=&#8221;border-top shadow-2 padding-large fill margin-bottom&#8221;][vc_column css=&#8221;.vc_custom_1464689504837{margin: 0px !important;padding: 0px !important;}&#8221;][vc_column_text el_class=&#8221;options&#8221;]<\/p>\n<ul>\n<li>Footwings<\/li>\n<li>Attelage de remorque<\/li>\n<\/ul>\n<p>[\/vc_column_text][\/vc_column][\/vc_row][vc_row][vc_column css=&#8221;.vc_custom_1464688330988{padding-right: 0px !important;padding-left: 0px !important;}&#8221;][vc_custom_heading text=&#8221;Galerie de photos&#8221; font_container=&#8221;tag:h3|text_align:left&#8221; use_theme_fonts=&#8221;yes&#8221; el_class=&#8221;product-heading&#8221;][\/vc_column][\/vc_row][vc_row el_class=&#8221;border-top shadow-2 padding-large fill margin-bottom&#8221;][vc_column css=&#8221;.vc_custom_1464696391453{margin-top: 0px !important;margin-right: 0px !important;margin-bottom: 0px !important;margin-left: 0px !important;padding-top: 0px !important;padding-right: 0px !important;padding-bottom: 0px !important;padding-left: 0px !important;}&#8221; el_class=&#8221;zoom&#8221;][vc_media_grid element_width=&#8221;3&#8243; gap=&#8221;25&#8243; item=&#8221;mediaGrid_SlideInTitle&#8221; grid_id=&#8221;vc_gid:1536088630400-4c90d820-f62b-3&#8243; include=&#8221;691,692,693,694,695,696,697&#8243;][\/vc_column][\/vc_row]<\/p>\n<\/div>","protected":false},"excerpt":{"rendered":"<p>[vc_row full_width=&#8221;stretch_row_content_no_spaces&#8221; css=&#8221;.vc_custom_1464688053669{background-color: #ffffff !important;}&#8221;][vc_column][vc_empty_space height=&#8221;145px&#8221; css=&#8221;.vc_custom_1464795011193{background-color: #ffffff !important;}&#8221; el_class=&#8221;header-spacer&#8221;][\/vc_column][\/vc_row][vc_row full_width=&#8221;stretch_row&#8221; el_class=&#8221;intro-2&#8243; css=&#8221;.vc_custom_1464688227654{background-image: url(\/wp-content\/uploads\/2016\/05\/eml_background.png?id=220) !important;}&#8221;][vc_column][vc_row_inner el_class=&#8221;uk-flex&#8221;][vc_column_inner el_class=&#8221;uk-flex shadow-2 fill&#8221; width=&#8221;1\/2&#8243; css=&#8221;.vc_custom_1464803534916{background-color: #ffffff !important;background-position: center !important;background-repeat: no-repeat !important;background-size: cover !important;}&#8221; offset=&#8221;vc_col-xs-12&#8243;][vc_single_image image=&#8221;184&#8243; img_size=&#8221;large&#8221; alignment=&#8221;center&#8221; onclick=&#8221;link_image&#8221; el_class=&#8221;uk-flex uk-flex-middle zoom&#8221;][\/vc_column_inner][vc_column_inner el_class=&#8221;intro-2-title&#8221; width=&#8221;1\/2&#8243; offset=&#8221;vc_col-xs-12&#8243;][vc_empty_space height=&#8221;50%&#8221;][vc_column_text el_class=&#8221;title-white&#8221;] EML MartiniqueLe kit Trike pour motos de Honda GL1800 [\/vc_column_text][\/vc_column_inner][\/vc_row_inner][\/vc_column][\/vc_row][vc_row css=&#8221;.vc_custom_1464703868430{margin-top: 0px !important;margin-right:&hellip; <a class=\"read-more\" href=\"https:\/\/emltrike.com\/fr\/trikes\/eml-martinique\/\">Read More<\/a><\/p>\n","protected":false},"author":1,"featured_media":0,"parent":1341,"menu_order":0,"comment_status":"closed","ping_status":"closed","template":"","meta":{"_acf_changed":false,"footnotes":""},"class_list":["post-1372","page","type-page","status-publish","hentry"],"acf":[],"yoast_head":"<!-- This site is optimized with the Yoast SEO plugin v27.4 - https:\/\/yoast.com\/product\/yoast-seo-wordpress\/ -->\n<title>EML Martinique - EML Trikes &amp; Sidecars<\/title>\n<meta name=\"robots\" content=\"index, follow, max-snippet:-1, max-image-preview:large, max-video-preview:-1\" \/>\n<link rel=\"canonical\" href=\"https:\/\/emltrike.com\/fr\/trikes\/eml-martinique\/\" \/>\n<meta property=\"og:locale\" content=\"fr_FR\" \/>\n<meta property=\"og:type\" content=\"article\" \/>\n<meta property=\"og:title\" content=\"EML Martinique - EML Trikes &amp; Sidecars\" \/>\n<meta property=\"og:description\" content=\"[vc_row full_width=&#8221;stretch_row_content_no_spaces&#8221; css=&#8221;.vc_custom_1464688053669{background-color: #ffffff !important;}&#8221;][vc_column][vc_empty_space height=&#8221;145px&#8221; css=&#8221;.vc_custom_1464795011193{background-color: #ffffff !important;}&#8221; el_class=&#8221;header-spacer&#8221;][\/vc_column][\/vc_row][vc_row full_width=&#8221;stretch_row&#8221; el_class=&#8221;intro-2&#8243; css=&#8221;.vc_custom_1464688227654{background-image: url(\/wp-content\/uploads\/2016\/05\/eml_background.png?id=220) !important;}&#8221;][vc_column][vc_row_inner el_class=&#8221;uk-flex&#8221;][vc_column_inner el_class=&#8221;uk-flex shadow-2 fill&#8221; width=&#8221;1\/2&#8243; css=&#8221;.vc_custom_1464803534916{background-color: #ffffff !important;background-position: center !important;background-repeat: no-repeat !important;background-size: cover !important;}&#8221; offset=&#8221;vc_col-xs-12&#8243;][vc_single_image image=&#8221;184&#8243; img_size=&#8221;large&#8221; alignment=&#8221;center&#8221; onclick=&#8221;link_image&#8221; el_class=&#8221;uk-flex uk-flex-middle zoom&#8221;][\/vc_column_inner][vc_column_inner el_class=&#8221;intro-2-title&#8221; width=&#8221;1\/2&#8243; offset=&#8221;vc_col-xs-12&#8243;][vc_empty_space height=&#8221;50%&#8221;][vc_column_text el_class=&#8221;title-white&#8221;] EML MartiniqueLe kit Trike pour motos de Honda GL1800 [\/vc_column_text][\/vc_column_inner][\/vc_row_inner][\/vc_column][\/vc_row][vc_row css=&#8221;.vc_custom_1464703868430{margin-top: 0px !important;margin-right:&hellip; Read More\" \/>\n<meta property=\"og:url\" content=\"https:\/\/emltrike.com\/fr\/trikes\/eml-martinique\/\" \/>\n<meta property=\"og:site_name\" content=\"EML Trikes &amp; Sidecars\" \/>\n<meta property=\"article:modified_time\" content=\"2018-09-04T19:18:08+00:00\" \/>\n<meta name=\"twitter:card\" content=\"summary_large_image\" \/>\n<meta name=\"twitter:label1\" content=\"Est. reading time\" \/>\n\t<meta name=\"twitter:data1\" content=\"5 minutes\" \/>\n<script type=\"application\/ld+json\" class=\"yoast-schema-graph\">{\"@context\":\"https:\\\/\\\/schema.org\",\"@graph\":[{\"@type\":\"WebPage\",\"@id\":\"https:\\\/\\\/emltrike.com\\\/fr\\\/trikes\\\/eml-martinique\\\/\",\"url\":\"https:\\\/\\\/emltrike.com\\\/fr\\\/trikes\\\/eml-martinique\\\/\",\"name\":\"EML Martinique - EML Trikes &amp; Sidecars\",\"isPartOf\":{\"@id\":\"https:\\\/\\\/emltrike.com\\\/fr\\\/nl\\\/startpagina\\\/#website\"},\"datePublished\":\"2016-07-06T09:35:06+00:00\",\"dateModified\":\"2018-09-04T19:18:08+00:00\",\"breadcrumb\":{\"@id\":\"https:\\\/\\\/emltrike.com\\\/fr\\\/trikes\\\/eml-martinique\\\/#breadcrumb\"},\"inLanguage\":\"fr-FR\",\"potentialAction\":[{\"@type\":\"ReadAction\",\"target\":[\"https:\\\/\\\/emltrike.com\\\/fr\\\/trikes\\\/eml-martinique\\\/\"]}]},{\"@type\":\"BreadcrumbList\",\"@id\":\"https:\\\/\\\/emltrike.com\\\/fr\\\/trikes\\\/eml-martinique\\\/#breadcrumb\",\"itemListElement\":[{\"@type\":\"ListItem\",\"position\":1,\"name\":\"Home\",\"item\":\"https:\\\/\\\/emltrike.com\\\/fr\\\/maison\\\/\"},{\"@type\":\"ListItem\",\"position\":2,\"name\":\"Trikes\",\"item\":\"https:\\\/\\\/emltrike.com\\\/fr\\\/trikes\\\/\"},{\"@type\":\"ListItem\",\"position\":3,\"name\":\"EML Martinique\"}]},{\"@type\":\"WebSite\",\"@id\":\"https:\\\/\\\/emltrike.com\\\/fr\\\/nl\\\/startpagina\\\/#website\",\"url\":\"https:\\\/\\\/emltrike.com\\\/fr\\\/nl\\\/startpagina\\\/\",\"name\":\"EML Trikes &amp; Sidecars\",\"description\":\"Performance by Technology\",\"potentialAction\":[{\"@type\":\"SearchAction\",\"target\":{\"@type\":\"EntryPoint\",\"urlTemplate\":\"https:\\\/\\\/emltrike.com\\\/fr\\\/nl\\\/startpagina\\\/?s={search_term_string}\"},\"query-input\":{\"@type\":\"PropertyValueSpecification\",\"valueRequired\":true,\"valueName\":\"search_term_string\"}}],\"inLanguage\":\"fr-FR\"}]}<\/script>\n<!-- \/ Yoast SEO plugin. -->","yoast_head_json":{"title":"EML Martinique - EML Trikes &amp; Sidecars","robots":{"index":"index","follow":"follow","max-snippet":"max-snippet:-1","max-image-preview":"max-image-preview:large","max-video-preview":"max-video-preview:-1"},"canonical":"https:\/\/emltrike.com\/fr\/trikes\/eml-martinique\/","og_locale":"fr_FR","og_type":"article","og_title":"EML Martinique - EML Trikes &amp; Sidecars","og_description":"[vc_row full_width=&#8221;stretch_row_content_no_spaces&#8221; css=&#8221;.vc_custom_1464688053669{background-color: #ffffff !important;}&#8221;][vc_column][vc_empty_space height=&#8221;145px&#8221; css=&#8221;.vc_custom_1464795011193{background-color: #ffffff !important;}&#8221; el_class=&#8221;header-spacer&#8221;][\/vc_column][\/vc_row][vc_row full_width=&#8221;stretch_row&#8221; el_class=&#8221;intro-2&#8243; css=&#8221;.vc_custom_1464688227654{background-image: url(\/wp-content\/uploads\/2016\/05\/eml_background.png?id=220) !important;}&#8221;][vc_column][vc_row_inner el_class=&#8221;uk-flex&#8221;][vc_column_inner el_class=&#8221;uk-flex shadow-2 fill&#8221; width=&#8221;1\/2&#8243; css=&#8221;.vc_custom_1464803534916{background-color: #ffffff !important;background-position: center !important;background-repeat: no-repeat !important;background-size: cover !important;}&#8221; offset=&#8221;vc_col-xs-12&#8243;][vc_single_image image=&#8221;184&#8243; img_size=&#8221;large&#8221; alignment=&#8221;center&#8221; onclick=&#8221;link_image&#8221; el_class=&#8221;uk-flex uk-flex-middle zoom&#8221;][\/vc_column_inner][vc_column_inner el_class=&#8221;intro-2-title&#8221; width=&#8221;1\/2&#8243; offset=&#8221;vc_col-xs-12&#8243;][vc_empty_space height=&#8221;50%&#8221;][vc_column_text el_class=&#8221;title-white&#8221;] EML MartiniqueLe kit Trike pour motos de Honda GL1800 [\/vc_column_text][\/vc_column_inner][\/vc_row_inner][\/vc_column][\/vc_row][vc_row css=&#8221;.vc_custom_1464703868430{margin-top: 0px !important;margin-right:&hellip; Read More","og_url":"https:\/\/emltrike.com\/fr\/trikes\/eml-martinique\/","og_site_name":"EML Trikes &amp; Sidecars","article_modified_time":"2018-09-04T19:18:08+00:00","twitter_card":"summary_large_image","twitter_misc":{"Est. reading time":"5 minutes"},"schema":{"@context":"https:\/\/schema.org","@graph":[{"@type":"WebPage","@id":"https:\/\/emltrike.com\/fr\/trikes\/eml-martinique\/","url":"https:\/\/emltrike.com\/fr\/trikes\/eml-martinique\/","name":"EML Martinique - EML Trikes &amp; Sidecars","isPartOf":{"@id":"https:\/\/emltrike.com\/fr\/nl\/startpagina\/#website"},"datePublished":"2016-07-06T09:35:06+00:00","dateModified":"2018-09-04T19:18:08+00:00","breadcrumb":{"@id":"https:\/\/emltrike.com\/fr\/trikes\/eml-martinique\/#breadcrumb"},"inLanguage":"fr-FR","potentialAction":[{"@type":"ReadAction","target":["https:\/\/emltrike.com\/fr\/trikes\/eml-martinique\/"]}]},{"@type":"BreadcrumbList","@id":"https:\/\/emltrike.com\/fr\/trikes\/eml-martinique\/#breadcrumb","itemListElement":[{"@type":"ListItem","position":1,"name":"Home","item":"https:\/\/emltrike.com\/fr\/maison\/"},{"@type":"ListItem","position":2,"name":"Trikes","item":"https:\/\/emltrike.com\/fr\/trikes\/"},{"@type":"ListItem","position":3,"name":"EML Martinique"}]},{"@type":"WebSite","@id":"https:\/\/emltrike.com\/fr\/nl\/startpagina\/#website","url":"https:\/\/emltrike.com\/fr\/nl\/startpagina\/","name":"EML Trikes &amp; Sidecars","description":"Performance by Technology","potentialAction":[{"@type":"SearchAction","target":{"@type":"EntryPoint","urlTemplate":"https:\/\/emltrike.com\/fr\/nl\/startpagina\/?s={search_term_string}"},"query-input":{"@type":"PropertyValueSpecification","valueRequired":true,"valueName":"search_term_string"}}],"inLanguage":"fr-FR"}]}},"_links":{"self":[{"href":"https:\/\/emltrike.com\/fr\/wp-json\/wp\/v2\/pages\/1372","targetHints":{"allow":["GET"]}}],"collection":[{"href":"https:\/\/emltrike.com\/fr\/wp-json\/wp\/v2\/pages"}],"about":[{"href":"https:\/\/emltrike.com\/fr\/wp-json\/wp\/v2\/types\/page"}],"author":[{"embeddable":true,"href":"https:\/\/emltrike.com\/fr\/wp-json\/wp\/v2\/users\/1"}],"replies":[{"embeddable":true,"href":"https:\/\/emltrike.com\/fr\/wp-json\/wp\/v2\/comments?post=1372"}],"version-history":[{"count":5,"href":"https:\/\/emltrike.com\/fr\/wp-json\/wp\/v2\/pages\/1372\/revisions"}],"predecessor-version":[{"id":2800,"href":"https:\/\/emltrike.com\/fr\/wp-json\/wp\/v2\/pages\/1372\/revisions\/2800"}],"up":[{"embeddable":true,"href":"https:\/\/emltrike.com\/fr\/wp-json\/wp\/v2\/pages\/1341"}],"wp:attachment":[{"href":"https:\/\/emltrike.com\/fr\/wp-json\/wp\/v2\/media?parent=1372"}],"curies":[{"name":"wp","href":"https:\/\/api.w.org\/{rel}","templated":true}]}}