{"id":1312,"date":"2016-07-06T09:43:10","date_gmt":"2016-07-06T07:43:10","guid":{"rendered":"http:\/\/emltrike.com\/?page_id=1312"},"modified":"2018-04-09T14:23:33","modified_gmt":"2018-04-09T12:23:33","slug":"modifications","status":"publish","type":"page","link":"https:\/\/emltrike.com\/fr\/sidecars\/modifications\/","title":{"rendered":"Modifications"},"content":{"rendered":"<div class=\"wpb-content-wrapper\"><p>[vc_row full_width=&#8221;stretch_row_content&#8221; css=&#8221;.vc_custom_1464350313924{background-color: #ffffff !important;}&#8221;][vc_column][vc_empty_space height=&#8221;145px&#8221; el_class=&#8221;header-spacer&#8221;][\/vc_column][\/vc_row][vc_row full_width=&#8221;stretch_row&#8221; el_class=&#8221;intro-2&#8243; css=&#8221;.vc_custom_1465410362183{background-image: url(\/wp-content\/uploads\/2016\/05\/eml_background.png?id=220) !important;}&#8221;][vc_column][vc_row_inner el_class=&#8221;uk-flex&#8221;][vc_column_inner el_class=&#8221;uk-flex shadow-2 fill column-fix&#8221; width=&#8221;1\/2&#8243; css=&#8221;.vc_custom_1465485287772{background-position: center !important;background-repeat: no-repeat !important;background-size: cover !important;}&#8221; offset=&#8221;vc_col-xs-12&#8243;][vc_single_image image=&#8221;826&#8243; img_size=&#8221;full&#8221; onclick=&#8221;link_image&#8221; el_class=&#8221;uk-flex uk-flex-middle zoom&#8221;][\/vc_column_inner][vc_column_inner el_class=&#8221;intro-2-title&#8221; width=&#8221;1\/2&#8243; offset=&#8221;vc_col-xs-12&#8243;][vc_empty_space height=&#8221;50%&#8221; css=&#8221;.vc_custom_1464349383790{background-color: #ffffff !important;}&#8221;][vc_column_text el_class=&#8221;title-white&#8221;]<\/p>\n<h1>Modifications<\/h1>\n<p>[\/vc_column_text][\/vc_column_inner][\/vc_row_inner][\/vc_column][\/vc_row][vc_row el_class=&#8221;margin-bottom padding-fix hidden-lg hidden-md hidden-sm&#8221;][vc_column offset=&#8221;vc_hidden-lg vc_hidden-md vc_hidden-sm&#8221;][vc_column_text el_class=&#8221;padding-large fill-blue shadow-2 title-white&#8221;]<\/p>\n<h1>Modifications<\/h1>\n<p>[\/vc_column_text][vc_single_image image=&#8221;826&#8243; img_size=&#8221;large&#8221; el_class=&#8221;fill shadow-2&#8243;][\/vc_column][\/vc_row][vc_row el_class=&#8221;margin-bottom&#8221;][vc_column width=&#8221;1\/2&#8243; css=&#8221;.vc_custom_1465410385648{padding-right: 0px !important;padding-left: 0px !important;}&#8221;][vc_column_text el_class=&#8221;border-bottom shadow-2 fill padding-large&#8221;]EML garantie une excellente qualit\u00e9 de tenue de route et freinage. Aussi votre s\u00e9curit\u00e9 concernant la solidit\u00e9 des fourches avants, roues et suspension est garantie. Pour obtenir cela EML renforce toujours les partie cycle des motos. Description sommaire des modifications:[\/vc_column_text][\/vc_column][\/vc_row][vc_row el_class=&#8221;margin-bottom shadow-2 tabs-container&#8221;][vc_column][vc_custom_heading text=&#8221;Marque de moto&#8221; use_theme_fonts=&#8221;yes&#8221; el_class=&#8221;padding-large fill sales&#8221;][vc_tta_tabs style=&#8221;flat&#8221; shape=&#8221;square&#8221; spacing=&#8221;&#8221; active_section=&#8221;1&#8243; no_fill_content_area=&#8221;true&#8221; css=&#8221;.vc_custom_1467881601726{padding-right: 0px !important;padding-left: 0px !important;}&#8221; el_class=&#8221;fill modification-tabs border-bottom&#8221;][vc_tta_section title=&#8221;BMW&#8221; tab_id=&#8221;BMW&#8221; el_class=&#8221;fill&#8221;][vc_custom_heading text=&#8221;R1100 (1150) R\/RS\/RT\/ (GS sur demande)&#8221; use_theme_fonts=&#8221;yes&#8221; el_class=&#8221;heading&#8221;][vc_column_text el_class=&#8221;features&#8221;]<\/p>\n<ul>\n<li>Fourche \u00e0 balancier et roue assembl\u00e9e 14\u2019\u2019 EML avec pneu 165\/65 R 14<\/li>\n<li>Le ch\u00e2ssis du side-car est mont\u00e9 sur un faux cadre complet rempla\u00e7ant le syst\u00e8me d\u2019origine Telelever<\/li>\n<li>Un bras oscillant arri\u00e8re acier renforc\u00e9 remplace le Paralever aluminium d\u2019origine, roue assembl\u00e9e 14\u2019\u2019 avec pneu 175\/70 R 14<\/li>\n<li>Les kits pour R1100\/1150 GS sont disponible en version haute (enduro) ou basse (route)<\/li>\n<\/ul>\n<p>[\/vc_column_text][vc_separator][vc_custom_heading text=&#8221;R1100 (1150) GS ENDURO (Only available with E 2000)&#8221; use_theme_fonts=&#8221;yes&#8221; el_class=&#8221;heading&#8221;][vc_column_text el_class=&#8221;features&#8221;]<\/p>\n<ul>\n<li>The sidecar is mounted on a stiff sub-frame, which replaces the existing stock tele-lever suspension system<\/li>\n<li>A fabricated steel rear swing arm replaces the stock aluminum para-lever swing arm assembly, with a 165\/70R14 M+S tire mounted on a EML manufactured 14\u201d rear wheel assembly<\/li>\n<\/ul>\n<p>[\/vc_column_text][vc_separator][vc_custom_heading text=&#8221;R1100 S BMW R1100 S&#8221; use_theme_fonts=&#8221;yes&#8221; el_class=&#8221;heading&#8221;][vc_column_text el_class=&#8221;features&#8221;]<\/p>\n<ul>\n<li>Train avant monobras et roue avant 14\u2019\u2019 assembl\u00e9e avec pneu 165\/65 R 14<\/li>\n<li>Sur la moto est mont\u00e9 un faux cadre renforc\u00e9 sur lequel vient s\u2019adapter le side-car et le train avant. Ce montage remplace le syst\u00e8me Telelever d\u2019origine.<\/li>\n<li>Un bras oscillant arri\u00e8re acier renforc\u00e9 remplace le Paralever aluminium d\u2019origine.<\/li>\n<li>Roue arri\u00e8re assembl\u00e9e EML et pneu 175\/60 R 14.<\/li>\n<li>Le freinage ABS est d\u00e9sactiv\u00e9.<\/li>\n<\/ul>\n<p>[\/vc_column_text][vc_separator][vc_custom_heading text=&#8221;K1100 LT\/RS BMW K1100 LT\/RS&#8221; use_theme_fonts=&#8221;yes&#8221; el_class=&#8221;heading&#8221;][vc_column_text el_class=&#8221;features&#8221;]<\/p>\n<ul>\n<li>Fourche \u00e0 balancier et roue assembl\u00e9e 14\u2019\u2019 EML avec pneu 165\/65 R 14<\/li>\n<li>Le ch\u00e2ssis du side-car est mont\u00e9 sur un faux cadre complet attach\u00e9 \u00e0 la colonne de direction<\/li>\n<li>Un bras oscillant arri\u00e8re acier renforc\u00e9 remplace le Paralever aluminium d\u2019origine, roue assembl\u00e9e 14\u2019\u2019 avec pneu 165\/70 R 14.<\/li>\n<\/ul>\n<p>[\/vc_column_text][vc_separator][vc_custom_heading text=&#8221;K1200 RS BMW K 1200 RS&#8221; use_theme_fonts=&#8221;yes&#8221; el_class=&#8221;heading&#8221;][vc_column_text el_class=&#8221;features&#8221;]<\/p>\n<ul>\n<li>Train avant monobras et roue avant 14\u2019\u2019 assembl\u00e9e avec pneu 165\/65 R 14<\/li>\n<li>Sur la moto est mont\u00e9 un faux cadre renforc\u00e9 sur lequel vient s\u2019adapter le side-car et le train avant. Ce montage remplace le syst\u00e8me Telelever d\u2019origine.<\/li>\n<li>Un bras oscillant arri\u00e8re acier renforc\u00e9 remplace le Paralever aluminium d\u2019origine.<\/li>\n<li>Roue arri\u00e8re assembl\u00e9e EML et pneu 185\/55 R 14.<\/li>\n<li>Le freinage ABS 1 est d\u00e9sactiv\u00e9, mais reste en fonction avec l\u2019int\u00e9gral ABS 2<\/li>\n<\/ul>\n<p>[\/vc_column_text][vc_separator][vc_custom_heading text=&#8221;K1200LT BMW K1200 LT&#8221; use_theme_fonts=&#8221;yes&#8221; el_class=&#8221;heading&#8221;][vc_column_text el_class=&#8221;features&#8221;]<\/p>\n<ul>\n<li>Fourche avant ExtensoDive et roue assembl\u00e9e EML avec pneu 165\/65 R 14.<\/li>\n<li>Le ch\u00e2ssis du side-car est mont\u00e9 sur un faux cadre complet attach\u00e9 \u00e0 la colonne de direction avec la fourche avant<\/li>\n<li>Un bras oscillant arri\u00e8re acier renforc\u00e9 remplace le Paralever aluminium d\u2019origine.<\/li>\n<li>Roue arri\u00e8re assembl\u00e9e EML et pneu 165\/70 R 14.<\/li>\n<li>Le freinage ABS 1 est d\u00e9sactiv\u00e9, mais reste en fonction avec l\u2019int\u00e9gral ABS 2<\/li>\n<\/ul>\n<p>[\/vc_column_text][vc_separator][vc_custom_heading text=&#8221;K1200 \/ 1300 R \/ S \/ GT&#8221; use_theme_fonts=&#8221;yes&#8221; el_class=&#8221;heading&#8221;][vc_column_text el_class=&#8221;features&#8221;]<\/p>\n<ul>\n<li>Train avant monobras et roue avant 14\u2019\u2019 assembl\u00e9e avec pneu 165\/60 R 14<\/li>\n<li>Le ch\u00e2ssis du side-car est mont\u00e9 sur un faux cadre complet attach\u00e9 \u00e0 la colonne de direction avec la fourche avant<\/li>\n<li>Un bras oscillant arri\u00e8re acier renforc\u00e9 remplace celui d\u2019origine en aluminium,le syst\u00e8me Paralever continue de fonctionner<\/li>\n<li>Roue arri\u00e8re assembl\u00e9e EML 15\u2019\u2019et pneu 185\/60 R 15.<\/li>\n<\/ul>\n<p>[\/vc_column_text][vc_separator][vc_custom_heading text=&#8221;R1200GS BMW R 1200GS&#8221; use_theme_fonts=&#8221;yes&#8221; el_class=&#8221;heading&#8221;][vc_column_text el_class=&#8221;features&#8221;]<\/p>\n<ul>\n<li>Fourche avant ExtensoDive et roue assembl\u00e9e EML avec pneu 165\/65 R 14.<\/li>\n<li>Le ch\u00e2ssis du side-car est mont\u00e9 sur un faux cadre complet attach\u00e9 \u00e0 la colonne de direction avec la fourche avant<\/li>\n<li>Un bras oscillant arri\u00e8re acier renforc\u00e9 remplace celui d\u2019origine en aluminium,le syst\u00e8me Paralever continue de fonctionner<\/li>\n<li>Roue arri\u00e8re assembl\u00e9e EML 15\u2019\u2019et pneu 175\/60 R 15<\/li>\n<li>Les kits pour R1200 GS sont disponible en version haute (enduro) ou basse (route)<\/li>\n<\/ul>\n<p>[\/vc_column_text][vc_separator][vc_custom_heading text=&#8221;R1200 R \/ RT BMW R1200R\/RT&#8221; use_theme_fonts=&#8221;yes&#8221; el_class=&#8221;heading&#8221;][vc_column_text el_class=&#8221;features&#8221;]<\/p>\n<ul>\n<li>Fourche avant ExtensoDive et roue assembl\u00e9e 14\u2019\u2019 EML avec pneu 165\/65 R 14.<\/li>\n<li>Le ch\u00e2ssis du side-car est mont\u00e9 sur un faux cadre complet attach\u00e9 \u00e0 la colonne de direction avec la fourche avant<\/li>\n<li>Un bras oscillant arri\u00e8re acier renforc\u00e9 remplace celui d\u2019origine en aluminium,le syst\u00e8me Paralever continue de fonctionner<\/li>\n<li>Roue arri\u00e8re assembl\u00e9e EML 15\u2019\u2019et pneu 175\/60 R 15.<\/li>\n<\/ul>\n<p>[\/vc_column_text][\/vc_tta_section][vc_tta_section title=&#8221;Honda&#8221; tab_id=&#8221;honda&#8221; el_class=&#8221;fill&#8221;][vc_custom_heading text=&#8221;GL1500 HONDA GL 1500 Goldwing&#8221; use_theme_fonts=&#8221;yes&#8221; el_class=&#8221;heading&#8221;][vc_column_text el_class=&#8221;features&#8221;]<\/p>\n<ul>\n<li>Fourche avant ExtensoDive et roue assembl\u00e9e 14\u2019\u2019 EML avec pneu 165\/65 R 14.<\/li>\n<li>T\u00e9 inf\u00e9rieur renforc\u00e9 aluminium en place de l\u2019origine<\/li>\n<li>Roue arri\u00e8re assembl\u00e9e EML 14\u2019\u2019et pneu 165\/70 R 14.<\/li>\n<li>Les GL 1500 Goldwing fabriqu\u00e9es avant 1991 ont besoin d\u2019une couronne et amortisseurs caoutchouc de transmission non inclus dans le kit.<\/li>\n<li>Les GL 1500 Goldwing fabriqu\u00e9es avant 1998 ont besoin d\u2019un jeu de cache disque de frein avant non inclus dans le kit.<\/li>\n<\/ul>\n<p>[\/vc_column_text][vc_separator][vc_custom_heading text=&#8221;GL 1800 Goldwing (possible avec ou sans ABS, avec ou sans Airbag-GPS)&#8221; use_theme_fonts=&#8221;yes&#8221; el_class=&#8221;heading&#8221;][vc_column_text el_class=&#8221;features&#8221;]<\/p>\n<ul>\n<li>Fourche avant ExtensoDive et roue assembl\u00e9e 14\u2019\u2019 EML avec pneu 165\/65 R 14.<\/li>\n<li>T\u00e9 inf\u00e9rieur renforc\u00e9 aluminium en place de l\u2019origine<\/li>\n<li>La colonne de direction est rallong\u00e9e et renforc\u00e9e<\/li>\n<li>Les cache disque optionnels de frein avant peuvent \u00eatre mont\u00e9s<\/li>\n<li>Le ch\u00e2ssis du side-car est mont\u00e9 sur un faux cadre complet attach\u00e9 \u00e0 la colonne de direction et sous le moteur<\/li>\n<li>Roue arri\u00e8re assembl\u00e9e EML 15\u2019\u2019et pneu 185\/60 R 15<\/li>\n<li>Les GL 1800 Goldwing sans ABS ont besoin d\u2019une couronne de mod\u00e8le ABS de roue arri\u00e8re non inclus dans le kit<\/li>\n<\/ul>\n<p>[\/vc_column_text][vc_separator][vc_custom_heading text=&#8221;ST1100 Pan Europ\u00e9an ( mod\u00e8les sans ABS-TCS)&#8221; use_theme_fonts=&#8221;yes&#8221; el_class=&#8221;heading&#8221;][vc_column_text el_class=&#8221;features&#8221;]<\/p>\n<ul>\n<li>Fourche \u00e0 balancier et roue assembl\u00e9e 14\u2019\u2019 EML avec pneu 165\/65 R 14<\/li>\n<li>Le ch\u00e2ssis du side-car est mont\u00e9 sur un faux cadre complet attach\u00e9 \u00e0 la colonne de direction et sous le moteur<\/li>\n<li>Roue arri\u00e8re assembl\u00e9e EML 14\u2019\u2019et pneu 165\/70 R 14<\/li>\n<\/ul>\n<p>[\/vc_column_text][vc_separator][vc_custom_heading text=&#8221;ST 1300 Pan Europ\u00e9an&#8221; use_theme_fonts=&#8221;yes&#8221; el_class=&#8221;heading&#8221;][vc_column_text el_class=&#8221;features&#8221;]<\/p>\n<ul>\n<li>Fourche avant ExtensoDive et roue assembl\u00e9e 14\u2019\u2019 EML avec pneu 165\/65 R 14.<\/li>\n<li>T\u00e9 inf\u00e9rieur renforc\u00e9 aluminium en place de l\u2019origine<\/li>\n<li>La colonne de direction est rallong\u00e9e et renforc\u00e9e<\/li>\n<li>Roue arri\u00e8re assembl\u00e9e EML 14\u2019\u2019et pneu 175\/60 R 14<\/li>\n<\/ul>\n<p>[\/vc_column_text][vc_separator][vc_custom_heading text=&#8221;CBR1100XX&#8221; use_theme_fonts=&#8221;yes&#8221; el_class=&#8221;heading&#8221;][vc_column_text el_class=&#8221;features&#8221;]<\/p>\n<ul>\n<li>Train avant monobras et roue avant 14\u2019\u2019 assembl\u00e9e avec pneu 165\/65 R 14<\/li>\n<li>Sur la moto est mont\u00e9 un faux cadre renforc\u00e9 sur lequel vient s\u2019adapter le side-car et le train avant.<\/li>\n<li>Roue arri\u00e8re assembl\u00e9e EML 14\u2019\u2019et pneu 185\/60 R 14<\/li>\n<\/ul>\n<p>[\/vc_column_text][\/vc_tta_section][vc_tta_section title=&#8221;SUZUKI&#8221; tab_id=&#8221;SUZUKI&#8221; el_class=&#8221;fill&#8221;][vc_custom_heading text=&#8221;GSX1300R (Hayabusa)&#8221; use_theme_fonts=&#8221;yes&#8221; el_class=&#8221;heading&#8221;][vc_column_text el_class=&#8221;features&#8221;]<\/p>\n<ul>\n<li>Train avant monobras et roue avant 14\u2019\u2019 assembl\u00e9e avec pneu 185\/60 R 14<\/li>\n<li>Sur la moto est mont\u00e9 un faux cadre renforc\u00e9 sur lequel vient s\u2019adapter le side-car et le train avant.<\/li>\n<li>Roue arri\u00e8re assembl\u00e9e EML 14\u2019\u2019et pneu 195\/60 R 14<\/li>\n<\/ul>\n<p>[\/vc_column_text][\/vc_tta_section][vc_tta_section title=&#8221;Yamaha&#8221; tab_id=&#8221;yamaha&#8221; el_class=&#8221;fill&#8221;][vc_custom_heading text=&#8221;XJ900S DIVERSION&#8221; use_theme_fonts=&#8221;yes&#8221; el_class=&#8221;heading&#8221;][vc_column_text el_class=&#8221;features&#8221;]<\/p>\n<ul>\n<li>Fourche \u00e0 balancier et roue assembl\u00e9e 14\u2019\u2019 EML avec pneu 155\/65 R 14<\/li>\n<li>Roue arri\u00e8re assembl\u00e9e EML 14\u2019\u2019et pneu 155\/65 R 14<\/li>\n<\/ul>\n<p>[\/vc_column_text][vc_separator][vc_custom_heading text=&#8221;FJR 1300&#8243; use_theme_fonts=&#8221;yes&#8221; el_class=&#8221;heading&#8221;][vc_column_text el_class=&#8221;features&#8221;]<\/p>\n<ul>\n<li>Fourche avant ExtensoDive et roue assembl\u00e9e 14\u2019\u2019 EML avec pneu 165\/65 R 14.<\/li>\n<li>T\u00e9 inf\u00e9rieur renforc\u00e9 aluminium en place de l\u2019origine<\/li>\n<li>Le ch\u00e2ssis du side-car est mont\u00e9 sur un faux cadre complet attach\u00e9 \u00e0 la colonne de direction et sous le moteur<\/li>\n<li>Roue arri\u00e8re assembl\u00e9e EML 14\u2019\u2019et pneu 185\/60 R 14<\/li>\n<\/ul>\n<p>[\/vc_column_text][\/vc_tta_section][\/vc_tta_tabs][\/vc_column][\/vc_row]<\/p>\n<\/div>","protected":false},"excerpt":{"rendered":"<p>[vc_row full_width=&#8221;stretch_row_content&#8221; css=&#8221;.vc_custom_1464350313924{background-color: #ffffff !important;}&#8221;][vc_column][vc_empty_space height=&#8221;145px&#8221; el_class=&#8221;header-spacer&#8221;][\/vc_column][\/vc_row][vc_row full_width=&#8221;stretch_row&#8221; el_class=&#8221;intro-2&#8243; css=&#8221;.vc_custom_1465410362183{background-image: url(\/wp-content\/uploads\/2016\/05\/eml_background.png?id=220) !important;}&#8221;][vc_column][vc_row_inner el_class=&#8221;uk-flex&#8221;][vc_column_inner el_class=&#8221;uk-flex shadow-2 fill column-fix&#8221; width=&#8221;1\/2&#8243; css=&#8221;.vc_custom_1465485287772{background-position: center !important;background-repeat: no-repeat !important;background-size: cover !important;}&#8221; offset=&#8221;vc_col-xs-12&#8243;][vc_single_image image=&#8221;826&#8243; img_size=&#8221;full&#8221; onclick=&#8221;link_image&#8221; el_class=&#8221;uk-flex uk-flex-middle zoom&#8221;][\/vc_column_inner][vc_column_inner el_class=&#8221;intro-2-title&#8221; width=&#8221;1\/2&#8243; offset=&#8221;vc_col-xs-12&#8243;][vc_empty_space height=&#8221;50%&#8221; css=&#8221;.vc_custom_1464349383790{background-color: #ffffff !important;}&#8221;][vc_column_text el_class=&#8221;title-white&#8221;] Modifications [\/vc_column_text][\/vc_column_inner][\/vc_row_inner][\/vc_column][\/vc_row][vc_row el_class=&#8221;margin-bottom padding-fix hidden-lg hidden-md hidden-sm&#8221;][vc_column offset=&#8221;vc_hidden-lg vc_hidden-md vc_hidden-sm&#8221;][vc_column_text el_class=&#8221;padding-large fill-blue shadow-2 title-white&#8221;] Modifications&hellip; <a class=\"read-more\" href=\"https:\/\/emltrike.com\/fr\/sidecars\/modifications\/\">Read More<\/a><\/p>\n","protected":false},"author":1,"featured_media":0,"parent":1208,"menu_order":0,"comment_status":"closed","ping_status":"closed","template":"default.php","meta":{"_acf_changed":false,"footnotes":""},"class_list":["post-1312","page","type-page","status-publish","hentry"],"acf":[],"yoast_head":"<!-- This site is optimized with the Yoast SEO plugin v27.3 - https:\/\/yoast.com\/product\/yoast-seo-wordpress\/ -->\n<title>Modifications - EML Trikes &amp; Sidecars<\/title>\n<meta name=\"robots\" content=\"index, follow, max-snippet:-1, max-image-preview:large, max-video-preview:-1\" \/>\n<link rel=\"canonical\" href=\"https:\/\/emltrike.com\/fr\/sidecars\/modifications\/\" \/>\n<meta property=\"og:locale\" content=\"fr_FR\" \/>\n<meta property=\"og:type\" content=\"article\" \/>\n<meta property=\"og:title\" content=\"Modifications - EML Trikes &amp; Sidecars\" \/>\n<meta property=\"og:description\" content=\"[vc_row full_width=&#8221;stretch_row_content&#8221; css=&#8221;.vc_custom_1464350313924{background-color: #ffffff !important;}&#8221;][vc_column][vc_empty_space height=&#8221;145px&#8221; el_class=&#8221;header-spacer&#8221;][\/vc_column][\/vc_row][vc_row full_width=&#8221;stretch_row&#8221; el_class=&#8221;intro-2&#8243; css=&#8221;.vc_custom_1465410362183{background-image: url(\/wp-content\/uploads\/2016\/05\/eml_background.png?id=220) !important;}&#8221;][vc_column][vc_row_inner el_class=&#8221;uk-flex&#8221;][vc_column_inner el_class=&#8221;uk-flex shadow-2 fill column-fix&#8221; width=&#8221;1\/2&#8243; css=&#8221;.vc_custom_1465485287772{background-position: center !important;background-repeat: no-repeat !important;background-size: cover !important;}&#8221; offset=&#8221;vc_col-xs-12&#8243;][vc_single_image image=&#8221;826&#8243; img_size=&#8221;full&#8221; onclick=&#8221;link_image&#8221; el_class=&#8221;uk-flex uk-flex-middle zoom&#8221;][\/vc_column_inner][vc_column_inner el_class=&#8221;intro-2-title&#8221; width=&#8221;1\/2&#8243; offset=&#8221;vc_col-xs-12&#8243;][vc_empty_space height=&#8221;50%&#8221; css=&#8221;.vc_custom_1464349383790{background-color: #ffffff !important;}&#8221;][vc_column_text el_class=&#8221;title-white&#8221;] Modifications [\/vc_column_text][\/vc_column_inner][\/vc_row_inner][\/vc_column][\/vc_row][vc_row el_class=&#8221;margin-bottom padding-fix hidden-lg hidden-md hidden-sm&#8221;][vc_column offset=&#8221;vc_hidden-lg vc_hidden-md vc_hidden-sm&#8221;][vc_column_text el_class=&#8221;padding-large fill-blue shadow-2 title-white&#8221;] Modifications&hellip; Read More\" \/>\n<meta property=\"og:url\" content=\"https:\/\/emltrike.com\/fr\/sidecars\/modifications\/\" \/>\n<meta property=\"og:site_name\" content=\"EML Trikes &amp; Sidecars\" \/>\n<meta property=\"article:modified_time\" content=\"2018-04-09T12:23:33+00:00\" \/>\n<meta name=\"twitter:card\" content=\"summary_large_image\" \/>\n<meta name=\"twitter:label1\" content=\"Est. reading time\" \/>\n\t<meta name=\"twitter:data1\" content=\"9 minutes\" \/>\n<script type=\"application\/ld+json\" class=\"yoast-schema-graph\">{\"@context\":\"https:\\\/\\\/schema.org\",\"@graph\":[{\"@type\":\"WebPage\",\"@id\":\"https:\\\/\\\/emltrike.com\\\/fr\\\/sidecars\\\/modifications\\\/\",\"url\":\"https:\\\/\\\/emltrike.com\\\/fr\\\/sidecars\\\/modifications\\\/\",\"name\":\"Modifications - EML Trikes &amp; Sidecars\",\"isPartOf\":{\"@id\":\"https:\\\/\\\/emltrike.com\\\/fr\\\/nl\\\/startpagina\\\/#website\"},\"datePublished\":\"2016-07-06T07:43:10+00:00\",\"dateModified\":\"2018-04-09T12:23:33+00:00\",\"breadcrumb\":{\"@id\":\"https:\\\/\\\/emltrike.com\\\/fr\\\/sidecars\\\/modifications\\\/#breadcrumb\"},\"inLanguage\":\"fr-FR\",\"potentialAction\":[{\"@type\":\"ReadAction\",\"target\":[\"https:\\\/\\\/emltrike.com\\\/fr\\\/sidecars\\\/modifications\\\/\"]}]},{\"@type\":\"BreadcrumbList\",\"@id\":\"https:\\\/\\\/emltrike.com\\\/fr\\\/sidecars\\\/modifications\\\/#breadcrumb\",\"itemListElement\":[{\"@type\":\"ListItem\",\"position\":1,\"name\":\"Home\",\"item\":\"https:\\\/\\\/emltrike.com\\\/fr\\\/maison\\\/\"},{\"@type\":\"ListItem\",\"position\":2,\"name\":\"Sidecars\",\"item\":\"https:\\\/\\\/emltrike.com\\\/fr\\\/sidecars\\\/\"},{\"@type\":\"ListItem\",\"position\":3,\"name\":\"Modifications\"}]},{\"@type\":\"WebSite\",\"@id\":\"https:\\\/\\\/emltrike.com\\\/fr\\\/nl\\\/startpagina\\\/#website\",\"url\":\"https:\\\/\\\/emltrike.com\\\/fr\\\/nl\\\/startpagina\\\/\",\"name\":\"EML Trikes &amp; Sidecars\",\"description\":\"Performance by Technology\",\"potentialAction\":[{\"@type\":\"SearchAction\",\"target\":{\"@type\":\"EntryPoint\",\"urlTemplate\":\"https:\\\/\\\/emltrike.com\\\/fr\\\/nl\\\/startpagina\\\/?s={search_term_string}\"},\"query-input\":{\"@type\":\"PropertyValueSpecification\",\"valueRequired\":true,\"valueName\":\"search_term_string\"}}],\"inLanguage\":\"fr-FR\"}]}<\/script>\n<!-- \/ Yoast SEO plugin. -->","yoast_head_json":{"title":"Modifications - EML Trikes &amp; Sidecars","robots":{"index":"index","follow":"follow","max-snippet":"max-snippet:-1","max-image-preview":"max-image-preview:large","max-video-preview":"max-video-preview:-1"},"canonical":"https:\/\/emltrike.com\/fr\/sidecars\/modifications\/","og_locale":"fr_FR","og_type":"article","og_title":"Modifications - EML Trikes &amp; Sidecars","og_description":"[vc_row full_width=&#8221;stretch_row_content&#8221; css=&#8221;.vc_custom_1464350313924{background-color: #ffffff !important;}&#8221;][vc_column][vc_empty_space height=&#8221;145px&#8221; el_class=&#8221;header-spacer&#8221;][\/vc_column][\/vc_row][vc_row full_width=&#8221;stretch_row&#8221; el_class=&#8221;intro-2&#8243; css=&#8221;.vc_custom_1465410362183{background-image: url(\/wp-content\/uploads\/2016\/05\/eml_background.png?id=220) !important;}&#8221;][vc_column][vc_row_inner el_class=&#8221;uk-flex&#8221;][vc_column_inner el_class=&#8221;uk-flex shadow-2 fill column-fix&#8221; width=&#8221;1\/2&#8243; css=&#8221;.vc_custom_1465485287772{background-position: center !important;background-repeat: no-repeat !important;background-size: cover !important;}&#8221; offset=&#8221;vc_col-xs-12&#8243;][vc_single_image image=&#8221;826&#8243; img_size=&#8221;full&#8221; onclick=&#8221;link_image&#8221; el_class=&#8221;uk-flex uk-flex-middle zoom&#8221;][\/vc_column_inner][vc_column_inner el_class=&#8221;intro-2-title&#8221; width=&#8221;1\/2&#8243; offset=&#8221;vc_col-xs-12&#8243;][vc_empty_space height=&#8221;50%&#8221; css=&#8221;.vc_custom_1464349383790{background-color: #ffffff !important;}&#8221;][vc_column_text el_class=&#8221;title-white&#8221;] Modifications [\/vc_column_text][\/vc_column_inner][\/vc_row_inner][\/vc_column][\/vc_row][vc_row el_class=&#8221;margin-bottom padding-fix hidden-lg hidden-md hidden-sm&#8221;][vc_column offset=&#8221;vc_hidden-lg vc_hidden-md vc_hidden-sm&#8221;][vc_column_text el_class=&#8221;padding-large fill-blue shadow-2 title-white&#8221;] Modifications&hellip; Read More","og_url":"https:\/\/emltrike.com\/fr\/sidecars\/modifications\/","og_site_name":"EML Trikes &amp; Sidecars","article_modified_time":"2018-04-09T12:23:33+00:00","twitter_card":"summary_large_image","twitter_misc":{"Est. reading time":"9 minutes"},"schema":{"@context":"https:\/\/schema.org","@graph":[{"@type":"WebPage","@id":"https:\/\/emltrike.com\/fr\/sidecars\/modifications\/","url":"https:\/\/emltrike.com\/fr\/sidecars\/modifications\/","name":"Modifications - EML Trikes &amp; Sidecars","isPartOf":{"@id":"https:\/\/emltrike.com\/fr\/nl\/startpagina\/#website"},"datePublished":"2016-07-06T07:43:10+00:00","dateModified":"2018-04-09T12:23:33+00:00","breadcrumb":{"@id":"https:\/\/emltrike.com\/fr\/sidecars\/modifications\/#breadcrumb"},"inLanguage":"fr-FR","potentialAction":[{"@type":"ReadAction","target":["https:\/\/emltrike.com\/fr\/sidecars\/modifications\/"]}]},{"@type":"BreadcrumbList","@id":"https:\/\/emltrike.com\/fr\/sidecars\/modifications\/#breadcrumb","itemListElement":[{"@type":"ListItem","position":1,"name":"Home","item":"https:\/\/emltrike.com\/fr\/maison\/"},{"@type":"ListItem","position":2,"name":"Sidecars","item":"https:\/\/emltrike.com\/fr\/sidecars\/"},{"@type":"ListItem","position":3,"name":"Modifications"}]},{"@type":"WebSite","@id":"https:\/\/emltrike.com\/fr\/nl\/startpagina\/#website","url":"https:\/\/emltrike.com\/fr\/nl\/startpagina\/","name":"EML Trikes &amp; Sidecars","description":"Performance by Technology","potentialAction":[{"@type":"SearchAction","target":{"@type":"EntryPoint","urlTemplate":"https:\/\/emltrike.com\/fr\/nl\/startpagina\/?s={search_term_string}"},"query-input":{"@type":"PropertyValueSpecification","valueRequired":true,"valueName":"search_term_string"}}],"inLanguage":"fr-FR"}]}},"_links":{"self":[{"href":"https:\/\/emltrike.com\/fr\/wp-json\/wp\/v2\/pages\/1312","targetHints":{"allow":["GET"]}}],"collection":[{"href":"https:\/\/emltrike.com\/fr\/wp-json\/wp\/v2\/pages"}],"about":[{"href":"https:\/\/emltrike.com\/fr\/wp-json\/wp\/v2\/types\/page"}],"author":[{"embeddable":true,"href":"https:\/\/emltrike.com\/fr\/wp-json\/wp\/v2\/users\/1"}],"replies":[{"embeddable":true,"href":"https:\/\/emltrike.com\/fr\/wp-json\/wp\/v2\/comments?post=1312"}],"version-history":[{"count":5,"href":"https:\/\/emltrike.com\/fr\/wp-json\/wp\/v2\/pages\/1312\/revisions"}],"predecessor-version":[{"id":1324,"href":"https:\/\/emltrike.com\/fr\/wp-json\/wp\/v2\/pages\/1312\/revisions\/1324"}],"up":[{"embeddable":true,"href":"https:\/\/emltrike.com\/fr\/wp-json\/wp\/v2\/pages\/1208"}],"wp:attachment":[{"href":"https:\/\/emltrike.com\/fr\/wp-json\/wp\/v2\/media?parent=1312"}],"curies":[{"name":"wp","href":"https:\/\/api.w.org\/{rel}","templated":true}]}}