{"id":1270,"date":"2016-06-27T15:10:52","date_gmt":"2016-06-27T13:10:52","guid":{"rendered":"http:\/\/emltrike.com\/?page_id=1270"},"modified":"2018-04-09T14:23:31","modified_gmt":"2018-04-09T12:23:31","slug":"gt-twin","status":"publish","type":"page","link":"https:\/\/emltrike.com\/fr\/sidecars\/gt-twin\/","title":{"rendered":"GT Twin"},"content":{"rendered":"<div class=\"wpb-content-wrapper\"><p>[vc_row full_width=&#8221;stretch_row_content_no_spaces&#8221; css=&#8221;.vc_custom_1464688053669{background-color: #ffffff !important;}&#8221;][vc_column][vc_empty_space height=&#8221;145px&#8221; css=&#8221;.vc_custom_1464795011193{background-color: #ffffff !important;}&#8221; el_class=&#8221;header-spacer&#8221;][\/vc_column][\/vc_row][vc_row full_width=&#8221;stretch_row&#8221; el_class=&#8221;intro-2&#8243; css=&#8221;.vc_custom_1464688227654{background-image: url(\/wp-content\/uploads\/2016\/05\/eml_background.png?id=220) !important;}&#8221;][vc_column][vc_row_inner el_class=&#8221;uk-flex&#8221;][vc_column_inner el_class=&#8221;uk-flex shadow-2 fill column-fix&#8221; width=&#8221;1\/2&#8243; css=&#8221;.vc_custom_1465484805808{background-color: #ffffff !important;background-position: center !important;background-repeat: no-repeat !important;background-size: cover !important;}&#8221; offset=&#8221;vc_col-xs-12&#8243;][vc_single_image image=&#8221;938&#8243; img_size=&#8221;full&#8221; alignment=&#8221;center&#8221; onclick=&#8221;link_image&#8221; el_class=&#8221;uk-flex uk-flex-middle zoom&#8221;][\/vc_column_inner][vc_column_inner el_class=&#8221;intro-2-title&#8221; width=&#8221;1\/2&#8243; offset=&#8221;vc_col-xs-12&#8243;][vc_empty_space height=&#8221;50%&#8221;][vc_column_text el_class=&#8221;title-white&#8221;]<\/p>\n<h1>GT Twin<\/h1>\n<p>[\/vc_column_text][\/vc_column_inner][\/vc_row_inner][\/vc_column][\/vc_row][vc_row css=&#8221;.vc_custom_1464703868430{margin-top: 0px !important;margin-right: -15px !important;margin-bottom: 0px !important;margin-left: -15px !important;padding-top: 0px !important;padding-right: 0px !important;padding-bottom: 0px !important;padding-left: 0px !important;}&#8221;][vc_column offset=&#8221;vc_hidden-lg vc_hidden-md vc_hidden-sm&#8221; css=&#8221;.vc_custom_1464703819759{margin: 0px !important;padding: 0px !important;}&#8221;][vc_column_text el_class=&#8221;padding-large fill-blue shadow-2 title-white&#8221;]<\/p>\n<h1>GT Twin<\/h1>\n<p>[\/vc_column_text][vc_single_image image=&#8221;938&#8243; img_size=&#8221;full&#8221; el_class=&#8221;fill shadow-2&#8243; css=&#8221;.vc_custom_1465481188511{margin-top: 0px !important;margin-right: 0px !important;margin-bottom: 0px !important;margin-left: 0px !important;padding-top: 0px !important;padding-right: 0px !important;padding-bottom: 0px !important;padding-left: 0px !important;}&#8221;][\/vc_column][\/vc_row][vc_row el_class=&#8221;margin-bottom&#8221;][vc_column width=&#8221;1\/2&#8243; css=&#8221;.vc_custom_1464796374996{margin-top: 0px !important;margin-bottom: 0px !important;padding-right: 0px !important;padding-left: 0px !important;}&#8221; el_class=&#8221;border-bottom shadow-2 fill padding-large&#8221;][vc_column_text]Le GT TWIN est le plus luxueux et le plus confortable des side-cars de tourisme EML.\u00a0Ce side-car est fait uniquement pour les grosses motos de tourisme. L\u2019assise de ce side-Car est id\u00e9ale pour un adulte et un enfant ou deux enfants.[\/vc_column_text][\/vc_column][\/vc_row][vc_row][vc_column css=&#8221;.vc_custom_1464688304848{padding-right: 0px !important;padding-left: 0px !important;}&#8221;][vc_custom_heading text=&#8221;Technical data&#8221; font_container=&#8221;tag:h3|text_align:left&#8221; use_theme_fonts=&#8221;yes&#8221; el_class=&#8221;product-heading&#8221;][\/vc_column][\/vc_row][vc_row content_placement=&#8221;top&#8221; el_class=&#8221;border-top shadow-2 fill padding-large margin-bottom table-block&#8221;][vc_column width=&#8221;1\/2&#8243; offset=&#8221;vc_col-lg-4 vc_col-md-4 vc_col-xs-12&#8243;][vc_column_text]<\/p>\n<table>\n<tbody>\n<tr>\n<th><strong>Dimensions<\/strong><\/th>\n<th><\/th>\n<\/tr>\n<tr>\n<td>Longueur<\/td>\n<td>2.290 mm<\/td>\n<\/tr>\n<tr>\n<td>Largeur<\/td>\n<td>1.040 mm<\/td>\n<\/tr>\n<tr>\n<td>Hauteur<\/td>\n<td>1.220 mm<\/td>\n<\/tr>\n<tr>\n<td>Largeur de l\u2019assise<\/td>\n<td>860 mm<\/td>\n<\/tr>\n<tr>\n<td>Volume de coffre<\/td>\n<td>315 liter<\/td>\n<\/tr>\n<\/tbody>\n<\/table>\n<p>[\/vc_column_text][\/vc_column][vc_column width=&#8221;1\/2&#8243; offset=&#8221;vc_col-lg-8 vc_col-md-8 vc_col-xs-12&#8243;][vc_column_text]<\/p>\n<table>\n<tbody>\n<tr>\n<th><strong>Frein et suspensions<\/strong><\/th>\n<th><\/th>\n<\/tr>\n<tr>\n<td>\n<p class=\"p1\">Suspension avant<\/p>\n<\/td>\n<td>\n<p class=\"p1\">EML ExtensoDive fourche avant<\/p>\n<\/td>\n<\/tr>\n<tr>\n<td>Suspension de la roue arri\u00e8re side-car<\/td>\n<td>Double bras oscillant pouss\u00e9 avec amortisseur r\u00e9glable en duret\u00e9 et hydraulique<\/td>\n<\/tr>\n<tr>\n<td>Suspension de la roue side-car avant<\/td>\n<td>Double bras crois\u00e9 triangul\u00e9 et amortisseur r\u00e9glable en duret\u00e9 et hydraulique<\/td>\n<\/tr>\n<tr>\n<td>Syst\u00e8me de direction<\/td>\n<td>La roue avant du side-car est connect\u00e9e par biellettes et rotules \u00e0 la fourche avant de la moto<\/td>\n<\/tr>\n<tr>\n<td>D\u00e9battement des 2 amortisseurs<\/td>\n<td>80 mm<\/td>\n<\/tr>\n<tr>\n<td>Freins side-car<\/td>\n<td>Etrier \u00e0 2 pistons sur le disque de la roue avant<\/td>\n<\/tr>\n<tr>\n<td>Roues<\/td>\n<td>12\u201d EML<\/td>\n<\/tr>\n<\/tbody>\n<\/table>\n<p>[\/vc_column_text][\/vc_column][\/vc_row][vc_row][vc_column css=&#8221;.vc_custom_1464688320331{padding-right: 0px !important;padding-left: 0px !important;}&#8221;][vc_custom_heading text=&#8221;Caracteristiques&#8221; font_container=&#8221;tag:h3|text_align:left&#8221; use_theme_fonts=&#8221;yes&#8221; el_class=&#8221;product-heading&#8221;][\/vc_column][\/vc_row][vc_row el_class=&#8221;border-top shadow-2 padding-large fill margin-bottom&#8221;][vc_column css=&#8221;.vc_custom_1464689159491{padding: 0px !important;}&#8221;][vc_column_text el_class=&#8221;margin-bottom&#8221;]Par la r\u00e9alisation d\u2019une technologie innovante, en cr\u00e9ant un design spectaculaire et en lui ajoutant des \u00e9quipements luxueux, nos ing\u00e9nieurs et designers ont cr\u00e9\u00e9 un side-car r\u00e9volutionnaire. Nous devons le design de l\u2019ensemble int\u00e9rieur et l\u2019ext\u00e9rieur du GT Twin \u00e0 la cr\u00e9ativit\u00e9 de nos designers. Les vaisseaux amiraux de BMW et Honda combin\u00e9 avec le GT Twin augmenteront la stup\u00e9faction et l\u2019\u00e9tonnement laiss\u00e9 par le v\u00e9hicule sur la route. L\u2019impressionnant design, la parfaite tenue sur la route, et l\u2019\u00e9laboration du design jusque dans le moindre d\u00e9tail feront vous sentir \u2018\u2019 Roi de la route\u2019\u2019. Voyez les photos de la galerie pour exemple.<\/p>\n<p>Le GT-Twin est \u00e9quip\u00e9 d\u2019origine de:[\/vc_column_text][vc_column_text el_class=&#8221;features&#8221;]<\/p>\n<ul>\n<li>Syst\u00e8me d\u2019a\u00e9ration \u00e9lectrique<\/li>\n<li>Pr\u00e9paration radio<\/li>\n<li>Allumage automatique de l\u2019\u00e9clairage int\u00e9rieur<\/li>\n<li>Eclairage int\u00e9gr\u00e9 pour la lecture<\/li>\n<li>Eclairage automatique du coffre<\/li>\n<li>Eclairage control\u00e9<\/li>\n<li>Fermeture \u00e0 clefs<\/li>\n<li>Deux demi hard-tops ind\u00e9pendants avec syst\u00e8me de verrouillage semi-automatique<\/li>\n<li>Poign\u00e9es chrom\u00e9es sur chaque ouverture<\/li>\n<li>Habitacle habill\u00e9 de panneaux moquett\u00e9s<\/li>\n<li>Compartiments de rangement int\u00e9rieur<\/li>\n<li>Moquette dans le coffre \u00e0 bagage<\/li>\n<li>Sellerie de 2 couleurs<\/li>\n<\/ul>\n<p>[\/vc_column_text][\/vc_column][\/vc_row][vc_row][vc_column css=&#8221;.vc_custom_1464688325460{padding-right: 0px !important;padding-left: 0px !important;}&#8221;][vc_custom_heading text=&#8221;Pourquoi deux roues?&#8221; font_container=&#8221;tag:h3|text_align:left&#8221; use_theme_fonts=&#8221;yes&#8221; el_class=&#8221;product-heading&#8221;][\/vc_column][\/vc_row][vc_row el_class=&#8221;border-top shadow-2 padding-large fill margin-bottom&#8221;][vc_column css=&#8221;.vc_custom_1464689159491{padding: 0px !important;}&#8221;][vc_column_text]Au regard de la dynamique des ensembles lourds comme la BMW K1200LT et la HONDA GL 1800 Goldwing ont une caract\u00e9ristique n\u00e9gative. Rouler dans une courbe ou un virage \u00e0 gauche la moto s \u2018appuie sur la seule roue du side-car. Pour pr\u00e9venir du trop grand appuie, la suspension du side-car est souvent tr\u00e8s rigide, ce qui affecte n\u00e9gativement le confort \u00e0 l\u2019int\u00e9rieur de l\u2019habitacle du side-car. Il y \u00e0 quelques ann\u00e9es EML \u00e0 introduit le syst\u00e8me de suspension HCAD afin d\u2019am\u00e9liorer le confort. Ce syst\u00e8me \u00e0 prouv\u00e9 sa valeur, mais l\u2019am\u00e9lioration est toujours possible. Gr\u00e2ce \u00e0 l\u2019innovation le syst\u00e8me HCAD a \u00e9t\u00e9 surpass\u00e9. Chacune des roues du side-car prend la moiti\u00e9 de la charge. En raison de cette configuration \u00e0 deux roues la stabilit\u00e9 en courbe et le confort ont \u00e9t\u00e9 \u00e9norm\u00e9ment am\u00e9lior\u00e9s.[\/vc_column_text][\/vc_column][\/vc_row][vc_row][vc_column css=&#8221;.vc_custom_1464688325460{padding-right: 0px !important;padding-left: 0px !important;}&#8221;][vc_custom_heading text=&#8221;Direction du side-car&#8221; font_container=&#8221;tag:h3|text_align:left&#8221; use_theme_fonts=&#8221;yes&#8221; el_class=&#8221;product-heading&#8221;][\/vc_column][\/vc_row][vc_row el_class=&#8221;border-top shadow-2 padding-large fill margin-bottom&#8221;][vc_column css=&#8221;.vc_custom_1464689159491{padding: 0px !important;}&#8221;][vc_column_text]En connectant le syst\u00e8me de fourche avant ExtensoDive avec le syst\u00e8me de direction du side-car, la prise en main de l\u2019attelage est bien meilleure et la stabilit\u00e9 d\u2019ensemble radicalement am\u00e9lior\u00e9e. Les r\u00e9actions side-car sont toujours pr\u00e9sentes, mais sont appr\u00e9hend\u00e9es plus facilement. La direction de la roue du side-car est le r\u00e9sultat de la th\u00e9orie \u00e0 deux roues : la roue avant de side-car doit \u00eatre connect\u00e9e avec la roue avant de la moto. Avec une connexion sp\u00e9ciale entre les deux roues avant, la roue du side-car suit toujours la juste direction. Les r\u00e9actions sur le comportement dynamique de la suspension avant de moto, qui cause normalement des instabilit\u00e9s de tenue de route, sont \u00e9limin\u00e9es en raison de l\u2019int\u00e9gration avec la suspension avant ExtensoDive sur la moto.[\/vc_column_text][\/vc_column][\/vc_row][vc_row][vc_column css=&#8221;.vc_custom_1464688325460{padding-right: 0px !important;padding-left: 0px !important;}&#8221;][vc_custom_heading text=&#8221;Options&#8221; font_container=&#8221;tag:h3|text_align:left&#8221; use_theme_fonts=&#8221;yes&#8221; el_class=&#8221;product-heading&#8221;][\/vc_column][\/vc_row][vc_row el_class=&#8221;border-top shadow-2 padding-large fill margin-bottom&#8221;][vc_column css=&#8221;.vc_custom_1464689504837{margin: 0px !important;padding: 0px !important;}&#8221;][vc_column_text el_class=&#8221;options&#8221;]<\/p>\n<ul>\n<li>Aileron spoiler incluant un feu stop<\/li>\n<li>Porte-paquet noir ou chrom\u00e9<\/li>\n<li>Chauffage Harnais de maintien<\/li>\n<li>Haut-parleurs<\/li>\n<li>R\u00e9servoir additionnel 20 litres ( non homologu\u00e9 dans tout pays)<\/li>\n<li>Attache remorque, permet de tracter une remorque de 80kg sans freins ou 150kg si la remorque est frein\u00e9e<\/li>\n<\/ul>\n<p>[\/vc_column_text][\/vc_column][\/vc_row][vc_row][vc_column css=&#8221;.vc_custom_1464688330988{padding-right: 0px !important;padding-left: 0px !important;}&#8221;][vc_custom_heading text=&#8221;Galerie de photos&#8221; font_container=&#8221;tag:h3|text_align:left&#8221; use_theme_fonts=&#8221;yes&#8221; el_class=&#8221;product-heading&#8221;][\/vc_column][\/vc_row][vc_row el_class=&#8221;border-top shadow-2 padding-large fill margin-bottom&#8221;][vc_column css=&#8221;.vc_custom_1464696391453{margin-top: 0px !important;margin-right: 0px !important;margin-bottom: 0px !important;margin-left: 0px !important;padding-top: 0px !important;padding-right: 0px !important;padding-bottom: 0px !important;padding-left: 0px !important;}&#8221; el_class=&#8221;zoom&#8221;][vc_media_grid element_width=&#8221;3&#8243; gap=&#8221;25&#8243; item=&#8221;mediaGrid_SlideInTitle&#8221; grid_id=&#8221;vc_gid:1467877960298-1b775cd6-d3fa-4&#8243; include=&#8221;820,821,822,823,824,825,826,827,828,829,830,831,832,833,834,835,836,837,838&#8243;][\/vc_column][\/vc_row]<\/p>\n<\/div>","protected":false},"excerpt":{"rendered":"<p>[vc_row full_width=&#8221;stretch_row_content_no_spaces&#8221; css=&#8221;.vc_custom_1464688053669{background-color: #ffffff !important;}&#8221;][vc_column][vc_empty_space height=&#8221;145px&#8221; css=&#8221;.vc_custom_1464795011193{background-color: #ffffff !important;}&#8221; el_class=&#8221;header-spacer&#8221;][\/vc_column][\/vc_row][vc_row full_width=&#8221;stretch_row&#8221; el_class=&#8221;intro-2&#8243; css=&#8221;.vc_custom_1464688227654{background-image: url(\/wp-content\/uploads\/2016\/05\/eml_background.png?id=220) !important;}&#8221;][vc_column][vc_row_inner el_class=&#8221;uk-flex&#8221;][vc_column_inner el_class=&#8221;uk-flex shadow-2 fill column-fix&#8221; width=&#8221;1\/2&#8243; css=&#8221;.vc_custom_1465484805808{background-color: #ffffff !important;background-position: center !important;background-repeat: no-repeat !important;background-size: cover !important;}&#8221; offset=&#8221;vc_col-xs-12&#8243;][vc_single_image image=&#8221;938&#8243; img_size=&#8221;full&#8221; alignment=&#8221;center&#8221; onclick=&#8221;link_image&#8221; el_class=&#8221;uk-flex uk-flex-middle zoom&#8221;][\/vc_column_inner][vc_column_inner el_class=&#8221;intro-2-title&#8221; width=&#8221;1\/2&#8243; offset=&#8221;vc_col-xs-12&#8243;][vc_empty_space height=&#8221;50%&#8221;][vc_column_text el_class=&#8221;title-white&#8221;] GT Twin [\/vc_column_text][\/vc_column_inner][\/vc_row_inner][\/vc_column][\/vc_row][vc_row css=&#8221;.vc_custom_1464703868430{margin-top: 0px !important;margin-right: -15px !important;margin-bottom: 0px !important;margin-left: -15px !important;padding-top:&hellip; <a class=\"read-more\" href=\"https:\/\/emltrike.com\/fr\/sidecars\/gt-twin\/\">Read More<\/a><\/p>\n","protected":false},"author":1,"featured_media":0,"parent":1208,"menu_order":0,"comment_status":"closed","ping_status":"closed","template":"","meta":{"_acf_changed":false,"footnotes":""},"class_list":["post-1270","page","type-page","status-publish","hentry"],"acf":[],"yoast_head":"<!-- This site is optimized with the Yoast SEO plugin v27.4 - https:\/\/yoast.com\/product\/yoast-seo-wordpress\/ -->\n<title>GT Twin - EML Trikes &amp; Sidecars<\/title>\n<meta name=\"robots\" content=\"index, follow, max-snippet:-1, max-image-preview:large, max-video-preview:-1\" \/>\n<link rel=\"canonical\" href=\"https:\/\/emltrike.com\/fr\/sidecars\/gt-twin\/\" \/>\n<meta property=\"og:locale\" content=\"fr_FR\" \/>\n<meta property=\"og:type\" content=\"article\" \/>\n<meta property=\"og:title\" content=\"GT Twin - EML Trikes &amp; Sidecars\" \/>\n<meta property=\"og:description\" content=\"[vc_row full_width=&#8221;stretch_row_content_no_spaces&#8221; css=&#8221;.vc_custom_1464688053669{background-color: #ffffff !important;}&#8221;][vc_column][vc_empty_space height=&#8221;145px&#8221; css=&#8221;.vc_custom_1464795011193{background-color: #ffffff !important;}&#8221; el_class=&#8221;header-spacer&#8221;][\/vc_column][\/vc_row][vc_row full_width=&#8221;stretch_row&#8221; el_class=&#8221;intro-2&#8243; css=&#8221;.vc_custom_1464688227654{background-image: url(\/wp-content\/uploads\/2016\/05\/eml_background.png?id=220) !important;}&#8221;][vc_column][vc_row_inner el_class=&#8221;uk-flex&#8221;][vc_column_inner el_class=&#8221;uk-flex shadow-2 fill column-fix&#8221; width=&#8221;1\/2&#8243; css=&#8221;.vc_custom_1465484805808{background-color: #ffffff !important;background-position: center !important;background-repeat: no-repeat !important;background-size: cover !important;}&#8221; offset=&#8221;vc_col-xs-12&#8243;][vc_single_image image=&#8221;938&#8243; img_size=&#8221;full&#8221; alignment=&#8221;center&#8221; onclick=&#8221;link_image&#8221; el_class=&#8221;uk-flex uk-flex-middle zoom&#8221;][\/vc_column_inner][vc_column_inner el_class=&#8221;intro-2-title&#8221; width=&#8221;1\/2&#8243; offset=&#8221;vc_col-xs-12&#8243;][vc_empty_space height=&#8221;50%&#8221;][vc_column_text el_class=&#8221;title-white&#8221;] GT Twin [\/vc_column_text][\/vc_column_inner][\/vc_row_inner][\/vc_column][\/vc_row][vc_row css=&#8221;.vc_custom_1464703868430{margin-top: 0px !important;margin-right: -15px !important;margin-bottom: 0px !important;margin-left: -15px !important;padding-top:&hellip; Read More\" \/>\n<meta property=\"og:url\" content=\"https:\/\/emltrike.com\/fr\/sidecars\/gt-twin\/\" \/>\n<meta property=\"og:site_name\" content=\"EML Trikes &amp; Sidecars\" \/>\n<meta property=\"article:modified_time\" content=\"2018-04-09T12:23:31+00:00\" \/>\n<meta name=\"twitter:card\" content=\"summary_large_image\" \/>\n<meta name=\"twitter:label1\" content=\"Est. reading time\" \/>\n\t<meta name=\"twitter:data1\" content=\"7 minutes\" \/>\n<script type=\"application\/ld+json\" class=\"yoast-schema-graph\">{\"@context\":\"https:\\\/\\\/schema.org\",\"@graph\":[{\"@type\":\"WebPage\",\"@id\":\"https:\\\/\\\/emltrike.com\\\/fr\\\/sidecars\\\/gt-twin\\\/\",\"url\":\"https:\\\/\\\/emltrike.com\\\/fr\\\/sidecars\\\/gt-twin\\\/\",\"name\":\"GT Twin - EML Trikes &amp; Sidecars\",\"isPartOf\":{\"@id\":\"https:\\\/\\\/emltrike.com\\\/fr\\\/nl\\\/startpagina\\\/#website\"},\"datePublished\":\"2016-06-27T13:10:52+00:00\",\"dateModified\":\"2018-04-09T12:23:31+00:00\",\"breadcrumb\":{\"@id\":\"https:\\\/\\\/emltrike.com\\\/fr\\\/sidecars\\\/gt-twin\\\/#breadcrumb\"},\"inLanguage\":\"fr-FR\",\"potentialAction\":[{\"@type\":\"ReadAction\",\"target\":[\"https:\\\/\\\/emltrike.com\\\/fr\\\/sidecars\\\/gt-twin\\\/\"]}]},{\"@type\":\"BreadcrumbList\",\"@id\":\"https:\\\/\\\/emltrike.com\\\/fr\\\/sidecars\\\/gt-twin\\\/#breadcrumb\",\"itemListElement\":[{\"@type\":\"ListItem\",\"position\":1,\"name\":\"Home\",\"item\":\"https:\\\/\\\/emltrike.com\\\/fr\\\/maison\\\/\"},{\"@type\":\"ListItem\",\"position\":2,\"name\":\"Sidecars\",\"item\":\"https:\\\/\\\/emltrike.com\\\/fr\\\/sidecars\\\/\"},{\"@type\":\"ListItem\",\"position\":3,\"name\":\"GT Twin\"}]},{\"@type\":\"WebSite\",\"@id\":\"https:\\\/\\\/emltrike.com\\\/fr\\\/nl\\\/startpagina\\\/#website\",\"url\":\"https:\\\/\\\/emltrike.com\\\/fr\\\/nl\\\/startpagina\\\/\",\"name\":\"EML Trikes &amp; Sidecars\",\"description\":\"Performance by Technology\",\"potentialAction\":[{\"@type\":\"SearchAction\",\"target\":{\"@type\":\"EntryPoint\",\"urlTemplate\":\"https:\\\/\\\/emltrike.com\\\/fr\\\/nl\\\/startpagina\\\/?s={search_term_string}\"},\"query-input\":{\"@type\":\"PropertyValueSpecification\",\"valueRequired\":true,\"valueName\":\"search_term_string\"}}],\"inLanguage\":\"fr-FR\"}]}<\/script>\n<!-- \/ Yoast SEO plugin. -->","yoast_head_json":{"title":"GT Twin - EML Trikes &amp; Sidecars","robots":{"index":"index","follow":"follow","max-snippet":"max-snippet:-1","max-image-preview":"max-image-preview:large","max-video-preview":"max-video-preview:-1"},"canonical":"https:\/\/emltrike.com\/fr\/sidecars\/gt-twin\/","og_locale":"fr_FR","og_type":"article","og_title":"GT Twin - EML Trikes &amp; Sidecars","og_description":"[vc_row full_width=&#8221;stretch_row_content_no_spaces&#8221; css=&#8221;.vc_custom_1464688053669{background-color: #ffffff !important;}&#8221;][vc_column][vc_empty_space height=&#8221;145px&#8221; css=&#8221;.vc_custom_1464795011193{background-color: #ffffff !important;}&#8221; el_class=&#8221;header-spacer&#8221;][\/vc_column][\/vc_row][vc_row full_width=&#8221;stretch_row&#8221; el_class=&#8221;intro-2&#8243; css=&#8221;.vc_custom_1464688227654{background-image: url(\/wp-content\/uploads\/2016\/05\/eml_background.png?id=220) !important;}&#8221;][vc_column][vc_row_inner el_class=&#8221;uk-flex&#8221;][vc_column_inner el_class=&#8221;uk-flex shadow-2 fill column-fix&#8221; width=&#8221;1\/2&#8243; css=&#8221;.vc_custom_1465484805808{background-color: #ffffff !important;background-position: center !important;background-repeat: no-repeat !important;background-size: cover !important;}&#8221; offset=&#8221;vc_col-xs-12&#8243;][vc_single_image image=&#8221;938&#8243; img_size=&#8221;full&#8221; alignment=&#8221;center&#8221; onclick=&#8221;link_image&#8221; el_class=&#8221;uk-flex uk-flex-middle zoom&#8221;][\/vc_column_inner][vc_column_inner el_class=&#8221;intro-2-title&#8221; width=&#8221;1\/2&#8243; offset=&#8221;vc_col-xs-12&#8243;][vc_empty_space height=&#8221;50%&#8221;][vc_column_text el_class=&#8221;title-white&#8221;] GT Twin [\/vc_column_text][\/vc_column_inner][\/vc_row_inner][\/vc_column][\/vc_row][vc_row css=&#8221;.vc_custom_1464703868430{margin-top: 0px !important;margin-right: -15px !important;margin-bottom: 0px !important;margin-left: -15px !important;padding-top:&hellip; Read More","og_url":"https:\/\/emltrike.com\/fr\/sidecars\/gt-twin\/","og_site_name":"EML Trikes &amp; Sidecars","article_modified_time":"2018-04-09T12:23:31+00:00","twitter_card":"summary_large_image","twitter_misc":{"Est. reading time":"7 minutes"},"schema":{"@context":"https:\/\/schema.org","@graph":[{"@type":"WebPage","@id":"https:\/\/emltrike.com\/fr\/sidecars\/gt-twin\/","url":"https:\/\/emltrike.com\/fr\/sidecars\/gt-twin\/","name":"GT Twin - EML Trikes &amp; Sidecars","isPartOf":{"@id":"https:\/\/emltrike.com\/fr\/nl\/startpagina\/#website"},"datePublished":"2016-06-27T13:10:52+00:00","dateModified":"2018-04-09T12:23:31+00:00","breadcrumb":{"@id":"https:\/\/emltrike.com\/fr\/sidecars\/gt-twin\/#breadcrumb"},"inLanguage":"fr-FR","potentialAction":[{"@type":"ReadAction","target":["https:\/\/emltrike.com\/fr\/sidecars\/gt-twin\/"]}]},{"@type":"BreadcrumbList","@id":"https:\/\/emltrike.com\/fr\/sidecars\/gt-twin\/#breadcrumb","itemListElement":[{"@type":"ListItem","position":1,"name":"Home","item":"https:\/\/emltrike.com\/fr\/maison\/"},{"@type":"ListItem","position":2,"name":"Sidecars","item":"https:\/\/emltrike.com\/fr\/sidecars\/"},{"@type":"ListItem","position":3,"name":"GT Twin"}]},{"@type":"WebSite","@id":"https:\/\/emltrike.com\/fr\/nl\/startpagina\/#website","url":"https:\/\/emltrike.com\/fr\/nl\/startpagina\/","name":"EML Trikes &amp; Sidecars","description":"Performance by Technology","potentialAction":[{"@type":"SearchAction","target":{"@type":"EntryPoint","urlTemplate":"https:\/\/emltrike.com\/fr\/nl\/startpagina\/?s={search_term_string}"},"query-input":{"@type":"PropertyValueSpecification","valueRequired":true,"valueName":"search_term_string"}}],"inLanguage":"fr-FR"}]}},"_links":{"self":[{"href":"https:\/\/emltrike.com\/fr\/wp-json\/wp\/v2\/pages\/1270","targetHints":{"allow":["GET"]}}],"collection":[{"href":"https:\/\/emltrike.com\/fr\/wp-json\/wp\/v2\/pages"}],"about":[{"href":"https:\/\/emltrike.com\/fr\/wp-json\/wp\/v2\/types\/page"}],"author":[{"embeddable":true,"href":"https:\/\/emltrike.com\/fr\/wp-json\/wp\/v2\/users\/1"}],"replies":[{"embeddable":true,"href":"https:\/\/emltrike.com\/fr\/wp-json\/wp\/v2\/comments?post=1270"}],"version-history":[{"count":5,"href":"https:\/\/emltrike.com\/fr\/wp-json\/wp\/v2\/pages\/1270\/revisions"}],"predecessor-version":[{"id":1272,"href":"https:\/\/emltrike.com\/fr\/wp-json\/wp\/v2\/pages\/1270\/revisions\/1272"}],"up":[{"embeddable":true,"href":"https:\/\/emltrike.com\/fr\/wp-json\/wp\/v2\/pages\/1208"}],"wp:attachment":[{"href":"https:\/\/emltrike.com\/fr\/wp-json\/wp\/v2\/media?parent=1270"}],"curies":[{"name":"wp","href":"https:\/\/api.w.org\/{rel}","templated":true}]}}