{"id":1224,"date":"2016-06-27T12:23:29","date_gmt":"2016-06-27T10:23:29","guid":{"rendered":"http:\/\/emltrike.com\/?page_id=1224"},"modified":"2018-04-09T14:23:21","modified_gmt":"2018-04-09T12:23:21","slug":"ct-2001","status":"publish","type":"page","link":"https:\/\/emltrike.com\/fr\/sidecars\/ct-2001\/","title":{"rendered":"CT 2001"},"content":{"rendered":"<div class=\"wpb-content-wrapper\"><p>[vc_row full_width=&#8221;stretch_row_content_no_spaces&#8221; css=&#8221;.vc_custom_1464688053669{background-color: #ffffff !important;}&#8221;][vc_column][vc_empty_space height=&#8221;145px&#8221; css=&#8221;.vc_custom_1464795011193{background-color: #ffffff !important;}&#8221; el_class=&#8221;header-spacer&#8221;][\/vc_column][\/vc_row][vc_row full_width=&#8221;stretch_row&#8221; el_class=&#8221;intro-2&#8243; css=&#8221;.vc_custom_1464688227654{background-image: url(\/wp-content\/uploads\/2016\/05\/eml_background.png?id=220) !important;}&#8221;][vc_column][vc_row_inner el_class=&#8221;uk-flex&#8221;][vc_column_inner el_class=&#8221;uk-flex shadow-2 fill column-fix&#8221; width=&#8221;1\/2&#8243; css=&#8221;.vc_custom_1465484600523{background-color: #ffffff !important;background-position: center !important;background-repeat: no-repeat !important;background-size: cover !important;}&#8221; offset=&#8221;vc_col-xs-12&#8243;][vc_single_image image=&#8221;942&#8243; img_size=&#8221;full&#8221; alignment=&#8221;center&#8221; onclick=&#8221;link_image&#8221; el_class=&#8221;uk-flex uk-flex-middle zoom&#8221;][\/vc_column_inner][vc_column_inner el_class=&#8221;intro-2-title&#8221; width=&#8221;1\/2&#8243; offset=&#8221;vc_col-xs-12&#8243;][vc_empty_space height=&#8221;50%&#8221;][vc_column_text el_class=&#8221;title-white&#8221;]<\/p>\n<h1>CT 2001<small>est le mod\u00e8le de tourisme 1 place et demie<\/small><\/h1>\n<p>[\/vc_column_text][\/vc_column_inner][\/vc_row_inner][\/vc_column][\/vc_row][vc_row css=&#8221;.vc_custom_1464703868430{margin-top: 0px !important;margin-right: -15px !important;margin-bottom: 0px !important;margin-left: -15px !important;padding-top: 0px !important;padding-right: 0px !important;padding-bottom: 0px !important;padding-left: 0px !important;}&#8221;][vc_column offset=&#8221;vc_hidden-lg vc_hidden-md vc_hidden-sm&#8221; css=&#8221;.vc_custom_1464703819759{margin: 0px !important;padding: 0px !important;}&#8221;][vc_column_text el_class=&#8221;padding-large fill-blue shadow-2 title-white&#8221;]<\/p>\n<h1>CT 2001<small>est le mod\u00e8le de tourisme 1 place et demie<\/small><\/h1>\n<p>[\/vc_column_text][vc_single_image image=&#8221;942&#8243; img_size=&#8221;full&#8221; el_class=&#8221;fill shadow-2&#8243; css=&#8221;.vc_custom_1465482360861{margin-top: 0px !important;margin-right: 0px !important;margin-bottom: 0px !important;margin-left: 0px !important;padding-top: 0px !important;padding-right: 0px !important;padding-bottom: 0px !important;padding-left: 0px !important;}&#8221;][\/vc_column][\/vc_row][vc_row el_class=&#8221;margin-bottom&#8221;][vc_column width=&#8221;1\/2&#8243; css=&#8221;.vc_custom_1464796374996{margin-top: 0px !important;margin-bottom: 0px !important;padding-right: 0px !important;padding-left: 0px !important;}&#8221; el_class=&#8221;border-bottom shadow-2 fill padding-large&#8221;][vc_column_text]<\/p>\n<div class=\"vc_row wpb_row vc_row-fluid\">\n<div class=\"wpb_column vc_column_container vc_col-sm-8\">\n<div class=\"wpb_wrapper\">\n<div class=\"wpb_text_column wpb_content_element \">\n<div class=\"wpb_wrapper\">\n<p>Il est id\u00e9al pour les motos de tourisme et moyennes cylindr\u00e9es pour 1 adulte ou 2 petits enfants.<\/p>\n<\/div>\n<\/div>\n<\/div>\n<\/div>\n<\/div>\n<p>[\/vc_column_text][\/vc_column][\/vc_row][vc_row][vc_column css=&#8221;.vc_custom_1464688304848{padding-right: 0px !important;padding-left: 0px !important;}&#8221;][vc_custom_heading text=&#8221; Technical data&#8221; font_container=&#8221;tag:h3|text_align:left&#8221; use_theme_fonts=&#8221;yes&#8221; el_class=&#8221;product-heading&#8221;][\/vc_column][\/vc_row][vc_row content_placement=&#8221;top&#8221; el_class=&#8221;border-top shadow-2 fill padding-large margin-bottom table-block&#8221;][vc_column width=&#8221;1\/2&#8243; offset=&#8221;vc_col-lg-4 vc_col-md-4 vc_col-xs-12&#8243;][vc_column_text]<\/p>\n<table>\n<tbody>\n<tr>\n<th><strong>Dimensions<\/strong><\/th>\n<th><\/th>\n<\/tr>\n<tr>\n<td>Longueur<\/td>\n<td>2.120 mm<\/td>\n<\/tr>\n<tr>\n<td>Largeur<\/td>\n<td>910 mm<\/td>\n<\/tr>\n<tr>\n<td>Hauteur<\/td>\n<td>1.440 mm<\/td>\n<\/tr>\n<tr>\n<td>Largeur int\u00e9rieure aux \u00e9paules<\/td>\n<td>770\u00a0mm<\/td>\n<\/tr>\n<tr>\n<td>Largeur int\u00e9rieure \u00e0 l\u2019assise<\/td>\n<td>730\u00a0mm<\/td>\n<\/tr>\n<tr>\n<td>Volume du coffre<\/td>\n<td>235 liter<\/td>\n<\/tr>\n<\/tbody>\n<\/table>\n<p>[\/vc_column_text][\/vc_column][vc_column width=&#8221;1\/2&#8243; offset=&#8221;vc_col-lg-4 vc_col-md-4 vc_col-xs-12&#8243;][vc_column_text]<\/p>\n<table>\n<tbody>\n<tr>\n<th><strong><strong><strong>Freins et suspension<\/strong><\/strong><\/strong><\/th>\n<th><\/th>\n<\/tr>\n<tr>\n<td>Etrier de frein \u00e0 2 pistons, disque de 200mm<\/td>\n<\/tr>\n<tr>\n<td>Roue assembl\u00e9e EML 14 \u2018\u2019<\/td>\n<\/tr>\n<tr>\n<td>Syst\u00e8me de suspension HCAD<\/td>\n<\/tr>\n<tr>\n<td>Amortisseur r\u00e9glable en duret\u00e9 et en hydraulique<\/td>\n<\/tr>\n<\/tbody>\n<\/table>\n<p>[\/vc_column_text][\/vc_column][\/vc_row][vc_row][vc_column css=&#8221;.vc_custom_1464688320331{padding-right: 0px !important;padding-left: 0px !important;}&#8221;][vc_custom_heading text=&#8221;Caracteristiques&#8221; font_container=&#8221;tag:h3|text_align:left&#8221; use_theme_fonts=&#8221;yes&#8221; el_class=&#8221;product-heading&#8221;][\/vc_column][\/vc_row][vc_row el_class=&#8221;border-top shadow-2 padding-large fill margin-bottom&#8221;][vc_column css=&#8221;.vc_custom_1464689159491{padding: 0px !important;}&#8221;][vc_column_text el_class=&#8221;margin-bottom&#8221;]Design moderne pour moto de tourisme et moyennes cylindr\u00e9es.[\/vc_column_text][vc_column_text el_class=&#8221;features&#8221;]<\/p>\n<ul>\n<li>D\u2019un roue sport EML 14\u2019\u2019<\/li>\n<li>frein \u00e0 disque hydraulique<\/li>\n<li>capote amovible<\/li>\n<li>A\u00e9rateur \u00e9lectrique<\/li>\n<li>moquette coffre<\/li>\n<li>panneaux moquett\u00e9s d\u2019habitacle<\/li>\n<li>Grand acc\u00e8s passager \u00e0 verrouillage commun avec le coffre<\/li>\n<\/ul>\n<p>[\/vc_column_text][\/vc_column][\/vc_row][vc_row][vc_column css=&#8221;.vc_custom_1464688325460{padding-right: 0px !important;padding-left: 0px !important;}&#8221;][vc_custom_heading text=&#8221;Options&#8221; font_container=&#8221;tag:h3|text_align:left&#8221; use_theme_fonts=&#8221;yes&#8221; el_class=&#8221;product-heading&#8221;][\/vc_column][\/vc_row][vc_row el_class=&#8221;border-top shadow-2 padding-large fill margin-bottom&#8221;][vc_column css=&#8221;.vc_custom_1464689504837{margin: 0px !important;padding: 0px !important;}&#8221;][vc_column_text el_class=&#8221;options&#8221;]<\/p>\n<ul>\n<li>Capote d\u2019\u00e9t\u00e9 avec ouverture lat\u00e9rale des fen\u00eatres par fermeture \u00e9clair<\/li>\n<\/ul>\n<ul>\n<li>Porte-bagages noir ou chrom\u00e9<\/li>\n<li>Attache remorque homologu\u00e9e 80kg pour une remorque sans freins ou jusqu\u2019\u00e0 150kg si la remorque est frein\u00e9e<\/li>\n<li>Double harnais de maintien passager<\/li>\n<li>Eclairage habitacle et coffre<\/li>\n<li>Moquette coffre et panneaux de moquette habitacle<\/li>\n<li>Chauffage pour certaine moto, renseignez vous<\/li>\n<li>R\u00e9servoir additionnel 17 litres pour certaine moto, renseignez vous<\/li>\n<li>Aileron sur coffre avec feu stop int\u00e9gr\u00e9<\/li>\n<\/ul>\n<p>[\/vc_column_text][\/vc_column][\/vc_row][vc_row][vc_column css=&#8221;.vc_custom_1464688330988{padding-right: 0px !important;padding-left: 0px !important;}&#8221;][vc_custom_heading text=&#8221;Galerie de photos&#8221; font_container=&#8221;tag:h3|text_align:left&#8221; use_theme_fonts=&#8221;yes&#8221; el_class=&#8221;product-heading&#8221;][\/vc_column][\/vc_row][vc_row el_class=&#8221;border-top shadow-2 padding-large fill margin-bottom&#8221;][vc_column css=&#8221;.vc_custom_1464696391453{margin-top: 0px !important;margin-right: 0px !important;margin-bottom: 0px !important;margin-left: 0px !important;padding-top: 0px !important;padding-right: 0px !important;padding-bottom: 0px !important;padding-left: 0px !important;}&#8221; el_class=&#8221;zoom&#8221;][vc_media_grid element_width=&#8221;3&#8243; gap=&#8221;25&#8243; item=&#8221;mediaGrid_SlideInTitle&#8221; grid_id=&#8221;vc_gid:1467877955170-49378ad5-8a1a-8&#8243; include=&#8221;774,775&#8243;][\/vc_column][\/vc_row]<\/p>\n<\/div>","protected":false},"excerpt":{"rendered":"<p>[vc_row full_width=&#8221;stretch_row_content_no_spaces&#8221; css=&#8221;.vc_custom_1464688053669{background-color: #ffffff !important;}&#8221;][vc_column][vc_empty_space height=&#8221;145px&#8221; css=&#8221;.vc_custom_1464795011193{background-color: #ffffff !important;}&#8221; el_class=&#8221;header-spacer&#8221;][\/vc_column][\/vc_row][vc_row full_width=&#8221;stretch_row&#8221; el_class=&#8221;intro-2&#8243; css=&#8221;.vc_custom_1464688227654{background-image: url(\/wp-content\/uploads\/2016\/05\/eml_background.png?id=220) !important;}&#8221;][vc_column][vc_row_inner el_class=&#8221;uk-flex&#8221;][vc_column_inner el_class=&#8221;uk-flex shadow-2 fill column-fix&#8221; width=&#8221;1\/2&#8243; css=&#8221;.vc_custom_1465484600523{background-color: #ffffff !important;background-position: center !important;background-repeat: no-repeat !important;background-size: cover !important;}&#8221; offset=&#8221;vc_col-xs-12&#8243;][vc_single_image image=&#8221;942&#8243; img_size=&#8221;full&#8221; alignment=&#8221;center&#8221; onclick=&#8221;link_image&#8221; el_class=&#8221;uk-flex uk-flex-middle zoom&#8221;][\/vc_column_inner][vc_column_inner el_class=&#8221;intro-2-title&#8221; width=&#8221;1\/2&#8243; offset=&#8221;vc_col-xs-12&#8243;][vc_empty_space height=&#8221;50%&#8221;][vc_column_text el_class=&#8221;title-white&#8221;] CT 2001est le mod\u00e8le de tourisme 1 place et demie [\/vc_column_text][\/vc_column_inner][\/vc_row_inner][\/vc_column][\/vc_row][vc_row css=&#8221;.vc_custom_1464703868430{margin-top:&hellip; <a class=\"read-more\" href=\"https:\/\/emltrike.com\/fr\/sidecars\/ct-2001\/\">Read More<\/a><\/p>\n","protected":false},"author":1,"featured_media":0,"parent":1208,"menu_order":0,"comment_status":"closed","ping_status":"closed","template":"default.php","meta":{"_acf_changed":false,"footnotes":""},"class_list":["post-1224","page","type-page","status-publish","hentry"],"acf":[],"yoast_head":"<!-- This site is optimized with the Yoast SEO plugin v27.4 - https:\/\/yoast.com\/product\/yoast-seo-wordpress\/ -->\n<title>CT 2001 - EML Trikes &amp; Sidecars<\/title>\n<meta name=\"robots\" content=\"index, follow, max-snippet:-1, max-image-preview:large, max-video-preview:-1\" \/>\n<link rel=\"canonical\" href=\"https:\/\/emltrike.com\/fr\/sidecars\/ct-2001\/\" \/>\n<meta property=\"og:locale\" content=\"fr_FR\" \/>\n<meta property=\"og:type\" content=\"article\" \/>\n<meta property=\"og:title\" content=\"CT 2001 - EML Trikes &amp; Sidecars\" \/>\n<meta property=\"og:description\" content=\"[vc_row full_width=&#8221;stretch_row_content_no_spaces&#8221; css=&#8221;.vc_custom_1464688053669{background-color: #ffffff !important;}&#8221;][vc_column][vc_empty_space height=&#8221;145px&#8221; css=&#8221;.vc_custom_1464795011193{background-color: #ffffff !important;}&#8221; el_class=&#8221;header-spacer&#8221;][\/vc_column][\/vc_row][vc_row full_width=&#8221;stretch_row&#8221; el_class=&#8221;intro-2&#8243; css=&#8221;.vc_custom_1464688227654{background-image: url(\/wp-content\/uploads\/2016\/05\/eml_background.png?id=220) !important;}&#8221;][vc_column][vc_row_inner el_class=&#8221;uk-flex&#8221;][vc_column_inner el_class=&#8221;uk-flex shadow-2 fill column-fix&#8221; width=&#8221;1\/2&#8243; css=&#8221;.vc_custom_1465484600523{background-color: #ffffff !important;background-position: center !important;background-repeat: no-repeat !important;background-size: cover !important;}&#8221; offset=&#8221;vc_col-xs-12&#8243;][vc_single_image image=&#8221;942&#8243; img_size=&#8221;full&#8221; alignment=&#8221;center&#8221; onclick=&#8221;link_image&#8221; el_class=&#8221;uk-flex uk-flex-middle zoom&#8221;][\/vc_column_inner][vc_column_inner el_class=&#8221;intro-2-title&#8221; width=&#8221;1\/2&#8243; offset=&#8221;vc_col-xs-12&#8243;][vc_empty_space height=&#8221;50%&#8221;][vc_column_text el_class=&#8221;title-white&#8221;] CT 2001est le mod\u00e8le de tourisme 1 place et demie [\/vc_column_text][\/vc_column_inner][\/vc_row_inner][\/vc_column][\/vc_row][vc_row css=&#8221;.vc_custom_1464703868430{margin-top:&hellip; Read More\" \/>\n<meta property=\"og:url\" content=\"https:\/\/emltrike.com\/fr\/sidecars\/ct-2001\/\" \/>\n<meta property=\"og:site_name\" content=\"EML Trikes &amp; Sidecars\" \/>\n<meta property=\"article:modified_time\" content=\"2018-04-09T12:23:21+00:00\" \/>\n<meta name=\"twitter:card\" content=\"summary_large_image\" \/>\n<meta name=\"twitter:label1\" content=\"Est. reading time\" \/>\n\t<meta name=\"twitter:data1\" content=\"4 minutes\" \/>\n<script type=\"application\/ld+json\" class=\"yoast-schema-graph\">{\"@context\":\"https:\\\/\\\/schema.org\",\"@graph\":[{\"@type\":\"WebPage\",\"@id\":\"https:\\\/\\\/emltrike.com\\\/fr\\\/sidecars\\\/ct-2001\\\/\",\"url\":\"https:\\\/\\\/emltrike.com\\\/fr\\\/sidecars\\\/ct-2001\\\/\",\"name\":\"CT 2001 - EML Trikes &amp; Sidecars\",\"isPartOf\":{\"@id\":\"https:\\\/\\\/emltrike.com\\\/fr\\\/nl\\\/startpagina\\\/#website\"},\"datePublished\":\"2016-06-27T10:23:29+00:00\",\"dateModified\":\"2018-04-09T12:23:21+00:00\",\"breadcrumb\":{\"@id\":\"https:\\\/\\\/emltrike.com\\\/fr\\\/sidecars\\\/ct-2001\\\/#breadcrumb\"},\"inLanguage\":\"fr-FR\",\"potentialAction\":[{\"@type\":\"ReadAction\",\"target\":[\"https:\\\/\\\/emltrike.com\\\/fr\\\/sidecars\\\/ct-2001\\\/\"]}]},{\"@type\":\"BreadcrumbList\",\"@id\":\"https:\\\/\\\/emltrike.com\\\/fr\\\/sidecars\\\/ct-2001\\\/#breadcrumb\",\"itemListElement\":[{\"@type\":\"ListItem\",\"position\":1,\"name\":\"Home\",\"item\":\"https:\\\/\\\/emltrike.com\\\/fr\\\/maison\\\/\"},{\"@type\":\"ListItem\",\"position\":2,\"name\":\"Sidecars\",\"item\":\"https:\\\/\\\/emltrike.com\\\/fr\\\/sidecars\\\/\"},{\"@type\":\"ListItem\",\"position\":3,\"name\":\"CT 2001\"}]},{\"@type\":\"WebSite\",\"@id\":\"https:\\\/\\\/emltrike.com\\\/fr\\\/nl\\\/startpagina\\\/#website\",\"url\":\"https:\\\/\\\/emltrike.com\\\/fr\\\/nl\\\/startpagina\\\/\",\"name\":\"EML Trikes &amp; Sidecars\",\"description\":\"Performance by Technology\",\"potentialAction\":[{\"@type\":\"SearchAction\",\"target\":{\"@type\":\"EntryPoint\",\"urlTemplate\":\"https:\\\/\\\/emltrike.com\\\/fr\\\/nl\\\/startpagina\\\/?s={search_term_string}\"},\"query-input\":{\"@type\":\"PropertyValueSpecification\",\"valueRequired\":true,\"valueName\":\"search_term_string\"}}],\"inLanguage\":\"fr-FR\"}]}<\/script>\n<!-- \/ Yoast SEO plugin. -->","yoast_head_json":{"title":"CT 2001 - EML Trikes &amp; Sidecars","robots":{"index":"index","follow":"follow","max-snippet":"max-snippet:-1","max-image-preview":"max-image-preview:large","max-video-preview":"max-video-preview:-1"},"canonical":"https:\/\/emltrike.com\/fr\/sidecars\/ct-2001\/","og_locale":"fr_FR","og_type":"article","og_title":"CT 2001 - EML Trikes &amp; Sidecars","og_description":"[vc_row full_width=&#8221;stretch_row_content_no_spaces&#8221; css=&#8221;.vc_custom_1464688053669{background-color: #ffffff !important;}&#8221;][vc_column][vc_empty_space height=&#8221;145px&#8221; css=&#8221;.vc_custom_1464795011193{background-color: #ffffff !important;}&#8221; el_class=&#8221;header-spacer&#8221;][\/vc_column][\/vc_row][vc_row full_width=&#8221;stretch_row&#8221; el_class=&#8221;intro-2&#8243; css=&#8221;.vc_custom_1464688227654{background-image: url(\/wp-content\/uploads\/2016\/05\/eml_background.png?id=220) !important;}&#8221;][vc_column][vc_row_inner el_class=&#8221;uk-flex&#8221;][vc_column_inner el_class=&#8221;uk-flex shadow-2 fill column-fix&#8221; width=&#8221;1\/2&#8243; css=&#8221;.vc_custom_1465484600523{background-color: #ffffff !important;background-position: center !important;background-repeat: no-repeat !important;background-size: cover !important;}&#8221; offset=&#8221;vc_col-xs-12&#8243;][vc_single_image image=&#8221;942&#8243; img_size=&#8221;full&#8221; alignment=&#8221;center&#8221; onclick=&#8221;link_image&#8221; el_class=&#8221;uk-flex uk-flex-middle zoom&#8221;][\/vc_column_inner][vc_column_inner el_class=&#8221;intro-2-title&#8221; width=&#8221;1\/2&#8243; offset=&#8221;vc_col-xs-12&#8243;][vc_empty_space height=&#8221;50%&#8221;][vc_column_text el_class=&#8221;title-white&#8221;] CT 2001est le mod\u00e8le de tourisme 1 place et demie [\/vc_column_text][\/vc_column_inner][\/vc_row_inner][\/vc_column][\/vc_row][vc_row css=&#8221;.vc_custom_1464703868430{margin-top:&hellip; Read More","og_url":"https:\/\/emltrike.com\/fr\/sidecars\/ct-2001\/","og_site_name":"EML Trikes &amp; Sidecars","article_modified_time":"2018-04-09T12:23:21+00:00","twitter_card":"summary_large_image","twitter_misc":{"Est. reading time":"4 minutes"},"schema":{"@context":"https:\/\/schema.org","@graph":[{"@type":"WebPage","@id":"https:\/\/emltrike.com\/fr\/sidecars\/ct-2001\/","url":"https:\/\/emltrike.com\/fr\/sidecars\/ct-2001\/","name":"CT 2001 - EML Trikes &amp; Sidecars","isPartOf":{"@id":"https:\/\/emltrike.com\/fr\/nl\/startpagina\/#website"},"datePublished":"2016-06-27T10:23:29+00:00","dateModified":"2018-04-09T12:23:21+00:00","breadcrumb":{"@id":"https:\/\/emltrike.com\/fr\/sidecars\/ct-2001\/#breadcrumb"},"inLanguage":"fr-FR","potentialAction":[{"@type":"ReadAction","target":["https:\/\/emltrike.com\/fr\/sidecars\/ct-2001\/"]}]},{"@type":"BreadcrumbList","@id":"https:\/\/emltrike.com\/fr\/sidecars\/ct-2001\/#breadcrumb","itemListElement":[{"@type":"ListItem","position":1,"name":"Home","item":"https:\/\/emltrike.com\/fr\/maison\/"},{"@type":"ListItem","position":2,"name":"Sidecars","item":"https:\/\/emltrike.com\/fr\/sidecars\/"},{"@type":"ListItem","position":3,"name":"CT 2001"}]},{"@type":"WebSite","@id":"https:\/\/emltrike.com\/fr\/nl\/startpagina\/#website","url":"https:\/\/emltrike.com\/fr\/nl\/startpagina\/","name":"EML Trikes &amp; Sidecars","description":"Performance by Technology","potentialAction":[{"@type":"SearchAction","target":{"@type":"EntryPoint","urlTemplate":"https:\/\/emltrike.com\/fr\/nl\/startpagina\/?s={search_term_string}"},"query-input":{"@type":"PropertyValueSpecification","valueRequired":true,"valueName":"search_term_string"}}],"inLanguage":"fr-FR"}]}},"_links":{"self":[{"href":"https:\/\/emltrike.com\/fr\/wp-json\/wp\/v2\/pages\/1224","targetHints":{"allow":["GET"]}}],"collection":[{"href":"https:\/\/emltrike.com\/fr\/wp-json\/wp\/v2\/pages"}],"about":[{"href":"https:\/\/emltrike.com\/fr\/wp-json\/wp\/v2\/types\/page"}],"author":[{"embeddable":true,"href":"https:\/\/emltrike.com\/fr\/wp-json\/wp\/v2\/users\/1"}],"replies":[{"embeddable":true,"href":"https:\/\/emltrike.com\/fr\/wp-json\/wp\/v2\/comments?post=1224"}],"version-history":[{"count":5,"href":"https:\/\/emltrike.com\/fr\/wp-json\/wp\/v2\/pages\/1224\/revisions"}],"predecessor-version":[{"id":1226,"href":"https:\/\/emltrike.com\/fr\/wp-json\/wp\/v2\/pages\/1224\/revisions\/1226"}],"up":[{"embeddable":true,"href":"https:\/\/emltrike.com\/fr\/wp-json\/wp\/v2\/pages\/1208"}],"wp:attachment":[{"href":"https:\/\/emltrike.com\/fr\/wp-json\/wp\/v2\/media?parent=1224"}],"curies":[{"name":"wp","href":"https:\/\/api.w.org\/{rel}","templated":true}]}}