{"id":1208,"date":"2016-06-27T11:40:47","date_gmt":"2016-06-27T09:40:47","guid":{"rendered":"http:\/\/emltrike.com\/?page_id=1208"},"modified":"2024-08-29T14:36:23","modified_gmt":"2024-08-29T12:36:23","slug":"sidecars","status":"publish","type":"page","link":"https:\/\/emltrike.com\/fr\/sidecars\/","title":{"rendered":"Sidecars"},"content":{"rendered":"<div class=\"wpb-content-wrapper\"><p>[vc_row full_width=&#8221;stretch_row_content_no_spaces&#8221; el_class=&#8221;border-large&#8221;][vc_column][vc_images_carousel images=&#8221;918,917,916,915&#8243; img_size=&#8221;full&#8221; onclick=&#8221;link_no&#8221; autoplay=&#8221;yes&#8221; hide_pagination_control=&#8221;yes&#8221; hide_prev_next_buttons=&#8221;yes&#8221; wrap=&#8221;yes&#8221; el_class=&#8221;header-carousel&#8221;][\/vc_column][\/vc_row][vc_row][vc_column width=&#8221;2\/3&#8243; el_class=&#8221;intro padding-normal fill shadow-2 border-bottom-6&#8243;][vc_custom_heading text=&#8221;Sidecars&#8221; font_container=&#8221;tag:h1|text_align:left&#8221; use_theme_fonts=&#8221;yes&#8221; link=&#8221;||&#8221;][vc_column_text]<span lang=\"FR\">EML propose un grand programme mod\u00e8les sidecar appropri\u00e9s pour diff\u00e9rents mod\u00e8les de moto. Chaque kit moto d\u00e9velopp\u00e9 exclusivement par EML et test\u00e9 pour la moto en particulier. Avec EML le client ne teste pas le la combinaison de sidecar. Toutes les combinaisons possibles sont extensibles test\u00e9es et approuv\u00e9es. Il en r\u00e9sulte plus s\u00fbrs et plus confortables combinaisons de sidecar.<\/span>[\/vc_column_text][vc_custom_heading text=&#8221;Performance By technology&#8221; font_container=&#8221;tag:h3|text_align:left&#8221; use_theme_fonts=&#8221;yes&#8221;][\/vc_column][\/vc_row][vc_row gap=&#8221;30&#8243; equal_height=&#8221;yes&#8221; content_placement=&#8221;top&#8221; el_class=&#8221;margin-bottom&#8221;][vc_column width=&#8221;1\/2&#8243; el_class=&#8221;product&#8221; offset=&#8221;vc_col-lg-4 vc_col-md-4 vc_col-xs-12&#8243;][vc_custom_heading text=&#8221;Speed 2000&#8243; font_container=&#8221;tag:h3|text_align:left&#8221; use_theme_fonts=&#8221;yes&#8221; el_class=&#8221;product-heading&#8221; link=&#8221;url:%2Fsidecars%2Fspeed-2000%2F|||&#8221;][vc_single_image image=&#8221;785&#8243; img_size=&#8221;large&#8221; alignment=&#8221;center&#8221; onclick=&#8221;custom_link&#8221; link=&#8221;\/sidecars\/speed-2000\/&#8221;][\/vc_column][vc_column width=&#8221;1\/2&#8243; el_class=&#8221;product&#8221; offset=&#8221;vc_col-lg-4 vc_col-md-4 vc_col-xs-12&#8243;][vc_custom_heading text=&#8221;CT 2001&#8243; font_container=&#8221;tag:h3|text_align:left&#8221; use_theme_fonts=&#8221;yes&#8221; el_class=&#8221;product-heading&#8221; link=&#8221;url:%2Fsidecars%2Fct-2001%2F|||&#8221;][vc_single_image image=&#8221;936&#8243; img_size=&#8221;large&#8221; alignment=&#8221;center&#8221; onclick=&#8221;custom_link&#8221; link=&#8221;\/sidecars\/ct-2001\/&#8221;][\/vc_column][vc_column width=&#8221;1\/2&#8243; el_class=&#8221;product&#8221; offset=&#8221;vc_col-lg-4 vc_col-md-4 vc_col-xs-12&#8243;][vc_custom_heading text=&#8221;GT 2001&#8243; font_container=&#8221;tag:h3|text_align:left&#8221; use_theme_fonts=&#8221;yes&#8221; el_class=&#8221;product-heading&#8221; link=&#8221;url:%2Fsidecars%2Fgt-2001%2F|||&#8221;][vc_single_image image=&#8221;933&#8243; img_size=&#8221;large&#8221; alignment=&#8221;center&#8221; onclick=&#8221;custom_link&#8221; link=&#8221;\/sidecars\/gt-2001\/&#8221;][\/vc_column][vc_column width=&#8221;1\/2&#8243; offset=&#8221;vc_col-lg-4 vc_col-md-4 vc_col-xs-12&#8243; el_class=&#8221;product&#8221;][vc_custom_heading text=&#8221;E 2000&#8243; font_container=&#8221;tag:h3|text_align:left&#8221; use_theme_fonts=&#8221;yes&#8221; el_class=&#8221;product-heading&#8221; link=&#8221;url:%2Fsidecars%2Fe-2000%2F|||&#8221;][vc_single_image image=&#8221;935&#8243; img_size=&#8221;large&#8221; alignment=&#8221;center&#8221; onclick=&#8221;custom_link&#8221; link=&#8221;\/sidecars\/e-2000\/&#8221;][\/vc_column][vc_column width=&#8221;1\/2&#8243; offset=&#8221;vc_col-lg-4 vc_col-md-4 vc_col-xs-12&#8243; el_class=&#8221;product&#8221;][vc_custom_heading text=&#8221;S1 Roadster&#8221; font_container=&#8221;tag:h3|text_align:left&#8221; use_theme_fonts=&#8221;yes&#8221; el_class=&#8221;product-heading&#8221; link=&#8221;url:%2Fsidecars%2Fs1-roadster%2F|||&#8221;][vc_single_image image=&#8221;784&#8243; img_size=&#8221;large&#8221; alignment=&#8221;center&#8221; onclick=&#8221;custom_link&#8221; link=&#8221;\/sidecars\/s1-roadster\/&#8221;][\/vc_column][vc_column width=&#8221;1\/2&#8243; offset=&#8221;vc_col-lg-4 vc_col-md-4 vc_col-xs-12&#8243; el_class=&#8221;product&#8221;][vc_custom_heading text=&#8221;GT Twin&#8221; font_container=&#8221;tag:h3|text_align:left&#8221; use_theme_fonts=&#8221;yes&#8221; el_class=&#8221;product-heading&#8221; link=&#8221;url:%2Fsidecars%2Fgt-twin%2F|||&#8221;][vc_single_image image=&#8221;934&#8243; img_size=&#8221;large&#8221; alignment=&#8221;center&#8221; onclick=&#8221;custom_link&#8221; link=&#8221;\/sidecars\/gt-twin\/&#8221;][\/vc_column][\/vc_row][vc_row el_class=&#8221;margin-bottom&#8221;][vc_column el_class=&#8221;shadow-2 fill padding-large basic-textblock&#8221;][vc_column_text]<\/p>\n<p>EML garantie une excellente qualit\u00e9 de tenue de route et freinage. Aussi votre s\u00e9curit\u00e9 concernant la solidit\u00e9 des fourches avants, roues et suspension est garantie. Pour obtenir cela EML renforce toujours les partie cycle des motos. Description sommaire des modifications:<\/p>\n<p>[\/vc_column_text][vc_btn title=&#8221;MODIFICATIONS&#8221; style=&#8221;flat&#8221; shape=&#8221;square&#8221; color=&#8221;primary&#8221; align=&#8221;center&#8221; link=&#8221;url:%2Fsidecars%2Fmodifications%2F|||&#8221; css=&#8221;.vc_custom_1467020627206{margin-top: 20px !important;margin-bottom: 0px !important;}&#8221;][\/vc_column][\/vc_row][vc_row el_class=&#8221;margin-bottom&#8221;][vc_column el_class=&#8221;shadow-2 fill padding-large basic-textblock&#8221;][vc_column_text]<\/p>\n<p>Avec un r\u00e9seau de concessionnaires en Europe occidentale, le U.S.A. Japonet nous fournissons nos produits partout dans le monde.<br \/>\nInt\u00e9ress\u00e9 ou toute question, veuillez contacter un de nos revendeurs locaux. Ils sont votre contact pour les pi\u00e8ces de rechange, des conseils et fournir un bon service.<\/p>\n<p>[\/vc_column_text][vc_btn title=&#8221;REVENDEURS&#8221; style=&#8221;flat&#8221; shape=&#8221;square&#8221; color=&#8221;primary&#8221; align=&#8221;center&#8221; link=&#8221;url:..%2Frevendeurs%2F|||&#8221; css=&#8221;.vc_custom_1467020680099{margin-top: 20px !important;margin-bottom: 0px !important;}&#8221;][\/vc_column][\/vc_row]<\/p>\n<\/div>","protected":false},"excerpt":{"rendered":"<p>[vc_row full_width=&#8221;stretch_row_content_no_spaces&#8221; el_class=&#8221;border-large&#8221;][vc_column][vc_images_carousel images=&#8221;918,917,916,915&#8243; img_size=&#8221;full&#8221; onclick=&#8221;link_no&#8221; autoplay=&#8221;yes&#8221; hide_pagination_control=&#8221;yes&#8221; hide_prev_next_buttons=&#8221;yes&#8221; wrap=&#8221;yes&#8221; el_class=&#8221;header-carousel&#8221;][\/vc_column][\/vc_row][vc_row][vc_column width=&#8221;2\/3&#8243; el_class=&#8221;intro padding-normal fill shadow-2 border-bottom-6&#8243;][vc_custom_heading text=&#8221;Sidecars&#8221; font_container=&#8221;tag:h1|text_align:left&#8221; use_theme_fonts=&#8221;yes&#8221; link=&#8221;||&#8221;][vc_column_text]EML propose un grand programme mod\u00e8les sidecar appropri\u00e9s pour diff\u00e9rents mod\u00e8les de moto. Chaque kit moto d\u00e9velopp\u00e9 exclusivement par EML et test\u00e9 pour la moto en particulier. Avec EML le client ne teste pas le&hellip; <a class=\"read-more\" href=\"https:\/\/emltrike.com\/fr\/sidecars\/\">Read More<\/a><\/p>\n","protected":false},"author":1,"featured_media":0,"parent":0,"menu_order":0,"comment_status":"closed","ping_status":"closed","template":"","meta":{"_acf_changed":false,"footnotes":""},"class_list":["post-1208","page","type-page","status-publish","hentry"],"acf":[],"yoast_head":"<!-- This site is optimized with the Yoast SEO plugin v27.3 - https:\/\/yoast.com\/product\/yoast-seo-wordpress\/ -->\n<title>Sidecars - EML Trikes &amp; Sidecars<\/title>\n<meta name=\"robots\" content=\"index, follow, max-snippet:-1, max-image-preview:large, max-video-preview:-1\" \/>\n<link rel=\"canonical\" href=\"https:\/\/emltrike.com\/fr\/sidecars\/\" \/>\n<meta property=\"og:locale\" content=\"fr_FR\" \/>\n<meta property=\"og:type\" content=\"article\" \/>\n<meta property=\"og:title\" content=\"Sidecars - EML Trikes &amp; Sidecars\" \/>\n<meta property=\"og:description\" content=\"[vc_row full_width=&#8221;stretch_row_content_no_spaces&#8221; el_class=&#8221;border-large&#8221;][vc_column][vc_images_carousel images=&#8221;918,917,916,915&#8243; img_size=&#8221;full&#8221; onclick=&#8221;link_no&#8221; autoplay=&#8221;yes&#8221; hide_pagination_control=&#8221;yes&#8221; hide_prev_next_buttons=&#8221;yes&#8221; wrap=&#8221;yes&#8221; el_class=&#8221;header-carousel&#8221;][\/vc_column][\/vc_row][vc_row][vc_column width=&#8221;2\/3&#8243; el_class=&#8221;intro padding-normal fill shadow-2 border-bottom-6&#8243;][vc_custom_heading text=&#8221;Sidecars&#8221; font_container=&#8221;tag:h1|text_align:left&#8221; use_theme_fonts=&#8221;yes&#8221; link=&#8221;||&#8221;][vc_column_text]EML propose un grand programme mod\u00e8les sidecar appropri\u00e9s pour diff\u00e9rents mod\u00e8les de moto. Chaque kit moto d\u00e9velopp\u00e9 exclusivement par EML et test\u00e9 pour la moto en particulier. Avec EML le client ne teste pas le&hellip; Read More\" \/>\n<meta property=\"og:url\" content=\"https:\/\/emltrike.com\/fr\/sidecars\/\" \/>\n<meta property=\"og:site_name\" content=\"EML Trikes &amp; Sidecars\" \/>\n<meta property=\"article:modified_time\" content=\"2024-08-29T12:36:23+00:00\" \/>\n<meta name=\"twitter:card\" content=\"summary_large_image\" \/>\n<meta name=\"twitter:label1\" content=\"Est. reading time\" \/>\n\t<meta name=\"twitter:data1\" content=\"2 minutes\" \/>\n<script type=\"application\/ld+json\" class=\"yoast-schema-graph\">{\"@context\":\"https:\\\/\\\/schema.org\",\"@graph\":[{\"@type\":\"WebPage\",\"@id\":\"https:\\\/\\\/emltrike.com\\\/fr\\\/sidecars\\\/\",\"url\":\"https:\\\/\\\/emltrike.com\\\/fr\\\/sidecars\\\/\",\"name\":\"Sidecars - EML Trikes &amp; Sidecars\",\"isPartOf\":{\"@id\":\"https:\\\/\\\/emltrike.com\\\/fr\\\/nl\\\/startpagina\\\/#website\"},\"datePublished\":\"2016-06-27T09:40:47+00:00\",\"dateModified\":\"2024-08-29T12:36:23+00:00\",\"breadcrumb\":{\"@id\":\"https:\\\/\\\/emltrike.com\\\/fr\\\/sidecars\\\/#breadcrumb\"},\"inLanguage\":\"fr-FR\",\"potentialAction\":[{\"@type\":\"ReadAction\",\"target\":[\"https:\\\/\\\/emltrike.com\\\/fr\\\/sidecars\\\/\"]}]},{\"@type\":\"BreadcrumbList\",\"@id\":\"https:\\\/\\\/emltrike.com\\\/fr\\\/sidecars\\\/#breadcrumb\",\"itemListElement\":[{\"@type\":\"ListItem\",\"position\":1,\"name\":\"Home\",\"item\":\"https:\\\/\\\/emltrike.com\\\/fr\\\/maison\\\/\"},{\"@type\":\"ListItem\",\"position\":2,\"name\":\"Sidecars\"}]},{\"@type\":\"WebSite\",\"@id\":\"https:\\\/\\\/emltrike.com\\\/fr\\\/nl\\\/startpagina\\\/#website\",\"url\":\"https:\\\/\\\/emltrike.com\\\/fr\\\/nl\\\/startpagina\\\/\",\"name\":\"EML Trikes &amp; Sidecars\",\"description\":\"Performance by Technology\",\"potentialAction\":[{\"@type\":\"SearchAction\",\"target\":{\"@type\":\"EntryPoint\",\"urlTemplate\":\"https:\\\/\\\/emltrike.com\\\/fr\\\/nl\\\/startpagina\\\/?s={search_term_string}\"},\"query-input\":{\"@type\":\"PropertyValueSpecification\",\"valueRequired\":true,\"valueName\":\"search_term_string\"}}],\"inLanguage\":\"fr-FR\"}]}<\/script>\n<!-- \/ Yoast SEO plugin. -->","yoast_head_json":{"title":"Sidecars - EML Trikes &amp; Sidecars","robots":{"index":"index","follow":"follow","max-snippet":"max-snippet:-1","max-image-preview":"max-image-preview:large","max-video-preview":"max-video-preview:-1"},"canonical":"https:\/\/emltrike.com\/fr\/sidecars\/","og_locale":"fr_FR","og_type":"article","og_title":"Sidecars - EML Trikes &amp; Sidecars","og_description":"[vc_row full_width=&#8221;stretch_row_content_no_spaces&#8221; el_class=&#8221;border-large&#8221;][vc_column][vc_images_carousel images=&#8221;918,917,916,915&#8243; img_size=&#8221;full&#8221; onclick=&#8221;link_no&#8221; autoplay=&#8221;yes&#8221; hide_pagination_control=&#8221;yes&#8221; hide_prev_next_buttons=&#8221;yes&#8221; wrap=&#8221;yes&#8221; el_class=&#8221;header-carousel&#8221;][\/vc_column][\/vc_row][vc_row][vc_column width=&#8221;2\/3&#8243; el_class=&#8221;intro padding-normal fill shadow-2 border-bottom-6&#8243;][vc_custom_heading text=&#8221;Sidecars&#8221; font_container=&#8221;tag:h1|text_align:left&#8221; use_theme_fonts=&#8221;yes&#8221; link=&#8221;||&#8221;][vc_column_text]EML propose un grand programme mod\u00e8les sidecar appropri\u00e9s pour diff\u00e9rents mod\u00e8les de moto. Chaque kit moto d\u00e9velopp\u00e9 exclusivement par EML et test\u00e9 pour la moto en particulier. Avec EML le client ne teste pas le&hellip; Read More","og_url":"https:\/\/emltrike.com\/fr\/sidecars\/","og_site_name":"EML Trikes &amp; Sidecars","article_modified_time":"2024-08-29T12:36:23+00:00","twitter_card":"summary_large_image","twitter_misc":{"Est. reading time":"2 minutes"},"schema":{"@context":"https:\/\/schema.org","@graph":[{"@type":"WebPage","@id":"https:\/\/emltrike.com\/fr\/sidecars\/","url":"https:\/\/emltrike.com\/fr\/sidecars\/","name":"Sidecars - EML Trikes &amp; Sidecars","isPartOf":{"@id":"https:\/\/emltrike.com\/fr\/nl\/startpagina\/#website"},"datePublished":"2016-06-27T09:40:47+00:00","dateModified":"2024-08-29T12:36:23+00:00","breadcrumb":{"@id":"https:\/\/emltrike.com\/fr\/sidecars\/#breadcrumb"},"inLanguage":"fr-FR","potentialAction":[{"@type":"ReadAction","target":["https:\/\/emltrike.com\/fr\/sidecars\/"]}]},{"@type":"BreadcrumbList","@id":"https:\/\/emltrike.com\/fr\/sidecars\/#breadcrumb","itemListElement":[{"@type":"ListItem","position":1,"name":"Home","item":"https:\/\/emltrike.com\/fr\/maison\/"},{"@type":"ListItem","position":2,"name":"Sidecars"}]},{"@type":"WebSite","@id":"https:\/\/emltrike.com\/fr\/nl\/startpagina\/#website","url":"https:\/\/emltrike.com\/fr\/nl\/startpagina\/","name":"EML Trikes &amp; Sidecars","description":"Performance by Technology","potentialAction":[{"@type":"SearchAction","target":{"@type":"EntryPoint","urlTemplate":"https:\/\/emltrike.com\/fr\/nl\/startpagina\/?s={search_term_string}"},"query-input":{"@type":"PropertyValueSpecification","valueRequired":true,"valueName":"search_term_string"}}],"inLanguage":"fr-FR"}]}},"_links":{"self":[{"href":"https:\/\/emltrike.com\/fr\/wp-json\/wp\/v2\/pages\/1208","targetHints":{"allow":["GET"]}}],"collection":[{"href":"https:\/\/emltrike.com\/fr\/wp-json\/wp\/v2\/pages"}],"about":[{"href":"https:\/\/emltrike.com\/fr\/wp-json\/wp\/v2\/types\/page"}],"author":[{"embeddable":true,"href":"https:\/\/emltrike.com\/fr\/wp-json\/wp\/v2\/users\/1"}],"replies":[{"embeddable":true,"href":"https:\/\/emltrike.com\/fr\/wp-json\/wp\/v2\/comments?post=1208"}],"version-history":[{"count":6,"href":"https:\/\/emltrike.com\/fr\/wp-json\/wp\/v2\/pages\/1208\/revisions"}],"predecessor-version":[{"id":3818,"href":"https:\/\/emltrike.com\/fr\/wp-json\/wp\/v2\/pages\/1208\/revisions\/3818"}],"wp:attachment":[{"href":"https:\/\/emltrike.com\/fr\/wp-json\/wp\/v2\/media?parent=1208"}],"curies":[{"name":"wp","href":"https:\/\/api.w.org\/{rel}","templated":true}]}}