{"id":1199,"date":"2016-06-23T11:52:19","date_gmt":"2016-06-23T09:52:19","guid":{"rendered":"http:\/\/emltrike.com\/?page_id=1199"},"modified":"2024-08-29T15:28:30","modified_gmt":"2024-08-29T13:28:30","slug":"quadracing","status":"publish","type":"page","link":"https:\/\/emltrike.com\/fr\/quadracing\/","title":{"rendered":"Quadracing"},"content":{"rendered":"<div class=\"wpb-content-wrapper\"><p>[vc_row full_width=&#8221;stretch_row_content_no_spaces&#8221; css=&#8221;.vc_custom_1464688053669{background-color: #ffffff !important;}&#8221;][vc_column][vc_empty_space height=&#8221;145px&#8221; css=&#8221;.vc_custom_1464795011193{background-color: #ffffff !important;}&#8221; el_class=&#8221;header-spacer&#8221;][\/vc_column][\/vc_row][vc_row full_width=&#8221;stretch_row&#8221; el_class=&#8221;intro-2&#8243; css=&#8221;.vc_custom_1464688227654{background-image: url(\/wp-content\/uploads\/2016\/05\/eml_background.png?id=220) !important;}&#8221;][vc_column][vc_row_inner el_class=&#8221;uk-flex&#8221;][vc_column_inner el_class=&#8221;uk-flex shadow-2 fill column-fix&#8221; width=&#8221;1\/2&#8243; css=&#8221;.vc_custom_1465904275973{background-color: #ffffff !important;background-position: center !important;background-repeat: no-repeat !important;background-size: cover !important;}&#8221; offset=&#8221;vc_col-xs-12&#8243;][vc_single_image image=&#8221;596&#8243; img_size=&#8221;large&#8221; alignment=&#8221;center&#8221; onclick=&#8221;link_image&#8221; el_class=&#8221;uk-flex uk-flex-middle zoom&#8221;][\/vc_column_inner][vc_column_inner el_class=&#8221;intro-2-title&#8221; width=&#8221;1\/2&#8243; offset=&#8221;vc_col-xs-12&#8243;][vc_empty_space height=&#8221;50%&#8221;][vc_column_text el_class=&#8221;title-white&#8221;]<\/p>\n<h1>W-TEC Eraser Evo 2011<small>Est le seul quad sur le march\u00e9 ultra l\u00e9ger, totalement \u00e9quip\u00e9 pour la course<\/small><\/h1>\n<p>[\/vc_column_text][\/vc_column_inner][\/vc_row_inner][\/vc_column][\/vc_row][vc_row css=&#8221;.vc_custom_1464703868430{margin-top: 0px !important;margin-right: -15px !important;margin-bottom: 0px !important;margin-left: -15px !important;padding-top: 0px !important;padding-right: 0px !important;padding-bottom: 0px !important;padding-left: 0px !important;}&#8221;][vc_column offset=&#8221;vc_hidden-lg vc_hidden-md vc_hidden-sm&#8221; css=&#8221;.vc_custom_1464703819759{margin: 0px !important;padding: 0px !important;}&#8221;][vc_column_text el_class=&#8221;padding-large fill-blue shadow-2 title-white&#8221;]<\/p>\n<h1>W-TEC Eraser Evo 2011<small>Est le seul quad sur le march\u00e9 ultra l\u00e9ger, totalement \u00e9quip\u00e9 pour la course<\/small><\/h1>\n<p>[\/vc_column_text][vc_single_image image=&#8221;596&#8243; img_size=&#8221;large&#8221; css=&#8221;.vc_custom_1464945506879{margin-top: 0px !important;margin-right: 0px !important;margin-bottom: 0px !important;margin-left: 0px !important;padding-top: 0px !important;padding-right: 0px !important;padding-bottom: 0px !important;padding-left: 0px !important;}&#8221; el_class=&#8221;fill shadow-2&#8243;][\/vc_column][\/vc_row][vc_row el_class=&#8221;margin-bottom&#8221;][vc_column width=&#8221;1\/2&#8243; css=&#8221;.vc_custom_1464796374996{margin-top: 0px !important;margin-bottom: 0px !important;padding-right: 0px !important;padding-left: 0px !important;}&#8221; el_class=&#8221;border-bottom shadow-2 fill padding-large&#8221;][vc_column_text]L&#8217;Evo Eraser W-Tec 2011 est un des seuls quads ultra l\u00e9gers du march\u00e9 avec une conception unique qui le rend totalement \u00e9quip\u00e9 pour la comp\u00e9tition.<\/p>\n<p>Le concept tr\u00e8s \u00e9prouv\u00e9 de l&#8217;Eraser Evo b\u00e9n\u00e9ficie pour 2011 d&#8217;une petite am\u00e9lioration au niveau des nerfbar. Il est maintenant dot\u00e9 d&#8217;un syst\u00e8me de nerfbar en aluminium rempla\u00e7ables.[\/vc_column_text][\/vc_column][\/vc_row][vc_row][vc_column css=&#8221;.vc_custom_1464688304848{padding-right: 0px !important;padding-left: 0px !important;}&#8221;][vc_custom_heading text=&#8221;Technical data&#8221; font_container=&#8221;tag:h3|text_align:left&#8221; use_theme_fonts=&#8221;yes&#8221; el_class=&#8221;product-heading&#8221;][\/vc_column][\/vc_row][vc_row content_placement=&#8221;top&#8221; el_class=&#8221;border-top shadow-2 fill padding-large margin-bottom table-block&#8221;][vc_column width=&#8221;1\/2&#8243; offset=&#8221;vc_col-lg-4 vc_col-md-4 vc_col-xs-12&#8243;][vc_column_text]<\/p>\n<table style=\"margin-bottom: 0 !important;\">\n<tbody>\n<tr>\n<th>Dimensions<\/th>\n<th><\/th>\n<\/tr>\n<tr>\n<td><span>Longueur<\/span><\/td>\n<td>1.800 mm*<\/td>\n<\/tr>\n<tr>\n<td><span>Largeur<\/span><\/td>\n<td>1.290 mm*<\/td>\n<\/tr>\n<tr>\n<td><span>Hauteur<\/span><\/td>\n<td>1.020 mm*<\/td>\n<\/tr>\n<tr>\n<td><span>Empattement<\/span><\/td>\n<td>1.320 mm<\/td>\n<\/tr>\n<tr>\n<td><span>Largeur du train avant<\/span><\/td>\n<td>1.030 mm*<\/td>\n<\/tr>\n<tr>\n<td><span>Largeur du train arri\u00e8re<\/span><\/td>\n<td>1.060 mm*<\/td>\n<\/tr>\n<tr>\n<td><span>Hauteur de selle<\/span><\/td>\n<td>510 mm<\/td>\n<\/tr>\n<\/tbody>\n<\/table>\n<p class=\"bg-info\">*Selon le choix des pneus<\/p>\n<p>[\/vc_column_text][\/vc_column][vc_column width=&#8221;1\/2&#8243; offset=&#8221;vc_col-lg-4 vc_col-md-4 vc_col-xs-12&#8243;][vc_column_text]<\/p>\n<table>\n<tbody>\n<tr>\n<th><span>Poids<\/span><\/th>\n<th><\/th>\n<\/tr>\n<tr>\n<td><span>Capacit\u00e9 du r\u00e9servoir<\/span><\/td>\n<td>9 liter<\/td>\n<\/tr>\n<tr>\n<td><span>Poids<\/span><\/td>\n<td>1<span>61kg avec moteur KTM 530EXC-R (6 vitesses d\u00e9marrage kick et \u00e9lectronique)<\/span><\/td>\n<\/tr>\n<tr>\n<td><\/td>\n<td><span>157kg avec moteur Honda CRF450<\/span><\/td>\n<\/tr>\n<tr>\n<td><\/td>\n<td><span>155kg avec moteur Honda CRF450<\/span><\/td>\n<\/tr>\n<\/tbody>\n<\/table>\n<p><span><\/span>[\/vc_column_text][\/vc_column][vc_column width=&#8221;1\/2&#8243; offset=&#8221;vc_col-lg-4 vc_col-md-4 vc_col-xs-12&#8243;][vc_column_text]<\/p>\n<table style=\"margin-bottom: 0 !important;\">\n<tbody>\n<tr>\n<th><span>Moteurs<\/span><\/th>\n<th><\/th>\n<\/tr>\n<tr>\n<td><span>Moteurs disponibles<\/span><\/td>\n<td>530EXC-R<\/td>\n<\/tr>\n<tr>\n<td><\/td>\n<td>CRF450R (X)<\/td>\n<\/tr>\n<tr>\n<td><\/td>\n<td>CRF250R<\/td>\n<\/tr>\n<\/tbody>\n<\/table>\n<p class=\"bg-info\"><span>Vous pouvez aussi acheter Le W-Tec Eraser Evo 2011 sans moteur pour y installer une autre marque telle que Yamaha ou Husaberg. Pour cela contactez votre revendeur.<\/span><\/p>\n<p>[\/vc_column_text][\/vc_column][vc_column width=&#8221;1\/2&#8243; offset=&#8221;vc_col-xs-12&#8243;][vc_column_text]<\/p>\n<table>\n<tbody>\n<tr>\n<th><span>Freins<\/span><\/th>\n<th><\/th>\n<\/tr>\n<tr>\n<td><span>Freins avants<\/span><\/td>\n<td><span>4- pistons radiaux avec disques de freins flottants de 190mm<\/span><\/td>\n<\/tr>\n<tr>\n<td><span>Freins arri\u00e8res<\/span><\/td>\n<td><span>4- pistons avec disque de frein flottant de 205mm<\/span><\/td>\n<\/tr>\n<tr>\n<td><span>Amortisseurs<\/span><\/td>\n<td><span>Ohlins PRX 3 voix compression lente, rapide et d\u00e9tente PDS avec butt\u00e9e hydraulique (l&#8217;Evo est aussi disponible sans amortisseurs)<\/span><\/td>\n<\/tr>\n<tr>\n<td><span>Amortisseur de direction<\/span><\/td>\n<td><span>R\u00e9glage hydraulique int\u00e9gr\u00e9 dans le syst\u00e8me de direction<\/span><\/td>\n<\/tr>\n<\/tbody>\n<\/table>\n<p><span><\/span>[\/vc_column_text][\/vc_column][vc_column width=&#8221;1\/2&#8243; offset=&#8221;vc_col-xs-12&#8243;][vc_column_text]<\/p>\n<table>\n<tbody>\n<tr>\n<th>Pneus<\/th>\n<th><\/th>\n<\/tr>\n<tr>\n<td><span>Jantes<\/span><\/td>\n<td>Bead-lock<\/td>\n<\/tr>\n<tr>\n<td><span>Pneus avants disponibles<\/span><\/td>\n<td>Cheng Shin 22-8-10<\/td>\n<\/tr>\n<tr>\n<td><\/td>\n<td>Cheng Shin 21-7-10<\/td>\n<\/tr>\n<tr>\n<td><\/td>\n<td>Razr MX 20-6-10<\/td>\n<\/tr>\n<tr>\n<td><\/td>\n<td>SX of MXF 20-6-10<\/td>\n<\/tr>\n<tr>\n<td><span>Pneus arri\u00e8res disponibles<\/span><\/td>\n<td>Cheng Shin 22-8-10\u00a0<span>(pas disponibles sur Bead-lock)<\/span><\/td>\n<\/tr>\n<tr>\n<td><\/td>\n<td>Razr MX 20-11-10<\/td>\n<\/tr>\n<tr>\n<td><\/td>\n<td>Razr MX 18-10-8<\/td>\n<\/tr>\n<tr>\n<td><\/td>\n<td>SX 20-6-10<\/td>\n<\/tr>\n<tr>\n<td><\/td>\n<td><span>Superquadeur sur demande<\/span><\/td>\n<\/tr>\n<\/tbody>\n<\/table>\n<p><span><\/span>[\/vc_column_text][\/vc_column][\/vc_row][vc_row][vc_column css=&#8221;.vc_custom_1464688320331{padding-right: 0px !important;padding-left: 0px !important;}&#8221;][vc_custom_heading text=&#8221;Caracteristiques&#8221; font_container=&#8221;tag:h3|text_align:left&#8221; use_theme_fonts=&#8221;yes&#8221; el_class=&#8221;product-heading&#8221;][\/vc_column][\/vc_row][vc_row el_class=&#8221;border-top shadow-2 padding-large fill margin-bottom&#8221;][vc_column css=&#8221;.vc_custom_1464689159491{padding: 0px !important;}&#8221;][vc_column_text el_class=&#8221;margin-bottom&#8221;]L&#8217;Evo Eraser W-Tec 2011 est un des seuls quads ultra l\u00e9gers du march\u00e9 avec une conception unique qui le rend totalement \u00e9quip\u00e9 pour la comp\u00e9tition.<\/p>\n<p>Le concept tr\u00e8s \u00e9prouv\u00e9 de l&#8217;Eraser Evo b\u00e9n\u00e9ficie pour 2011 d&#8217;une petite am\u00e9lioration au niveau des nerfbar. Il est maintenant dot\u00e9 d&#8217;un syst\u00e8me de nerfbar en aluminium rempla\u00e7ables.<\/p>\n<p>La g\u00e9om\u00e9trie du train avant faite de pi\u00e8ces en aluminium et le freinage \u00e0 4 pistons radiaux sur disques de freins flottants a d\u00e9j\u00e0 fait ses preuves sur le mod\u00e8le 2010. Ce syst\u00e8me est con\u00e7u pour une manipulation plus l\u00e9g\u00e8re et une r\u00e9ponse plus directe de la direction. L&#8217;Evo est maintenant \u00e9quip\u00e9 d&#8217;origine des suspensions Ohlins PRX-PDS.<\/p>\n<p>Les amortisseurs Ohlins ont \u00e9t\u00e9 test\u00e9s et mis au point directement avec les ing\u00e9nieurs du d\u00e9partement d\u00e9veloppement de Olhins Su\u00e8de. Tous les amortisseurs Olhins mont\u00e9s sur l&#8217;Evo sont fabriqu\u00e9s sp\u00e9cialement \u00e0 l&#8217;usine Ohlins en Su\u00e8de. Gr\u00e2ce \u00e0 cela, nous assurons la constance d&#8217;une excellente qualit\u00e9. L&#8217;int\u00e9gration de ces innovations aux caract\u00e9ristiques d\u00e9j\u00e0 reconnues de l&#8217;Evo en font une fantastique et une pure machine de course.<\/p>\n<p>L&#8217;Eraser Evo est disponible pour les moteurs de cylindr\u00e9es 250, 450 et 530 \u00e0 4 temps.<\/p>\n<p>Le r\u00e9glage de la chasse est accessible en permanence. Cette possibilit\u00e9 de r\u00e9glage est id\u00e9ale, quelques minutes suffisent pour ajuster la chasse en fonction du type de terrain sur lequel vous roulez.<\/p>\n<p>La structure du cadre fabriqu\u00e9 dans des tubes de 25CrM04 sans soudures donnent \u00e0 l&#8217;Eraser une r\u00e9elle l\u00e9g\u00e8ret\u00e9 sans pour autant alt\u00e9rer la r\u00e9sistance de l&#8217;armature. L&#8217;Eraser est la machine performante con\u00e7ue pour durer.<\/p>\n<p>La bras oscillant arri\u00e8re, fait d&#8217;aluminium usin\u00e9, avec un syst\u00e8me bi-amortisseur est plus stable que des suspensions arri\u00e8res ordinaires. Cette solution permet d\u2019all\u00e9ger le train arri\u00e8re. L&#8217;axe de roues arri\u00e8re est con\u00e7u dans un acier sp\u00e9cial sans soudures.<\/p>\n<p>\u00c9quipements d&#8217;origine de l&#8217;Eraser Evo:[\/vc_column_text][vc_column_text el_class=&#8221;features&#8221;]<\/p>\n<ul>\n<li>Bras oscillant arri\u00e8re en aluminium usin\u00e9<\/li>\n<li>Suspensions Ohlins PRX \u2013 PDS<\/li>\n<li>Arbre de roues arri\u00e8re l\u00e9ger et tr\u00e8s r\u00e9sistant fabriqu\u00e9 dans un acier sp\u00e9cial<\/li>\n<li>Moyeux avants et arri\u00e8res usin\u00e9s dans la masse<\/li>\n<li>Support de couronne et de disque de frein usin\u00e9s dans la masse<\/li>\n<li>Supports d&#8217;\u00e9triers de freins usin\u00e9s dans la masse<\/li>\n<li>\u00c9triers de freins avants 4 pistons radiaux et disques de freins flottants<\/li>\n<li>\u00c9trier de frein arri\u00e8re 4 pistons et disque de frein flottant<\/li>\n<li>Gros radiateur avec haute capacit\u00e9 de refroidissement<\/li>\n<li>Ch\u00e2ssis chrom\u00e9 ultra l\u00e9ger 25CrMo4<\/li>\n<li>Syst\u00e8me int\u00e9gr\u00e9 de r\u00e9glage hydraulique de la direction<\/li>\n<li>Coloris disponible pour le ch\u00e2ssis : Chrom\u00e9, Rouge, Noir, Jaune, Orange, Bleu, Blanc, Vert ou Gris<\/li>\n<li>Coloris disponibles pour les bumpers: Noir, Rouge, Jaune, Orange, Bleu, Vert ou Blanc<\/li>\n<li>Ailes disponibles dans 5 coloris diff\u00e9rents : Jaune, Bleu, Noir, Vert ou Blanc<\/li>\n<li>Kit d\u00e9co possibles dans 5 coloris diff\u00e9rents : Rouge, Blanc, Orange, Jaune et Bleu<\/li>\n<li>Selle cordonn\u00e9e aux couleurs du kit d\u00e9co<\/li>\n<\/ul>\n<p>[\/vc_column_text][\/vc_column][\/vc_row][vc_row][vc_column css=&#8221;.vc_custom_1464688325460{padding-right: 0px !important;padding-left: 0px !important;}&#8221;][vc_custom_heading text=&#8221;Options&#8221; font_container=&#8221;tag:h3|text_align:left&#8221; use_theme_fonts=&#8221;yes&#8221; el_class=&#8221;product-heading&#8221;][\/vc_column][\/vc_row][vc_row el_class=&#8221;border-top shadow-2 padding-large fill margin-bottom&#8221;][vc_column css=&#8221;.vc_custom_1464689504837{margin: 0px !important;padding: 0px !important;}&#8221;][vc_column_text el_class=&#8221;options&#8221;]<\/p>\n<ul>\n<li>Gros r\u00e9servoir 21 litres<\/li>\n<li>Choix du train avant : version large avec 5 cm de plus<\/li>\n<li>Syst\u00e8me anti-vibrations int\u00e9gr\u00e9 dans la colonne de direction<\/li>\n<li>Protection de couronne et de disque (skid plate)<\/li>\n<li>Barre stabilisatrice (conseill\u00e9e pour les mod\u00e8les MX sur terrains durs et superquadeur)<\/li>\n<\/ul>\n<p>[\/vc_column_text][\/vc_column][\/vc_row][vc_row][vc_column css=&#8221;.vc_custom_1464688330988{padding-right: 0px !important;padding-left: 0px !important;}&#8221;][vc_custom_heading text=&#8221;Galerie de photos&#8221; font_container=&#8221;tag:h3|text_align:left&#8221; use_theme_fonts=&#8221;yes&#8221; el_class=&#8221;product-heading&#8221;][\/vc_column][\/vc_row][vc_row el_class=&#8221;border-top shadow-2 padding-large fill margin-bottom&#8221;][vc_column css=&#8221;.vc_custom_1464696391453{margin-top: 0px !important;margin-right: 0px !important;margin-bottom: 0px !important;margin-left: 0px !important;padding-top: 0px !important;padding-right: 0px !important;padding-bottom: 0px !important;padding-left: 0px !important;}&#8221; el_class=&#8221;zoom&#8221;][vc_media_grid element_width=&#8221;3&#8243; gap=&#8221;25&#8243; item=&#8221;mediaGrid_SlideInTitle&#8221; grid_id=&#8221;vc_gid:1724938101353-b483df02-7beb-10&#8243; include=&#8221;605,606,607,608,609,610,611&#8243;][\/vc_column][\/vc_row][vc_row][vc_column css=&#8221;.vc_custom_1464688320331{padding-right: 0px !important;padding-left: 0px !important;}&#8221;][vc_custom_heading text=&#8221;Downloads&#8221; font_container=&#8221;tag:h3|text_align:left&#8221; use_theme_fonts=&#8221;yes&#8221; el_class=&#8221;product-heading&#8221;][\/vc_column][\/vc_row][vc_row][vc_column][vc_column_text]<span>[\/vc_column_text][\/vc_column][\/vc_row][vc_row el_class=&#8221;border-top shadow-2 padding-large fill margin-bottom&#8221;][vc_column][vc_column_text]2011 Erasor Evo Rear axle EN[\/vc_column_text][vc_btn title=&#8221;Download .PDF&#8221; style=&#8221;flat&#8221; shape=&#8221;square&#8221; color=&#8221;primary&#8221; size=&#8221;xs&#8221; align=&#8221;left&#8221; css=&#8221;.vc_custom_1724938083805{margin-top: 5px !important;margin-bottom: 0px !important;}&#8221; link=&#8221;url:https%3A%2F%2Femltrike.com%2Fwp-content%2Fuploads%2F2024%2F08%2F93-en-2011_Erasor_Evo_Rear_axle_EN.pdf|target:_blank&#8221;][vc_separator][vc_column_text]2011 Erasor Evo Data EN[\/vc_column_text][vc_btn title=&#8221;Download .PDF&#8221; style=&#8221;flat&#8221; shape=&#8221;square&#8221; color=&#8221;primary&#8221; size=&#8221;xs&#8221; align=&#8221;left&#8221; css=&#8221;.vc_custom_1724938080946{margin-top: 5px !important;margin-bottom: 0px !important;}&#8221; link=&#8221;url:https%3A%2F%2Femltrike.com%2Fwp-content%2Fuploads%2F2024%2F08%2F94-en-2011_Erasor_Evo_Data_EN.pdf|target:_blank&#8221;][vc_separator][vc_column_text]2011 Erasor Evo Steering damper EN[\/vc_column_text][vc_btn title=&#8221;Download .PDF&#8221; style=&#8221;flat&#8221; shape=&#8221;square&#8221; color=&#8221;primary&#8221; size=&#8221;xs&#8221; align=&#8221;left&#8221; css=&#8221;.vc_custom_1724938077731{margin-top: 5px !important;margin-bottom: 0px !important;}&#8221; link=&#8221;url:https%3A%2F%2Femltrike.com%2Fwp-content%2Fuploads%2F2024%2F08%2F95-en-2011_Erasor_Evo_Steering_damper_EN.pdf|target:_blank&#8221;][vc_separator][vc_column_text]2011 Erasor Evo Traction rod EN[\/vc_column_text][vc_btn title=&#8221;Download .PDF&#8221; style=&#8221;flat&#8221; shape=&#8221;square&#8221; color=&#8221;primary&#8221; size=&#8221;xs&#8221; align=&#8221;left&#8221; css=&#8221;.vc_custom_1724938074863{margin-top: 5px !important;margin-bottom: 0px !important;}&#8221; link=&#8221;url:https%3A%2F%2Femltrike.com%2Fwp-content%2Fuploads%2F2024%2F08%2F96-en-2011_Erasor_Evo_Traction_rod_EN.pdf|target:_blank&#8221;][\/vc_column][\/vc_row][vc_row][vc_column][vc_column_text]<\/span>[\/vc_column_text][\/vc_column][\/vc_row]<\/p>\n<\/div>","protected":false},"excerpt":{"rendered":"<p>[vc_row full_width=&#8221;stretch_row_content_no_spaces&#8221; css=&#8221;.vc_custom_1464688053669{background-color: #ffffff !important;}&#8221;][vc_column][vc_empty_space height=&#8221;145px&#8221; css=&#8221;.vc_custom_1464795011193{background-color: #ffffff !important;}&#8221; el_class=&#8221;header-spacer&#8221;][\/vc_column][\/vc_row][vc_row full_width=&#8221;stretch_row&#8221; el_class=&#8221;intro-2&#8243; css=&#8221;.vc_custom_1464688227654{background-image: url(\/wp-content\/uploads\/2016\/05\/eml_background.png?id=220) !important;}&#8221;][vc_column][vc_row_inner el_class=&#8221;uk-flex&#8221;][vc_column_inner el_class=&#8221;uk-flex shadow-2 fill column-fix&#8221; width=&#8221;1\/2&#8243; css=&#8221;.vc_custom_1465904275973{background-color: #ffffff !important;background-position: center !important;background-repeat: no-repeat !important;background-size: cover !important;}&#8221; offset=&#8221;vc_col-xs-12&#8243;][vc_single_image image=&#8221;596&#8243; img_size=&#8221;large&#8221; alignment=&#8221;center&#8221; onclick=&#8221;link_image&#8221; el_class=&#8221;uk-flex uk-flex-middle zoom&#8221;][\/vc_column_inner][vc_column_inner el_class=&#8221;intro-2-title&#8221; width=&#8221;1\/2&#8243; offset=&#8221;vc_col-xs-12&#8243;][vc_empty_space height=&#8221;50%&#8221;][vc_column_text el_class=&#8221;title-white&#8221;] W-TEC Eraser Evo 2011Est le seul quad sur le march\u00e9 ultra l\u00e9ger,&hellip; <a class=\"read-more\" href=\"https:\/\/emltrike.com\/fr\/quadracing\/\">Read More<\/a><\/p>\n","protected":false},"author":1,"featured_media":0,"parent":0,"menu_order":0,"comment_status":"closed","ping_status":"closed","template":"","meta":{"_acf_changed":false,"footnotes":""},"class_list":["post-1199","page","type-page","status-publish","hentry"],"acf":[],"yoast_head":"<!-- This site is optimized with the Yoast SEO plugin v27.3 - https:\/\/yoast.com\/product\/yoast-seo-wordpress\/ -->\n<title>Quadracing - EML Trikes &amp; Sidecars<\/title>\n<meta name=\"robots\" content=\"index, follow, max-snippet:-1, max-image-preview:large, max-video-preview:-1\" \/>\n<link rel=\"canonical\" href=\"https:\/\/emltrike.com\/fr\/quadracing\/\" \/>\n<meta property=\"og:locale\" content=\"fr_FR\" \/>\n<meta property=\"og:type\" content=\"article\" \/>\n<meta property=\"og:title\" content=\"Quadracing - EML Trikes &amp; Sidecars\" \/>\n<meta property=\"og:description\" content=\"[vc_row full_width=&#8221;stretch_row_content_no_spaces&#8221; css=&#8221;.vc_custom_1464688053669{background-color: #ffffff !important;}&#8221;][vc_column][vc_empty_space height=&#8221;145px&#8221; css=&#8221;.vc_custom_1464795011193{background-color: #ffffff !important;}&#8221; el_class=&#8221;header-spacer&#8221;][\/vc_column][\/vc_row][vc_row full_width=&#8221;stretch_row&#8221; el_class=&#8221;intro-2&#8243; css=&#8221;.vc_custom_1464688227654{background-image: url(\/wp-content\/uploads\/2016\/05\/eml_background.png?id=220) !important;}&#8221;][vc_column][vc_row_inner el_class=&#8221;uk-flex&#8221;][vc_column_inner el_class=&#8221;uk-flex shadow-2 fill column-fix&#8221; width=&#8221;1\/2&#8243; css=&#8221;.vc_custom_1465904275973{background-color: #ffffff !important;background-position: center !important;background-repeat: no-repeat !important;background-size: cover !important;}&#8221; offset=&#8221;vc_col-xs-12&#8243;][vc_single_image image=&#8221;596&#8243; img_size=&#8221;large&#8221; alignment=&#8221;center&#8221; onclick=&#8221;link_image&#8221; el_class=&#8221;uk-flex uk-flex-middle zoom&#8221;][\/vc_column_inner][vc_column_inner el_class=&#8221;intro-2-title&#8221; width=&#8221;1\/2&#8243; offset=&#8221;vc_col-xs-12&#8243;][vc_empty_space height=&#8221;50%&#8221;][vc_column_text el_class=&#8221;title-white&#8221;] W-TEC Eraser Evo 2011Est le seul quad sur le march\u00e9 ultra l\u00e9ger,&hellip; Read More\" \/>\n<meta property=\"og:url\" content=\"https:\/\/emltrike.com\/fr\/quadracing\/\" \/>\n<meta property=\"og:site_name\" content=\"EML Trikes &amp; Sidecars\" \/>\n<meta property=\"article:modified_time\" content=\"2024-08-29T13:28:30+00:00\" \/>\n<meta name=\"twitter:card\" content=\"summary_large_image\" \/>\n<meta name=\"twitter:label1\" content=\"Est. reading time\" \/>\n\t<meta name=\"twitter:data1\" content=\"6 minutes\" \/>\n<script type=\"application\/ld+json\" class=\"yoast-schema-graph\">{\"@context\":\"https:\\\/\\\/schema.org\",\"@graph\":[{\"@type\":\"WebPage\",\"@id\":\"https:\\\/\\\/emltrike.com\\\/fr\\\/quadracing\\\/\",\"url\":\"https:\\\/\\\/emltrike.com\\\/fr\\\/quadracing\\\/\",\"name\":\"Quadracing - EML Trikes &amp; Sidecars\",\"isPartOf\":{\"@id\":\"https:\\\/\\\/emltrike.com\\\/fr\\\/nl\\\/startpagina\\\/#website\"},\"datePublished\":\"2016-06-23T09:52:19+00:00\",\"dateModified\":\"2024-08-29T13:28:30+00:00\",\"breadcrumb\":{\"@id\":\"https:\\\/\\\/emltrike.com\\\/fr\\\/quadracing\\\/#breadcrumb\"},\"inLanguage\":\"fr-FR\",\"potentialAction\":[{\"@type\":\"ReadAction\",\"target\":[\"https:\\\/\\\/emltrike.com\\\/fr\\\/quadracing\\\/\"]}]},{\"@type\":\"BreadcrumbList\",\"@id\":\"https:\\\/\\\/emltrike.com\\\/fr\\\/quadracing\\\/#breadcrumb\",\"itemListElement\":[{\"@type\":\"ListItem\",\"position\":1,\"name\":\"Home\",\"item\":\"https:\\\/\\\/emltrike.com\\\/fr\\\/maison\\\/\"},{\"@type\":\"ListItem\",\"position\":2,\"name\":\"Quadracing\"}]},{\"@type\":\"WebSite\",\"@id\":\"https:\\\/\\\/emltrike.com\\\/fr\\\/nl\\\/startpagina\\\/#website\",\"url\":\"https:\\\/\\\/emltrike.com\\\/fr\\\/nl\\\/startpagina\\\/\",\"name\":\"EML Trikes &amp; Sidecars\",\"description\":\"Performance by Technology\",\"potentialAction\":[{\"@type\":\"SearchAction\",\"target\":{\"@type\":\"EntryPoint\",\"urlTemplate\":\"https:\\\/\\\/emltrike.com\\\/fr\\\/nl\\\/startpagina\\\/?s={search_term_string}\"},\"query-input\":{\"@type\":\"PropertyValueSpecification\",\"valueRequired\":true,\"valueName\":\"search_term_string\"}}],\"inLanguage\":\"fr-FR\"}]}<\/script>\n<!-- \/ Yoast SEO plugin. -->","yoast_head_json":{"title":"Quadracing - EML Trikes &amp; Sidecars","robots":{"index":"index","follow":"follow","max-snippet":"max-snippet:-1","max-image-preview":"max-image-preview:large","max-video-preview":"max-video-preview:-1"},"canonical":"https:\/\/emltrike.com\/fr\/quadracing\/","og_locale":"fr_FR","og_type":"article","og_title":"Quadracing - EML Trikes &amp; Sidecars","og_description":"[vc_row full_width=&#8221;stretch_row_content_no_spaces&#8221; css=&#8221;.vc_custom_1464688053669{background-color: #ffffff !important;}&#8221;][vc_column][vc_empty_space height=&#8221;145px&#8221; css=&#8221;.vc_custom_1464795011193{background-color: #ffffff !important;}&#8221; el_class=&#8221;header-spacer&#8221;][\/vc_column][\/vc_row][vc_row full_width=&#8221;stretch_row&#8221; el_class=&#8221;intro-2&#8243; css=&#8221;.vc_custom_1464688227654{background-image: url(\/wp-content\/uploads\/2016\/05\/eml_background.png?id=220) !important;}&#8221;][vc_column][vc_row_inner el_class=&#8221;uk-flex&#8221;][vc_column_inner el_class=&#8221;uk-flex shadow-2 fill column-fix&#8221; width=&#8221;1\/2&#8243; css=&#8221;.vc_custom_1465904275973{background-color: #ffffff !important;background-position: center !important;background-repeat: no-repeat !important;background-size: cover !important;}&#8221; offset=&#8221;vc_col-xs-12&#8243;][vc_single_image image=&#8221;596&#8243; img_size=&#8221;large&#8221; alignment=&#8221;center&#8221; onclick=&#8221;link_image&#8221; el_class=&#8221;uk-flex uk-flex-middle zoom&#8221;][\/vc_column_inner][vc_column_inner el_class=&#8221;intro-2-title&#8221; width=&#8221;1\/2&#8243; offset=&#8221;vc_col-xs-12&#8243;][vc_empty_space height=&#8221;50%&#8221;][vc_column_text el_class=&#8221;title-white&#8221;] W-TEC Eraser Evo 2011Est le seul quad sur le march\u00e9 ultra l\u00e9ger,&hellip; Read More","og_url":"https:\/\/emltrike.com\/fr\/quadracing\/","og_site_name":"EML Trikes &amp; Sidecars","article_modified_time":"2024-08-29T13:28:30+00:00","twitter_card":"summary_large_image","twitter_misc":{"Est. reading time":"6 minutes"},"schema":{"@context":"https:\/\/schema.org","@graph":[{"@type":"WebPage","@id":"https:\/\/emltrike.com\/fr\/quadracing\/","url":"https:\/\/emltrike.com\/fr\/quadracing\/","name":"Quadracing - EML Trikes &amp; Sidecars","isPartOf":{"@id":"https:\/\/emltrike.com\/fr\/nl\/startpagina\/#website"},"datePublished":"2016-06-23T09:52:19+00:00","dateModified":"2024-08-29T13:28:30+00:00","breadcrumb":{"@id":"https:\/\/emltrike.com\/fr\/quadracing\/#breadcrumb"},"inLanguage":"fr-FR","potentialAction":[{"@type":"ReadAction","target":["https:\/\/emltrike.com\/fr\/quadracing\/"]}]},{"@type":"BreadcrumbList","@id":"https:\/\/emltrike.com\/fr\/quadracing\/#breadcrumb","itemListElement":[{"@type":"ListItem","position":1,"name":"Home","item":"https:\/\/emltrike.com\/fr\/maison\/"},{"@type":"ListItem","position":2,"name":"Quadracing"}]},{"@type":"WebSite","@id":"https:\/\/emltrike.com\/fr\/nl\/startpagina\/#website","url":"https:\/\/emltrike.com\/fr\/nl\/startpagina\/","name":"EML Trikes &amp; Sidecars","description":"Performance by Technology","potentialAction":[{"@type":"SearchAction","target":{"@type":"EntryPoint","urlTemplate":"https:\/\/emltrike.com\/fr\/nl\/startpagina\/?s={search_term_string}"},"query-input":{"@type":"PropertyValueSpecification","valueRequired":true,"valueName":"search_term_string"}}],"inLanguage":"fr-FR"}]}},"_links":{"self":[{"href":"https:\/\/emltrike.com\/fr\/wp-json\/wp\/v2\/pages\/1199","targetHints":{"allow":["GET"]}}],"collection":[{"href":"https:\/\/emltrike.com\/fr\/wp-json\/wp\/v2\/pages"}],"about":[{"href":"https:\/\/emltrike.com\/fr\/wp-json\/wp\/v2\/types\/page"}],"author":[{"embeddable":true,"href":"https:\/\/emltrike.com\/fr\/wp-json\/wp\/v2\/users\/1"}],"replies":[{"embeddable":true,"href":"https:\/\/emltrike.com\/fr\/wp-json\/wp\/v2\/comments?post=1199"}],"version-history":[{"count":5,"href":"https:\/\/emltrike.com\/fr\/wp-json\/wp\/v2\/pages\/1199\/revisions"}],"predecessor-version":[{"id":3901,"href":"https:\/\/emltrike.com\/fr\/wp-json\/wp\/v2\/pages\/1199\/revisions\/3901"}],"wp:attachment":[{"href":"https:\/\/emltrike.com\/fr\/wp-json\/wp\/v2\/media?parent=1199"}],"curies":[{"name":"wp","href":"https:\/\/api.w.org\/{rel}","templated":true}]}}