{"id":1197,"date":"2016-06-23T11:27:01","date_gmt":"2016-06-23T09:27:01","guid":{"rendered":"http:\/\/emltrike.com\/?page_id=1197"},"modified":"2020-01-02T08:39:36","modified_gmt":"2020-01-02T07:39:36","slug":"maison","status":"publish","type":"page","link":"https:\/\/emltrike.com\/fr\/","title":{"rendered":"Maison"},"content":{"rendered":"<div class=\"wpb-content-wrapper\"><p>[vc_row full_width=&#8221;stretch_row_content_no_spaces&#8221; css=&#8221;.vc_custom_1464253612949{margin-top: 0px !important;margin-right: 0px !important;margin-bottom: 0px !important;margin-left: 0px !important;}&#8221; el_class=&#8221;border-large&#8221;][vc_column][vc_images_carousel images=&#8221;927,922,918,921,926,915,928,916,923,925&#8243; img_size=&#8221;full&#8221; onclick=&#8221;link_no&#8221; speed=&#8221;3500&#8243; autoplay=&#8221;yes&#8221; hide_pagination_control=&#8221;yes&#8221; hide_prev_next_buttons=&#8221;yes&#8221; wrap=&#8221;yes&#8221; el_class=&#8221;header-carousel&#8221;][\/vc_column][\/vc_row][vc_row][vc_column width=&#8221;2\/3&#8243; el_class=&#8221;intro padding-normal fill shadow-2 border-bottom-6&#8243;][vc_custom_heading text=&#8221;EML Trikes &amp; Sidecars&#8221; font_container=&#8221;tag:h1|text_align:left&#8221; use_theme_fonts=&#8221;yes&#8221; link=&#8221;||&#8221;][vc_column_text]<span lang=\"FR\">Bienvenue sur le site <a href=\"..\/trikes\">EML Trikes<\/a>, <a href=\"..\/sidecars\">EML Sidecars<\/a> et <a href=\"..\/quadracing\">W-Tec Quad racing<\/a>. EML a \u00e9t\u00e9 pr\u00e8s de 40 ans un point de rep\u00e8re dans le domaine des sidecars et pr\u00e8s de 20 ans dans le domaine de Motor-Trikes. \u00a0Sur le pages Quad Racing vous trouverez des informations sur nos produits de sports motoris\u00e9s.<\/span><\/p>\n<p><span lang=\"FR\">Toutes sous \u00a0de <a href=\"..\/a-propos-de-nous\">W-Tec Motorcycle Innovators Company<\/a>. Nous esp\u00e9rons que vous appr\u00e9cierez votre visite dans notre salle d&#8217;exposition num\u00e9rique.<\/span>[\/vc_column_text][\/vc_column][\/vc_row][vc_row full_width=&#8221;stretch_row&#8221; css=&#8221;.vc_custom_1464259423760{padding-top: 20px !important;padding-bottom: 20px !important;background-color: #00689f !important;}&#8221;][vc_column][vc_column_text el_class=&#8221;quote slogan&#8221;]Performance By Technology[\/vc_column_text][\/vc_column][\/vc_row][vc_row full_width=&#8221;stretch_row&#8221; equal_height=&#8221;yes&#8221; parallax=&#8221;content-moving&#8221; parallax_image=&#8221;179&#8243; parallax_speed_bg=&#8221;2&#8243; css=&#8221;.vc_custom_1464611544350{padding-top: 150px !important;padding-bottom: 150px !important;}&#8221;][vc_column offset=&#8221;vc_col-lg-offset-1 vc_col-lg-10 vc_col-md-offset-1 vc_col-md-10 vc_col-sm-offset-0 vc_col-xs-12&#8243;][vc_row_inner el_class=&#8221;feature-1 uk-flex&#8221;][vc_column_inner el_class=&#8221;image-fill uk-flex&#8221; width=&#8221;1\/2&#8243; css=&#8221;.vc_custom_1502786754157{background-image: url(\/wp-content\/uploads\/2016\/05\/trikes.jpg?id=178) !important;background-position: center !important;background-repeat: no-repeat !important;background-size: cover !important;}&#8221; offset=&#8221;vc_col-lg-4 vc_col-md-4 vc_col-xs-12&#8243;][vc_column_text]<a class=\"invisible-link\" href=\"https:\/\/emltrike.com\/fr\/trikes\">Trikes<\/a>[\/vc_column_text][\/vc_column_inner][vc_column_inner el_class=&#8221;padding-large feature-1-text&#8221; width=&#8221;1\/2&#8243; offset=&#8221;vc_col-lg-8 vc_col-md-8 vc_col-xs-12&#8243;][vc_custom_heading text=&#8221;Trikes&#8221; font_container=&#8221;tag:h1|text_align:left&#8221; use_theme_fonts=&#8221;yes&#8221; link=&#8221;url:http%3A%2F%2Femltrike.com%2Ffr%2Ftrikes%2F|title:Trikes||&#8221;][vc_custom_heading text=&#8221;EML produit trikes sportives et uniques.&#8221; use_theme_fonts=&#8221;yes&#8221; link=&#8221;url:..%2Ftrikes|title:Trikes||&#8221;][vc_column_text]<span class=\"hps\">Tous les<\/span> <span class=\"hps\">mod\u00e8les de moto<\/span> <span class=\"hps\">que<\/span> <span class=\"hps\">EML<\/span> <span class=\"hps\">ou<\/span> <span class=\"hps atn\">W-<\/span>Tec <span class=\"hps\">reconstruit<\/span> <span class=\"hps\">obtenir un<\/span><span class=\"hps\">changement global<\/span>. <span class=\"hps\">Pensez au<\/span> <span class=\"hps\">d\u00e9veloppement, les essais<\/span> <span class=\"hps\">et la fabrication de<\/span> <span class=\"hps\">roues<\/span>, fourches avant, <span class=\"hps\">les amortisseurs, les<\/span> <span class=\"hps\">syst\u00e8mes de freinage,<\/span> <span class=\"hps\">amortisseurs de direction<\/span> <span class=\"hps\">et les syst\u00e8mes<\/span> <span class=\"hps\">de suspension arri\u00e8re<\/span>.[\/vc_column_text][vc_btn title=&#8221;V\u00c9RIFIER TOUTES NOS TRIKES&#8221; style=&#8221;flat&#8221; shape=&#8221;square&#8221; color=&#8221;primary&#8221; align=&#8221;right&#8221; link=&#8221;url:http%3A%2F%2Femltrike.com%2Ffr%2Ftrikes%2F|title:Trikes||&#8221; css=&#8221;.vc_custom_1577950319724{margin-top: 20px !important;margin-bottom: 0px !important;}&#8221;][\/vc_column_inner][\/vc_row_inner][\/vc_column][\/vc_row][vc_row full_width=&#8221;stretch_row&#8221; css=&#8221;.vc_custom_1464259432494{padding-top: 20px !important;padding-bottom: 20px !important;background-color: #00689f !important;}&#8221;][vc_column][vc_column_text el_class=&#8221;quote&#8221;]<span class=\"hps\">D\u2019une mani\u00e8re innovante<\/span> <span class=\"hps\">et l\u2019utilisation de<\/span> <span class=\"hps\">technologies telles que<\/span>: <span class=\"hps\">3D<\/span><span class=\"hps\">CAD \/<\/span> <span class=\"hps\">CAM<\/span> <span class=\"hps\">Ing\u00e9nierie,<\/span> <span class=\"hps\">machines<\/span> <span class=\"hps\">CNC<\/span>, d\u00e9coupe laser, <span class=\"hps\">machines<\/span> <span class=\"hps\">de robot<\/span> <span class=\"hps\">et<\/span> <span class=\"hps\">environ 18<\/span><span class=\"hps\">employ\u00e9s hautement qualifi\u00e9s<\/span> <span class=\"hps\">sont<\/span> <span class=\"hps\">enti\u00e8rement<\/span><span class=\"hps\">d\u00e9velopp\u00e9 et fabriqu\u00e9<\/span> <span class=\"hps\">conversion<\/span> <span class=\"hps\">de moto.<\/span>[\/vc_column_text][\/vc_column][\/vc_row][vc_row full_width=&#8221;stretch_row&#8221; equal_height=&#8221;yes&#8221; parallax=&#8221;content-moving&#8221; parallax_image=&#8221;182&#8243; parallax_speed_bg=&#8221;2&#8243; css=&#8221;.vc_custom_1464611597377{padding-top: 150px !important;padding-bottom: 150px !important;}&#8221;][vc_column offset=&#8221;vc_col-lg-offset-1 vc_col-lg-10 vc_col-md-offset-1 vc_col-md-10 vc_col-sm-offset-0 vc_col-xs-12&#8243;][vc_row_inner el_class=&#8221;feature-1 uk-flex&#8221;][vc_column_inner el_class=&#8221;padding-large feature-1-text&#8221; width=&#8221;2\/3&#8243;][vc_custom_heading text=&#8221;Sidecars&#8221; font_container=&#8221;tag:h1|text_align:right&#8221; use_theme_fonts=&#8221;yes&#8221; link=&#8221;url:http%3A%2F%2Femltrike.com%2Ffr%2Fsidecars%2F|title:Sidecars||&#8221;][vc_custom_heading text=&#8221;EML produit sidecars sportives et uniques.&#8221; font_container=&#8221;tag:h2|text_align:right&#8221; use_theme_fonts=&#8221;yes&#8221; link=&#8221;url:..%2Fsidecars|title:Sidecars||&#8221;][vc_column_text]<span class=\"hps\">Tous les<\/span> <span class=\"hps\">mod\u00e8les de moto<\/span> <span class=\"hps\">que<\/span> <span class=\"hps\">EML<\/span> <span class=\"hps\">ou<\/span> <span class=\"hps atn\">W-<\/span>Tec <span class=\"hps\">reconstruit<\/span> <span class=\"hps\">obtenir un<\/span><span class=\"hps\">changement global<\/span>. <span class=\"hps\">Pensez au<\/span> <span class=\"hps\">d\u00e9veloppement, les essais<\/span> <span class=\"hps\">et la fabrication de<\/span> <span class=\"hps\">roues<\/span>, fourches avant, <span class=\"hps\">les amortisseurs, les<\/span> <span class=\"hps\">syst\u00e8mes de freinage,<\/span> <span class=\"hps\">amortisseurs de direction<\/span> <span class=\"hps\">et les syst\u00e8mes<\/span> <span class=\"hps\">de suspension arri\u00e8re<\/span>.[\/vc_column_text][vc_btn title=&#8221;V\u00c9RIFIER TOUTES NOS SIDECARS&#8221; style=&#8221;flat&#8221; shape=&#8221;square&#8221; color=&#8221;primary&#8221; align=&#8221;left&#8221; link=&#8221;url:http%3A%2F%2Femltrike.com%2Ffr%2Fsidecars%2F|title:Sidecars||&#8221; css=&#8221;.vc_custom_1577950330902{margin-top: 20px !important;margin-bottom: 0px !important;}&#8221;][\/vc_column_inner][vc_column_inner el_class=&#8221;image-fill uk-flex&#8221; width=&#8221;1\/3&#8243; css=&#8221;.vc_custom_1502786762968{background-position: center !important;background-repeat: no-repeat !important;background-size: cover !important;}&#8221;][vc_column_text]<a class=\"invisible-link\" href=\"https:\/\/emltrike.com\/fr\/sidecars\">Sidecars<\/a>[\/vc_column_text][\/vc_column_inner][\/vc_row_inner][\/vc_column][\/vc_row][vc_row full_width=&#8221;stretch_row_content_no_spaces&#8221; el_class=&#8221;padding-bottom&#8221;][vc_column][vc_empty_space height=&#8221;50px&#8221; css=&#8221;.vc_custom_1464259294246{background-color: #00689f !important;}&#8221;][\/vc_column][\/vc_row][vc_row el_class=&#8221;padding-bottom&#8221;][vc_column css=&#8221;.vc_custom_1464803203396{background-color: #ffffff !important;}&#8221; el_class=&#8221;shadow-2 padding-large fill&#8221;][vc_column_text]<\/p>\n<p style=\"text-align: center;\"><span class=\"hps\">Avec<\/span> <span class=\"hps\">un r\u00e9seau de concessionnaires<\/span> <span class=\"hps\">en Europe occidentale,<\/span> <span class=\"hps\">le<\/span> <span class=\"hps\">U.S.A.<\/span><span class=\"hps\">Japon<\/span> <span class=\"hps\">et nous fournissons<\/span> <span class=\"hps\">nos produits partout dans<\/span> <span class=\"hps\">le<\/span> <span class=\"hps\">monde<\/span>.<br \/>\n<span class=\"hps\">Int\u00e9ress\u00e9 ou<\/span> <span class=\"hps\">toute<\/span> <span class=\"hps\">question,<\/span> <span class=\"hps\">veuillez contacter<\/span> <span class=\"hps\">un de nos<\/span> <span class=\"hps\">revendeurs locaux<\/span>. <span class=\"hps\">Ils sont votre<\/span> <span class=\"hps\">contact pour les<\/span> <span class=\"hps\">pi\u00e8ces de rechange<\/span>, des conseils<span class=\"hps\">et fournir un<\/span> <span class=\"hps\">bon service.<\/span><\/p>\n<p>[\/vc_column_text][vc_btn title=&#8221;REVENDEURS&#8221; style=&#8221;flat&#8221; shape=&#8221;square&#8221; color=&#8221;primary&#8221; align=&#8221;center&#8221; link=&#8221;url:%2Fnl%2Frevendeurs%2F|||&#8221; css=&#8221;.vc_custom_1467814824686{margin-top: 20px !important;margin-bottom: 0px !important;}&#8221;][\/vc_column][\/vc_row][vc_row][vc_column][vc_single_image image=&#8221;1708&#8243; img_size=&#8221;medium&#8221; alignment=&#8221;center&#8221; onclick=&#8221;custom_link&#8221; link=&#8221;..\/a-propos-de-nous&#8221; el_class=&#8221;margin-bottom w-tec-logo&#8221;][\/vc_column][\/vc_row]<\/p>\n<\/div>","protected":false},"excerpt":{"rendered":"<p>[vc_row full_width=&#8221;stretch_row_content_no_spaces&#8221; css=&#8221;.vc_custom_1464253612949{margin-top: 0px !important;margin-right: 0px !important;margin-bottom: 0px !important;margin-left: 0px !important;}&#8221; el_class=&#8221;border-large&#8221;][vc_column][vc_images_carousel images=&#8221;927,922,918,921,926,915,928,916,923,925&#8243; img_size=&#8221;full&#8221; onclick=&#8221;link_no&#8221; speed=&#8221;3500&#8243; autoplay=&#8221;yes&#8221; hide_pagination_control=&#8221;yes&#8221; hide_prev_next_buttons=&#8221;yes&#8221; wrap=&#8221;yes&#8221; el_class=&#8221;header-carousel&#8221;][\/vc_column][\/vc_row][vc_row][vc_column width=&#8221;2\/3&#8243; el_class=&#8221;intro padding-normal fill shadow-2 border-bottom-6&#8243;][vc_custom_heading text=&#8221;EML Trikes &amp; Sidecars&#8221; font_container=&#8221;tag:h1|text_align:left&#8221; use_theme_fonts=&#8221;yes&#8221; link=&#8221;||&#8221;][vc_column_text]Bienvenue sur le site EML Trikes, EML Sidecars et W-Tec Quad racing. EML a \u00e9t\u00e9 pr\u00e8s de 40 ans un point de&hellip; <a class=\"read-more\" href=\"https:\/\/emltrike.com\/fr\/\">Read More<\/a><\/p>\n","protected":false},"author":1,"featured_media":0,"parent":0,"menu_order":0,"comment_status":"closed","ping_status":"closed","template":"","meta":{"_acf_changed":false,"footnotes":""},"class_list":["post-1197","page","type-page","status-publish","hentry"],"acf":[],"yoast_head":"<!-- This site is optimized with the Yoast SEO plugin v27.3 - https:\/\/yoast.com\/product\/yoast-seo-wordpress\/ -->\n<title>Maison - EML Trikes &amp; Sidecars<\/title>\n<meta name=\"robots\" content=\"index, follow, max-snippet:-1, max-image-preview:large, max-video-preview:-1\" \/>\n<link rel=\"canonical\" href=\"https:\/\/emltrike.com\/fr\/\" \/>\n<meta property=\"og:locale\" content=\"fr_FR\" \/>\n<meta property=\"og:type\" content=\"article\" \/>\n<meta property=\"og:title\" content=\"Maison - EML Trikes &amp; Sidecars\" \/>\n<meta property=\"og:description\" content=\"[vc_row full_width=&#8221;stretch_row_content_no_spaces&#8221; css=&#8221;.vc_custom_1464253612949{margin-top: 0px !important;margin-right: 0px !important;margin-bottom: 0px !important;margin-left: 0px !important;}&#8221; el_class=&#8221;border-large&#8221;][vc_column][vc_images_carousel images=&#8221;927,922,918,921,926,915,928,916,923,925&#8243; img_size=&#8221;full&#8221; onclick=&#8221;link_no&#8221; speed=&#8221;3500&#8243; autoplay=&#8221;yes&#8221; hide_pagination_control=&#8221;yes&#8221; hide_prev_next_buttons=&#8221;yes&#8221; wrap=&#8221;yes&#8221; el_class=&#8221;header-carousel&#8221;][\/vc_column][\/vc_row][vc_row][vc_column width=&#8221;2\/3&#8243; el_class=&#8221;intro padding-normal fill shadow-2 border-bottom-6&#8243;][vc_custom_heading text=&#8221;EML Trikes &amp; Sidecars&#8221; font_container=&#8221;tag:h1|text_align:left&#8221; use_theme_fonts=&#8221;yes&#8221; link=&#8221;||&#8221;][vc_column_text]Bienvenue sur le site EML Trikes, EML Sidecars et W-Tec Quad racing. EML a \u00e9t\u00e9 pr\u00e8s de 40 ans un point de&hellip; Read More\" \/>\n<meta property=\"og:url\" content=\"https:\/\/emltrike.com\/fr\/\" \/>\n<meta property=\"og:site_name\" content=\"EML Trikes &amp; Sidecars\" \/>\n<meta property=\"article:modified_time\" content=\"2020-01-02T07:39:36+00:00\" \/>\n<meta name=\"twitter:card\" content=\"summary_large_image\" \/>\n<meta name=\"twitter:label1\" content=\"Est. reading time\" \/>\n\t<meta name=\"twitter:data1\" content=\"5 minutes\" \/>\n<script type=\"application\/ld+json\" class=\"yoast-schema-graph\">{\"@context\":\"https:\\\/\\\/schema.org\",\"@graph\":[{\"@type\":\"WebPage\",\"@id\":\"https:\\\/\\\/emltrike.com\\\/fr\\\/\",\"url\":\"https:\\\/\\\/emltrike.com\\\/fr\\\/\",\"name\":\"Maison - EML Trikes &amp; Sidecars\",\"isPartOf\":{\"@id\":\"https:\\\/\\\/emltrike.com\\\/fr\\\/nl\\\/startpagina\\\/#website\"},\"datePublished\":\"2016-06-23T09:27:01+00:00\",\"dateModified\":\"2020-01-02T07:39:36+00:00\",\"breadcrumb\":{\"@id\":\"https:\\\/\\\/emltrike.com\\\/fr\\\/#breadcrumb\"},\"inLanguage\":\"fr-FR\",\"potentialAction\":[{\"@type\":\"ReadAction\",\"target\":[\"https:\\\/\\\/emltrike.com\\\/fr\\\/\"]}]},{\"@type\":\"BreadcrumbList\",\"@id\":\"https:\\\/\\\/emltrike.com\\\/fr\\\/#breadcrumb\",\"itemListElement\":[{\"@type\":\"ListItem\",\"position\":1,\"name\":\"Home\",\"item\":\"https:\\\/\\\/emltrike.com\\\/fr\\\/maison\\\/\"},{\"@type\":\"ListItem\",\"position\":2,\"name\":\"Maison\"}]},{\"@type\":\"WebSite\",\"@id\":\"https:\\\/\\\/emltrike.com\\\/fr\\\/nl\\\/startpagina\\\/#website\",\"url\":\"https:\\\/\\\/emltrike.com\\\/fr\\\/nl\\\/startpagina\\\/\",\"name\":\"EML Trikes &amp; Sidecars\",\"description\":\"Performance by Technology\",\"potentialAction\":[{\"@type\":\"SearchAction\",\"target\":{\"@type\":\"EntryPoint\",\"urlTemplate\":\"https:\\\/\\\/emltrike.com\\\/fr\\\/nl\\\/startpagina\\\/?s={search_term_string}\"},\"query-input\":{\"@type\":\"PropertyValueSpecification\",\"valueRequired\":true,\"valueName\":\"search_term_string\"}}],\"inLanguage\":\"fr-FR\"}]}<\/script>\n<!-- \/ Yoast SEO plugin. -->","yoast_head_json":{"title":"Maison - EML Trikes &amp; Sidecars","robots":{"index":"index","follow":"follow","max-snippet":"max-snippet:-1","max-image-preview":"max-image-preview:large","max-video-preview":"max-video-preview:-1"},"canonical":"https:\/\/emltrike.com\/fr\/","og_locale":"fr_FR","og_type":"article","og_title":"Maison - EML Trikes &amp; Sidecars","og_description":"[vc_row full_width=&#8221;stretch_row_content_no_spaces&#8221; css=&#8221;.vc_custom_1464253612949{margin-top: 0px !important;margin-right: 0px !important;margin-bottom: 0px !important;margin-left: 0px !important;}&#8221; el_class=&#8221;border-large&#8221;][vc_column][vc_images_carousel images=&#8221;927,922,918,921,926,915,928,916,923,925&#8243; img_size=&#8221;full&#8221; onclick=&#8221;link_no&#8221; speed=&#8221;3500&#8243; autoplay=&#8221;yes&#8221; hide_pagination_control=&#8221;yes&#8221; hide_prev_next_buttons=&#8221;yes&#8221; wrap=&#8221;yes&#8221; el_class=&#8221;header-carousel&#8221;][\/vc_column][\/vc_row][vc_row][vc_column width=&#8221;2\/3&#8243; el_class=&#8221;intro padding-normal fill shadow-2 border-bottom-6&#8243;][vc_custom_heading text=&#8221;EML Trikes &amp; Sidecars&#8221; font_container=&#8221;tag:h1|text_align:left&#8221; use_theme_fonts=&#8221;yes&#8221; link=&#8221;||&#8221;][vc_column_text]Bienvenue sur le site EML Trikes, EML Sidecars et W-Tec Quad racing. EML a \u00e9t\u00e9 pr\u00e8s de 40 ans un point de&hellip; Read More","og_url":"https:\/\/emltrike.com\/fr\/","og_site_name":"EML Trikes &amp; Sidecars","article_modified_time":"2020-01-02T07:39:36+00:00","twitter_card":"summary_large_image","twitter_misc":{"Est. reading time":"5 minutes"},"schema":{"@context":"https:\/\/schema.org","@graph":[{"@type":"WebPage","@id":"https:\/\/emltrike.com\/fr\/","url":"https:\/\/emltrike.com\/fr\/","name":"Maison - EML Trikes &amp; Sidecars","isPartOf":{"@id":"https:\/\/emltrike.com\/fr\/nl\/startpagina\/#website"},"datePublished":"2016-06-23T09:27:01+00:00","dateModified":"2020-01-02T07:39:36+00:00","breadcrumb":{"@id":"https:\/\/emltrike.com\/fr\/#breadcrumb"},"inLanguage":"fr-FR","potentialAction":[{"@type":"ReadAction","target":["https:\/\/emltrike.com\/fr\/"]}]},{"@type":"BreadcrumbList","@id":"https:\/\/emltrike.com\/fr\/#breadcrumb","itemListElement":[{"@type":"ListItem","position":1,"name":"Home","item":"https:\/\/emltrike.com\/fr\/maison\/"},{"@type":"ListItem","position":2,"name":"Maison"}]},{"@type":"WebSite","@id":"https:\/\/emltrike.com\/fr\/nl\/startpagina\/#website","url":"https:\/\/emltrike.com\/fr\/nl\/startpagina\/","name":"EML Trikes &amp; Sidecars","description":"Performance by Technology","potentialAction":[{"@type":"SearchAction","target":{"@type":"EntryPoint","urlTemplate":"https:\/\/emltrike.com\/fr\/nl\/startpagina\/?s={search_term_string}"},"query-input":{"@type":"PropertyValueSpecification","valueRequired":true,"valueName":"search_term_string"}}],"inLanguage":"fr-FR"}]}},"_links":{"self":[{"href":"https:\/\/emltrike.com\/fr\/wp-json\/wp\/v2\/pages\/1197","targetHints":{"allow":["GET"]}}],"collection":[{"href":"https:\/\/emltrike.com\/fr\/wp-json\/wp\/v2\/pages"}],"about":[{"href":"https:\/\/emltrike.com\/fr\/wp-json\/wp\/v2\/types\/page"}],"author":[{"embeddable":true,"href":"https:\/\/emltrike.com\/fr\/wp-json\/wp\/v2\/users\/1"}],"replies":[{"embeddable":true,"href":"https:\/\/emltrike.com\/fr\/wp-json\/wp\/v2\/comments?post=1197"}],"version-history":[{"count":7,"href":"https:\/\/emltrike.com\/fr\/wp-json\/wp\/v2\/pages\/1197\/revisions"}],"predecessor-version":[{"id":2824,"href":"https:\/\/emltrike.com\/fr\/wp-json\/wp\/v2\/pages\/1197\/revisions\/2824"}],"wp:attachment":[{"href":"https:\/\/emltrike.com\/fr\/wp-json\/wp\/v2\/media?parent=1197"}],"curies":[{"name":"wp","href":"https:\/\/api.w.org\/{rel}","templated":true}]}}