{"id":1175,"date":"2016-06-22T11:39:31","date_gmt":"2016-06-22T09:39:31","guid":{"rendered":"http:\/\/emltrike.com\/?page_id=1175"},"modified":"2018-04-09T14:23:17","modified_gmt":"2018-04-09T12:23:17","slug":"nouvelles-evenements","status":"publish","type":"page","link":"https:\/\/emltrike.com\/fr\/nouvelles-evenements\/","title":{"rendered":"Nouvelles &#038; \u00e9v\u00e9nements"},"content":{"rendered":"<div class=\"wpb-content-wrapper\"><p>[vc_row full_width=&#8221;stretch_row_content&#8221; css=&#8221;.vc_custom_1464350313924{background-color: #ffffff !important;}&#8221;][vc_column][vc_empty_space height=&#8221;145px&#8221; el_class=&#8221;header-spacer&#8221;][\/vc_column][\/vc_row][vc_row full_width=&#8221;stretch_row&#8221; el_class=&#8221;intro-2 margin-bottom&#8221; css=&#8221;.vc_custom_1464806660503{background-image: url(\/wp-content\/uploads\/2016\/05\/eml_background.png?id=220) !important;}&#8221;][vc_column][vc_row_inner el_class=&#8221;uk-flex&#8221;][vc_column_inner el_class=&#8221;uk-flex shadow-2 fill column-fix&#8221; width=&#8221;1\/2&#8243; css=&#8221;.vc_custom_1465485113134{background-position: center !important;background-repeat: no-repeat !important;background-size: cover !important;}&#8221; offset=&#8221;vc_col-xs-12&#8243;][vc_single_image image=&#8221;986&#8243; img_size=&#8221;full&#8221; onclick=&#8221;link_image&#8221; el_class=&#8221;uk-flex uk-flex-middle zoom&#8221;][\/vc_column_inner][vc_column_inner el_class=&#8221;intro-2-title&#8221; width=&#8221;1\/2&#8243; offset=&#8221;vc_col-xs-12&#8243;][vc_empty_space height=&#8221;50%&#8221; css=&#8221;.vc_custom_1464349383790{background-color: #ffffff !important;}&#8221;][vc_column_text el_class=&#8221;title-white&#8221;]<\/p>\n<h1>Nouvelles &amp; \u00e9v\u00e9nements<\/h1>\n<p>[\/vc_column_text][\/vc_column_inner][\/vc_row_inner][\/vc_column][\/vc_row][vc_row el_class=&#8221;padding-fix hidden-lg hidden-md hidden-sm&#8221;][vc_column offset=&#8221;vc_hidden-lg vc_hidden-md vc_hidden-sm&#8221;][vc_column_text el_class=&#8221;padding-large fill-blue shadow-2 title-white&#8221;]<\/p>\n<h1>Nouvelles &amp; \u00e9v\u00e9nements<\/h1>\n<p>[\/vc_column_text][vc_single_image image=&#8221;986&#8243; img_size=&#8221;large&#8221; el_class=&#8221;fill shadow-2&#8243;][\/vc_column][\/vc_row][vc_row el_class=&#8221;margin-bottom tabs-container news-tabs&#8221;][vc_column][vc_tta_tabs style=&#8221;flat&#8221; shape=&#8221;square&#8221; spacing=&#8221;&#8221; active_section=&#8221;1&#8243; no_fill_content_area=&#8221;true&#8221; css=&#8221;.vc_custom_1464877219878{padding-right: 0px !important;padding-left: 0px !important;}&#8221;][vc_tta_section title=&#8221;Nouvelles&#8221; tab_id=&#8221;Nouvelles&#8221; el_class=&#8221;fill&#8221;][vc_column_text]<span><div class=\"news\"><div class='row uk-flex uk-flex-wrap'><div class='col-sm-6'><div class=\"item fill padding-small\"><div class='row'><div class=\"col-xs-12 heading\"><h3 class=\"heading\">Nouveau Goldwing avec GT2001 sidecar<\/h3><div class=\"date\">  4 February 2020<\/div><\/div><div class=\"col-md-4 thumb-padding\" style=\"text-align: center;\"><a href=\"https:\/\/emltrike.com\/fr\/nouvelles\/nouveau-goldwing-avec-gt2001-sidecar\/\" title=\"Nouveau Goldwing avec GT2001 sidecar\"><img loading=\"lazy\" decoding=\"async\" width=\"300\" height=\"225\" src=\"https:\/\/emltrike.com\/wp-content\/uploads\/2020\/02\/GL1800-18-GT2001-300x225.jpg\" class=\"lcp_thumbnail wp-post-image\" alt=\"Nouveau Goldwing avec GT2001 sidecar\" srcset=\"https:\/\/emltrike.com\/wp-content\/uploads\/2020\/02\/GL1800-18-GT2001-300x225.jpg 300w, https:\/\/emltrike.com\/wp-content\/uploads\/2020\/02\/GL1800-18-GT2001-1024x768.jpg 1024w, https:\/\/emltrike.com\/wp-content\/uploads\/2020\/02\/GL1800-18-GT2001-768x576.jpg 768w, https:\/\/emltrike.com\/wp-content\/uploads\/2020\/02\/GL1800-18-GT2001-1536x1152.jpg 1536w, https:\/\/emltrike.com\/wp-content\/uploads\/2020\/02\/GL1800-18-GT2001.jpg 2016w\" sizes=\"auto, (max-width: 300px) 100vw, 300px\" \/><\/a><\/div><div class=\"col-md-8\"><div>Plus d\u2019informations suivront.\n<\/div><\/div><\/div><\/div><\/div><div class='col-sm-6'><div class=\"item fill padding-small\"><div class='row'><div class=\"col-xs-12 heading\"><h3 class=\"heading\">La nouvelle EML Martinique GTS Triketransformation pour la Goldwing.<\/h3><div class=\"date\">  6 January 2020<\/div><\/div><div class=\"col-md-4 thumb-padding\" style=\"text-align: center;\"><a href=\"https:\/\/emltrike.com\/fr\/nouvelles\/la-nouvelle-eml-martinique-gts-triketransformation-pour-la-goldwing\/\" title=\"La nouvelle EML Martinique GTS Triketransformation pour la Goldwing.\"><img loading=\"lazy\" decoding=\"async\" width=\"300\" height=\"200\" src=\"https:\/\/emltrike.com\/wp-content\/uploads\/2020\/01\/GL1800-GTS-rr-side-300x200.jpg\" class=\"lcp_thumbnail wp-post-image\" alt=\"La nouvelle EML Martinique GTS Triketransformation pour la Goldwing.\" srcset=\"https:\/\/emltrike.com\/wp-content\/uploads\/2020\/01\/GL1800-GTS-rr-side-300x200.jpg 300w, https:\/\/emltrike.com\/wp-content\/uploads\/2020\/01\/GL1800-GTS-rr-side-1024x683.jpg 1024w, https:\/\/emltrike.com\/wp-content\/uploads\/2020\/01\/GL1800-GTS-rr-side-768x512.jpg 768w, https:\/\/emltrike.com\/wp-content\/uploads\/2020\/01\/GL1800-GTS-rr-side-1536x1024.jpg 1536w, https:\/\/emltrike.com\/wp-content\/uploads\/2020\/01\/GL1800-GTS-rr-side-2048x1365.jpg 2048w\" sizes=\"auto, (max-width: 300px) 100vw, 300px\" \/><\/a><\/div><div class=\"col-md-8\"><div>La nouvelle conversion EML trike d\u00e9velopp\u00e9e pour la nouvelle Honda Goldwing GL1800. Le design s&#8217;int\u00e8gre parfaitement avec le nouveau Goldwing. L\u2019\u00e9chappements sont int\u00e9gr\u00e9es dans le corps. Le diffuseur donne \u00e0 l&#8217;ensemble un look sportif. Le kit a pass\u00e9 toutes les inspections et tests EML tr\u00e8s stricts. La Martinique GTS est \u00e9quip\u00e9e en standard de toutes ...<\/div><\/div><\/div><\/div><\/div><\/div><\/div><\/span>[\/vc_column_text][\/vc_tta_section][vc_tta_section title=&#8221;\u00e9v\u00e9nements&#8221; tab_id=&#8221;\u00e9v\u00e9nements&#8221; el_class=&#8221;fill&#8221;][vc_column_text]<span><div class=\"news\"><div class='row uk-flex uk-flex-wrap'><\/div><\/div><\/span>[\/vc_column_text][\/vc_tta_section][\/vc_tta_tabs][\/vc_column][\/vc_row]<\/p>\n<\/div>","protected":false},"excerpt":{"rendered":"<p>[vc_row full_width=&#8221;stretch_row_content&#8221; css=&#8221;.vc_custom_1464350313924{background-color: #ffffff !important;}&#8221;][vc_column][vc_empty_space height=&#8221;145px&#8221; el_class=&#8221;header-spacer&#8221;][\/vc_column][\/vc_row][vc_row full_width=&#8221;stretch_row&#8221; el_class=&#8221;intro-2 margin-bottom&#8221; css=&#8221;.vc_custom_1464806660503{background-image: url(\/wp-content\/uploads\/2016\/05\/eml_background.png?id=220) !important;}&#8221;][vc_column][vc_row_inner el_class=&#8221;uk-flex&#8221;][vc_column_inner el_class=&#8221;uk-flex shadow-2 fill column-fix&#8221; width=&#8221;1\/2&#8243; css=&#8221;.vc_custom_1465485113134{background-position: center !important;background-repeat: no-repeat !important;background-size: cover !important;}&#8221; offset=&#8221;vc_col-xs-12&#8243;][vc_single_image image=&#8221;986&#8243; img_size=&#8221;full&#8221; onclick=&#8221;link_image&#8221; el_class=&#8221;uk-flex uk-flex-middle zoom&#8221;][\/vc_column_inner][vc_column_inner el_class=&#8221;intro-2-title&#8221; width=&#8221;1\/2&#8243; offset=&#8221;vc_col-xs-12&#8243;][vc_empty_space height=&#8221;50%&#8221; css=&#8221;.vc_custom_1464349383790{background-color: #ffffff !important;}&#8221;][vc_column_text el_class=&#8221;title-white&#8221;] Nouvelles &amp; \u00e9v\u00e9nements [\/vc_column_text][\/vc_column_inner][\/vc_row_inner][\/vc_column][\/vc_row][vc_row el_class=&#8221;padding-fix hidden-lg hidden-md hidden-sm&#8221;][vc_column offset=&#8221;vc_hidden-lg vc_hidden-md vc_hidden-sm&#8221;][vc_column_text el_class=&#8221;padding-large fill-blue shadow-2&hellip; <a class=\"read-more\" href=\"https:\/\/emltrike.com\/fr\/nouvelles-evenements\/\">Read More<\/a><\/p>\n","protected":false},"author":1,"featured_media":0,"parent":0,"menu_order":0,"comment_status":"closed","ping_status":"closed","template":"default.php","meta":{"_acf_changed":false,"footnotes":""},"class_list":["post-1175","page","type-page","status-publish","hentry"],"acf":[],"yoast_head":"<!-- This site is optimized with the Yoast SEO plugin v27.3 - https:\/\/yoast.com\/product\/yoast-seo-wordpress\/ -->\n<title>Nouvelles &amp; \u00e9v\u00e9nements - EML Trikes &amp; Sidecars<\/title>\n<meta name=\"robots\" content=\"index, follow, max-snippet:-1, max-image-preview:large, max-video-preview:-1\" \/>\n<link rel=\"canonical\" href=\"https:\/\/emltrike.com\/fr\/nouvelles-evenements\/\" \/>\n<meta property=\"og:locale\" content=\"fr_FR\" \/>\n<meta property=\"og:type\" content=\"article\" \/>\n<meta property=\"og:title\" content=\"Nouvelles &amp; \u00e9v\u00e9nements - EML Trikes &amp; Sidecars\" \/>\n<meta property=\"og:description\" content=\"[vc_row full_width=&#8221;stretch_row_content&#8221; css=&#8221;.vc_custom_1464350313924{background-color: #ffffff !important;}&#8221;][vc_column][vc_empty_space height=&#8221;145px&#8221; el_class=&#8221;header-spacer&#8221;][\/vc_column][\/vc_row][vc_row full_width=&#8221;stretch_row&#8221; el_class=&#8221;intro-2 margin-bottom&#8221; css=&#8221;.vc_custom_1464806660503{background-image: url(\/wp-content\/uploads\/2016\/05\/eml_background.png?id=220) !important;}&#8221;][vc_column][vc_row_inner el_class=&#8221;uk-flex&#8221;][vc_column_inner el_class=&#8221;uk-flex shadow-2 fill column-fix&#8221; width=&#8221;1\/2&#8243; css=&#8221;.vc_custom_1465485113134{background-position: center !important;background-repeat: no-repeat !important;background-size: cover !important;}&#8221; offset=&#8221;vc_col-xs-12&#8243;][vc_single_image image=&#8221;986&#8243; img_size=&#8221;full&#8221; onclick=&#8221;link_image&#8221; el_class=&#8221;uk-flex uk-flex-middle zoom&#8221;][\/vc_column_inner][vc_column_inner el_class=&#8221;intro-2-title&#8221; width=&#8221;1\/2&#8243; offset=&#8221;vc_col-xs-12&#8243;][vc_empty_space height=&#8221;50%&#8221; css=&#8221;.vc_custom_1464349383790{background-color: #ffffff !important;}&#8221;][vc_column_text el_class=&#8221;title-white&#8221;] Nouvelles &amp; \u00e9v\u00e9nements [\/vc_column_text][\/vc_column_inner][\/vc_row_inner][\/vc_column][\/vc_row][vc_row el_class=&#8221;padding-fix hidden-lg hidden-md hidden-sm&#8221;][vc_column offset=&#8221;vc_hidden-lg vc_hidden-md vc_hidden-sm&#8221;][vc_column_text el_class=&#8221;padding-large fill-blue shadow-2&hellip; Read More\" \/>\n<meta property=\"og:url\" content=\"https:\/\/emltrike.com\/fr\/nouvelles-evenements\/\" \/>\n<meta property=\"og:site_name\" content=\"EML Trikes &amp; Sidecars\" \/>\n<meta property=\"article:modified_time\" content=\"2018-04-09T12:23:17+00:00\" \/>\n<meta name=\"twitter:card\" content=\"summary_large_image\" \/>\n<meta name=\"twitter:label1\" content=\"Est. reading time\" \/>\n\t<meta name=\"twitter:data1\" content=\"2 minutes\" \/>\n<script type=\"application\/ld+json\" class=\"yoast-schema-graph\">{\"@context\":\"https:\\\/\\\/schema.org\",\"@graph\":[{\"@type\":\"WebPage\",\"@id\":\"https:\\\/\\\/emltrike.com\\\/fr\\\/nouvelles-evenements\\\/\",\"url\":\"https:\\\/\\\/emltrike.com\\\/fr\\\/nouvelles-evenements\\\/\",\"name\":\"Nouvelles & \u00e9v\u00e9nements - EML Trikes &amp; Sidecars\",\"isPartOf\":{\"@id\":\"https:\\\/\\\/emltrike.com\\\/fr\\\/nl\\\/startpagina\\\/#website\"},\"datePublished\":\"2016-06-22T09:39:31+00:00\",\"dateModified\":\"2018-04-09T12:23:17+00:00\",\"breadcrumb\":{\"@id\":\"https:\\\/\\\/emltrike.com\\\/fr\\\/nouvelles-evenements\\\/#breadcrumb\"},\"inLanguage\":\"fr-FR\",\"potentialAction\":[{\"@type\":\"ReadAction\",\"target\":[\"https:\\\/\\\/emltrike.com\\\/fr\\\/nouvelles-evenements\\\/\"]}]},{\"@type\":\"BreadcrumbList\",\"@id\":\"https:\\\/\\\/emltrike.com\\\/fr\\\/nouvelles-evenements\\\/#breadcrumb\",\"itemListElement\":[{\"@type\":\"ListItem\",\"position\":1,\"name\":\"Home\",\"item\":\"https:\\\/\\\/emltrike.com\\\/fr\\\/maison\\\/\"},{\"@type\":\"ListItem\",\"position\":2,\"name\":\"Nouvelles &#038; \u00e9v\u00e9nements\"}]},{\"@type\":\"WebSite\",\"@id\":\"https:\\\/\\\/emltrike.com\\\/fr\\\/nl\\\/startpagina\\\/#website\",\"url\":\"https:\\\/\\\/emltrike.com\\\/fr\\\/nl\\\/startpagina\\\/\",\"name\":\"EML Trikes &amp; Sidecars\",\"description\":\"Performance by Technology\",\"potentialAction\":[{\"@type\":\"SearchAction\",\"target\":{\"@type\":\"EntryPoint\",\"urlTemplate\":\"https:\\\/\\\/emltrike.com\\\/fr\\\/nl\\\/startpagina\\\/?s={search_term_string}\"},\"query-input\":{\"@type\":\"PropertyValueSpecification\",\"valueRequired\":true,\"valueName\":\"search_term_string\"}}],\"inLanguage\":\"fr-FR\"}]}<\/script>\n<!-- \/ Yoast SEO plugin. -->","yoast_head_json":{"title":"Nouvelles & \u00e9v\u00e9nements - EML Trikes &amp; Sidecars","robots":{"index":"index","follow":"follow","max-snippet":"max-snippet:-1","max-image-preview":"max-image-preview:large","max-video-preview":"max-video-preview:-1"},"canonical":"https:\/\/emltrike.com\/fr\/nouvelles-evenements\/","og_locale":"fr_FR","og_type":"article","og_title":"Nouvelles & \u00e9v\u00e9nements - EML Trikes &amp; Sidecars","og_description":"[vc_row full_width=&#8221;stretch_row_content&#8221; css=&#8221;.vc_custom_1464350313924{background-color: #ffffff !important;}&#8221;][vc_column][vc_empty_space height=&#8221;145px&#8221; el_class=&#8221;header-spacer&#8221;][\/vc_column][\/vc_row][vc_row full_width=&#8221;stretch_row&#8221; el_class=&#8221;intro-2 margin-bottom&#8221; css=&#8221;.vc_custom_1464806660503{background-image: url(\/wp-content\/uploads\/2016\/05\/eml_background.png?id=220) !important;}&#8221;][vc_column][vc_row_inner el_class=&#8221;uk-flex&#8221;][vc_column_inner el_class=&#8221;uk-flex shadow-2 fill column-fix&#8221; width=&#8221;1\/2&#8243; css=&#8221;.vc_custom_1465485113134{background-position: center !important;background-repeat: no-repeat !important;background-size: cover !important;}&#8221; offset=&#8221;vc_col-xs-12&#8243;][vc_single_image image=&#8221;986&#8243; img_size=&#8221;full&#8221; onclick=&#8221;link_image&#8221; el_class=&#8221;uk-flex uk-flex-middle zoom&#8221;][\/vc_column_inner][vc_column_inner el_class=&#8221;intro-2-title&#8221; width=&#8221;1\/2&#8243; offset=&#8221;vc_col-xs-12&#8243;][vc_empty_space height=&#8221;50%&#8221; css=&#8221;.vc_custom_1464349383790{background-color: #ffffff !important;}&#8221;][vc_column_text el_class=&#8221;title-white&#8221;] Nouvelles &amp; \u00e9v\u00e9nements [\/vc_column_text][\/vc_column_inner][\/vc_row_inner][\/vc_column][\/vc_row][vc_row el_class=&#8221;padding-fix hidden-lg hidden-md hidden-sm&#8221;][vc_column offset=&#8221;vc_hidden-lg vc_hidden-md vc_hidden-sm&#8221;][vc_column_text el_class=&#8221;padding-large fill-blue shadow-2&hellip; Read More","og_url":"https:\/\/emltrike.com\/fr\/nouvelles-evenements\/","og_site_name":"EML Trikes &amp; Sidecars","article_modified_time":"2018-04-09T12:23:17+00:00","twitter_card":"summary_large_image","twitter_misc":{"Est. reading time":"2 minutes"},"schema":{"@context":"https:\/\/schema.org","@graph":[{"@type":"WebPage","@id":"https:\/\/emltrike.com\/fr\/nouvelles-evenements\/","url":"https:\/\/emltrike.com\/fr\/nouvelles-evenements\/","name":"Nouvelles & \u00e9v\u00e9nements - EML Trikes &amp; Sidecars","isPartOf":{"@id":"https:\/\/emltrike.com\/fr\/nl\/startpagina\/#website"},"datePublished":"2016-06-22T09:39:31+00:00","dateModified":"2018-04-09T12:23:17+00:00","breadcrumb":{"@id":"https:\/\/emltrike.com\/fr\/nouvelles-evenements\/#breadcrumb"},"inLanguage":"fr-FR","potentialAction":[{"@type":"ReadAction","target":["https:\/\/emltrike.com\/fr\/nouvelles-evenements\/"]}]},{"@type":"BreadcrumbList","@id":"https:\/\/emltrike.com\/fr\/nouvelles-evenements\/#breadcrumb","itemListElement":[{"@type":"ListItem","position":1,"name":"Home","item":"https:\/\/emltrike.com\/fr\/maison\/"},{"@type":"ListItem","position":2,"name":"Nouvelles &#038; \u00e9v\u00e9nements"}]},{"@type":"WebSite","@id":"https:\/\/emltrike.com\/fr\/nl\/startpagina\/#website","url":"https:\/\/emltrike.com\/fr\/nl\/startpagina\/","name":"EML Trikes &amp; Sidecars","description":"Performance by Technology","potentialAction":[{"@type":"SearchAction","target":{"@type":"EntryPoint","urlTemplate":"https:\/\/emltrike.com\/fr\/nl\/startpagina\/?s={search_term_string}"},"query-input":{"@type":"PropertyValueSpecification","valueRequired":true,"valueName":"search_term_string"}}],"inLanguage":"fr-FR"}]}},"_links":{"self":[{"href":"https:\/\/emltrike.com\/fr\/wp-json\/wp\/v2\/pages\/1175","targetHints":{"allow":["GET"]}}],"collection":[{"href":"https:\/\/emltrike.com\/fr\/wp-json\/wp\/v2\/pages"}],"about":[{"href":"https:\/\/emltrike.com\/fr\/wp-json\/wp\/v2\/types\/page"}],"author":[{"embeddable":true,"href":"https:\/\/emltrike.com\/fr\/wp-json\/wp\/v2\/users\/1"}],"replies":[{"embeddable":true,"href":"https:\/\/emltrike.com\/fr\/wp-json\/wp\/v2\/comments?post=1175"}],"version-history":[{"count":5,"href":"https:\/\/emltrike.com\/fr\/wp-json\/wp\/v2\/pages\/1175\/revisions"}],"predecessor-version":[{"id":2491,"href":"https:\/\/emltrike.com\/fr\/wp-json\/wp\/v2\/pages\/1175\/revisions\/2491"}],"wp:attachment":[{"href":"https:\/\/emltrike.com\/fr\/wp-json\/wp\/v2\/media?parent=1175"}],"curies":[{"name":"wp","href":"https:\/\/api.w.org\/{rel}","templated":true}]}}