{"id":1158,"date":"2016-06-21T10:34:59","date_gmt":"2016-06-21T08:34:59","guid":{"rendered":"http:\/\/emltrike.com\/?page_id=1158"},"modified":"2018-04-09T14:23:14","modified_gmt":"2018-04-09T12:23:14","slug":"a-propos-de-nous","status":"publish","type":"page","link":"https:\/\/emltrike.com\/fr\/a-propos-de-nous\/","title":{"rendered":"\u00c0 propos de nous"},"content":{"rendered":"<div class=\"wpb-content-wrapper\"><p>[vc_row full_width=&#8221;stretch_row_content&#8221; css=&#8221;.vc_custom_1464350313924{background-color: #ffffff !important;}&#8221;][vc_column][vc_empty_space height=&#8221;145px&#8221; el_class=&#8221;header-spacer&#8221;][\/vc_column][\/vc_row][vc_row full_width=&#8221;stretch_row&#8221; el_class=&#8221;intro-2&#8243; css=&#8221;.vc_custom_1464803130046{background-image: url(\/wp-content\/uploads\/2016\/05\/eml_background.png?id=220) !important;}&#8221;][vc_column][vc_row_inner el_class=&#8221;uk-flex&#8221;][vc_column_inner el_class=&#8221;uk-flex shadow-2 fill column-fix&#8221; width=&#8221;1\/2&#8243; css=&#8221;.vc_custom_1465904303845{background-position: center !important;background-repeat: no-repeat !important;background-size: cover !important;}&#8221; offset=&#8221;vc_col-xs-12&#8243;][vc_single_image image=&#8221;967&#8243; img_size=&#8221;large&#8221; onclick=&#8221;link_image&#8221; el_class=&#8221;uk-flex uk-flex-middle zoom&#8221;][\/vc_column_inner][vc_column_inner el_class=&#8221;intro-2-title&#8221; width=&#8221;1\/2&#8243; offset=&#8221;vc_col-xs-12&#8243;][vc_empty_space height=&#8221;50%&#8221; css=&#8221;.vc_custom_1464349383790{background-color: #ffffff !important;}&#8221;][vc_column_text el_class=&#8221;title-white&#8221;]<\/p>\n<h1>\u00c0 propos de nous<\/h1>\n<p>[\/vc_column_text][\/vc_column_inner][\/vc_row_inner][\/vc_column][\/vc_row][vc_row el_class=&#8221;padding-fix&#8221;][vc_column offset=&#8221;vc_hidden-lg vc_hidden-md vc_hidden-sm&#8221;][vc_column_text el_class=&#8221;padding-large fill-blue shadow-2 title-white&#8221;]<\/p>\n<h1>\u00c0 propos de nous<\/h1>\n<p>[\/vc_column_text][vc_single_image image=&#8221;967&#8243; img_size=&#8221;large&#8221; el_class=&#8221;fill shadow-2&#8243;][\/vc_column][\/vc_row][vc_row el_class=&#8221;padding-bottom&#8221;][vc_column el_class=&#8221;border-bottom shadow-2 padding-large fill&#8221;][vc_single_image image=&#8221;1700&#8243; img_size=&#8221;medium&#8221; el_class=&#8221;w-tec-logo-color&#8221;][vc_column_text]<span id=\"result_box\" lang=\"fr\" tabindex=\"-1\"><span class=\"hps atn\">W-<\/span>Tec <span class=\"hps\">est une entreprise jeune<\/span> <span class=\"hps\">et exp\u00e9riment\u00e9e<\/span> <span class=\"hps\">bas\u00e9e<\/span> <span class=\"hps\">aux Pays-Bas<\/span>.<span class=\"hps\">Nous nous sp\u00e9cialisons dans<\/span> <span class=\"hps\">le<\/span> <span class=\"hps\">d\u00e9veloppement et la production<\/span> <span class=\"hps\">des unit\u00e9s techniques<\/span><span class=\"hps\">de<\/span> <span class=\"hps\">conversion<\/span> <span class=\"hps\">de la moto<\/span> <span class=\"hps\">et<\/span> <span class=\"hps\">les sports automobiles<\/span>.<br \/>\n<span class=\"hps\">D\u2019une mani\u00e8re innovante<\/span> <span class=\"hps\">et l\u2019utilisation de<\/span> <span class=\"hps\">technologies telles que<\/span>: <span class=\"hps\">3D<\/span> <span class=\"hps\">CAD \/<\/span> <span class=\"hps\">CAM<\/span> <span class=\"hps\">Ing\u00e9nierie,<\/span> <span class=\"hps\">machines<\/span> <span class=\"hps\">CNC<\/span>, d\u00e9coupe laser, <span class=\"hps\">machines<\/span> <span class=\"hps\">de robot<\/span> <span class=\"hps\">et<\/span><span class=\"hps\">environ 18<\/span><span class=\"hps\">employ\u00e9s hautement qualifi\u00e9s<\/span> <span class=\"hps\">sont<\/span> <span class=\"hps\">enti\u00e8rement<\/span> <span class=\"hps\">d\u00e9velopp\u00e9 et fabriqu\u00e9<\/span> <span class=\"hps\">conversion<\/span> <span class=\"hps\">de moto.<\/span><br \/>\n<span class=\"hps\">EML<\/span> <span class=\"hps\">est<\/span> <span class=\"hps\">l\u2019une des marques<\/span> <span class=\"hps\">que<\/span> <span class=\"hps atn\">W-<\/span>Tec <span class=\"hps\">est en charge<\/span>. <span class=\"hps\">Depuis plus<\/span> <span class=\"hps\">de 30 ans,<\/span> <span class=\"hps\">chef de file<\/span> <span class=\"hps\">dans la production<\/span> <span class=\"hps\">EML<\/span> <span class=\"hps\">sidecar<\/span>. <span class=\"hps\">Les<\/span> <span class=\"hps\">combinaisons de<\/span><span class=\"hps\">sidecar<\/span> <span class=\"hps\">sont d\u00e9velopp\u00e9s en utilisant<\/span> <span class=\"hps\">ses propres ressources<\/span>, tester et fabriquer. <span class=\"hps\">Comme point de<\/span> <span class=\"hps atn\">\u201c<\/span>livraison <span class=\"hps\">de<\/span> <span class=\"hps\">qualit\u00e9<\/span>\u201d \u00e0 partir<\/span><\/p>\n<p><span class=\"hps\">Tous les<\/span> <span class=\"hps\">mod\u00e8les de moto<\/span> <span class=\"hps\">que<\/span> <span class=\"hps\">EML<\/span> <span class=\"hps\">ou<\/span> <span class=\"hps atn\">W-<\/span>Tec <span class=\"hps\">reconstruit<\/span> <span class=\"hps\">obtenir un<\/span><span class=\"hps\">changement global<\/span>. <span class=\"hps\">Pensez au<\/span> <span class=\"hps\">d\u00e9veloppement, les essais<\/span> <span class=\"hps\">et la fabrication de<\/span> <span class=\"hps\">roues<\/span>, fourches avant, <span class=\"hps\">les amortisseurs, les<\/span> <span class=\"hps\">syst\u00e8mes de freinage,<\/span><span class=\"hps\">amortisseurs de direction<\/span> <span class=\"hps\">et les syst\u00e8mes<\/span> <span class=\"hps\">de suspension arri\u00e8re<\/span>. <span class=\"hps\">Chaque produit<\/span> <span class=\"hps\">est sp\u00e9cialement adapt\u00e9<\/span> <span class=\"hps\">pour le type de<\/span> <span class=\"hps\">moto.<\/span><br \/>\n<span class=\"hps\">Ces<\/span> <span class=\"hps\">modifications assurent<\/span> <span class=\"hps\">un niveau<\/span> <span class=\"hps\">\u00e9lev\u00e9 de s\u00e9curit\u00e9<\/span> <span class=\"hps\">et la qualit\u00e9 de<\/span> <span class=\"hps\">la gestion<\/span>. <span class=\"hps atn\">Dans le but d\u2019<\/span>une meilleure stabilit\u00e9 et <span class=\"hps\">des performances de freinage<\/span>.<br \/>\n<span class=\"hps\">Tous nos<\/span> <span class=\"hps\">produits sont test\u00e9s<\/span> <span class=\"hps\">pour la r\u00e9sistance<\/span> <span class=\"hps atn\">(<\/span>y compris les motocyclettes) <span class=\"hps\">au<\/span> <span class=\"hps\">T\u00dcV<\/span> <span class=\"hps\">allemand, donc<\/span> <span class=\"hps\">un haut degr\u00e9 de<\/span> <span class=\"hps\">s\u00e9curit\u00e9<\/span> <span class=\"hps\">est<\/span> <span class=\"hps\">de chaque v\u00e9hicule<\/span><span class=\"hps\">(conversion)<\/span> <span class=\"hps\">que nous fournissons<\/span>.<\/p>\n<p><span class=\"hps\">Avec<\/span> <span class=\"hps\">3600<\/span> <span class=\"hps\">m2<\/span> <span class=\"hps\">usine et<\/span> <span class=\"hps\">18 employ\u00e9s<\/span> <span class=\"hps\">hautement qualifi\u00e9s<\/span> <span class=\"hps\">W-Tec\/EML<\/span> <span class=\"hps\">a une capacit\u00e9<\/span> <span class=\"hps\">de production d\u2019environ<\/span> <span class=\"hps\">7<\/span> <span class=\"hps\">unit\u00e9s par semaine<\/span>.<br \/>\n<span class=\"hps\">Avec<\/span> <span class=\"hps\">un r\u00e9seau de concessionnaires<\/span> <span class=\"hps\">en Europe occidentale,<\/span> <span class=\"hps\">le<\/span> <span class=\"hps\">U.S.A.<\/span> <span class=\"hps\">Japon<\/span><span class=\"hps\">et nous fournissons<\/span> <span class=\"hps\">nos produits partout dans<\/span> <span class=\"hps\">le<\/span> <span class=\"hps\">monde<\/span>.<br \/>\n<span class=\"hps\">Int\u00e9ress\u00e9 ou<\/span> <span class=\"hps\">toute<\/span> <span class=\"hps\">question,<\/span> <span class=\"hps\">veuillez <a href=\"\/fr\/revendeurs\/\">contacter<\/a><\/span> <span class=\"hps\">un de nos<\/span> <span class=\"hps\">revendeurs locaux<\/span>. <span class=\"hps\">Ils sont votre<\/span> <span class=\"hps\">contact pour les<\/span> <span class=\"hps\">pi\u00e8ces de rechange<\/span>, des conseils <span class=\"hps\">et fournir un<\/span> <span class=\"hps\">bon service.<\/span>[\/vc_column_text][\/vc_column][\/vc_row][vc_row][vc_column css=&#8221;.vc_custom_1464688330988{padding-right: 0px !important;padding-left: 0px !important;}&#8221;][vc_custom_heading text=&#8221;W-Tec Racing&#8221; font_container=&#8221;tag:h3|text_align:left&#8221; use_theme_fonts=&#8221;yes&#8221; el_class=&#8221;product-heading&#8221;][\/vc_column][\/vc_row][vc_row el_class=&#8221;border-top shadow-2 padding-large fill margin-bottom&#8221;][vc_column css=&#8221;.vc_custom_1464696391453{margin-top: 0px !important;margin-right: 0px !important;margin-bottom: 0px !important;margin-left: 0px !important;padding-top: 0px !important;padding-right: 0px !important;padding-bottom: 0px !important;padding-left: 0px !important;}&#8221; el_class=&#8221;zoom&#8221;][vc_media_grid element_width=&#8221;2&#8243; gap=&#8221;25&#8243; grid_id=&#8221;vc_gid:1467886720014-174b610a-7a54-2&#8243; include=&#8221;637,638,639,640,641,642,643,644,645,646,647,648,649,650,651,652,653,654,655&#8243;][\/vc_column][\/vc_row]<\/p>\n<\/div>","protected":false},"excerpt":{"rendered":"<p>[vc_row full_width=&#8221;stretch_row_content&#8221; css=&#8221;.vc_custom_1464350313924{background-color: #ffffff !important;}&#8221;][vc_column][vc_empty_space height=&#8221;145px&#8221; el_class=&#8221;header-spacer&#8221;][\/vc_column][\/vc_row][vc_row full_width=&#8221;stretch_row&#8221; el_class=&#8221;intro-2&#8243; css=&#8221;.vc_custom_1464803130046{background-image: url(\/wp-content\/uploads\/2016\/05\/eml_background.png?id=220) !important;}&#8221;][vc_column][vc_row_inner el_class=&#8221;uk-flex&#8221;][vc_column_inner el_class=&#8221;uk-flex shadow-2 fill column-fix&#8221; width=&#8221;1\/2&#8243; css=&#8221;.vc_custom_1465904303845{background-position: center !important;background-repeat: no-repeat !important;background-size: cover !important;}&#8221; offset=&#8221;vc_col-xs-12&#8243;][vc_single_image image=&#8221;967&#8243; img_size=&#8221;large&#8221; onclick=&#8221;link_image&#8221; el_class=&#8221;uk-flex uk-flex-middle zoom&#8221;][\/vc_column_inner][vc_column_inner el_class=&#8221;intro-2-title&#8221; width=&#8221;1\/2&#8243; offset=&#8221;vc_col-xs-12&#8243;][vc_empty_space height=&#8221;50%&#8221; css=&#8221;.vc_custom_1464349383790{background-color: #ffffff !important;}&#8221;][vc_column_text el_class=&#8221;title-white&#8221;] \u00c0 propos de nous [\/vc_column_text][\/vc_column_inner][\/vc_row_inner][\/vc_column][\/vc_row][vc_row el_class=&#8221;padding-fix&#8221;][vc_column offset=&#8221;vc_hidden-lg vc_hidden-md vc_hidden-sm&#8221;][vc_column_text el_class=&#8221;padding-large fill-blue shadow-2 title-white&#8221;] \u00c0 propos&hellip; <a class=\"read-more\" href=\"https:\/\/emltrike.com\/fr\/a-propos-de-nous\/\">Read More<\/a><\/p>\n","protected":false},"author":1,"featured_media":0,"parent":0,"menu_order":0,"comment_status":"closed","ping_status":"closed","template":"default.php","meta":{"_acf_changed":false,"footnotes":""},"class_list":["post-1158","page","type-page","status-publish","hentry"],"acf":[],"yoast_head":"<!-- This site is optimized with the Yoast SEO plugin v27.3 - https:\/\/yoast.com\/product\/yoast-seo-wordpress\/ -->\n<title>\u00c0 propos de nous - EML Trikes &amp; Sidecars<\/title>\n<meta name=\"robots\" content=\"index, follow, max-snippet:-1, max-image-preview:large, max-video-preview:-1\" \/>\n<link rel=\"canonical\" href=\"https:\/\/emltrike.com\/fr\/a-propos-de-nous\/\" \/>\n<meta property=\"og:locale\" content=\"fr_FR\" \/>\n<meta property=\"og:type\" content=\"article\" \/>\n<meta property=\"og:title\" content=\"\u00c0 propos de nous - EML Trikes &amp; Sidecars\" \/>\n<meta property=\"og:description\" content=\"[vc_row full_width=&#8221;stretch_row_content&#8221; css=&#8221;.vc_custom_1464350313924{background-color: #ffffff !important;}&#8221;][vc_column][vc_empty_space height=&#8221;145px&#8221; el_class=&#8221;header-spacer&#8221;][\/vc_column][\/vc_row][vc_row full_width=&#8221;stretch_row&#8221; el_class=&#8221;intro-2&#8243; css=&#8221;.vc_custom_1464803130046{background-image: url(\/wp-content\/uploads\/2016\/05\/eml_background.png?id=220) !important;}&#8221;][vc_column][vc_row_inner el_class=&#8221;uk-flex&#8221;][vc_column_inner el_class=&#8221;uk-flex shadow-2 fill column-fix&#8221; width=&#8221;1\/2&#8243; css=&#8221;.vc_custom_1465904303845{background-position: center !important;background-repeat: no-repeat !important;background-size: cover !important;}&#8221; offset=&#8221;vc_col-xs-12&#8243;][vc_single_image image=&#8221;967&#8243; img_size=&#8221;large&#8221; onclick=&#8221;link_image&#8221; el_class=&#8221;uk-flex uk-flex-middle zoom&#8221;][\/vc_column_inner][vc_column_inner el_class=&#8221;intro-2-title&#8221; width=&#8221;1\/2&#8243; offset=&#8221;vc_col-xs-12&#8243;][vc_empty_space height=&#8221;50%&#8221; css=&#8221;.vc_custom_1464349383790{background-color: #ffffff !important;}&#8221;][vc_column_text el_class=&#8221;title-white&#8221;] \u00c0 propos de nous [\/vc_column_text][\/vc_column_inner][\/vc_row_inner][\/vc_column][\/vc_row][vc_row el_class=&#8221;padding-fix&#8221;][vc_column offset=&#8221;vc_hidden-lg vc_hidden-md vc_hidden-sm&#8221;][vc_column_text el_class=&#8221;padding-large fill-blue shadow-2 title-white&#8221;] \u00c0 propos&hellip; Read More\" \/>\n<meta property=\"og:url\" content=\"https:\/\/emltrike.com\/fr\/a-propos-de-nous\/\" \/>\n<meta property=\"og:site_name\" content=\"EML Trikes &amp; Sidecars\" \/>\n<meta property=\"article:modified_time\" content=\"2018-04-09T12:23:14+00:00\" \/>\n<meta name=\"twitter:card\" content=\"summary_large_image\" \/>\n<meta name=\"twitter:label1\" content=\"Est. reading time\" \/>\n\t<meta name=\"twitter:data1\" content=\"3 minutes\" \/>\n<script type=\"application\/ld+json\" class=\"yoast-schema-graph\">{\"@context\":\"https:\\\/\\\/schema.org\",\"@graph\":[{\"@type\":\"WebPage\",\"@id\":\"https:\\\/\\\/emltrike.com\\\/fr\\\/a-propos-de-nous\\\/\",\"url\":\"https:\\\/\\\/emltrike.com\\\/fr\\\/a-propos-de-nous\\\/\",\"name\":\"\u00c0 propos de nous - EML Trikes &amp; Sidecars\",\"isPartOf\":{\"@id\":\"https:\\\/\\\/emltrike.com\\\/fr\\\/nl\\\/startpagina\\\/#website\"},\"datePublished\":\"2016-06-21T08:34:59+00:00\",\"dateModified\":\"2018-04-09T12:23:14+00:00\",\"breadcrumb\":{\"@id\":\"https:\\\/\\\/emltrike.com\\\/fr\\\/a-propos-de-nous\\\/#breadcrumb\"},\"inLanguage\":\"fr-FR\",\"potentialAction\":[{\"@type\":\"ReadAction\",\"target\":[\"https:\\\/\\\/emltrike.com\\\/fr\\\/a-propos-de-nous\\\/\"]}]},{\"@type\":\"BreadcrumbList\",\"@id\":\"https:\\\/\\\/emltrike.com\\\/fr\\\/a-propos-de-nous\\\/#breadcrumb\",\"itemListElement\":[{\"@type\":\"ListItem\",\"position\":1,\"name\":\"Home\",\"item\":\"https:\\\/\\\/emltrike.com\\\/fr\\\/maison\\\/\"},{\"@type\":\"ListItem\",\"position\":2,\"name\":\"\u00c0 propos de nous\"}]},{\"@type\":\"WebSite\",\"@id\":\"https:\\\/\\\/emltrike.com\\\/fr\\\/nl\\\/startpagina\\\/#website\",\"url\":\"https:\\\/\\\/emltrike.com\\\/fr\\\/nl\\\/startpagina\\\/\",\"name\":\"EML Trikes &amp; Sidecars\",\"description\":\"Performance by Technology\",\"potentialAction\":[{\"@type\":\"SearchAction\",\"target\":{\"@type\":\"EntryPoint\",\"urlTemplate\":\"https:\\\/\\\/emltrike.com\\\/fr\\\/nl\\\/startpagina\\\/?s={search_term_string}\"},\"query-input\":{\"@type\":\"PropertyValueSpecification\",\"valueRequired\":true,\"valueName\":\"search_term_string\"}}],\"inLanguage\":\"fr-FR\"}]}<\/script>\n<!-- \/ Yoast SEO plugin. -->","yoast_head_json":{"title":"\u00c0 propos de nous - EML Trikes &amp; Sidecars","robots":{"index":"index","follow":"follow","max-snippet":"max-snippet:-1","max-image-preview":"max-image-preview:large","max-video-preview":"max-video-preview:-1"},"canonical":"https:\/\/emltrike.com\/fr\/a-propos-de-nous\/","og_locale":"fr_FR","og_type":"article","og_title":"\u00c0 propos de nous - EML Trikes &amp; Sidecars","og_description":"[vc_row full_width=&#8221;stretch_row_content&#8221; css=&#8221;.vc_custom_1464350313924{background-color: #ffffff !important;}&#8221;][vc_column][vc_empty_space height=&#8221;145px&#8221; el_class=&#8221;header-spacer&#8221;][\/vc_column][\/vc_row][vc_row full_width=&#8221;stretch_row&#8221; el_class=&#8221;intro-2&#8243; css=&#8221;.vc_custom_1464803130046{background-image: url(\/wp-content\/uploads\/2016\/05\/eml_background.png?id=220) !important;}&#8221;][vc_column][vc_row_inner el_class=&#8221;uk-flex&#8221;][vc_column_inner el_class=&#8221;uk-flex shadow-2 fill column-fix&#8221; width=&#8221;1\/2&#8243; css=&#8221;.vc_custom_1465904303845{background-position: center !important;background-repeat: no-repeat !important;background-size: cover !important;}&#8221; offset=&#8221;vc_col-xs-12&#8243;][vc_single_image image=&#8221;967&#8243; img_size=&#8221;large&#8221; onclick=&#8221;link_image&#8221; el_class=&#8221;uk-flex uk-flex-middle zoom&#8221;][\/vc_column_inner][vc_column_inner el_class=&#8221;intro-2-title&#8221; width=&#8221;1\/2&#8243; offset=&#8221;vc_col-xs-12&#8243;][vc_empty_space height=&#8221;50%&#8221; css=&#8221;.vc_custom_1464349383790{background-color: #ffffff !important;}&#8221;][vc_column_text el_class=&#8221;title-white&#8221;] \u00c0 propos de nous [\/vc_column_text][\/vc_column_inner][\/vc_row_inner][\/vc_column][\/vc_row][vc_row el_class=&#8221;padding-fix&#8221;][vc_column offset=&#8221;vc_hidden-lg vc_hidden-md vc_hidden-sm&#8221;][vc_column_text el_class=&#8221;padding-large fill-blue shadow-2 title-white&#8221;] \u00c0 propos&hellip; Read More","og_url":"https:\/\/emltrike.com\/fr\/a-propos-de-nous\/","og_site_name":"EML Trikes &amp; Sidecars","article_modified_time":"2018-04-09T12:23:14+00:00","twitter_card":"summary_large_image","twitter_misc":{"Est. reading time":"3 minutes"},"schema":{"@context":"https:\/\/schema.org","@graph":[{"@type":"WebPage","@id":"https:\/\/emltrike.com\/fr\/a-propos-de-nous\/","url":"https:\/\/emltrike.com\/fr\/a-propos-de-nous\/","name":"\u00c0 propos de nous - EML Trikes &amp; Sidecars","isPartOf":{"@id":"https:\/\/emltrike.com\/fr\/nl\/startpagina\/#website"},"datePublished":"2016-06-21T08:34:59+00:00","dateModified":"2018-04-09T12:23:14+00:00","breadcrumb":{"@id":"https:\/\/emltrike.com\/fr\/a-propos-de-nous\/#breadcrumb"},"inLanguage":"fr-FR","potentialAction":[{"@type":"ReadAction","target":["https:\/\/emltrike.com\/fr\/a-propos-de-nous\/"]}]},{"@type":"BreadcrumbList","@id":"https:\/\/emltrike.com\/fr\/a-propos-de-nous\/#breadcrumb","itemListElement":[{"@type":"ListItem","position":1,"name":"Home","item":"https:\/\/emltrike.com\/fr\/maison\/"},{"@type":"ListItem","position":2,"name":"\u00c0 propos de nous"}]},{"@type":"WebSite","@id":"https:\/\/emltrike.com\/fr\/nl\/startpagina\/#website","url":"https:\/\/emltrike.com\/fr\/nl\/startpagina\/","name":"EML Trikes &amp; Sidecars","description":"Performance by Technology","potentialAction":[{"@type":"SearchAction","target":{"@type":"EntryPoint","urlTemplate":"https:\/\/emltrike.com\/fr\/nl\/startpagina\/?s={search_term_string}"},"query-input":{"@type":"PropertyValueSpecification","valueRequired":true,"valueName":"search_term_string"}}],"inLanguage":"fr-FR"}]}},"_links":{"self":[{"href":"https:\/\/emltrike.com\/fr\/wp-json\/wp\/v2\/pages\/1158","targetHints":{"allow":["GET"]}}],"collection":[{"href":"https:\/\/emltrike.com\/fr\/wp-json\/wp\/v2\/pages"}],"about":[{"href":"https:\/\/emltrike.com\/fr\/wp-json\/wp\/v2\/types\/page"}],"author":[{"embeddable":true,"href":"https:\/\/emltrike.com\/fr\/wp-json\/wp\/v2\/users\/1"}],"replies":[{"embeddable":true,"href":"https:\/\/emltrike.com\/fr\/wp-json\/wp\/v2\/comments?post=1158"}],"version-history":[{"count":5,"href":"https:\/\/emltrike.com\/fr\/wp-json\/wp\/v2\/pages\/1158\/revisions"}],"predecessor-version":[{"id":1597,"href":"https:\/\/emltrike.com\/fr\/wp-json\/wp\/v2\/pages\/1158\/revisions\/1597"}],"wp:attachment":[{"href":"https:\/\/emltrike.com\/fr\/wp-json\/wp\/v2\/media?parent=1158"}],"curies":[{"name":"wp","href":"https:\/\/api.w.org\/{rel}","templated":true}]}}