{"id":1449,"date":"2016-07-06T14:14:09","date_gmt":"2016-07-06T12:14:09","guid":{"rendered":"http:\/\/emltrike.com\/?page_id=1449"},"modified":"2018-04-09T14:27:11","modified_gmt":"2018-04-09T12:27:11","slug":"eml-v106","status":"publish","type":"page","link":"https:\/\/emltrike.com\/de\/trikes\/eml-v106\/","title":{"rendered":"EML V106"},"content":{"rendered":"<div class=\"wpb-content-wrapper\"><p>[vc_row full_width=&#8221;stretch_row_content_no_spaces&#8221; css=&#8221;.vc_custom_1464688053669{background-color: #ffffff !important;}&#8221;][vc_column][vc_empty_space height=&#8221;145px&#8221; css=&#8221;.vc_custom_1464795011193{background-color: #ffffff !important;}&#8221; el_class=&#8221;header-spacer&#8221;][\/vc_column][\/vc_row][vc_row full_width=&#8221;stretch_row&#8221; el_class=&#8221;intro-2&#8243; css=&#8221;.vc_custom_1464688227654{background-image: url(\/wp-content\/uploads\/2016\/05\/eml_background.png?id=220) !important;}&#8221;][vc_column][vc_row_inner el_class=&#8221;uk-flex&#8221;][vc_column_inner el_class=&#8221;uk-flex shadow-2 fill&#8221; width=&#8221;1\/2&#8243; css=&#8221;.vc_custom_1464803534916{background-color: #ffffff !important;background-position: center !important;background-repeat: no-repeat !important;background-size: cover !important;}&#8221; offset=&#8221;vc_col-xs-12&#8243;][vc_single_image image=&#8221;721&#8243; img_size=&#8221;large&#8221; alignment=&#8221;center&#8221; onclick=&#8221;link_image&#8221; el_class=&#8221;uk-flex uk-flex-middle zoom&#8221;][\/vc_column_inner][vc_column_inner el_class=&#8221;intro-2-title&#8221; width=&#8221;1\/2&#8243; offset=&#8221;vc_col-xs-12&#8243;][vc_empty_space height=&#8221;50%&#8221;][vc_column_text el_class=&#8221;title-white&#8221;]<\/p>\n<h1>EML V106<small>Trike Umbau f\u00fcr Victory Judge und Boardwalk modelle<\/small><\/h1>\n<p>[\/vc_column_text][\/vc_column_inner][\/vc_row_inner][\/vc_column][\/vc_row][vc_row css=&#8221;.vc_custom_1464703868430{margin-top: 0px !important;margin-right: -15px !important;margin-bottom: 0px !important;margin-left: -15px !important;padding-top: 0px !important;padding-right: 0px !important;padding-bottom: 0px !important;padding-left: 0px !important;}&#8221;][vc_column offset=&#8221;vc_hidden-lg vc_hidden-md vc_hidden-sm&#8221; css=&#8221;.vc_custom_1464703819759{margin: 0px !important;padding: 0px !important;}&#8221;][vc_column_text el_class=&#8221;padding-large fill-blue shadow-2 title-white&#8221;]<\/p>\n<h1>EML V106<small>Trike Umbau f\u00fcr Victory Judge und Boardwalk modelle<\/small><\/h1>\n<p>[\/vc_column_text][vc_single_image image=&#8221;721&#8243; img_size=&#8221;large&#8221; el_class=&#8221;fill shadow-2&#8243; css=&#8221;.vc_custom_1465377282941{margin-top: 0px !important;margin-right: 0px !important;margin-bottom: 0px !important;margin-left: 0px !important;padding-top: 0px !important;padding-right: 0px !important;padding-bottom: 0px !important;padding-left: 0px !important;}&#8221;][\/vc_column][\/vc_row][vc_row el_class=&#8221;margin-bottom&#8221;][vc_column width=&#8221;1\/2&#8243; css=&#8221;.vc_custom_1464796374996{margin-top: 0px !important;margin-bottom: 0px !important;padding-right: 0px !important;padding-left: 0px !important;}&#8221; el_class=&#8221;border-bottom shadow-2 fill padding-large&#8221;][vc_column_text]Auf Basis der Victory Judge und Boarwalk Modelle gibt es von EML jetzt ein sportliches und ein Stilistisches Trike. Der V106 ist dass neueste EML Trike Konzept. Hochwertige Racing Technologie zusammen mit der inselartigen und verschiedenen Styles der Victory Judge und Boardwalk.[\/vc_column_text][\/vc_column][\/vc_row][vc_row][vc_column css=&#8221;.vc_custom_1464688304848{padding-right: 0px !important;padding-left: 0px !important;}&#8221;][vc_custom_heading text=&#8221;Technische Daten&#8221; font_container=&#8221;tag:h3|text_align:left&#8221; use_theme_fonts=&#8221;yes&#8221; el_class=&#8221;product-heading&#8221;][\/vc_column][\/vc_row][vc_row content_placement=&#8221;top&#8221; el_class=&#8221;border-top shadow-2 fill padding-large margin-bottom table-block&#8221;][vc_column width=&#8221;1\/2&#8243; offset=&#8221;vc_col-lg-4 vc_col-md-4 vc_col-xs-12&#8243;][vc_column_text]<\/p>\n<table>\n<tbody>\n<tr>\n<th><strong>Abmessungen<\/strong><\/th>\n<th><\/th>\n<\/tr>\n<tr>\n<td>Lange<\/td>\n<td>2.395 mm<\/td>\n<\/tr>\n<tr>\n<td>Breite<\/td>\n<td>1.292 mm<\/td>\n<\/tr>\n<tr>\n<td>Radstand<\/td>\n<td>1.760 mm<\/td>\n<\/tr>\n<tr>\n<td>Spurbreite<\/td>\n<td>1.028 mm<\/td>\n<\/tr>\n<\/tbody>\n<\/table>\n<p>[\/vc_column_text][\/vc_column][vc_column width=&#8221;1\/2&#8243; offset=&#8221;vc_col-lg-4 vc_col-md-4 vc_col-xs-12&#8243;][vc_column_text]<\/p>\n<table>\n<tbody>\n<tr>\n<th><strong>Gewichte<\/strong><\/th>\n<th><\/th>\n<\/tr>\n<tr>\n<td>Leergewicht<\/td>\n<td>398 Kg<\/td>\n<\/tr>\n<tr>\n<td>Zul\u00e4ssiges Gesamtgewicht<\/td>\n<td>620 Kg<\/td>\n<\/tr>\n<\/tbody>\n<\/table>\n<p>[\/vc_column_text][\/vc_column][vc_column width=&#8221;1\/2&#8243; offset=&#8221;vc_col-lg-4 vc_col-md-4 vc_col-xs-12&#8243;][vc_column_text]<\/p>\n<table>\n<tbody>\n<tr>\n<th><strong>Rader \u00a0<\/strong><\/th>\n<th><\/th>\n<\/tr>\n<tr>\n<td>Vorne<\/td>\n<td>16\u2033<\/td>\n<\/tr>\n<tr>\n<td>Hinten<\/td>\n<td>7Jx16\u2033<\/td>\n<\/tr>\n<\/tbody>\n<\/table>\n<p>[\/vc_column_text][\/vc_column][\/vc_row][vc_row][vc_column css=&#8221;.vc_custom_1464688320331{padding-right: 0px !important;padding-left: 0px !important;}&#8221;][vc_custom_heading text=&#8221;Standard Ausstattung&#8221; font_container=&#8221;tag:h3|text_align:left&#8221; use_theme_fonts=&#8221;yes&#8221; el_class=&#8221;product-heading&#8221;][\/vc_column][\/vc_row][vc_row el_class=&#8221;border-top shadow-2 padding-large fill margin-bottom&#8221;][vc_column css=&#8221;.vc_custom_1464689159491{padding: 0px !important;}&#8221;][vc_column_text el_class=&#8221;margin-bottom&#8221;]EML bringt Ihnen hiermit ein Erlebnis auf drei R\u00e4dern. Moderner Bremstechnologie, gereckte Vorderrad- F\u00fchrung und dass in der V3 bewahrtes Stabilisator Konzept sorgen f\u00fcr optimales Fahrverhalten und endlosen Spa\u00df.\u00a0Ein EML V106 Trike darf man mit \u201cPKW-F\u00fchrerschein\u201d fahren. Nur wenn Sie Ihren Fuhrerschein vor den 18-2-2013 erhalten haben.[\/vc_column_text][vc_column_text el_class=&#8221;features&#8221;]<\/p>\n<ul>\n<li>Unabh\u00e4ngige Federung hinten, aus hochwertigem Material<\/li>\n<li>Aluminium Differential mit Riemenantrieb<\/li>\n<li>R\u00fcckw\u00e4rtsgang (Mechanisch) im Differential integriert<\/li>\n<li>Kurvenstabilisator-System<\/li>\n<li>Im Differential integrierte Feststellbremse<\/li>\n<li>4 Kolben Radialbremszange hinten<\/li>\n<li>Gabelbr\u00fcckensatz (Nachlauf Verk\u00fcrzung)<\/li>\n<li>Aluminium-Design Hinterr\u00e4der mit Breitreifen (Boardwalk ist mit Drahtspeichenrader)<\/li>\n<li>Aluminium-Design R\u00fccklichter (Nicht bei Boardwalk)<\/li>\n<\/ul>\n<p>[\/vc_column_text][\/vc_column][\/vc_row][vc_row][vc_column css=&#8221;.vc_custom_1464688325460{padding-right: 0px !important;padding-left: 0px !important;}&#8221;][vc_custom_heading text=&#8221;Zubeh\u00f6r&#8221; font_container=&#8221;tag:h3|text_align:left&#8221; use_theme_fonts=&#8221;yes&#8221; el_class=&#8221;product-heading&#8221;][\/vc_column][\/vc_row][vc_row el_class=&#8221;border-top shadow-2 padding-large fill margin-bottom&#8221;][vc_column css=&#8221;.vc_custom_1464689504837{margin: 0px !important;padding: 0px !important;}&#8221;][vc_column_text el_class=&#8221;options&#8221;]<\/p>\n<ul>\n<li>Kofferraum mit Deckel und Verrieglung<\/li>\n<li>Top Koffer mit Luxus R\u00fcckenlehne f\u00fcr den Beifahrer<\/li>\n<li>Foot Wings in Schwarz oder Chrom<\/li>\n<li>Speichen R\u00e4der hinten (Bei Boardwalk Standard)met afsluitbaar deksel (95L)<\/li>\n<\/ul>\n<p>[\/vc_column_text][\/vc_column][\/vc_row][vc_row][vc_column css=&#8221;.vc_custom_1464688330988{padding-right: 0px !important;padding-left: 0px !important;}&#8221;][vc_custom_heading text=&#8221;Foto-Galerie&#8221; font_container=&#8221;tag:h3|text_align:left&#8221; use_theme_fonts=&#8221;yes&#8221; el_class=&#8221;product-heading&#8221;][\/vc_column][\/vc_row][vc_row el_class=&#8221;border-top shadow-2 padding-large fill margin-bottom&#8221;][vc_column css=&#8221;.vc_custom_1464696391453{margin-top: 0px !important;margin-right: 0px !important;margin-bottom: 0px !important;margin-left: 0px !important;padding-top: 0px !important;padding-right: 0px !important;padding-bottom: 0px !important;padding-left: 0px !important;}&#8221; el_class=&#8221;zoom&#8221;][vc_media_grid element_width=&#8221;3&#8243; gap=&#8221;25&#8243; item=&#8221;mediaGrid_SlideInTitle&#8221; grid_id=&#8221;vc_gid:1467880515010-d1ea8750-eb9a-9&#8243; include=&#8221;707,708,709,710,711,712,713,714,715,716,717,718,719,720,721,722,723,724&#8243;][\/vc_column][\/vc_row]<\/p>\n<\/div>","protected":false},"excerpt":{"rendered":"<p>[vc_row full_width=&#8221;stretch_row_content_no_spaces&#8221; css=&#8221;.vc_custom_1464688053669{background-color: #ffffff !important;}&#8221;][vc_column][vc_empty_space height=&#8221;145px&#8221; css=&#8221;.vc_custom_1464795011193{background-color: #ffffff !important;}&#8221; el_class=&#8221;header-spacer&#8221;][\/vc_column][\/vc_row][vc_row full_width=&#8221;stretch_row&#8221; el_class=&#8221;intro-2&#8243; css=&#8221;.vc_custom_1464688227654{background-image: url(\/wp-content\/uploads\/2016\/05\/eml_background.png?id=220) !important;}&#8221;][vc_column][vc_row_inner el_class=&#8221;uk-flex&#8221;][vc_column_inner el_class=&#8221;uk-flex shadow-2 fill&#8221; width=&#8221;1\/2&#8243; css=&#8221;.vc_custom_1464803534916{background-color: #ffffff !important;background-position: center !important;background-repeat: no-repeat !important;background-size: cover !important;}&#8221; offset=&#8221;vc_col-xs-12&#8243;][vc_single_image image=&#8221;721&#8243; img_size=&#8221;large&#8221; alignment=&#8221;center&#8221; onclick=&#8221;link_image&#8221; el_class=&#8221;uk-flex uk-flex-middle zoom&#8221;][\/vc_column_inner][vc_column_inner el_class=&#8221;intro-2-title&#8221; width=&#8221;1\/2&#8243; offset=&#8221;vc_col-xs-12&#8243;][vc_empty_space height=&#8221;50%&#8221;][vc_column_text el_class=&#8221;title-white&#8221;] EML V106Trike Umbau f\u00fcr Victory Judge und Boardwalk modelle [\/vc_column_text][\/vc_column_inner][\/vc_row_inner][\/vc_column][\/vc_row][vc_row css=&#8221;.vc_custom_1464703868430{margin-top: 0px !important;margin-right:&hellip; <a class=\"read-more\" href=\"https:\/\/emltrike.com\/de\/trikes\/eml-v106\/\">Read More<\/a><\/p>\n","protected":false},"author":1,"featured_media":0,"parent":1344,"menu_order":0,"comment_status":"closed","ping_status":"closed","template":"default.php","meta":{"_acf_changed":false,"footnotes":""},"class_list":["post-1449","page","type-page","status-publish","hentry"],"acf":[],"yoast_head":"<!-- This site is optimized with the Yoast SEO plugin v27.3 - https:\/\/yoast.com\/product\/yoast-seo-wordpress\/ -->\n<title>EML V106 - EML Trikes &amp; Sidecars<\/title>\n<meta name=\"robots\" content=\"index, follow, max-snippet:-1, max-image-preview:large, max-video-preview:-1\" \/>\n<link rel=\"canonical\" href=\"https:\/\/emltrike.com\/de\/trikes\/eml-v106\/\" \/>\n<meta property=\"og:locale\" content=\"de_DE\" \/>\n<meta property=\"og:type\" content=\"article\" \/>\n<meta property=\"og:title\" content=\"EML V106 - EML Trikes &amp; Sidecars\" \/>\n<meta property=\"og:description\" content=\"[vc_row full_width=&#8221;stretch_row_content_no_spaces&#8221; css=&#8221;.vc_custom_1464688053669{background-color: #ffffff !important;}&#8221;][vc_column][vc_empty_space height=&#8221;145px&#8221; css=&#8221;.vc_custom_1464795011193{background-color: #ffffff !important;}&#8221; el_class=&#8221;header-spacer&#8221;][\/vc_column][\/vc_row][vc_row full_width=&#8221;stretch_row&#8221; el_class=&#8221;intro-2&#8243; css=&#8221;.vc_custom_1464688227654{background-image: url(\/wp-content\/uploads\/2016\/05\/eml_background.png?id=220) !important;}&#8221;][vc_column][vc_row_inner el_class=&#8221;uk-flex&#8221;][vc_column_inner el_class=&#8221;uk-flex shadow-2 fill&#8221; width=&#8221;1\/2&#8243; css=&#8221;.vc_custom_1464803534916{background-color: #ffffff !important;background-position: center !important;background-repeat: no-repeat !important;background-size: cover !important;}&#8221; offset=&#8221;vc_col-xs-12&#8243;][vc_single_image image=&#8221;721&#8243; img_size=&#8221;large&#8221; alignment=&#8221;center&#8221; onclick=&#8221;link_image&#8221; el_class=&#8221;uk-flex uk-flex-middle zoom&#8221;][\/vc_column_inner][vc_column_inner el_class=&#8221;intro-2-title&#8221; width=&#8221;1\/2&#8243; offset=&#8221;vc_col-xs-12&#8243;][vc_empty_space height=&#8221;50%&#8221;][vc_column_text el_class=&#8221;title-white&#8221;] EML V106Trike Umbau f\u00fcr Victory Judge und Boardwalk modelle [\/vc_column_text][\/vc_column_inner][\/vc_row_inner][\/vc_column][\/vc_row][vc_row css=&#8221;.vc_custom_1464703868430{margin-top: 0px !important;margin-right:&hellip; Read More\" \/>\n<meta property=\"og:url\" content=\"https:\/\/emltrike.com\/de\/trikes\/eml-v106\/\" \/>\n<meta property=\"og:site_name\" content=\"EML Trikes &amp; Sidecars\" \/>\n<meta property=\"article:modified_time\" content=\"2018-04-09T12:27:11+00:00\" \/>\n<meta name=\"twitter:card\" content=\"summary_large_image\" \/>\n<meta name=\"twitter:label1\" content=\"Est. reading time\" \/>\n\t<meta name=\"twitter:data1\" content=\"4 minutes\" \/>\n<script type=\"application\/ld+json\" class=\"yoast-schema-graph\">{\"@context\":\"https:\\\/\\\/schema.org\",\"@graph\":[{\"@type\":\"WebPage\",\"@id\":\"https:\\\/\\\/emltrike.com\\\/de\\\/trikes\\\/eml-v106\\\/\",\"url\":\"https:\\\/\\\/emltrike.com\\\/de\\\/trikes\\\/eml-v106\\\/\",\"name\":\"EML V106 - EML Trikes &amp; Sidecars\",\"isPartOf\":{\"@id\":\"https:\\\/\\\/emltrike.com\\\/de\\\/nl\\\/startpagina\\\/#website\"},\"datePublished\":\"2016-07-06T12:14:09+00:00\",\"dateModified\":\"2018-04-09T12:27:11+00:00\",\"breadcrumb\":{\"@id\":\"https:\\\/\\\/emltrike.com\\\/de\\\/trikes\\\/eml-v106\\\/#breadcrumb\"},\"inLanguage\":\"de-DE\",\"potentialAction\":[{\"@type\":\"ReadAction\",\"target\":[\"https:\\\/\\\/emltrike.com\\\/de\\\/trikes\\\/eml-v106\\\/\"]}]},{\"@type\":\"BreadcrumbList\",\"@id\":\"https:\\\/\\\/emltrike.com\\\/de\\\/trikes\\\/eml-v106\\\/#breadcrumb\",\"itemListElement\":[{\"@type\":\"ListItem\",\"position\":1,\"name\":\"Home\",\"item\":\"https:\\\/\\\/emltrike.com\\\/de\\\/start\\\/\"},{\"@type\":\"ListItem\",\"position\":2,\"name\":\"Trikes\",\"item\":\"https:\\\/\\\/emltrike.com\\\/de\\\/trikes\\\/\"},{\"@type\":\"ListItem\",\"position\":3,\"name\":\"EML V106\"}]},{\"@type\":\"WebSite\",\"@id\":\"https:\\\/\\\/emltrike.com\\\/de\\\/nl\\\/startpagina\\\/#website\",\"url\":\"https:\\\/\\\/emltrike.com\\\/de\\\/nl\\\/startpagina\\\/\",\"name\":\"EML Trikes &amp; Sidecars\",\"description\":\"Performance by Technology\",\"potentialAction\":[{\"@type\":\"SearchAction\",\"target\":{\"@type\":\"EntryPoint\",\"urlTemplate\":\"https:\\\/\\\/emltrike.com\\\/de\\\/nl\\\/startpagina\\\/?s={search_term_string}\"},\"query-input\":{\"@type\":\"PropertyValueSpecification\",\"valueRequired\":true,\"valueName\":\"search_term_string\"}}],\"inLanguage\":\"de-DE\"}]}<\/script>\n<!-- \/ Yoast SEO plugin. -->","yoast_head_json":{"title":"EML V106 - EML Trikes &amp; Sidecars","robots":{"index":"index","follow":"follow","max-snippet":"max-snippet:-1","max-image-preview":"max-image-preview:large","max-video-preview":"max-video-preview:-1"},"canonical":"https:\/\/emltrike.com\/de\/trikes\/eml-v106\/","og_locale":"de_DE","og_type":"article","og_title":"EML V106 - EML Trikes &amp; Sidecars","og_description":"[vc_row full_width=&#8221;stretch_row_content_no_spaces&#8221; css=&#8221;.vc_custom_1464688053669{background-color: #ffffff !important;}&#8221;][vc_column][vc_empty_space height=&#8221;145px&#8221; css=&#8221;.vc_custom_1464795011193{background-color: #ffffff !important;}&#8221; el_class=&#8221;header-spacer&#8221;][\/vc_column][\/vc_row][vc_row full_width=&#8221;stretch_row&#8221; el_class=&#8221;intro-2&#8243; css=&#8221;.vc_custom_1464688227654{background-image: url(\/wp-content\/uploads\/2016\/05\/eml_background.png?id=220) !important;}&#8221;][vc_column][vc_row_inner el_class=&#8221;uk-flex&#8221;][vc_column_inner el_class=&#8221;uk-flex shadow-2 fill&#8221; width=&#8221;1\/2&#8243; css=&#8221;.vc_custom_1464803534916{background-color: #ffffff !important;background-position: center !important;background-repeat: no-repeat !important;background-size: cover !important;}&#8221; offset=&#8221;vc_col-xs-12&#8243;][vc_single_image image=&#8221;721&#8243; img_size=&#8221;large&#8221; alignment=&#8221;center&#8221; onclick=&#8221;link_image&#8221; el_class=&#8221;uk-flex uk-flex-middle zoom&#8221;][\/vc_column_inner][vc_column_inner el_class=&#8221;intro-2-title&#8221; width=&#8221;1\/2&#8243; offset=&#8221;vc_col-xs-12&#8243;][vc_empty_space height=&#8221;50%&#8221;][vc_column_text el_class=&#8221;title-white&#8221;] EML V106Trike Umbau f\u00fcr Victory Judge und Boardwalk modelle [\/vc_column_text][\/vc_column_inner][\/vc_row_inner][\/vc_column][\/vc_row][vc_row css=&#8221;.vc_custom_1464703868430{margin-top: 0px !important;margin-right:&hellip; Read More","og_url":"https:\/\/emltrike.com\/de\/trikes\/eml-v106\/","og_site_name":"EML Trikes &amp; Sidecars","article_modified_time":"2018-04-09T12:27:11+00:00","twitter_card":"summary_large_image","twitter_misc":{"Est. reading time":"4 minutes"},"schema":{"@context":"https:\/\/schema.org","@graph":[{"@type":"WebPage","@id":"https:\/\/emltrike.com\/de\/trikes\/eml-v106\/","url":"https:\/\/emltrike.com\/de\/trikes\/eml-v106\/","name":"EML V106 - EML Trikes &amp; Sidecars","isPartOf":{"@id":"https:\/\/emltrike.com\/de\/nl\/startpagina\/#website"},"datePublished":"2016-07-06T12:14:09+00:00","dateModified":"2018-04-09T12:27:11+00:00","breadcrumb":{"@id":"https:\/\/emltrike.com\/de\/trikes\/eml-v106\/#breadcrumb"},"inLanguage":"de-DE","potentialAction":[{"@type":"ReadAction","target":["https:\/\/emltrike.com\/de\/trikes\/eml-v106\/"]}]},{"@type":"BreadcrumbList","@id":"https:\/\/emltrike.com\/de\/trikes\/eml-v106\/#breadcrumb","itemListElement":[{"@type":"ListItem","position":1,"name":"Home","item":"https:\/\/emltrike.com\/de\/start\/"},{"@type":"ListItem","position":2,"name":"Trikes","item":"https:\/\/emltrike.com\/de\/trikes\/"},{"@type":"ListItem","position":3,"name":"EML V106"}]},{"@type":"WebSite","@id":"https:\/\/emltrike.com\/de\/nl\/startpagina\/#website","url":"https:\/\/emltrike.com\/de\/nl\/startpagina\/","name":"EML Trikes &amp; Sidecars","description":"Performance by Technology","potentialAction":[{"@type":"SearchAction","target":{"@type":"EntryPoint","urlTemplate":"https:\/\/emltrike.com\/de\/nl\/startpagina\/?s={search_term_string}"},"query-input":{"@type":"PropertyValueSpecification","valueRequired":true,"valueName":"search_term_string"}}],"inLanguage":"de-DE"}]}},"_links":{"self":[{"href":"https:\/\/emltrike.com\/de\/wp-json\/wp\/v2\/pages\/1449","targetHints":{"allow":["GET"]}}],"collection":[{"href":"https:\/\/emltrike.com\/de\/wp-json\/wp\/v2\/pages"}],"about":[{"href":"https:\/\/emltrike.com\/de\/wp-json\/wp\/v2\/types\/page"}],"author":[{"embeddable":true,"href":"https:\/\/emltrike.com\/de\/wp-json\/wp\/v2\/users\/1"}],"replies":[{"embeddable":true,"href":"https:\/\/emltrike.com\/de\/wp-json\/wp\/v2\/comments?post=1449"}],"version-history":[{"count":5,"href":"https:\/\/emltrike.com\/de\/wp-json\/wp\/v2\/pages\/1449\/revisions"}],"predecessor-version":[{"id":2521,"href":"https:\/\/emltrike.com\/de\/wp-json\/wp\/v2\/pages\/1449\/revisions\/2521"}],"up":[{"embeddable":true,"href":"https:\/\/emltrike.com\/de\/wp-json\/wp\/v2\/pages\/1344"}],"wp:attachment":[{"href":"https:\/\/emltrike.com\/de\/wp-json\/wp\/v2\/media?parent=1449"}],"curies":[{"name":"wp","href":"https:\/\/api.w.org\/{rel}","templated":true}]}}