{"id":1384,"date":"2016-07-06T12:02:53","date_gmt":"2016-07-06T10:02:53","guid":{"rendered":"http:\/\/emltrike.com\/?page_id=1384"},"modified":"2018-04-09T16:56:25","modified_gmt":"2018-04-09T14:56:25","slug":"martinique-xgt","status":"publish","type":"page","link":"https:\/\/emltrike.com\/de\/trikes\/martinique-xgt\/","title":{"rendered":"Martinique XGT"},"content":{"rendered":"<div class=\"wpb-content-wrapper\"><p>[vc_row full_width=&#8221;stretch_row_content_no_spaces&#8221; css=&#8221;.vc_custom_1464688053669{background-color: #ffffff !important;}&#8221;][vc_column][vc_empty_space height=&#8221;145px&#8221; css=&#8221;.vc_custom_1464795011193{background-color: #ffffff !important;}&#8221; el_class=&#8221;header-spacer&#8221;][\/vc_column][\/vc_row][vc_row full_width=&#8221;stretch_row&#8221; el_class=&#8221;intro-2&#8243; css=&#8221;.vc_custom_1464688227654{background-image: url(\/wp-content\/uploads\/2016\/05\/eml_background.png?id=220) !important;}&#8221;][vc_column][vc_row_inner el_class=&#8221;uk-flex&#8221;][vc_column_inner el_class=&#8221;uk-flex shadow-2 fill&#8221; width=&#8221;1\/2&#8243; css=&#8221;.vc_custom_1464803534916{background-color: #ffffff !important;background-position: center !important;background-repeat: no-repeat !important;background-size: cover !important;}&#8221; offset=&#8221;vc_col-xs-12&#8243;][vc_single_image image=&#8221;2561&#8243; img_size=&#8221;large&#8221; alignment=&#8221;center&#8221; onclick=&#8221;link_image&#8221; el_class=&#8221;uk-flex uk-flex-middle zoom&#8221;][\/vc_column_inner][vc_column_inner el_class=&#8221;intro-2-title&#8221; width=&#8221;1\/2&#8243; offset=&#8221;vc_col-xs-12&#8243;][vc_empty_space height=&#8221;50%&#8221;][vc_column_text el_class=&#8221;title-white&#8221;]<\/p>\n<h1>Martinique XGT <small>Das ultimative Motortrike<\/small><\/h1>\n<p>[\/vc_column_text][\/vc_column_inner][\/vc_row_inner][\/vc_column][\/vc_row][vc_row css=&#8221;.vc_custom_1464703868430{margin-top: 0px !important;margin-right: -15px !important;margin-bottom: 0px !important;margin-left: -15px !important;padding-top: 0px !important;padding-right: 0px !important;padding-bottom: 0px !important;padding-left: 0px !important;}&#8221;][vc_column offset=&#8221;vc_hidden-lg vc_hidden-md vc_hidden-sm&#8221; css=&#8221;.vc_custom_1464703819759{margin: 0px !important;padding: 0px !important;}&#8221;][vc_column_text el_class=&#8221;padding-large fill-blue shadow-2 title-white&#8221;]<\/p>\n<h1>Martinique XGT <small>Das ultimative Motortrike<\/small><\/h1>\n<p>[\/vc_column_text][vc_single_image image=&#8221;2561&#8243; img_size=&#8221;large&#8221; el_class=&#8221;fill shadow-2&#8243; css=&#8221;.vc_custom_1523284668329{margin-top: 0px !important;margin-right: 0px !important;margin-bottom: 0px !important;margin-left: 0px !important;padding-top: 0px !important;padding-right: 0px !important;padding-bottom: 0px !important;padding-left: 0px !important;}&#8221;][\/vc_column][\/vc_row][vc_row el_class=&#8221;margin-bottom&#8221;][vc_column width=&#8221;1\/2&#8243; css=&#8221;.vc_custom_1464796374996{margin-top: 0px !important;margin-bottom: 0px !important;padding-right: 0px !important;padding-left: 0px !important;}&#8221; el_class=&#8221;border-bottom shadow-2 fill padding-large&#8221;][vc_column_text]<span lang=\"DE\">Das EML Martinique Motortrike wurde einem gro\u00dfen Update unterzogen. Jetzt noch besseres Handling und mehr Komfort dank der neuen EML X-Line Einzelradaufh\u00e4ngung. Die gewohnte Qualit\u00e4t ist konkurrenzlos, das Design ist extrem vielseitig: exklusiv, sportlich, aggressiv und stilvoll. <\/span>[\/vc_column_text][\/vc_column][\/vc_row][vc_row][vc_column css=&#8221;.vc_custom_1464688304848{padding-right: 0px !important;padding-left: 0px !important;}&#8221;][vc_custom_heading text=&#8221;Technische daten&#8221; font_container=&#8221;tag:h3|text_align:left&#8221; use_theme_fonts=&#8221;yes&#8221; el_class=&#8221;product-heading&#8221;][\/vc_column][\/vc_row][vc_row content_placement=&#8221;top&#8221; el_class=&#8221;border-top shadow-2 fill padding-large margin-bottom table-block&#8221;][vc_column width=&#8221;1\/2&#8243; offset=&#8221;vc_col-lg-4 vc_col-md-4 vc_col-xs-12&#8243;][vc_column_text]<\/p>\n<table>\n<tbody>\n<tr>\n<th><strong>Ma\u00dfe und Gewichte<\/strong><\/th>\n<th><\/th>\n<\/tr>\n<tr>\n<td>L\u00e4nge<\/td>\n<td>2.780 mm<\/td>\n<\/tr>\n<tr>\n<td>Breite<\/td>\n<td>1.370 mm<\/td>\n<\/tr>\n<tr>\n<td>H\u00f6he<\/td>\n<td>1.440 mm<\/td>\n<\/tr>\n<tr>\n<td>Bodenfreiheit<\/td>\n<td>150 mm<\/td>\n<\/tr>\n<tr>\n<td>Spurbreite<\/td>\n<td>1.100 mm<\/td>\n<\/tr>\n<tr>\n<td>Radstand<\/td>\n<td>1.790 mm<\/td>\n<\/tr>\n<tr>\n<td>Kofferrauminhalt<\/td>\n<td>145 liter(ohne oberen Kofferraum)<\/td>\n<\/tr>\n<\/tbody>\n<\/table>\n<p>[\/vc_column_text][\/vc_column][vc_column width=&#8221;1\/2&#8243; offset=&#8221;vc_col-lg-4 vc_col-md-4 vc_col-xs-12&#8243;][vc_column_text]<\/p>\n<table>\n<tbody>\n<tr>\n<th>Gewicht<\/th>\n<th><\/th>\n<\/tr>\n<tr>\n<td>Leergewicht<\/td>\n<td>486 Kg<\/td>\n<\/tr>\n<tr>\n<td>Zul. Gesamtgewicht<\/td>\n<td>713 Kg<\/td>\n<\/tr>\n<\/tbody>\n<\/table>\n<p>[\/vc_column_text][\/vc_column][vc_column width=&#8221;1\/2&#8243; offset=&#8221;vc_col-lg-4 vc_col-md-4 vc_col-xs-12&#8243;][vc_column_text]<\/p>\n<table>\n<tbody>\n<tr>\n<th>Bremsen<\/th>\n<th><\/th>\n<\/tr>\n<tr>\n<td>Vorne<\/td>\n<td>14\u201d EML<\/td>\n<\/tr>\n<tr>\n<td>Hinten<\/td>\n<td>18\u201d Aluminium\u00a0Sportfelgen<\/td>\n<\/tr>\n<\/tbody>\n<\/table>\n<p>[\/vc_column_text][\/vc_column][\/vc_row][vc_row][vc_column css=&#8221;.vc_custom_1464688320331{padding-right: 0px !important;padding-left: 0px !important;}&#8221;][vc_custom_heading text=&#8221;Beschreibung&#8221; font_container=&#8221;tag:h3|text_align:left&#8221; use_theme_fonts=&#8221;yes&#8221; el_class=&#8221;product-heading&#8221;][\/vc_column][\/vc_row][vc_row el_class=&#8221;border-top shadow-2 padding-large fill margin-bottom&#8221;][vc_column css=&#8221;.vc_custom_1464689159491{padding: 0px !important;}&#8221;][vc_column_text el_class=&#8221;margin-bottom&#8221;]<span lang=\"DE\">Speziell f\u00fcr den Gold Wing GL 1800 Trike Umbau hat EML die X-Line Radaufh\u00e4ngung und Federung entwickelt. Die neue Modellreihe nennt sich jetzt XGT. Die X-f\u00f6rmige Einzelradaufh\u00e4ngung (X-Line) sorgt zusammen mit dem Stabilisator System f\u00fcr eine beispiellose Fahrleistung. Die neue Generation der EML Gasdruck Sto\u00dfd\u00e4mpfer sorgt f\u00fcr die richtige Ausrichtung des Ganzen. Aus den beiden genannten Komponenten ergibt sich ein sehr hoher Fahrkomfort und\u00a0 eine super Stabilit\u00e4t beim Abbiegen. Des weiteren minimiert das X-Line System das Neigen bei Kurvenfahrten. Wie auch beim Vorg\u00e4ngermodel (GT) kann die Hinterradfederung \u00fcber das bordeigene System (Pre-Load) eingestellt werden. F\u00fcr die Vorderradf\u00fchrung wird weiterhin die bew\u00e4hrte Extensodive Gabel verwendet, die nun aber auch mit den neuen EML Gasdruck-d\u00e4mpfern ausgestattet ist und somit ein verbessertes Fahrverhalten und mehr Komfort bietet.<\/span><\/p>\n<p><span lang=\"DE\">Auch optisch wurde das Fahrzeug durch einen neuen sportlichen, robusten, stylischen,<\/span><\/p>\n<p><span lang=\"DE\">exklusiven Look aufgewertet. Die Footwings sind jetzt so ausgelegt das man auf ihnen stehen kann und mehr Platz f\u00fcr die F\u00fc\u00dfe des Fahrers vorhanden ist.<\/span><\/p>\n<p><span lang=\"DE\">Mit einem EML Martinique XGT Trike zieht man alle Blicke auf sich.<\/span>[\/vc_column_text][vc_column_text el_class=&#8221;features&#8221;]<\/p>\n<ul>\n<li>Unabhangige X-Line Radaufhangung<\/li>\n<li>Feststellbremse VA-Stahl Bremsleitungen<\/li>\n<li>18\u201c Aluminium Hinterr\u00e4der mit niederquerschnitt Bereifung<\/li>\n<li>Scheibenbremsen hinten Klarglas-Chrom R\u00fccklichter<\/li>\n<li>ExtensoDive Vordergabel mit 14\u201d EML Rad<\/li>\n<li>Lenkungsd\u00e4mpfer<\/li>\n<li>Untere Heckspoiler<\/li>\n<li>Black Line moglichkeit<\/li>\n<\/ul>\n<p>[\/vc_column_text][vc_column_text el_class=&#8221;margin-bottom&#8221;]\u00c4nderungen und Druckfehler vorbehalten.[\/vc_column_text][\/vc_column][\/vc_row][vc_row][vc_column css=&#8221;.vc_custom_1464688325460{padding-right: 0px !important;padding-left: 0px !important;}&#8221;][vc_custom_heading text=&#8221;Zubehor&#8221; font_container=&#8221;tag:h3|text_align:left&#8221; use_theme_fonts=&#8221;yes&#8221; el_class=&#8221;product-heading&#8221;][\/vc_column][\/vc_row][vc_row el_class=&#8221;border-top shadow-2 padding-large fill margin-bottom&#8221;][vc_column css=&#8221;.vc_custom_1464689504837{margin: 0px !important;padding: 0px !important;}&#8221;][vc_column_text el_class=&#8221;options&#8221;]<\/p>\n<ul>\n<li>Footwings<\/li>\n<li>Anhangekupplung<\/li>\n<\/ul>\n<p>[\/vc_column_text][\/vc_column][\/vc_row][vc_row][vc_column css=&#8221;.vc_custom_1464688330988{padding-right: 0px !important;padding-left: 0px !important;}&#8221;][vc_custom_heading text=&#8221;Foto-Galerie&#8221; font_container=&#8221;tag:h3|text_align:left&#8221; use_theme_fonts=&#8221;yes&#8221; el_class=&#8221;product-heading&#8221;][\/vc_column][\/vc_row][vc_row el_class=&#8221;border-top shadow-2 padding-large fill margin-bottom&#8221;][vc_column css=&#8221;.vc_custom_1464696391453{margin-top: 0px !important;margin-right: 0px !important;margin-bottom: 0px !important;margin-left: 0px !important;padding-top: 0px !important;padding-right: 0px !important;padding-bottom: 0px !important;padding-left: 0px !important;}&#8221; el_class=&#8221;zoom&#8221;][vc_media_grid element_width=&#8221;3&#8243; gap=&#8221;25&#8243; item=&#8221;mediaGrid_SlideInTitle&#8221; grid_id=&#8221;vc_gid:1523285737316-a628bcc6-c761-3&#8243; include=&#8221;2559,2558,2557,2556,2555,2560&#8243;][\/vc_column][\/vc_row]<\/p>\n<\/div>","protected":false},"excerpt":{"rendered":"<p>[vc_row full_width=&#8221;stretch_row_content_no_spaces&#8221; css=&#8221;.vc_custom_1464688053669{background-color: #ffffff !important;}&#8221;][vc_column][vc_empty_space height=&#8221;145px&#8221; css=&#8221;.vc_custom_1464795011193{background-color: #ffffff !important;}&#8221; el_class=&#8221;header-spacer&#8221;][\/vc_column][\/vc_row][vc_row full_width=&#8221;stretch_row&#8221; el_class=&#8221;intro-2&#8243; css=&#8221;.vc_custom_1464688227654{background-image: url(\/wp-content\/uploads\/2016\/05\/eml_background.png?id=220) !important;}&#8221;][vc_column][vc_row_inner el_class=&#8221;uk-flex&#8221;][vc_column_inner el_class=&#8221;uk-flex shadow-2 fill&#8221; width=&#8221;1\/2&#8243; css=&#8221;.vc_custom_1464803534916{background-color: #ffffff !important;background-position: center !important;background-repeat: no-repeat !important;background-size: cover !important;}&#8221; offset=&#8221;vc_col-xs-12&#8243;][vc_single_image image=&#8221;2561&#8243; img_size=&#8221;large&#8221; alignment=&#8221;center&#8221; onclick=&#8221;link_image&#8221; el_class=&#8221;uk-flex uk-flex-middle zoom&#8221;][\/vc_column_inner][vc_column_inner el_class=&#8221;intro-2-title&#8221; width=&#8221;1\/2&#8243; offset=&#8221;vc_col-xs-12&#8243;][vc_empty_space height=&#8221;50%&#8221;][vc_column_text el_class=&#8221;title-white&#8221;] Martinique XGT Das ultimative Motortrike [\/vc_column_text][\/vc_column_inner][\/vc_row_inner][\/vc_column][\/vc_row][vc_row css=&#8221;.vc_custom_1464703868430{margin-top: 0px !important;margin-right: -15px !important;margin-bottom: 0px !important;margin-left:&hellip; <a class=\"read-more\" href=\"https:\/\/emltrike.com\/de\/trikes\/martinique-xgt\/\">Read More<\/a><\/p>\n","protected":false},"author":1,"featured_media":0,"parent":1344,"menu_order":0,"comment_status":"closed","ping_status":"closed","template":"","meta":{"_acf_changed":false,"footnotes":""},"class_list":["post-1384","page","type-page","status-publish","hentry"],"acf":[],"yoast_head":"<!-- This site is optimized with the Yoast SEO plugin v27.3 - https:\/\/yoast.com\/product\/yoast-seo-wordpress\/ -->\n<title>Martinique XGT - EML Trikes &amp; Sidecars<\/title>\n<meta name=\"robots\" content=\"index, follow, max-snippet:-1, max-image-preview:large, max-video-preview:-1\" \/>\n<link rel=\"canonical\" href=\"https:\/\/emltrike.com\/de\/trikes\/martinique-xgt\/\" \/>\n<meta property=\"og:locale\" content=\"de_DE\" \/>\n<meta property=\"og:type\" content=\"article\" \/>\n<meta property=\"og:title\" content=\"Martinique XGT - EML Trikes &amp; Sidecars\" \/>\n<meta property=\"og:description\" content=\"[vc_row full_width=&#8221;stretch_row_content_no_spaces&#8221; css=&#8221;.vc_custom_1464688053669{background-color: #ffffff !important;}&#8221;][vc_column][vc_empty_space height=&#8221;145px&#8221; css=&#8221;.vc_custom_1464795011193{background-color: #ffffff !important;}&#8221; el_class=&#8221;header-spacer&#8221;][\/vc_column][\/vc_row][vc_row full_width=&#8221;stretch_row&#8221; el_class=&#8221;intro-2&#8243; css=&#8221;.vc_custom_1464688227654{background-image: url(\/wp-content\/uploads\/2016\/05\/eml_background.png?id=220) !important;}&#8221;][vc_column][vc_row_inner el_class=&#8221;uk-flex&#8221;][vc_column_inner el_class=&#8221;uk-flex shadow-2 fill&#8221; width=&#8221;1\/2&#8243; css=&#8221;.vc_custom_1464803534916{background-color: #ffffff !important;background-position: center !important;background-repeat: no-repeat !important;background-size: cover !important;}&#8221; offset=&#8221;vc_col-xs-12&#8243;][vc_single_image image=&#8221;2561&#8243; img_size=&#8221;large&#8221; alignment=&#8221;center&#8221; onclick=&#8221;link_image&#8221; el_class=&#8221;uk-flex uk-flex-middle zoom&#8221;][\/vc_column_inner][vc_column_inner el_class=&#8221;intro-2-title&#8221; width=&#8221;1\/2&#8243; offset=&#8221;vc_col-xs-12&#8243;][vc_empty_space height=&#8221;50%&#8221;][vc_column_text el_class=&#8221;title-white&#8221;] Martinique XGT Das ultimative Motortrike [\/vc_column_text][\/vc_column_inner][\/vc_row_inner][\/vc_column][\/vc_row][vc_row css=&#8221;.vc_custom_1464703868430{margin-top: 0px !important;margin-right: -15px !important;margin-bottom: 0px !important;margin-left:&hellip; Read More\" \/>\n<meta property=\"og:url\" content=\"https:\/\/emltrike.com\/de\/trikes\/martinique-xgt\/\" \/>\n<meta property=\"og:site_name\" content=\"EML Trikes &amp; Sidecars\" \/>\n<meta property=\"article:modified_time\" content=\"2018-04-09T14:56:25+00:00\" \/>\n<meta name=\"twitter:card\" content=\"summary_large_image\" \/>\n<meta name=\"twitter:label1\" content=\"Est. reading time\" \/>\n\t<meta name=\"twitter:data1\" content=\"5 minutes\" \/>\n<script type=\"application\/ld+json\" class=\"yoast-schema-graph\">{\"@context\":\"https:\\\/\\\/schema.org\",\"@graph\":[{\"@type\":\"WebPage\",\"@id\":\"https:\\\/\\\/emltrike.com\\\/de\\\/trikes\\\/martinique-xgt\\\/\",\"url\":\"https:\\\/\\\/emltrike.com\\\/de\\\/trikes\\\/martinique-xgt\\\/\",\"name\":\"Martinique XGT - EML Trikes &amp; Sidecars\",\"isPartOf\":{\"@id\":\"https:\\\/\\\/emltrike.com\\\/de\\\/nl\\\/startpagina\\\/#website\"},\"datePublished\":\"2016-07-06T10:02:53+00:00\",\"dateModified\":\"2018-04-09T14:56:25+00:00\",\"breadcrumb\":{\"@id\":\"https:\\\/\\\/emltrike.com\\\/de\\\/trikes\\\/martinique-xgt\\\/#breadcrumb\"},\"inLanguage\":\"de-DE\",\"potentialAction\":[{\"@type\":\"ReadAction\",\"target\":[\"https:\\\/\\\/emltrike.com\\\/de\\\/trikes\\\/martinique-xgt\\\/\"]}]},{\"@type\":\"BreadcrumbList\",\"@id\":\"https:\\\/\\\/emltrike.com\\\/de\\\/trikes\\\/martinique-xgt\\\/#breadcrumb\",\"itemListElement\":[{\"@type\":\"ListItem\",\"position\":1,\"name\":\"Home\",\"item\":\"https:\\\/\\\/emltrike.com\\\/de\\\/start\\\/\"},{\"@type\":\"ListItem\",\"position\":2,\"name\":\"Trikes\",\"item\":\"https:\\\/\\\/emltrike.com\\\/de\\\/trikes\\\/\"},{\"@type\":\"ListItem\",\"position\":3,\"name\":\"Martinique XGT\"}]},{\"@type\":\"WebSite\",\"@id\":\"https:\\\/\\\/emltrike.com\\\/de\\\/nl\\\/startpagina\\\/#website\",\"url\":\"https:\\\/\\\/emltrike.com\\\/de\\\/nl\\\/startpagina\\\/\",\"name\":\"EML Trikes &amp; Sidecars\",\"description\":\"Performance by Technology\",\"potentialAction\":[{\"@type\":\"SearchAction\",\"target\":{\"@type\":\"EntryPoint\",\"urlTemplate\":\"https:\\\/\\\/emltrike.com\\\/de\\\/nl\\\/startpagina\\\/?s={search_term_string}\"},\"query-input\":{\"@type\":\"PropertyValueSpecification\",\"valueRequired\":true,\"valueName\":\"search_term_string\"}}],\"inLanguage\":\"de-DE\"}]}<\/script>\n<!-- \/ Yoast SEO plugin. -->","yoast_head_json":{"title":"Martinique XGT - EML Trikes &amp; Sidecars","robots":{"index":"index","follow":"follow","max-snippet":"max-snippet:-1","max-image-preview":"max-image-preview:large","max-video-preview":"max-video-preview:-1"},"canonical":"https:\/\/emltrike.com\/de\/trikes\/martinique-xgt\/","og_locale":"de_DE","og_type":"article","og_title":"Martinique XGT - EML Trikes &amp; Sidecars","og_description":"[vc_row full_width=&#8221;stretch_row_content_no_spaces&#8221; css=&#8221;.vc_custom_1464688053669{background-color: #ffffff !important;}&#8221;][vc_column][vc_empty_space height=&#8221;145px&#8221; css=&#8221;.vc_custom_1464795011193{background-color: #ffffff !important;}&#8221; el_class=&#8221;header-spacer&#8221;][\/vc_column][\/vc_row][vc_row full_width=&#8221;stretch_row&#8221; el_class=&#8221;intro-2&#8243; css=&#8221;.vc_custom_1464688227654{background-image: url(\/wp-content\/uploads\/2016\/05\/eml_background.png?id=220) !important;}&#8221;][vc_column][vc_row_inner el_class=&#8221;uk-flex&#8221;][vc_column_inner el_class=&#8221;uk-flex shadow-2 fill&#8221; width=&#8221;1\/2&#8243; css=&#8221;.vc_custom_1464803534916{background-color: #ffffff !important;background-position: center !important;background-repeat: no-repeat !important;background-size: cover !important;}&#8221; offset=&#8221;vc_col-xs-12&#8243;][vc_single_image image=&#8221;2561&#8243; img_size=&#8221;large&#8221; alignment=&#8221;center&#8221; onclick=&#8221;link_image&#8221; el_class=&#8221;uk-flex uk-flex-middle zoom&#8221;][\/vc_column_inner][vc_column_inner el_class=&#8221;intro-2-title&#8221; width=&#8221;1\/2&#8243; offset=&#8221;vc_col-xs-12&#8243;][vc_empty_space height=&#8221;50%&#8221;][vc_column_text el_class=&#8221;title-white&#8221;] Martinique XGT Das ultimative Motortrike [\/vc_column_text][\/vc_column_inner][\/vc_row_inner][\/vc_column][\/vc_row][vc_row css=&#8221;.vc_custom_1464703868430{margin-top: 0px !important;margin-right: -15px !important;margin-bottom: 0px !important;margin-left:&hellip; Read More","og_url":"https:\/\/emltrike.com\/de\/trikes\/martinique-xgt\/","og_site_name":"EML Trikes &amp; Sidecars","article_modified_time":"2018-04-09T14:56:25+00:00","twitter_card":"summary_large_image","twitter_misc":{"Est. reading time":"5 minutes"},"schema":{"@context":"https:\/\/schema.org","@graph":[{"@type":"WebPage","@id":"https:\/\/emltrike.com\/de\/trikes\/martinique-xgt\/","url":"https:\/\/emltrike.com\/de\/trikes\/martinique-xgt\/","name":"Martinique XGT - EML Trikes &amp; Sidecars","isPartOf":{"@id":"https:\/\/emltrike.com\/de\/nl\/startpagina\/#website"},"datePublished":"2016-07-06T10:02:53+00:00","dateModified":"2018-04-09T14:56:25+00:00","breadcrumb":{"@id":"https:\/\/emltrike.com\/de\/trikes\/martinique-xgt\/#breadcrumb"},"inLanguage":"de-DE","potentialAction":[{"@type":"ReadAction","target":["https:\/\/emltrike.com\/de\/trikes\/martinique-xgt\/"]}]},{"@type":"BreadcrumbList","@id":"https:\/\/emltrike.com\/de\/trikes\/martinique-xgt\/#breadcrumb","itemListElement":[{"@type":"ListItem","position":1,"name":"Home","item":"https:\/\/emltrike.com\/de\/start\/"},{"@type":"ListItem","position":2,"name":"Trikes","item":"https:\/\/emltrike.com\/de\/trikes\/"},{"@type":"ListItem","position":3,"name":"Martinique XGT"}]},{"@type":"WebSite","@id":"https:\/\/emltrike.com\/de\/nl\/startpagina\/#website","url":"https:\/\/emltrike.com\/de\/nl\/startpagina\/","name":"EML Trikes &amp; Sidecars","description":"Performance by Technology","potentialAction":[{"@type":"SearchAction","target":{"@type":"EntryPoint","urlTemplate":"https:\/\/emltrike.com\/de\/nl\/startpagina\/?s={search_term_string}"},"query-input":{"@type":"PropertyValueSpecification","valueRequired":true,"valueName":"search_term_string"}}],"inLanguage":"de-DE"}]}},"_links":{"self":[{"href":"https:\/\/emltrike.com\/de\/wp-json\/wp\/v2\/pages\/1384","targetHints":{"allow":["GET"]}}],"collection":[{"href":"https:\/\/emltrike.com\/de\/wp-json\/wp\/v2\/pages"}],"about":[{"href":"https:\/\/emltrike.com\/de\/wp-json\/wp\/v2\/types\/page"}],"author":[{"embeddable":true,"href":"https:\/\/emltrike.com\/de\/wp-json\/wp\/v2\/users\/1"}],"replies":[{"embeddable":true,"href":"https:\/\/emltrike.com\/de\/wp-json\/wp\/v2\/comments?post=1384"}],"version-history":[{"count":5,"href":"https:\/\/emltrike.com\/de\/wp-json\/wp\/v2\/pages\/1384\/revisions"}],"predecessor-version":[{"id":2599,"href":"https:\/\/emltrike.com\/de\/wp-json\/wp\/v2\/pages\/1384\/revisions\/2599"}],"up":[{"embeddable":true,"href":"https:\/\/emltrike.com\/de\/wp-json\/wp\/v2\/pages\/1344"}],"wp:attachment":[{"href":"https:\/\/emltrike.com\/de\/wp-json\/wp\/v2\/media?parent=1384"}],"curies":[{"name":"wp","href":"https:\/\/api.w.org\/{rel}","templated":true}]}}