{"id":1378,"date":"2016-07-06T11:48:44","date_gmt":"2016-07-06T09:48:44","guid":{"rendered":"http:\/\/emltrike.com\/?page_id=1378"},"modified":"2018-09-04T21:19:38","modified_gmt":"2018-09-04T19:19:38","slug":"eml-martinique","status":"publish","type":"page","link":"https:\/\/emltrike.com\/de\/trikes\/eml-martinique\/","title":{"rendered":"EML Martinique"},"content":{"rendered":"<div class=\"wpb-content-wrapper\"><p>[vc_row full_width=&#8221;stretch_row_content_no_spaces&#8221; css=&#8221;.vc_custom_1464688053669{background-color: #ffffff !important;}&#8221;][vc_column][vc_empty_space height=&#8221;145px&#8221; css=&#8221;.vc_custom_1464795011193{background-color: #ffffff !important;}&#8221; el_class=&#8221;header-spacer&#8221;][\/vc_column][\/vc_row][vc_row full_width=&#8221;stretch_row&#8221; el_class=&#8221;intro-2&#8243; css=&#8221;.vc_custom_1464688227654{background-image: url(\/wp-content\/uploads\/2016\/05\/eml_background.png?id=220) !important;}&#8221;][vc_column][vc_row_inner el_class=&#8221;uk-flex&#8221;][vc_column_inner el_class=&#8221;uk-flex shadow-2 fill&#8221; width=&#8221;1\/2&#8243; css=&#8221;.vc_custom_1464803534916{background-color: #ffffff !important;background-position: center !important;background-repeat: no-repeat !important;background-size: cover !important;}&#8221; offset=&#8221;vc_col-xs-12&#8243;][vc_single_image image=&#8221;184&#8243; img_size=&#8221;large&#8221; alignment=&#8221;center&#8221; onclick=&#8221;link_image&#8221; el_class=&#8221;uk-flex uk-flex-middle zoom&#8221;][\/vc_column_inner][vc_column_inner el_class=&#8221;intro-2-title&#8221; width=&#8221;1\/2&#8243; offset=&#8221;vc_col-xs-12&#8243;][vc_empty_space height=&#8221;50%&#8221;][vc_column_text el_class=&#8221;title-white&#8221;]<\/p>\n<h1>EML Martinique<small>Trike umbau f\u00fcr Honda GL1800<\/small><\/h1>\n<p>[\/vc_column_text][\/vc_column_inner][\/vc_row_inner][\/vc_column][\/vc_row][vc_row css=&#8221;.vc_custom_1464703868430{margin-top: 0px !important;margin-right: -15px !important;margin-bottom: 0px !important;margin-left: -15px !important;padding-top: 0px !important;padding-right: 0px !important;padding-bottom: 0px !important;padding-left: 0px !important;}&#8221;][vc_column offset=&#8221;vc_hidden-lg vc_hidden-md vc_hidden-sm&#8221; css=&#8221;.vc_custom_1464703819759{margin: 0px !important;padding: 0px !important;}&#8221;][vc_column_text el_class=&#8221;padding-large fill-blue shadow-2 title-white&#8221;]<\/p>\n<h1>EML Martinique<small>Trike umbau f\u00fcr Honda GL1800<\/small><\/h1>\n<p>[\/vc_column_text][vc_single_image image=&#8221;184&#8243; img_size=&#8221;large&#8221; el_class=&#8221;fill shadow-2&#8243; css=&#8221;.vc_custom_1465376000475{margin-top: 0px !important;margin-right: 0px !important;margin-bottom: 0px !important;margin-left: 0px !important;padding-top: 0px !important;padding-right: 0px !important;padding-bottom: 0px !important;padding-left: 0px !important;}&#8221;][\/vc_column][\/vc_row][vc_row el_class=&#8221;margin-bottom&#8221;][vc_column width=&#8221;1\/2&#8243; css=&#8221;.vc_custom_1464796374996{margin-top: 0px !important;margin-bottom: 0px !important;padding-right: 0px !important;padding-left: 0px !important;}&#8221; el_class=&#8221;border-bottom shadow-2 fill padding-large&#8221;][vc_column_text]Diese umbau l\u00e4utet eine neue Zeit im Bezug auf das Fahren mit drei R\u00e4dern ein. Endlich ist es da, das Beste an Komfort und Handling, mit einem exklusiven Design und mit allen vorz\u00fcglichen Eigenschaften.<\/p>\n<p>Ganz wie man m\u00f6chte, ein sportlicher oder aggressiver, aber auf alle F\u00e4lle ein unverwechselbarer edler Style.[\/vc_column_text][\/vc_column][\/vc_row][vc_row][vc_column css=&#8221;.vc_custom_1464688304848{padding-right: 0px !important;padding-left: 0px !important;}&#8221;][vc_custom_heading text=&#8221;Technische daten&#8221; font_container=&#8221;tag:h3|text_align:left&#8221; use_theme_fonts=&#8221;yes&#8221; el_class=&#8221;product-heading&#8221;][\/vc_column][\/vc_row][vc_row content_placement=&#8221;top&#8221; el_class=&#8221;border-top shadow-2 fill padding-large margin-bottom table-block&#8221;][vc_column width=&#8221;1\/2&#8243; offset=&#8221;vc_col-lg-4 vc_col-md-4 vc_col-xs-12&#8243;][vc_column_text]<\/p>\n<table>\n<tbody>\n<tr>\n<th><strong>Maten en Gewichten<\/strong><\/th>\n<th><\/th>\n<\/tr>\n<tr>\n<td>L\u00e4nge<\/td>\n<td>2.780 mm<\/td>\n<\/tr>\n<tr>\n<td>Breite<\/td>\n<td>1.300 mm<\/td>\n<\/tr>\n<tr>\n<td>H\u00f6he<\/td>\n<td>1.440 mm<\/td>\n<\/tr>\n<tr>\n<td>Bodenfreiheit<\/td>\n<td>150 mm<\/td>\n<\/tr>\n<tr>\n<td>Spurbreite<\/td>\n<td>1.100 mm<\/td>\n<\/tr>\n<tr>\n<td>Radstand<\/td>\n<td>1.790 mm<\/td>\n<\/tr>\n<tr>\n<td>Kofferrauminhalt<\/td>\n<td>145 liter (ohne oberen Kofferraum)<\/td>\n<\/tr>\n<\/tbody>\n<\/table>\n<p>[\/vc_column_text][\/vc_column][vc_column width=&#8221;1\/2&#8243; offset=&#8221;vc_col-lg-4 vc_col-md-4 vc_col-xs-12&#8243;][vc_column_text]<\/p>\n<table>\n<tbody>\n<tr>\n<th>Gewicht<\/th>\n<th><\/th>\n<\/tr>\n<tr>\n<td>Leergewicht<\/td>\n<td>486 Kg<\/td>\n<\/tr>\n<tr>\n<td>Zul. Gesamtgewicht<\/td>\n<td>713 Kg<\/td>\n<\/tr>\n<\/tbody>\n<\/table>\n<p>[\/vc_column_text][\/vc_column][vc_column width=&#8221;1\/2&#8243; offset=&#8221;vc_col-lg-4 vc_col-md-4 vc_col-xs-12&#8243;][vc_column_text]<\/p>\n<table>\n<tbody>\n<tr>\n<th><strong>Rader\u00a0<\/strong><\/th>\n<th><\/th>\n<\/tr>\n<tr>\n<td>Vorne<\/td>\n<td>14\u201d EML<\/td>\n<\/tr>\n<tr>\n<td>Hinten<\/td>\n<td>16\u201d Aluminium\u00a0Felgen<\/td>\n<\/tr>\n<\/tbody>\n<\/table>\n<p>[\/vc_column_text][\/vc_column][\/vc_row][vc_row][vc_column css=&#8221;.vc_custom_1464688320331{padding-right: 0px !important;padding-left: 0px !important;}&#8221;][vc_custom_heading text=&#8221;Beschreibung&#8221; font_container=&#8221;tag:h3|text_align:left&#8221; use_theme_fonts=&#8221;yes&#8221; el_class=&#8221;product-heading&#8221;][\/vc_column][\/vc_row][vc_row el_class=&#8221;border-top shadow-2 padding-large fill margin-bottom&#8221;][vc_column css=&#8221;.vc_custom_1464689159491{padding: 0px !important;}&#8221;][vc_column_text el_class=&#8221;margin-bottom&#8221;]Das Martinique stellt alles Bisherige an Komfort und Fahreigenschaften in den Schatten. Sowohl bei flotter Fahrt auf Schnellstra\u00dfen, als auch auf kurzen oder langen Touren, ist das Fahrverhalten faszinierend.Diese Fahreigenschaften sind nur durch die Leichtrohrhinterachse und die bestens bew\u00e4hrte EML ExtensoDive Vordergabel m\u00f6glich. Die Hinterachskonstruktion ist durch Verwendung nahtloser Chrom-Molybd\u00e4n-Stahlrohre sehr leicht. Die Ausgewogenheit zwischen F\u00fchrung und Komfort wird durch die halb-unabh\u00e4ngige Radaufh\u00e4ngung, mit zwei vom Cockpit aus hydraulisch vorspannbaren Sto\u00dfd\u00e4mpfern und dem Torsionssystem garantiert. Die Nachteile von starren- oder Einzelrad-Aufh\u00e4ngungen werden mit dieser Konstruktion egalisiert. Einen weiteren Vorteil bringt diese Konstruktion noch mit sich. Das Kofferraumvolumen erh\u00f6ht sich auf 145 Litern, ohne jegliche Einschr\u00e4nkungen im Design hinnehmen zu m\u00fcssen. W\u00e4hrend der Entwicklung vom Martinique ist an jedes Detail gedacht worden. Und die Standard-Ausr\u00fcstung somit ziemlich komplett.<\/p>\n<p>Die Standard-Ausr\u00fcstung beim Martinique beinhaltet:[\/vc_column_text][vc_column_text el_class=&#8221;features&#8221;]<\/p>\n<div class=\"rt-container\">\n<div id=\"rt-main\" class=\"mb12\">\n<div class=\"rt-container\">\n<div class=\"rt-grid-12 \">\n<div class=\"rt-block\">\n<div id=\"rt-mainbody\">\n<div class=\"component-content\">\n<article class=\"item-page\">\n<div id=\"content_machines_left\">\n<ul>\n<li>Innenraumauskleidung im Gep\u00e4ckraum<\/li>\n<li>Feststellbremse<\/li>\n<li>VA-Stahl Bremsleitungen<\/li>\n<li>Aluminium Hinterr\u00e4der<\/li>\n<li>Scheibenbremsen hinten<\/li>\n<li>Klarglas-Chrom R\u00fccklichter<\/li>\n<li>ExtensoDive Vordergabel mit 14\u201d EML Rad<\/li>\n<li>Lenkungsd\u00e4mpfer<\/li>\n<\/ul>\n<\/div>\n<\/article>\n<\/div>\n<\/div>\n<\/div>\n<\/div>\n<\/div>\n<\/div>\n<\/div>\n<p>[\/vc_column_text][vc_column_text el_class=&#8221;margin-bottom&#8221;]<\/p>\n<div class=\"rt-container\">\n<div id=\"rt-main\" class=\"mb12\">\n<div class=\"rt-container\">\n<div class=\"rt-grid-12 \">\n<div class=\"rt-block\">\n<div id=\"rt-mainbody\">\n<div class=\"component-content\">\n<article class=\"item-page\">\n<div id=\"content_machines_left\">\n<p>\u00c4nderungen und Druckfehler vorbehalten.<\/p>\n<\/div>\n<\/article>\n<\/div>\n<\/div>\n<\/div>\n<\/div>\n<\/div>\n<\/div>\n<\/div>\n<p>[\/vc_column_text][\/vc_column][\/vc_row][vc_row][vc_column css=&#8221;.vc_custom_1464688325460{padding-right: 0px !important;padding-left: 0px !important;}&#8221;][vc_custom_heading text=&#8221;Zubehor&#8221; font_container=&#8221;tag:h3|text_align:left&#8221; use_theme_fonts=&#8221;yes&#8221; el_class=&#8221;product-heading&#8221;][\/vc_column][\/vc_row][vc_row el_class=&#8221;border-top shadow-2 padding-large fill margin-bottom&#8221;][vc_column css=&#8221;.vc_custom_1464689504837{margin: 0px !important;padding: 0px !important;}&#8221;][vc_column_text el_class=&#8221;options&#8221;]<\/p>\n<ul>\n<li>Footwings<\/li>\n<li>Anhangekupplung<\/li>\n<\/ul>\n<p>[\/vc_column_text][\/vc_column][\/vc_row][vc_row][vc_column css=&#8221;.vc_custom_1464688330988{padding-right: 0px !important;padding-left: 0px !important;}&#8221;][vc_custom_heading text=&#8221;Foto-Galerie&#8221; font_container=&#8221;tag:h3|text_align:left&#8221; use_theme_fonts=&#8221;yes&#8221; el_class=&#8221;product-heading&#8221;][\/vc_column][\/vc_row][vc_row el_class=&#8221;border-top shadow-2 padding-large fill margin-bottom&#8221;][vc_column css=&#8221;.vc_custom_1464696391453{margin-top: 0px !important;margin-right: 0px !important;margin-bottom: 0px !important;margin-left: 0px !important;padding-top: 0px !important;padding-right: 0px !important;padding-bottom: 0px !important;padding-left: 0px !important;}&#8221; el_class=&#8221;zoom&#8221;][vc_media_grid element_width=&#8221;3&#8243; gap=&#8221;25&#8243; item=&#8221;mediaGrid_SlideInTitle&#8221; grid_id=&#8221;vc_gid:1536088717670-50fe81c1-059a-7&#8243; include=&#8221;691,692,693,694,695,696,697&#8243;][\/vc_column][\/vc_row]<\/p>\n<\/div>","protected":false},"excerpt":{"rendered":"<p>[vc_row full_width=&#8221;stretch_row_content_no_spaces&#8221; css=&#8221;.vc_custom_1464688053669{background-color: #ffffff !important;}&#8221;][vc_column][vc_empty_space height=&#8221;145px&#8221; css=&#8221;.vc_custom_1464795011193{background-color: #ffffff !important;}&#8221; el_class=&#8221;header-spacer&#8221;][\/vc_column][\/vc_row][vc_row full_width=&#8221;stretch_row&#8221; el_class=&#8221;intro-2&#8243; css=&#8221;.vc_custom_1464688227654{background-image: url(\/wp-content\/uploads\/2016\/05\/eml_background.png?id=220) !important;}&#8221;][vc_column][vc_row_inner el_class=&#8221;uk-flex&#8221;][vc_column_inner el_class=&#8221;uk-flex shadow-2 fill&#8221; width=&#8221;1\/2&#8243; css=&#8221;.vc_custom_1464803534916{background-color: #ffffff !important;background-position: center !important;background-repeat: no-repeat !important;background-size: cover !important;}&#8221; offset=&#8221;vc_col-xs-12&#8243;][vc_single_image image=&#8221;184&#8243; img_size=&#8221;large&#8221; alignment=&#8221;center&#8221; onclick=&#8221;link_image&#8221; el_class=&#8221;uk-flex uk-flex-middle zoom&#8221;][\/vc_column_inner][vc_column_inner el_class=&#8221;intro-2-title&#8221; width=&#8221;1\/2&#8243; offset=&#8221;vc_col-xs-12&#8243;][vc_empty_space height=&#8221;50%&#8221;][vc_column_text el_class=&#8221;title-white&#8221;] EML MartiniqueTrike umbau f\u00fcr Honda GL1800 [\/vc_column_text][\/vc_column_inner][\/vc_row_inner][\/vc_column][\/vc_row][vc_row css=&#8221;.vc_custom_1464703868430{margin-top: 0px !important;margin-right: -15px !important;margin-bottom: 0px&hellip; <a class=\"read-more\" href=\"https:\/\/emltrike.com\/de\/trikes\/eml-martinique\/\">Read More<\/a><\/p>\n","protected":false},"author":1,"featured_media":0,"parent":1344,"menu_order":0,"comment_status":"closed","ping_status":"closed","template":"","meta":{"_acf_changed":false,"footnotes":""},"class_list":["post-1378","page","type-page","status-publish","hentry"],"acf":[],"yoast_head":"<!-- This site is optimized with the Yoast SEO plugin v27.4 - https:\/\/yoast.com\/product\/yoast-seo-wordpress\/ -->\n<title>EML Martinique - EML Trikes &amp; Sidecars<\/title>\n<meta name=\"robots\" content=\"index, follow, max-snippet:-1, max-image-preview:large, max-video-preview:-1\" \/>\n<link rel=\"canonical\" href=\"https:\/\/emltrike.com\/de\/trikes\/eml-martinique\/\" \/>\n<meta property=\"og:locale\" content=\"de_DE\" \/>\n<meta property=\"og:type\" content=\"article\" \/>\n<meta property=\"og:title\" content=\"EML Martinique - EML Trikes &amp; Sidecars\" \/>\n<meta property=\"og:description\" content=\"[vc_row full_width=&#8221;stretch_row_content_no_spaces&#8221; css=&#8221;.vc_custom_1464688053669{background-color: #ffffff !important;}&#8221;][vc_column][vc_empty_space height=&#8221;145px&#8221; css=&#8221;.vc_custom_1464795011193{background-color: #ffffff !important;}&#8221; el_class=&#8221;header-spacer&#8221;][\/vc_column][\/vc_row][vc_row full_width=&#8221;stretch_row&#8221; el_class=&#8221;intro-2&#8243; css=&#8221;.vc_custom_1464688227654{background-image: url(\/wp-content\/uploads\/2016\/05\/eml_background.png?id=220) !important;}&#8221;][vc_column][vc_row_inner el_class=&#8221;uk-flex&#8221;][vc_column_inner el_class=&#8221;uk-flex shadow-2 fill&#8221; width=&#8221;1\/2&#8243; css=&#8221;.vc_custom_1464803534916{background-color: #ffffff !important;background-position: center !important;background-repeat: no-repeat !important;background-size: cover !important;}&#8221; offset=&#8221;vc_col-xs-12&#8243;][vc_single_image image=&#8221;184&#8243; img_size=&#8221;large&#8221; alignment=&#8221;center&#8221; onclick=&#8221;link_image&#8221; el_class=&#8221;uk-flex uk-flex-middle zoom&#8221;][\/vc_column_inner][vc_column_inner el_class=&#8221;intro-2-title&#8221; width=&#8221;1\/2&#8243; offset=&#8221;vc_col-xs-12&#8243;][vc_empty_space height=&#8221;50%&#8221;][vc_column_text el_class=&#8221;title-white&#8221;] EML MartiniqueTrike umbau f\u00fcr Honda GL1800 [\/vc_column_text][\/vc_column_inner][\/vc_row_inner][\/vc_column][\/vc_row][vc_row css=&#8221;.vc_custom_1464703868430{margin-top: 0px !important;margin-right: -15px !important;margin-bottom: 0px&hellip; Read More\" \/>\n<meta property=\"og:url\" content=\"https:\/\/emltrike.com\/de\/trikes\/eml-martinique\/\" \/>\n<meta property=\"og:site_name\" content=\"EML Trikes &amp; Sidecars\" \/>\n<meta property=\"article:modified_time\" content=\"2018-09-04T19:19:38+00:00\" \/>\n<meta name=\"twitter:card\" content=\"summary_large_image\" \/>\n<meta name=\"twitter:label1\" content=\"Est. reading time\" \/>\n\t<meta name=\"twitter:data1\" content=\"5 minutes\" \/>\n<script type=\"application\/ld+json\" class=\"yoast-schema-graph\">{\"@context\":\"https:\\\/\\\/schema.org\",\"@graph\":[{\"@type\":\"WebPage\",\"@id\":\"https:\\\/\\\/emltrike.com\\\/de\\\/trikes\\\/eml-martinique\\\/\",\"url\":\"https:\\\/\\\/emltrike.com\\\/de\\\/trikes\\\/eml-martinique\\\/\",\"name\":\"EML Martinique - EML Trikes &amp; Sidecars\",\"isPartOf\":{\"@id\":\"https:\\\/\\\/emltrike.com\\\/de\\\/nl\\\/startpagina\\\/#website\"},\"datePublished\":\"2016-07-06T09:48:44+00:00\",\"dateModified\":\"2018-09-04T19:19:38+00:00\",\"breadcrumb\":{\"@id\":\"https:\\\/\\\/emltrike.com\\\/de\\\/trikes\\\/eml-martinique\\\/#breadcrumb\"},\"inLanguage\":\"de-DE\",\"potentialAction\":[{\"@type\":\"ReadAction\",\"target\":[\"https:\\\/\\\/emltrike.com\\\/de\\\/trikes\\\/eml-martinique\\\/\"]}]},{\"@type\":\"BreadcrumbList\",\"@id\":\"https:\\\/\\\/emltrike.com\\\/de\\\/trikes\\\/eml-martinique\\\/#breadcrumb\",\"itemListElement\":[{\"@type\":\"ListItem\",\"position\":1,\"name\":\"Home\",\"item\":\"https:\\\/\\\/emltrike.com\\\/de\\\/start\\\/\"},{\"@type\":\"ListItem\",\"position\":2,\"name\":\"Trikes\",\"item\":\"https:\\\/\\\/emltrike.com\\\/de\\\/trikes\\\/\"},{\"@type\":\"ListItem\",\"position\":3,\"name\":\"EML Martinique\"}]},{\"@type\":\"WebSite\",\"@id\":\"https:\\\/\\\/emltrike.com\\\/de\\\/nl\\\/startpagina\\\/#website\",\"url\":\"https:\\\/\\\/emltrike.com\\\/de\\\/nl\\\/startpagina\\\/\",\"name\":\"EML Trikes &amp; Sidecars\",\"description\":\"Performance by Technology\",\"potentialAction\":[{\"@type\":\"SearchAction\",\"target\":{\"@type\":\"EntryPoint\",\"urlTemplate\":\"https:\\\/\\\/emltrike.com\\\/de\\\/nl\\\/startpagina\\\/?s={search_term_string}\"},\"query-input\":{\"@type\":\"PropertyValueSpecification\",\"valueRequired\":true,\"valueName\":\"search_term_string\"}}],\"inLanguage\":\"de-DE\"}]}<\/script>\n<!-- \/ Yoast SEO plugin. -->","yoast_head_json":{"title":"EML Martinique - EML Trikes &amp; Sidecars","robots":{"index":"index","follow":"follow","max-snippet":"max-snippet:-1","max-image-preview":"max-image-preview:large","max-video-preview":"max-video-preview:-1"},"canonical":"https:\/\/emltrike.com\/de\/trikes\/eml-martinique\/","og_locale":"de_DE","og_type":"article","og_title":"EML Martinique - EML Trikes &amp; Sidecars","og_description":"[vc_row full_width=&#8221;stretch_row_content_no_spaces&#8221; css=&#8221;.vc_custom_1464688053669{background-color: #ffffff !important;}&#8221;][vc_column][vc_empty_space height=&#8221;145px&#8221; css=&#8221;.vc_custom_1464795011193{background-color: #ffffff !important;}&#8221; el_class=&#8221;header-spacer&#8221;][\/vc_column][\/vc_row][vc_row full_width=&#8221;stretch_row&#8221; el_class=&#8221;intro-2&#8243; css=&#8221;.vc_custom_1464688227654{background-image: url(\/wp-content\/uploads\/2016\/05\/eml_background.png?id=220) !important;}&#8221;][vc_column][vc_row_inner el_class=&#8221;uk-flex&#8221;][vc_column_inner el_class=&#8221;uk-flex shadow-2 fill&#8221; width=&#8221;1\/2&#8243; css=&#8221;.vc_custom_1464803534916{background-color: #ffffff !important;background-position: center !important;background-repeat: no-repeat !important;background-size: cover !important;}&#8221; offset=&#8221;vc_col-xs-12&#8243;][vc_single_image image=&#8221;184&#8243; img_size=&#8221;large&#8221; alignment=&#8221;center&#8221; onclick=&#8221;link_image&#8221; el_class=&#8221;uk-flex uk-flex-middle zoom&#8221;][\/vc_column_inner][vc_column_inner el_class=&#8221;intro-2-title&#8221; width=&#8221;1\/2&#8243; offset=&#8221;vc_col-xs-12&#8243;][vc_empty_space height=&#8221;50%&#8221;][vc_column_text el_class=&#8221;title-white&#8221;] EML MartiniqueTrike umbau f\u00fcr Honda GL1800 [\/vc_column_text][\/vc_column_inner][\/vc_row_inner][\/vc_column][\/vc_row][vc_row css=&#8221;.vc_custom_1464703868430{margin-top: 0px !important;margin-right: -15px !important;margin-bottom: 0px&hellip; Read More","og_url":"https:\/\/emltrike.com\/de\/trikes\/eml-martinique\/","og_site_name":"EML Trikes &amp; Sidecars","article_modified_time":"2018-09-04T19:19:38+00:00","twitter_card":"summary_large_image","twitter_misc":{"Est. reading time":"5 minutes"},"schema":{"@context":"https:\/\/schema.org","@graph":[{"@type":"WebPage","@id":"https:\/\/emltrike.com\/de\/trikes\/eml-martinique\/","url":"https:\/\/emltrike.com\/de\/trikes\/eml-martinique\/","name":"EML Martinique - EML Trikes &amp; Sidecars","isPartOf":{"@id":"https:\/\/emltrike.com\/de\/nl\/startpagina\/#website"},"datePublished":"2016-07-06T09:48:44+00:00","dateModified":"2018-09-04T19:19:38+00:00","breadcrumb":{"@id":"https:\/\/emltrike.com\/de\/trikes\/eml-martinique\/#breadcrumb"},"inLanguage":"de-DE","potentialAction":[{"@type":"ReadAction","target":["https:\/\/emltrike.com\/de\/trikes\/eml-martinique\/"]}]},{"@type":"BreadcrumbList","@id":"https:\/\/emltrike.com\/de\/trikes\/eml-martinique\/#breadcrumb","itemListElement":[{"@type":"ListItem","position":1,"name":"Home","item":"https:\/\/emltrike.com\/de\/start\/"},{"@type":"ListItem","position":2,"name":"Trikes","item":"https:\/\/emltrike.com\/de\/trikes\/"},{"@type":"ListItem","position":3,"name":"EML Martinique"}]},{"@type":"WebSite","@id":"https:\/\/emltrike.com\/de\/nl\/startpagina\/#website","url":"https:\/\/emltrike.com\/de\/nl\/startpagina\/","name":"EML Trikes &amp; Sidecars","description":"Performance by Technology","potentialAction":[{"@type":"SearchAction","target":{"@type":"EntryPoint","urlTemplate":"https:\/\/emltrike.com\/de\/nl\/startpagina\/?s={search_term_string}"},"query-input":{"@type":"PropertyValueSpecification","valueRequired":true,"valueName":"search_term_string"}}],"inLanguage":"de-DE"}]}},"_links":{"self":[{"href":"https:\/\/emltrike.com\/de\/wp-json\/wp\/v2\/pages\/1378","targetHints":{"allow":["GET"]}}],"collection":[{"href":"https:\/\/emltrike.com\/de\/wp-json\/wp\/v2\/pages"}],"about":[{"href":"https:\/\/emltrike.com\/de\/wp-json\/wp\/v2\/types\/page"}],"author":[{"embeddable":true,"href":"https:\/\/emltrike.com\/de\/wp-json\/wp\/v2\/users\/1"}],"replies":[{"embeddable":true,"href":"https:\/\/emltrike.com\/de\/wp-json\/wp\/v2\/comments?post=1378"}],"version-history":[{"count":5,"href":"https:\/\/emltrike.com\/de\/wp-json\/wp\/v2\/pages\/1378\/revisions"}],"predecessor-version":[{"id":2802,"href":"https:\/\/emltrike.com\/de\/wp-json\/wp\/v2\/pages\/1378\/revisions\/2802"}],"up":[{"embeddable":true,"href":"https:\/\/emltrike.com\/de\/wp-json\/wp\/v2\/pages\/1344"}],"wp:attachment":[{"href":"https:\/\/emltrike.com\/de\/wp-json\/wp\/v2\/media?parent=1378"}],"curies":[{"name":"wp","href":"https:\/\/api.w.org\/{rel}","templated":true}]}}