{"id":1344,"date":"2016-07-06T10:54:35","date_gmt":"2016-07-06T08:54:35","guid":{"rendered":"http:\/\/emltrike.com\/?page_id=1344"},"modified":"2024-08-29T14:59:02","modified_gmt":"2024-08-29T12:59:02","slug":"trikes","status":"publish","type":"page","link":"https:\/\/emltrike.com\/de\/trikes\/","title":{"rendered":"Trikes"},"content":{"rendered":"<div class=\"wpb-content-wrapper\"><p>[vc_row full_width=&#8221;stretch_row_content_no_spaces&#8221; el_class=&#8221;border-large&#8221;][vc_column][vc_images_carousel images=&#8221;921,922,923,924,925,926,927,928,929&#8243; img_size=&#8221;full&#8221; onclick=&#8221;link_no&#8221; autoplay=&#8221;yes&#8221; hide_pagination_control=&#8221;yes&#8221; hide_prev_next_buttons=&#8221;yes&#8221; wrap=&#8221;yes&#8221; el_class=&#8221;header-carousel&#8221;][\/vc_column][\/vc_row][vc_row][vc_column width=&#8221;2\/3&#8243; el_class=&#8221;intro padding-normal fill shadow-2 border-bottom-6&#8243;][vc_custom_heading text=&#8221;Trikes&#8221; font_container=&#8221;tag:h1|text_align:left&#8221; use_theme_fonts=&#8221;yes&#8221; link=&#8221;||&#8221;][vc_column_text]<span lang=\"DE\">Auf den meist innovative Art und Weise baut EML Trike Kits f\u00fcr verschiedene Modelle von Motorr\u00e4dern. Jeder Kit wurde ausgiebig entwickelt, getestet und Genehmigd ausschlie\u00dflich f\u00fcr ein bestimmtes Motorradmodell. Dadurch enstehen Motor Trikes die sieht nicht nur atemberaubend aussehen sondern auch erhabene Eigenschaften haben. Im Handling, Bremsen und Komfort.<\/span>[\/vc_column_text][vc_custom_heading text=&#8221;Performance By technology&#8221; font_container=&#8221;tag:h3|text_align:left&#8221; use_theme_fonts=&#8221;yes&#8221;][\/vc_column][\/vc_row][vc_row gap=&#8221;30&#8243; equal_height=&#8221;yes&#8221; content_placement=&#8221;top&#8221;][vc_column width=&#8221;1\/2&#8243; el_class=&#8221;product&#8221; offset=&#8221;vc_col-lg-4 vc_col-md-4 vc_col-xs-12&#8243;][vc_custom_heading text=&#8221;EML V3&#8243; font_container=&#8221;tag:h3|text_align:left&#8221; use_theme_fonts=&#8221;yes&#8221; el_class=&#8221;product-heading&#8221; link=&#8221;url:%2Ftrikes%2Feml-v3%2F||&#8221;][vc_single_image image=&#8221;185&#8243; img_size=&#8221;large&#8221; alignment=&#8221;center&#8221; onclick=&#8221;custom_link&#8221; link=&#8221;\/trikes\/eml-v3\/&#8221;][vc_column_text el_class=&#8221;product-subtext&#8221;]HD Sportster XL883 &amp; 1200[\/vc_column_text][\/vc_column][vc_column width=&#8221;1\/2&#8243; el_class=&#8221;product&#8221; offset=&#8221;vc_col-lg-4 vc_col-md-4 vc_col-xs-12&#8243;][vc_custom_heading text=&#8221;EML Manhattan&#8221; font_container=&#8221;tag:h3|text_align:left&#8221; use_theme_fonts=&#8221;yes&#8221; el_class=&#8221;product-heading&#8221; link=&#8221;url:%2Ftrikes%2Feml-manhattan%2F||&#8221;][vc_single_image image=&#8221;186&#8243; img_size=&#8221;large&#8221; alignment=&#8221;center&#8221; onclick=&#8221;custom_link&#8221; link=&#8221;\/trikes\/eml-manhattan\/&#8221;][vc_column_text el_class=&#8221;product-subtext&#8221;]HD Touring Modelle[\/vc_column_text][\/vc_column][vc_column width=&#8221;1\/2&#8243; el_class=&#8221;product&#8221; offset=&#8221;vc_col-lg-4 vc_col-md-4 vc_col-xs-12&#8243;][vc_custom_heading text=&#8221;EML Martinique&#8221; font_container=&#8221;tag:h3|text_align:left&#8221; use_theme_fonts=&#8221;yes&#8221; el_class=&#8221;product-heading&#8221; link=&#8221;url:%2Ftrikes%2Feml-martinique%2F||&#8221;][vc_single_image image=&#8221;184&#8243; img_size=&#8221;large&#8221; alignment=&#8221;center&#8221; onclick=&#8221;custom_link&#8221; link=&#8221;\/trikes\/eml-martinique\/&#8221;][vc_column_text el_class=&#8221;product-subtext&#8221;]Honda GL1800[\/vc_column_text][\/vc_column][vc_column width=&#8221;1\/2&#8243; offset=&#8221;vc_col-lg-4 vc_col-md-4 vc_col-xs-12&#8243; el_class=&#8221;product&#8221;][vc_custom_heading text=&#8221;Martinique XGT&#8221; font_container=&#8221;tag:h3|text_align:left&#8221; use_theme_fonts=&#8221;yes&#8221; el_class=&#8221;product-heading&#8221; link=&#8221;url:%2Ftrikes%2Fmartinique-xgt%2F|||&#8221;][vc_single_image image=&#8221;2556&#8243; img_size=&#8221;large&#8221; alignment=&#8221;center&#8221; onclick=&#8221;custom_link&#8221; css=&#8221;&#8221; link=&#8221;\/trikes\/martinique-xgt\/&#8221;][vc_column_text el_class=&#8221;product-subtext&#8221;]Honda GL1800[\/vc_column_text][\/vc_column][vc_column width=&#8221;1\/2&#8243; offset=&#8221;vc_col-lg-4 vc_col-md-4 vc_col-xs-12&#8243; el_class=&#8221;product&#8221;][vc_custom_heading text=&#8221;EML V96&#8243; font_container=&#8221;tag:h3|text_align:left&#8221; use_theme_fonts=&#8221;yes&#8221; el_class=&#8221;product-heading&#8221; link=&#8221;url:%2Ftrikes%2Feml-v96%2F||&#8221;][vc_single_image image=&#8221;195&#8243; img_size=&#8221;large&#8221; alignment=&#8221;center&#8221; onclick=&#8221;custom_link&#8221; link=&#8221;\/trikes\/eml-v96\/&#8221;][vc_column_text el_class=&#8221;product-subtext&#8221;]HD Dyna Street Bob und Superglide Custom[\/vc_column_text][\/vc_column][vc_column width=&#8221;1\/2&#8243; offset=&#8221;vc_col-lg-4 vc_col-md-4 vc_col-xs-12&#8243; el_class=&#8221;product&#8221;][vc_custom_heading text=&#8221;EML V106&#8243; font_container=&#8221;tag:h3|text_align:left&#8221; use_theme_fonts=&#8221;yes&#8221; el_class=&#8221;product-heading&#8221; link=&#8221;url:%2Ftrikes%2Feml-v106%2F||&#8221;][vc_single_image image=&#8221;197&#8243; img_size=&#8221;large&#8221; alignment=&#8221;center&#8221; onclick=&#8221;custom_link&#8221; link=&#8221;\/trikes\/eml-v106\/&#8221;][vc_column_text el_class=&#8221;product-subtext&#8221;]Victory Judge und Boardwalk modelle[\/vc_column_text][\/vc_column][vc_column width=&#8221;1\/2&#8243; offset=&#8221;vc_col-lg-4 vc_col-md-4 vc_col-xs-12&#8243; el_class=&#8221;product&#8221; css=&#8221;.vc_custom_1464688570626{margin: 0px !important;}&#8221;][vc_custom_heading text=&#8221;EML V950&#8243; font_container=&#8221;tag:h3|text_align:left&#8221; use_theme_fonts=&#8221;yes&#8221; el_class=&#8221;product-heading&#8221; link=&#8221;url:%2Ftrikes%2Feml-v950%2F||&#8221;][vc_single_image image=&#8221;198&#8243; img_size=&#8221;large&#8221; alignment=&#8221;center&#8221; onclick=&#8221;custom_link&#8221; link=&#8221;\/trikes\/eml-v950\/&#8221;][vc_column_text el_class=&#8221;product-subtext&#8221;]Tri-Bolt Trike umbau f\u00fcr Yamaha XV950[\/vc_column_text][\/vc_column][\/vc_row][vc_row css=&#8221;.vc_custom_1464263274125{padding-top: 40px !important;padding-bottom: 40px !important;}&#8221;][vc_column el_class=&#8221;shadow-2 fill padding-large basic-textblock&#8221;][vc_column_text]<\/p>\n<p>Mit einem H\u00e4ndlernetz in Westeuropa, die U.S.A. Japan und wir liefern unsere Produkte in der ganzen Welt.<br \/>\nInteressierte oder irgendeine Frage, kontaktieren Sie bitte eine unsererlokalen H\u00e4ndlern. Sie sind Ihr Ansprechpartner f\u00fcr Ersatzteile, Beratung und einen guten Service liefern.<\/p>\n<p>[\/vc_column_text][vc_btn title=&#8221;VERKAUF&#8221; style=&#8221;flat&#8221; shape=&#8221;square&#8221; color=&#8221;primary&#8221; align=&#8221;center&#8221; css=&#8221;.vc_custom_1467795180642{margin-top: 20px !important;margin-bottom: 0px !important;}&#8221; link=&#8221;url:%2Fde%2Fverkauf%2F|||&#8221;][\/vc_column][\/vc_row]<\/p>\n<\/div>","protected":false},"excerpt":{"rendered":"<p>[vc_row full_width=&#8221;stretch_row_content_no_spaces&#8221; el_class=&#8221;border-large&#8221;][vc_column][vc_images_carousel images=&#8221;921,922,923,924,925,926,927,928,929&#8243; img_size=&#8221;full&#8221; onclick=&#8221;link_no&#8221; autoplay=&#8221;yes&#8221; hide_pagination_control=&#8221;yes&#8221; hide_prev_next_buttons=&#8221;yes&#8221; wrap=&#8221;yes&#8221; el_class=&#8221;header-carousel&#8221;][\/vc_column][\/vc_row][vc_row][vc_column width=&#8221;2\/3&#8243; el_class=&#8221;intro padding-normal fill shadow-2 border-bottom-6&#8243;][vc_custom_heading text=&#8221;Trikes&#8221; font_container=&#8221;tag:h1|text_align:left&#8221; use_theme_fonts=&#8221;yes&#8221; link=&#8221;||&#8221;][vc_column_text]Auf den meist innovative Art und Weise baut EML Trike Kits f\u00fcr verschiedene Modelle von Motorr\u00e4dern. Jeder Kit wurde ausgiebig entwickelt, getestet und Genehmigd ausschlie\u00dflich f\u00fcr ein bestimmtes Motorradmodell. Dadurch enstehen Motor Trikes die sieht&hellip; <a class=\"read-more\" href=\"https:\/\/emltrike.com\/de\/trikes\/\">Read More<\/a><\/p>\n","protected":false},"author":1,"featured_media":0,"parent":0,"menu_order":0,"comment_status":"closed","ping_status":"closed","template":"","meta":{"_acf_changed":false,"footnotes":""},"class_list":["post-1344","page","type-page","status-publish","hentry"],"acf":[],"yoast_head":"<!-- This site is optimized with the Yoast SEO plugin v27.3 - https:\/\/yoast.com\/product\/yoast-seo-wordpress\/ -->\n<title>Trikes - EML Trikes &amp; Sidecars<\/title>\n<meta name=\"robots\" content=\"index, follow, max-snippet:-1, max-image-preview:large, max-video-preview:-1\" \/>\n<link rel=\"canonical\" href=\"https:\/\/emltrike.com\/de\/trikes\/\" \/>\n<meta property=\"og:locale\" content=\"de_DE\" \/>\n<meta property=\"og:type\" content=\"article\" \/>\n<meta property=\"og:title\" content=\"Trikes - EML Trikes &amp; Sidecars\" \/>\n<meta property=\"og:description\" content=\"[vc_row full_width=&#8221;stretch_row_content_no_spaces&#8221; el_class=&#8221;border-large&#8221;][vc_column][vc_images_carousel images=&#8221;921,922,923,924,925,926,927,928,929&#8243; img_size=&#8221;full&#8221; onclick=&#8221;link_no&#8221; autoplay=&#8221;yes&#8221; hide_pagination_control=&#8221;yes&#8221; hide_prev_next_buttons=&#8221;yes&#8221; wrap=&#8221;yes&#8221; el_class=&#8221;header-carousel&#8221;][\/vc_column][\/vc_row][vc_row][vc_column width=&#8221;2\/3&#8243; el_class=&#8221;intro padding-normal fill shadow-2 border-bottom-6&#8243;][vc_custom_heading text=&#8221;Trikes&#8221; font_container=&#8221;tag:h1|text_align:left&#8221; use_theme_fonts=&#8221;yes&#8221; link=&#8221;||&#8221;][vc_column_text]Auf den meist innovative Art und Weise baut EML Trike Kits f\u00fcr verschiedene Modelle von Motorr\u00e4dern. Jeder Kit wurde ausgiebig entwickelt, getestet und Genehmigd ausschlie\u00dflich f\u00fcr ein bestimmtes Motorradmodell. Dadurch enstehen Motor Trikes die sieht&hellip; Read More\" \/>\n<meta property=\"og:url\" content=\"https:\/\/emltrike.com\/de\/trikes\/\" \/>\n<meta property=\"og:site_name\" content=\"EML Trikes &amp; Sidecars\" \/>\n<meta property=\"article:modified_time\" content=\"2024-08-29T12:59:02+00:00\" \/>\n<meta name=\"twitter:card\" content=\"summary_large_image\" \/>\n<meta name=\"twitter:label1\" content=\"Est. reading time\" \/>\n\t<meta name=\"twitter:data1\" content=\"2 minutes\" \/>\n<script type=\"application\/ld+json\" class=\"yoast-schema-graph\">{\"@context\":\"https:\\\/\\\/schema.org\",\"@graph\":[{\"@type\":\"WebPage\",\"@id\":\"https:\\\/\\\/emltrike.com\\\/de\\\/trikes\\\/\",\"url\":\"https:\\\/\\\/emltrike.com\\\/de\\\/trikes\\\/\",\"name\":\"Trikes - EML Trikes &amp; Sidecars\",\"isPartOf\":{\"@id\":\"https:\\\/\\\/emltrike.com\\\/de\\\/nl\\\/startpagina\\\/#website\"},\"datePublished\":\"2016-07-06T08:54:35+00:00\",\"dateModified\":\"2024-08-29T12:59:02+00:00\",\"breadcrumb\":{\"@id\":\"https:\\\/\\\/emltrike.com\\\/de\\\/trikes\\\/#breadcrumb\"},\"inLanguage\":\"de-DE\",\"potentialAction\":[{\"@type\":\"ReadAction\",\"target\":[\"https:\\\/\\\/emltrike.com\\\/de\\\/trikes\\\/\"]}]},{\"@type\":\"BreadcrumbList\",\"@id\":\"https:\\\/\\\/emltrike.com\\\/de\\\/trikes\\\/#breadcrumb\",\"itemListElement\":[{\"@type\":\"ListItem\",\"position\":1,\"name\":\"Home\",\"item\":\"https:\\\/\\\/emltrike.com\\\/de\\\/start\\\/\"},{\"@type\":\"ListItem\",\"position\":2,\"name\":\"Trikes\"}]},{\"@type\":\"WebSite\",\"@id\":\"https:\\\/\\\/emltrike.com\\\/de\\\/nl\\\/startpagina\\\/#website\",\"url\":\"https:\\\/\\\/emltrike.com\\\/de\\\/nl\\\/startpagina\\\/\",\"name\":\"EML Trikes &amp; Sidecars\",\"description\":\"Performance by Technology\",\"potentialAction\":[{\"@type\":\"SearchAction\",\"target\":{\"@type\":\"EntryPoint\",\"urlTemplate\":\"https:\\\/\\\/emltrike.com\\\/de\\\/nl\\\/startpagina\\\/?s={search_term_string}\"},\"query-input\":{\"@type\":\"PropertyValueSpecification\",\"valueRequired\":true,\"valueName\":\"search_term_string\"}}],\"inLanguage\":\"de-DE\"}]}<\/script>\n<!-- \/ Yoast SEO plugin. -->","yoast_head_json":{"title":"Trikes - EML Trikes &amp; Sidecars","robots":{"index":"index","follow":"follow","max-snippet":"max-snippet:-1","max-image-preview":"max-image-preview:large","max-video-preview":"max-video-preview:-1"},"canonical":"https:\/\/emltrike.com\/de\/trikes\/","og_locale":"de_DE","og_type":"article","og_title":"Trikes - EML Trikes &amp; Sidecars","og_description":"[vc_row full_width=&#8221;stretch_row_content_no_spaces&#8221; el_class=&#8221;border-large&#8221;][vc_column][vc_images_carousel images=&#8221;921,922,923,924,925,926,927,928,929&#8243; img_size=&#8221;full&#8221; onclick=&#8221;link_no&#8221; autoplay=&#8221;yes&#8221; hide_pagination_control=&#8221;yes&#8221; hide_prev_next_buttons=&#8221;yes&#8221; wrap=&#8221;yes&#8221; el_class=&#8221;header-carousel&#8221;][\/vc_column][\/vc_row][vc_row][vc_column width=&#8221;2\/3&#8243; el_class=&#8221;intro padding-normal fill shadow-2 border-bottom-6&#8243;][vc_custom_heading text=&#8221;Trikes&#8221; font_container=&#8221;tag:h1|text_align:left&#8221; use_theme_fonts=&#8221;yes&#8221; link=&#8221;||&#8221;][vc_column_text]Auf den meist innovative Art und Weise baut EML Trike Kits f\u00fcr verschiedene Modelle von Motorr\u00e4dern. Jeder Kit wurde ausgiebig entwickelt, getestet und Genehmigd ausschlie\u00dflich f\u00fcr ein bestimmtes Motorradmodell. Dadurch enstehen Motor Trikes die sieht&hellip; Read More","og_url":"https:\/\/emltrike.com\/de\/trikes\/","og_site_name":"EML Trikes &amp; Sidecars","article_modified_time":"2024-08-29T12:59:02+00:00","twitter_card":"summary_large_image","twitter_misc":{"Est. reading time":"2 minutes"},"schema":{"@context":"https:\/\/schema.org","@graph":[{"@type":"WebPage","@id":"https:\/\/emltrike.com\/de\/trikes\/","url":"https:\/\/emltrike.com\/de\/trikes\/","name":"Trikes - EML Trikes &amp; Sidecars","isPartOf":{"@id":"https:\/\/emltrike.com\/de\/nl\/startpagina\/#website"},"datePublished":"2016-07-06T08:54:35+00:00","dateModified":"2024-08-29T12:59:02+00:00","breadcrumb":{"@id":"https:\/\/emltrike.com\/de\/trikes\/#breadcrumb"},"inLanguage":"de-DE","potentialAction":[{"@type":"ReadAction","target":["https:\/\/emltrike.com\/de\/trikes\/"]}]},{"@type":"BreadcrumbList","@id":"https:\/\/emltrike.com\/de\/trikes\/#breadcrumb","itemListElement":[{"@type":"ListItem","position":1,"name":"Home","item":"https:\/\/emltrike.com\/de\/start\/"},{"@type":"ListItem","position":2,"name":"Trikes"}]},{"@type":"WebSite","@id":"https:\/\/emltrike.com\/de\/nl\/startpagina\/#website","url":"https:\/\/emltrike.com\/de\/nl\/startpagina\/","name":"EML Trikes &amp; Sidecars","description":"Performance by Technology","potentialAction":[{"@type":"SearchAction","target":{"@type":"EntryPoint","urlTemplate":"https:\/\/emltrike.com\/de\/nl\/startpagina\/?s={search_term_string}"},"query-input":{"@type":"PropertyValueSpecification","valueRequired":true,"valueName":"search_term_string"}}],"inLanguage":"de-DE"}]}},"_links":{"self":[{"href":"https:\/\/emltrike.com\/de\/wp-json\/wp\/v2\/pages\/1344","targetHints":{"allow":["GET"]}}],"collection":[{"href":"https:\/\/emltrike.com\/de\/wp-json\/wp\/v2\/pages"}],"about":[{"href":"https:\/\/emltrike.com\/de\/wp-json\/wp\/v2\/types\/page"}],"author":[{"embeddable":true,"href":"https:\/\/emltrike.com\/de\/wp-json\/wp\/v2\/users\/1"}],"replies":[{"embeddable":true,"href":"https:\/\/emltrike.com\/de\/wp-json\/wp\/v2\/comments?post=1344"}],"version-history":[{"count":6,"href":"https:\/\/emltrike.com\/de\/wp-json\/wp\/v2\/pages\/1344\/revisions"}],"predecessor-version":[{"id":3826,"href":"https:\/\/emltrike.com\/de\/wp-json\/wp\/v2\/pages\/1344\/revisions\/3826"}],"wp:attachment":[{"href":"https:\/\/emltrike.com\/de\/wp-json\/wp\/v2\/media?parent=1344"}],"curies":[{"name":"wp","href":"https:\/\/api.w.org\/{rel}","templated":true}]}}