{"id":1275,"date":"2016-06-27T15:43:21","date_gmt":"2016-06-27T13:43:21","guid":{"rendered":"http:\/\/emltrike.com\/?page_id=1275"},"modified":"2018-04-09T14:26:02","modified_gmt":"2018-04-09T12:26:02","slug":"gt-twin","status":"publish","type":"page","link":"https:\/\/emltrike.com\/de\/sidecars\/gt-twin\/","title":{"rendered":"GT Twin"},"content":{"rendered":"<div class=\"wpb-content-wrapper\"><p>[vc_row full_width=&#8221;stretch_row_content_no_spaces&#8221; css=&#8221;.vc_custom_1464688053669{background-color: #ffffff !important;}&#8221;][vc_column][vc_empty_space height=&#8221;145px&#8221; css=&#8221;.vc_custom_1464795011193{background-color: #ffffff !important;}&#8221; el_class=&#8221;header-spacer&#8221;][\/vc_column][\/vc_row][vc_row full_width=&#8221;stretch_row&#8221; el_class=&#8221;intro-2&#8243; css=&#8221;.vc_custom_1464688227654{background-image: url(\/wp-content\/uploads\/2016\/05\/eml_background.png?id=220) !important;}&#8221;][vc_column][vc_row_inner el_class=&#8221;uk-flex&#8221;][vc_column_inner el_class=&#8221;uk-flex shadow-2 fill column-fix&#8221; width=&#8221;1\/2&#8243; css=&#8221;.vc_custom_1465484805808{background-color: #ffffff !important;background-position: center !important;background-repeat: no-repeat !important;background-size: cover !important;}&#8221; offset=&#8221;vc_col-xs-12&#8243;][vc_single_image image=&#8221;938&#8243; img_size=&#8221;full&#8221; alignment=&#8221;center&#8221; onclick=&#8221;link_image&#8221; el_class=&#8221;uk-flex uk-flex-middle zoom&#8221;][\/vc_column_inner][vc_column_inner el_class=&#8221;intro-2-title&#8221; width=&#8221;1\/2&#8243; offset=&#8221;vc_col-xs-12&#8243;][vc_empty_space height=&#8221;50%&#8221;][vc_column_text el_class=&#8221;title-white&#8221;]<\/p>\n<h1>GT Twin<\/h1>\n<p>[\/vc_column_text][\/vc_column_inner][\/vc_row_inner][\/vc_column][\/vc_row][vc_row css=&#8221;.vc_custom_1464703868430{margin-top: 0px !important;margin-right: -15px !important;margin-bottom: 0px !important;margin-left: -15px !important;padding-top: 0px !important;padding-right: 0px !important;padding-bottom: 0px !important;padding-left: 0px !important;}&#8221;][vc_column offset=&#8221;vc_hidden-lg vc_hidden-md vc_hidden-sm&#8221; css=&#8221;.vc_custom_1464703819759{margin: 0px !important;padding: 0px !important;}&#8221;][vc_column_text el_class=&#8221;padding-large fill-blue shadow-2 title-white&#8221;]<\/p>\n<h1>GT Twin<\/h1>\n<p>[\/vc_column_text][vc_single_image image=&#8221;938&#8243; img_size=&#8221;full&#8221; el_class=&#8221;fill shadow-2&#8243; css=&#8221;.vc_custom_1465481188511{margin-top: 0px !important;margin-right: 0px !important;margin-bottom: 0px !important;margin-left: 0px !important;padding-top: 0px !important;padding-right: 0px !important;padding-bottom: 0px !important;padding-left: 0px !important;}&#8221;][\/vc_column][\/vc_row][vc_row el_class=&#8221;margin-bottom&#8221;][vc_column width=&#8221;1\/2&#8243; css=&#8221;.vc_custom_1464796374996{margin-top: 0px !important;margin-bottom: 0px !important;padding-right: 0px !important;padding-left: 0px !important;}&#8221; el_class=&#8221;border-bottom shadow-2 fill padding-large&#8221;][vc_column_text]Der GT TWIN\u00a0ist der Superluxus Tourer Modell von EML Diesen Beiwagen ist nur geeignet f\u00fcr die Gro\u00dfe Tour Motorr\u00e4der. Die Sitzgelegenheit ist f\u00fcr einen Erwachsenen mit Kind oder zwei Kinder geeignet.<\/p>\n<div class=\"vc_row wpb_row vc_row-fluid\"><\/div>\n<p>[\/vc_column_text][\/vc_column][\/vc_row][vc_row][vc_column css=&#8221;.vc_custom_1464688304848{padding-right: 0px !important;padding-left: 0px !important;}&#8221;][vc_custom_heading text=&#8221;Technische daten&#8221; font_container=&#8221;tag:h3|text_align:left&#8221; use_theme_fonts=&#8221;yes&#8221; el_class=&#8221;product-heading&#8221;][\/vc_column][\/vc_row][vc_row content_placement=&#8221;top&#8221; el_class=&#8221;border-top shadow-2 fill padding-large margin-bottom table-block&#8221;][vc_column width=&#8221;1\/2&#8243; offset=&#8221;vc_col-lg-4 vc_col-md-4 vc_col-xs-12&#8243;][vc_column_text]<\/p>\n<table>\n<tbody>\n<tr>\n<th><strong>Ma\u00dfe<\/strong><\/th>\n<th><\/th>\n<\/tr>\n<tr>\n<td>L\u00e4nge<\/td>\n<td>2.290 mm<\/td>\n<\/tr>\n<tr>\n<td>Breite<\/td>\n<td>1.040 mm<\/td>\n<\/tr>\n<tr>\n<td>H\u00f6he<\/td>\n<td>1.220 mm<\/td>\n<\/tr>\n<tr>\n<td>Sitzbreite effektiv<\/td>\n<td>860 mm<\/td>\n<\/tr>\n<tr>\n<td>Kofferrauminhalt<\/td>\n<td>315 liter<\/td>\n<\/tr>\n<\/tbody>\n<\/table>\n<p>[\/vc_column_text][\/vc_column][vc_column width=&#8221;1\/2&#8243; offset=&#8221;vc_col-lg-8 vc_col-md-8 vc_col-xs-12&#8243;][vc_column_text]<\/p>\n<table>\n<tbody>\n<tr>\n<th><strong>Bremsen und Fahrgestell<\/strong><\/th>\n<th><\/th>\n<\/tr>\n<tr>\n<td>\n<p class=\"p1\">Vorderradaufh\u00e4ngung<\/p>\n<\/td>\n<td>\n<p class=\"p1\">EML ExtensoDive Vordergabel<\/p>\n<\/td>\n<\/tr>\n<tr>\n<td>Beiwagenradaufh\u00e4ngung Hinten<\/td>\n<td>Geschobene Schwinge mit einstellbaren Federbein<\/td>\n<\/tr>\n<tr>\n<td>Beiwagenradaufh\u00e4ngung Vorne<\/td>\n<td>Dreiecksquerlenker mit einstellbaren<\/td>\n<\/tr>\n<tr>\n<td>Federbein Lenkeinrichtung<\/td>\n<td>Von der Vordergabel mittels eines speziellen Lenkstangen-Systems verbunden mit dem Beiwagenrad<\/td>\n<\/tr>\n<tr>\n<td>Federweg Beiwagen (beide)<\/td>\n<td>80 mm<\/td>\n<\/tr>\n<tr>\n<td>Beiwagen Bremse<\/td>\n<td>2 Kolben Scheibenbremse am Vorderrad<\/td>\n<\/tr>\n<tr>\n<td>Rader<\/td>\n<td>12\u201d EML<\/td>\n<\/tr>\n<\/tbody>\n<\/table>\n<p>[\/vc_column_text][\/vc_column][\/vc_row][vc_row][vc_column css=&#8221;.vc_custom_1464688320331{padding-right: 0px !important;padding-left: 0px !important;}&#8221;][vc_custom_heading text=&#8221;Beschreibung&#8221; font_container=&#8221;tag:h3|text_align:left&#8221; use_theme_fonts=&#8221;yes&#8221; el_class=&#8221;product-heading&#8221;][\/vc_column][\/vc_row][vc_row el_class=&#8221;border-top shadow-2 padding-large fill margin-bottom&#8221;][vc_column css=&#8221;.vc_custom_1464689159491{padding: 0px !important;}&#8221;][vc_column_text el_class=&#8221;margin-bottom&#8221;]Unsere Ingenieure und Designer haben innovative Technik, neues Design und luxuri\u00f6se Ausstattung in einem revolution\u00e4ren Beiwagen verwirklicht. Sowohl Interieur als auch Exterieur des GT TWIN ist der gro\u00dfen Kreativit\u00e4t unserer Designer zu verdanken. Flaggschiffe von BMW und HONDA kombiniert mit dem GT TWIN werden zu imponierenden Cruisern der Landstra\u00dfe. Luxuri\u00f6ses Design, hervorragende Fahrqualit\u00e4t und perfekte Engineering-Details geben das Gef\u00fchl \u201cKing of the Road\u201d zu sein. In der Galerie sehen Sie einige Beispiele der Beiwagen.<\/p>\n<p>Der GT TWIN Beiwagen Standard Ausstattung:[\/vc_column_text][vc_column_text el_class=&#8221;features&#8221;]<\/p>\n<ul>\n<li>Elektrische Bel\u00fcftungsanlage<\/li>\n<li>Radiovorbereitung<\/li>\n<li>Automatische Einstiegsbeleuchtung<\/li>\n<li>Integrierte Leselampe<\/li>\n<li>Automatische Gep\u00e4ckraumbeleuchtung<\/li>\n<li>Beleuchtete Bedienungskn\u00f6pfe<\/li>\n<li>Integriertes Schloss<\/li>\n<li>Hardtop mit semi-automatischer Verriegelung<\/li>\n<li>Chromgriffe<\/li>\n<li>Fahrgastraum ausgekleidet mit Teppichpaneelen<\/li>\n<li>Kartenfach<\/li>\n<li>Teppichauskleidung im Kofferraum<\/li>\n<li>Zweifarbige Lederne Sitzbank<\/li>\n<\/ul>\n<p>[\/vc_column_text][\/vc_column][\/vc_row][vc_row][vc_column css=&#8221;.vc_custom_1464688325460{padding-right: 0px !important;padding-left: 0px !important;}&#8221;][vc_custom_heading text=&#8221;Warum zwei R\u00e4der?&#8221; font_container=&#8221;tag:h3|text_align:left&#8221; use_theme_fonts=&#8221;yes&#8221; el_class=&#8221;product-heading&#8221;][\/vc_column][\/vc_row][vc_row el_class=&#8221;border-top shadow-2 padding-large fill margin-bottom&#8221;][vc_column css=&#8221;.vc_custom_1464689159491{padding: 0px !important;}&#8221;][vc_column_text]Schwere Gespanne, wie Zum Beispiel in Verbindung mit der BMW K1200LT oder HONDA GL1800 haben in Bezug auf die Fahrdynamik gewisse Nachteile. In Linkskurven belastet das Motorrad stark das Beiwagenrad. Um zu vermeiden das dadurch der Beiwagen stark ein federt, wird die Federung am Beiwagen normalerweise verh\u00e4ltnism\u00e4\u00dfig hart abgestimmt. Das mindert nat\u00fcrlich den Komfort. Um dem entgegen zu wirken, hat EML in 1994 das HCAD- System vorgestellt zur Verbesserung des Federungskomforts. Dank konstruktiver Innovation \u00fcbertrifft unser neues System die bekannten Federungssysteme deutlich. Zwei R\u00e4der \u00fcbernehmen je zur H\u00e4lfte die vorhandene Radlast, sodass der Komfort im Beiwagen wie auch die Fahrstabilit\u00e4t des Gespannes wesentlich verbessert wird.[\/vc_column_text][\/vc_column][\/vc_row][vc_row][vc_column css=&#8221;.vc_custom_1464688325460{padding-right: 0px !important;padding-left: 0px !important;}&#8221;][vc_custom_heading text=&#8221;Beiwagenrad-Lenkung&#8221; font_container=&#8221;tag:h3|text_align:left&#8221; use_theme_fonts=&#8221;yes&#8221; el_class=&#8221;product-heading&#8221;][\/vc_column][\/vc_row][vc_row el_class=&#8221;border-top shadow-2 padding-large fill margin-bottom&#8221;][vc_column css=&#8221;.vc_custom_1464689159491{padding: 0px !important;}&#8221;][vc_column_text]In Verbindung mit der neuen ExtensoDive Vorderradgabel erm\u00f6glicht das mitgelenkte vordere Beiwagenrad spielerische Leichtigkeit beim Lenken. Die Fahrstabilit\u00e4t vom kompletten Fahrzeug ist au\u00dfergew\u00f6hnlich gut. Reaktionen des Beiwagens sind zwar immer noch sp\u00fcrbar, jedoch sehr leicht zu beherrschen. Die Beiwagenradlenkung vom GT TWIN ist entstanden aus der Theorie der Zweiradlenkung, die besagt, dass Vorderr\u00e4der lenken und f\u00fchren m\u00fcssen. Diese gelenkten R\u00e4der folgen genau der vorgegebenen Strecke.Die ExtensoDive Vordergabel in Verbindung mit der GT TWIN Beiwagenradlenkung sorgt sowohl f\u00fcr eine perfekte F\u00fchrung des Gespannes als auch optimale Lenkeigenschaften. Instabile, dynamische Reaktionen, wie von herk\u00f6mmlichen Beiwagenradlenkungen bekannt sind vollkommen aufgehoben.[\/vc_column_text][\/vc_column][\/vc_row][vc_row][vc_column css=&#8221;.vc_custom_1464688325460{padding-right: 0px !important;padding-left: 0px !important;}&#8221;][vc_custom_heading text=&#8221;Zubehor&#8221; font_container=&#8221;tag:h3|text_align:left&#8221; use_theme_fonts=&#8221;yes&#8221; el_class=&#8221;product-heading&#8221;][\/vc_column][\/vc_row][vc_row el_class=&#8221;border-top shadow-2 padding-large fill margin-bottom&#8221;][vc_column css=&#8221;.vc_custom_1464689504837{margin: 0px !important;padding: 0px !important;}&#8221;][vc_column_text el_class=&#8221;options&#8221;]<\/p>\n<ul>\n<li>Kofferdeckelspoiler mit Bremslicht<\/li>\n<li>Gep\u00e4cktr\u00e4ger in Schwartz oder Chrom<\/li>\n<li>Heizung<\/li>\n<li>Kindergurte<\/li>\n<li>Lautsprecher<\/li>\n<li>Zusatztank von 20ltr<\/li>\n<li>Anh\u00e4ngerkupplung (max.150kg)<\/li>\n<\/ul>\n<p>[\/vc_column_text][\/vc_column][\/vc_row][vc_row][vc_column css=&#8221;.vc_custom_1464688330988{padding-right: 0px !important;padding-left: 0px !important;}&#8221;][vc_custom_heading text=&#8221;Foto-Galerie&#8221; font_container=&#8221;tag:h3|text_align:left&#8221; use_theme_fonts=&#8221;yes&#8221; el_class=&#8221;product-heading&#8221;][\/vc_column][\/vc_row][vc_row el_class=&#8221;border-top shadow-2 padding-large fill margin-bottom&#8221;][vc_column css=&#8221;.vc_custom_1464696391453{margin-top: 0px !important;margin-right: 0px !important;margin-bottom: 0px !important;margin-left: 0px !important;padding-top: 0px !important;padding-right: 0px !important;padding-bottom: 0px !important;padding-left: 0px !important;}&#8221; el_class=&#8221;zoom&#8221;][vc_media_grid element_width=&#8221;3&#8243; gap=&#8221;25&#8243; item=&#8221;mediaGrid_SlideInTitle&#8221; grid_id=&#8221;vc_gid:1467878102320-e4290b63-02ad-1&#8243; include=&#8221;820,821,822,823,824,825,826,827,828,829,830,831,832,833,834,835,836,837,838&#8243;][\/vc_column][\/vc_row]<\/p>\n<\/div>","protected":false},"excerpt":{"rendered":"<p>[vc_row full_width=&#8221;stretch_row_content_no_spaces&#8221; css=&#8221;.vc_custom_1464688053669{background-color: #ffffff !important;}&#8221;][vc_column][vc_empty_space height=&#8221;145px&#8221; css=&#8221;.vc_custom_1464795011193{background-color: #ffffff !important;}&#8221; el_class=&#8221;header-spacer&#8221;][\/vc_column][\/vc_row][vc_row full_width=&#8221;stretch_row&#8221; el_class=&#8221;intro-2&#8243; css=&#8221;.vc_custom_1464688227654{background-image: url(\/wp-content\/uploads\/2016\/05\/eml_background.png?id=220) !important;}&#8221;][vc_column][vc_row_inner el_class=&#8221;uk-flex&#8221;][vc_column_inner el_class=&#8221;uk-flex shadow-2 fill column-fix&#8221; width=&#8221;1\/2&#8243; css=&#8221;.vc_custom_1465484805808{background-color: #ffffff !important;background-position: center !important;background-repeat: no-repeat !important;background-size: cover !important;}&#8221; offset=&#8221;vc_col-xs-12&#8243;][vc_single_image image=&#8221;938&#8243; img_size=&#8221;full&#8221; alignment=&#8221;center&#8221; onclick=&#8221;link_image&#8221; el_class=&#8221;uk-flex uk-flex-middle zoom&#8221;][\/vc_column_inner][vc_column_inner el_class=&#8221;intro-2-title&#8221; width=&#8221;1\/2&#8243; offset=&#8221;vc_col-xs-12&#8243;][vc_empty_space height=&#8221;50%&#8221;][vc_column_text el_class=&#8221;title-white&#8221;] GT Twin [\/vc_column_text][\/vc_column_inner][\/vc_row_inner][\/vc_column][\/vc_row][vc_row css=&#8221;.vc_custom_1464703868430{margin-top: 0px !important;margin-right: -15px !important;margin-bottom: 0px !important;margin-left: -15px !important;padding-top:&hellip; <a class=\"read-more\" href=\"https:\/\/emltrike.com\/de\/sidecars\/gt-twin\/\">Read More<\/a><\/p>\n","protected":false},"author":1,"featured_media":0,"parent":1212,"menu_order":0,"comment_status":"closed","ping_status":"closed","template":"","meta":{"_acf_changed":false,"footnotes":""},"class_list":["post-1275","page","type-page","status-publish","hentry"],"acf":[],"yoast_head":"<!-- This site is optimized with the Yoast SEO plugin v27.4 - https:\/\/yoast.com\/product\/yoast-seo-wordpress\/ -->\n<title>GT Twin - EML Trikes &amp; Sidecars<\/title>\n<meta name=\"robots\" content=\"index, follow, max-snippet:-1, max-image-preview:large, max-video-preview:-1\" \/>\n<link rel=\"canonical\" href=\"https:\/\/emltrike.com\/de\/sidecars\/gt-twin\/\" \/>\n<meta property=\"og:locale\" content=\"de_DE\" \/>\n<meta property=\"og:type\" content=\"article\" \/>\n<meta property=\"og:title\" content=\"GT Twin - EML Trikes &amp; Sidecars\" \/>\n<meta property=\"og:description\" content=\"[vc_row full_width=&#8221;stretch_row_content_no_spaces&#8221; css=&#8221;.vc_custom_1464688053669{background-color: #ffffff !important;}&#8221;][vc_column][vc_empty_space height=&#8221;145px&#8221; css=&#8221;.vc_custom_1464795011193{background-color: #ffffff !important;}&#8221; el_class=&#8221;header-spacer&#8221;][\/vc_column][\/vc_row][vc_row full_width=&#8221;stretch_row&#8221; el_class=&#8221;intro-2&#8243; css=&#8221;.vc_custom_1464688227654{background-image: url(\/wp-content\/uploads\/2016\/05\/eml_background.png?id=220) !important;}&#8221;][vc_column][vc_row_inner el_class=&#8221;uk-flex&#8221;][vc_column_inner el_class=&#8221;uk-flex shadow-2 fill column-fix&#8221; width=&#8221;1\/2&#8243; css=&#8221;.vc_custom_1465484805808{background-color: #ffffff !important;background-position: center !important;background-repeat: no-repeat !important;background-size: cover !important;}&#8221; offset=&#8221;vc_col-xs-12&#8243;][vc_single_image image=&#8221;938&#8243; img_size=&#8221;full&#8221; alignment=&#8221;center&#8221; onclick=&#8221;link_image&#8221; el_class=&#8221;uk-flex uk-flex-middle zoom&#8221;][\/vc_column_inner][vc_column_inner el_class=&#8221;intro-2-title&#8221; width=&#8221;1\/2&#8243; offset=&#8221;vc_col-xs-12&#8243;][vc_empty_space height=&#8221;50%&#8221;][vc_column_text el_class=&#8221;title-white&#8221;] GT Twin [\/vc_column_text][\/vc_column_inner][\/vc_row_inner][\/vc_column][\/vc_row][vc_row css=&#8221;.vc_custom_1464703868430{margin-top: 0px !important;margin-right: -15px !important;margin-bottom: 0px !important;margin-left: -15px !important;padding-top:&hellip; Read More\" \/>\n<meta property=\"og:url\" content=\"https:\/\/emltrike.com\/de\/sidecars\/gt-twin\/\" \/>\n<meta property=\"og:site_name\" content=\"EML Trikes &amp; Sidecars\" \/>\n<meta property=\"article:modified_time\" content=\"2018-04-09T12:26:02+00:00\" \/>\n<meta name=\"twitter:card\" content=\"summary_large_image\" \/>\n<meta name=\"twitter:label1\" content=\"Est. reading time\" \/>\n\t<meta name=\"twitter:data1\" content=\"6 minutes\" \/>\n<script type=\"application\/ld+json\" class=\"yoast-schema-graph\">{\"@context\":\"https:\\\/\\\/schema.org\",\"@graph\":[{\"@type\":\"WebPage\",\"@id\":\"https:\\\/\\\/emltrike.com\\\/de\\\/sidecars\\\/gt-twin\\\/\",\"url\":\"https:\\\/\\\/emltrike.com\\\/de\\\/sidecars\\\/gt-twin\\\/\",\"name\":\"GT Twin - EML Trikes &amp; Sidecars\",\"isPartOf\":{\"@id\":\"https:\\\/\\\/emltrike.com\\\/de\\\/nl\\\/startpagina\\\/#website\"},\"datePublished\":\"2016-06-27T13:43:21+00:00\",\"dateModified\":\"2018-04-09T12:26:02+00:00\",\"breadcrumb\":{\"@id\":\"https:\\\/\\\/emltrike.com\\\/de\\\/sidecars\\\/gt-twin\\\/#breadcrumb\"},\"inLanguage\":\"de-DE\",\"potentialAction\":[{\"@type\":\"ReadAction\",\"target\":[\"https:\\\/\\\/emltrike.com\\\/de\\\/sidecars\\\/gt-twin\\\/\"]}]},{\"@type\":\"BreadcrumbList\",\"@id\":\"https:\\\/\\\/emltrike.com\\\/de\\\/sidecars\\\/gt-twin\\\/#breadcrumb\",\"itemListElement\":[{\"@type\":\"ListItem\",\"position\":1,\"name\":\"Home\",\"item\":\"https:\\\/\\\/emltrike.com\\\/de\\\/start\\\/\"},{\"@type\":\"ListItem\",\"position\":2,\"name\":\"Sidecars\",\"item\":\"https:\\\/\\\/emltrike.com\\\/de\\\/sidecars\\\/\"},{\"@type\":\"ListItem\",\"position\":3,\"name\":\"GT Twin\"}]},{\"@type\":\"WebSite\",\"@id\":\"https:\\\/\\\/emltrike.com\\\/de\\\/nl\\\/startpagina\\\/#website\",\"url\":\"https:\\\/\\\/emltrike.com\\\/de\\\/nl\\\/startpagina\\\/\",\"name\":\"EML Trikes &amp; Sidecars\",\"description\":\"Performance by Technology\",\"potentialAction\":[{\"@type\":\"SearchAction\",\"target\":{\"@type\":\"EntryPoint\",\"urlTemplate\":\"https:\\\/\\\/emltrike.com\\\/de\\\/nl\\\/startpagina\\\/?s={search_term_string}\"},\"query-input\":{\"@type\":\"PropertyValueSpecification\",\"valueRequired\":true,\"valueName\":\"search_term_string\"}}],\"inLanguage\":\"de-DE\"}]}<\/script>\n<!-- \/ Yoast SEO plugin. -->","yoast_head_json":{"title":"GT Twin - EML Trikes &amp; Sidecars","robots":{"index":"index","follow":"follow","max-snippet":"max-snippet:-1","max-image-preview":"max-image-preview:large","max-video-preview":"max-video-preview:-1"},"canonical":"https:\/\/emltrike.com\/de\/sidecars\/gt-twin\/","og_locale":"de_DE","og_type":"article","og_title":"GT Twin - EML Trikes &amp; Sidecars","og_description":"[vc_row full_width=&#8221;stretch_row_content_no_spaces&#8221; css=&#8221;.vc_custom_1464688053669{background-color: #ffffff !important;}&#8221;][vc_column][vc_empty_space height=&#8221;145px&#8221; css=&#8221;.vc_custom_1464795011193{background-color: #ffffff !important;}&#8221; el_class=&#8221;header-spacer&#8221;][\/vc_column][\/vc_row][vc_row full_width=&#8221;stretch_row&#8221; el_class=&#8221;intro-2&#8243; css=&#8221;.vc_custom_1464688227654{background-image: url(\/wp-content\/uploads\/2016\/05\/eml_background.png?id=220) !important;}&#8221;][vc_column][vc_row_inner el_class=&#8221;uk-flex&#8221;][vc_column_inner el_class=&#8221;uk-flex shadow-2 fill column-fix&#8221; width=&#8221;1\/2&#8243; css=&#8221;.vc_custom_1465484805808{background-color: #ffffff !important;background-position: center !important;background-repeat: no-repeat !important;background-size: cover !important;}&#8221; offset=&#8221;vc_col-xs-12&#8243;][vc_single_image image=&#8221;938&#8243; img_size=&#8221;full&#8221; alignment=&#8221;center&#8221; onclick=&#8221;link_image&#8221; el_class=&#8221;uk-flex uk-flex-middle zoom&#8221;][\/vc_column_inner][vc_column_inner el_class=&#8221;intro-2-title&#8221; width=&#8221;1\/2&#8243; offset=&#8221;vc_col-xs-12&#8243;][vc_empty_space height=&#8221;50%&#8221;][vc_column_text el_class=&#8221;title-white&#8221;] GT Twin [\/vc_column_text][\/vc_column_inner][\/vc_row_inner][\/vc_column][\/vc_row][vc_row css=&#8221;.vc_custom_1464703868430{margin-top: 0px !important;margin-right: -15px !important;margin-bottom: 0px !important;margin-left: -15px !important;padding-top:&hellip; Read More","og_url":"https:\/\/emltrike.com\/de\/sidecars\/gt-twin\/","og_site_name":"EML Trikes &amp; Sidecars","article_modified_time":"2018-04-09T12:26:02+00:00","twitter_card":"summary_large_image","twitter_misc":{"Est. reading time":"6 minutes"},"schema":{"@context":"https:\/\/schema.org","@graph":[{"@type":"WebPage","@id":"https:\/\/emltrike.com\/de\/sidecars\/gt-twin\/","url":"https:\/\/emltrike.com\/de\/sidecars\/gt-twin\/","name":"GT Twin - EML Trikes &amp; Sidecars","isPartOf":{"@id":"https:\/\/emltrike.com\/de\/nl\/startpagina\/#website"},"datePublished":"2016-06-27T13:43:21+00:00","dateModified":"2018-04-09T12:26:02+00:00","breadcrumb":{"@id":"https:\/\/emltrike.com\/de\/sidecars\/gt-twin\/#breadcrumb"},"inLanguage":"de-DE","potentialAction":[{"@type":"ReadAction","target":["https:\/\/emltrike.com\/de\/sidecars\/gt-twin\/"]}]},{"@type":"BreadcrumbList","@id":"https:\/\/emltrike.com\/de\/sidecars\/gt-twin\/#breadcrumb","itemListElement":[{"@type":"ListItem","position":1,"name":"Home","item":"https:\/\/emltrike.com\/de\/start\/"},{"@type":"ListItem","position":2,"name":"Sidecars","item":"https:\/\/emltrike.com\/de\/sidecars\/"},{"@type":"ListItem","position":3,"name":"GT Twin"}]},{"@type":"WebSite","@id":"https:\/\/emltrike.com\/de\/nl\/startpagina\/#website","url":"https:\/\/emltrike.com\/de\/nl\/startpagina\/","name":"EML Trikes &amp; Sidecars","description":"Performance by Technology","potentialAction":[{"@type":"SearchAction","target":{"@type":"EntryPoint","urlTemplate":"https:\/\/emltrike.com\/de\/nl\/startpagina\/?s={search_term_string}"},"query-input":{"@type":"PropertyValueSpecification","valueRequired":true,"valueName":"search_term_string"}}],"inLanguage":"de-DE"}]}},"_links":{"self":[{"href":"https:\/\/emltrike.com\/de\/wp-json\/wp\/v2\/pages\/1275","targetHints":{"allow":["GET"]}}],"collection":[{"href":"https:\/\/emltrike.com\/de\/wp-json\/wp\/v2\/pages"}],"about":[{"href":"https:\/\/emltrike.com\/de\/wp-json\/wp\/v2\/types\/page"}],"author":[{"embeddable":true,"href":"https:\/\/emltrike.com\/de\/wp-json\/wp\/v2\/users\/1"}],"replies":[{"embeddable":true,"href":"https:\/\/emltrike.com\/de\/wp-json\/wp\/v2\/comments?post=1275"}],"version-history":[{"count":5,"href":"https:\/\/emltrike.com\/de\/wp-json\/wp\/v2\/pages\/1275\/revisions"}],"predecessor-version":[{"id":1641,"href":"https:\/\/emltrike.com\/de\/wp-json\/wp\/v2\/pages\/1275\/revisions\/1641"}],"up":[{"embeddable":true,"href":"https:\/\/emltrike.com\/de\/wp-json\/wp\/v2\/pages\/1212"}],"wp:attachment":[{"href":"https:\/\/emltrike.com\/de\/wp-json\/wp\/v2\/media?parent=1275"}],"curies":[{"name":"wp","href":"https:\/\/api.w.org\/{rel}","templated":true}]}}