{"id":1212,"date":"2016-06-27T11:47:41","date_gmt":"2016-06-27T09:47:41","guid":{"rendered":"http:\/\/emltrike.com\/?page_id=1212"},"modified":"2024-08-29T14:37:16","modified_gmt":"2024-08-29T12:37:16","slug":"sidecars","status":"publish","type":"page","link":"https:\/\/emltrike.com\/de\/sidecars\/","title":{"rendered":"Sidecars"},"content":{"rendered":"<div class=\"wpb-content-wrapper\"><p>[vc_row full_width=&#8221;stretch_row_content_no_spaces&#8221; el_class=&#8221;border-large&#8221;][vc_column][vc_images_carousel images=&#8221;918,917,916,915&#8243; img_size=&#8221;full&#8221; onclick=&#8221;link_no&#8221; autoplay=&#8221;yes&#8221; hide_pagination_control=&#8221;yes&#8221; hide_prev_next_buttons=&#8221;yes&#8221; wrap=&#8221;yes&#8221; el_class=&#8221;header-carousel&#8221;][\/vc_column][\/vc_row][vc_row][vc_column width=&#8221;2\/3&#8243; el_class=&#8221;intro padding-normal fill shadow-2 border-bottom-6&#8243;][vc_custom_heading text=&#8221;Sidecars&#8221; font_container=&#8221;tag:h1|text_align:left&#8221; use_theme_fonts=&#8221;yes&#8221; link=&#8221;||&#8221;][vc_column_text]<span lang=\"DE\">EML bietet ein gro\u00dfes Programm Beiwagen Modelle geeignet f\u00fcr verschiedene Motorradmodelle . Jedes Motorrad-Kit ist entwickelt und getestet Exklusiv von EML und f\u00fcr das angegebene Fahrzeug Model. Bei EML ist der Kunde nicht der Testfahrer. Alle m\u00f6glichen Kombinationen sind ausf\u00fchrlichr gepr\u00fcft. Dies f\u00fchrt zu einer sichereren und bequemeren Gespannen.<\/span>[\/vc_column_text][vc_custom_heading text=&#8221;Performance By technology&#8221; font_container=&#8221;tag:h3|text_align:left&#8221; use_theme_fonts=&#8221;yes&#8221;][\/vc_column][\/vc_row][vc_row gap=&#8221;30&#8243; equal_height=&#8221;yes&#8221; content_placement=&#8221;top&#8221; el_class=&#8221;margin-bottom&#8221;][vc_column width=&#8221;1\/2&#8243; el_class=&#8221;product&#8221; offset=&#8221;vc_col-lg-4 vc_col-md-4 vc_col-xs-12&#8243;][vc_custom_heading text=&#8221;Speed 2000&#8243; font_container=&#8221;tag:h3|text_align:left&#8221; use_theme_fonts=&#8221;yes&#8221; el_class=&#8221;product-heading&#8221; link=&#8221;url:%2Fsidecars%2Fspeed-2000%2F|||&#8221;][vc_single_image image=&#8221;785&#8243; img_size=&#8221;large&#8221; alignment=&#8221;center&#8221; onclick=&#8221;custom_link&#8221; link=&#8221;\/sidecars\/speed-2000\/&#8221;][\/vc_column][vc_column width=&#8221;1\/2&#8243; el_class=&#8221;product&#8221; offset=&#8221;vc_col-lg-4 vc_col-md-4 vc_col-xs-12&#8243;][vc_custom_heading text=&#8221;CT 2001&#8243; font_container=&#8221;tag:h3|text_align:left&#8221; use_theme_fonts=&#8221;yes&#8221; el_class=&#8221;product-heading&#8221; link=&#8221;url:%2Fsidecars%2Fct-2001%2F|||&#8221;][vc_single_image image=&#8221;936&#8243; img_size=&#8221;large&#8221; alignment=&#8221;center&#8221; onclick=&#8221;custom_link&#8221; link=&#8221;\/sidecars\/ct-2001\/&#8221;][\/vc_column][vc_column width=&#8221;1\/2&#8243; el_class=&#8221;product&#8221; offset=&#8221;vc_col-lg-4 vc_col-md-4 vc_col-xs-12&#8243;][vc_custom_heading text=&#8221;GT 2001&#8243; font_container=&#8221;tag:h3|text_align:left&#8221; use_theme_fonts=&#8221;yes&#8221; el_class=&#8221;product-heading&#8221; link=&#8221;url:%2Fsidecars%2Fgt-2001%2F|||&#8221;][vc_single_image image=&#8221;933&#8243; img_size=&#8221;large&#8221; alignment=&#8221;center&#8221; onclick=&#8221;custom_link&#8221; link=&#8221;\/sidecars\/gt-2001\/&#8221;][\/vc_column][vc_column width=&#8221;1\/2&#8243; offset=&#8221;vc_col-lg-4 vc_col-md-4 vc_col-xs-12&#8243; el_class=&#8221;product&#8221;][vc_custom_heading text=&#8221;E 2000&#8243; font_container=&#8221;tag:h3|text_align:left&#8221; use_theme_fonts=&#8221;yes&#8221; el_class=&#8221;product-heading&#8221; link=&#8221;url:%2Fsidecars%2Fe-2000%2F|||&#8221;][vc_single_image image=&#8221;935&#8243; img_size=&#8221;large&#8221; alignment=&#8221;center&#8221; onclick=&#8221;custom_link&#8221; link=&#8221;\/sidecars\/e-2000\/&#8221;][\/vc_column][vc_column width=&#8221;1\/2&#8243; offset=&#8221;vc_col-lg-4 vc_col-md-4 vc_col-xs-12&#8243; el_class=&#8221;product&#8221;][vc_custom_heading text=&#8221;S1 Roadster&#8221; font_container=&#8221;tag:h3|text_align:left&#8221; use_theme_fonts=&#8221;yes&#8221; el_class=&#8221;product-heading&#8221; link=&#8221;url:%2Fsidecars%2Fs1-roadster%2F|||&#8221;][vc_single_image image=&#8221;784&#8243; img_size=&#8221;large&#8221; alignment=&#8221;center&#8221; onclick=&#8221;custom_link&#8221; link=&#8221;\/sidecars\/s1-roadster\/&#8221;][\/vc_column][vc_column width=&#8221;1\/2&#8243; offset=&#8221;vc_col-lg-4 vc_col-md-4 vc_col-xs-12&#8243; el_class=&#8221;product&#8221;][vc_custom_heading text=&#8221;GT Twin&#8221; font_container=&#8221;tag:h3|text_align:left&#8221; use_theme_fonts=&#8221;yes&#8221; el_class=&#8221;product-heading&#8221; link=&#8221;url:%2Fsidecars%2Fgt-twin%2F|||&#8221;][vc_single_image image=&#8221;934&#8243; img_size=&#8221;large&#8221; alignment=&#8221;center&#8221; onclick=&#8221;custom_link&#8221; link=&#8221;\/sidecars\/gt-twin\/&#8221;][\/vc_column][\/vc_row][vc_row el_class=&#8221;margin-bottom&#8221;][vc_column el_class=&#8221;shadow-2 fill padding-large basic-textblock&#8221;][vc_column_text]<\/p>\n<p>EML garantiert gute lenk, fahr und brems Verhalten. Auch Ihre Sicherheit in Beziehung mit Festigkeit von Rahmen, Gabel, Rader und Radaufh\u00e4ngungen ist garantiert. Um das zu erzielen werden EML Beiwagen immer mit Komplexe Motorradumbausatze geliefert. Nachfolgend ein Zusammenfassung der Lieferbare Motorradumbausatze:<\/p>\n<p>[\/vc_column_text][vc_btn title=&#8221;MODIFIKATIONEN&#8221; style=&#8221;flat&#8221; shape=&#8221;square&#8221; color=&#8221;primary&#8221; align=&#8221;center&#8221; link=&#8221;url:%2Fsidecars%2Fmodifikationen%2F|||&#8221; css=&#8221;.vc_custom_1467020792157{margin-top: 20px !important;margin-bottom: 0px !important;}&#8221;][\/vc_column][\/vc_row][vc_row el_class=&#8221;margin-bottom&#8221;][vc_column el_class=&#8221;shadow-2 fill padding-large basic-textblock&#8221;][vc_column_text]<\/p>\n<p>Mit einem H\u00e4ndlernetz in Westeuropa, die U.S.A. Japan und wir liefern unsere Produkte in der ganzen Welt.<br \/>\nInteressierte oder irgendeine Frage, kontaktieren Sie bitte eine unsererlokalen H\u00e4ndlern. Sie sind Ihr Ansprechpartner f\u00fcr Ersatzteile, Beratung und einen guten Service liefern.<\/p>\n<p>[\/vc_column_text][vc_btn title=&#8221;VERKAUF&#8221; style=&#8221;flat&#8221; shape=&#8221;square&#8221; color=&#8221;primary&#8221; align=&#8221;center&#8221; link=&#8221;url:..%2Fverkauf%2F|||&#8221; css=&#8221;.vc_custom_1467020832415{margin-top: 20px !important;margin-bottom: 0px !important;}&#8221;][\/vc_column][\/vc_row]<\/p>\n<\/div>","protected":false},"excerpt":{"rendered":"<p>[vc_row full_width=&#8221;stretch_row_content_no_spaces&#8221; el_class=&#8221;border-large&#8221;][vc_column][vc_images_carousel images=&#8221;918,917,916,915&#8243; img_size=&#8221;full&#8221; onclick=&#8221;link_no&#8221; autoplay=&#8221;yes&#8221; hide_pagination_control=&#8221;yes&#8221; hide_prev_next_buttons=&#8221;yes&#8221; wrap=&#8221;yes&#8221; el_class=&#8221;header-carousel&#8221;][\/vc_column][\/vc_row][vc_row][vc_column width=&#8221;2\/3&#8243; el_class=&#8221;intro padding-normal fill shadow-2 border-bottom-6&#8243;][vc_custom_heading text=&#8221;Sidecars&#8221; font_container=&#8221;tag:h1|text_align:left&#8221; use_theme_fonts=&#8221;yes&#8221; link=&#8221;||&#8221;][vc_column_text]EML bietet ein gro\u00dfes Programm Beiwagen Modelle geeignet f\u00fcr verschiedene Motorradmodelle . Jedes Motorrad-Kit ist entwickelt und getestet Exklusiv von EML und f\u00fcr das angegebene Fahrzeug Model. Bei EML ist der Kunde nicht der Testfahrer.&hellip; <a class=\"read-more\" href=\"https:\/\/emltrike.com\/de\/sidecars\/\">Read More<\/a><\/p>\n","protected":false},"author":1,"featured_media":0,"parent":0,"menu_order":0,"comment_status":"closed","ping_status":"closed","template":"","meta":{"_acf_changed":false,"footnotes":""},"class_list":["post-1212","page","type-page","status-publish","hentry"],"acf":[],"yoast_head":"<!-- This site is optimized with the Yoast SEO plugin v27.3 - https:\/\/yoast.com\/product\/yoast-seo-wordpress\/ -->\n<title>Sidecars - EML Trikes &amp; Sidecars<\/title>\n<meta name=\"robots\" content=\"index, follow, max-snippet:-1, max-image-preview:large, max-video-preview:-1\" \/>\n<link rel=\"canonical\" href=\"https:\/\/emltrike.com\/de\/sidecars\/\" \/>\n<meta property=\"og:locale\" content=\"de_DE\" \/>\n<meta property=\"og:type\" content=\"article\" \/>\n<meta property=\"og:title\" content=\"Sidecars - EML Trikes &amp; Sidecars\" \/>\n<meta property=\"og:description\" content=\"[vc_row full_width=&#8221;stretch_row_content_no_spaces&#8221; el_class=&#8221;border-large&#8221;][vc_column][vc_images_carousel images=&#8221;918,917,916,915&#8243; img_size=&#8221;full&#8221; onclick=&#8221;link_no&#8221; autoplay=&#8221;yes&#8221; hide_pagination_control=&#8221;yes&#8221; hide_prev_next_buttons=&#8221;yes&#8221; wrap=&#8221;yes&#8221; el_class=&#8221;header-carousel&#8221;][\/vc_column][\/vc_row][vc_row][vc_column width=&#8221;2\/3&#8243; el_class=&#8221;intro padding-normal fill shadow-2 border-bottom-6&#8243;][vc_custom_heading text=&#8221;Sidecars&#8221; font_container=&#8221;tag:h1|text_align:left&#8221; use_theme_fonts=&#8221;yes&#8221; link=&#8221;||&#8221;][vc_column_text]EML bietet ein gro\u00dfes Programm Beiwagen Modelle geeignet f\u00fcr verschiedene Motorradmodelle . Jedes Motorrad-Kit ist entwickelt und getestet Exklusiv von EML und f\u00fcr das angegebene Fahrzeug Model. Bei EML ist der Kunde nicht der Testfahrer.&hellip; Read More\" \/>\n<meta property=\"og:url\" content=\"https:\/\/emltrike.com\/de\/sidecars\/\" \/>\n<meta property=\"og:site_name\" content=\"EML Trikes &amp; Sidecars\" \/>\n<meta property=\"article:modified_time\" content=\"2024-08-29T12:37:16+00:00\" \/>\n<meta name=\"twitter:card\" content=\"summary_large_image\" \/>\n<meta name=\"twitter:label1\" content=\"Est. reading time\" \/>\n\t<meta name=\"twitter:data1\" content=\"2 minutes\" \/>\n<script type=\"application\/ld+json\" class=\"yoast-schema-graph\">{\"@context\":\"https:\\\/\\\/schema.org\",\"@graph\":[{\"@type\":\"WebPage\",\"@id\":\"https:\\\/\\\/emltrike.com\\\/de\\\/sidecars\\\/\",\"url\":\"https:\\\/\\\/emltrike.com\\\/de\\\/sidecars\\\/\",\"name\":\"Sidecars - EML Trikes &amp; Sidecars\",\"isPartOf\":{\"@id\":\"https:\\\/\\\/emltrike.com\\\/de\\\/nl\\\/startpagina\\\/#website\"},\"datePublished\":\"2016-06-27T09:47:41+00:00\",\"dateModified\":\"2024-08-29T12:37:16+00:00\",\"breadcrumb\":{\"@id\":\"https:\\\/\\\/emltrike.com\\\/de\\\/sidecars\\\/#breadcrumb\"},\"inLanguage\":\"de-DE\",\"potentialAction\":[{\"@type\":\"ReadAction\",\"target\":[\"https:\\\/\\\/emltrike.com\\\/de\\\/sidecars\\\/\"]}]},{\"@type\":\"BreadcrumbList\",\"@id\":\"https:\\\/\\\/emltrike.com\\\/de\\\/sidecars\\\/#breadcrumb\",\"itemListElement\":[{\"@type\":\"ListItem\",\"position\":1,\"name\":\"Home\",\"item\":\"https:\\\/\\\/emltrike.com\\\/de\\\/start\\\/\"},{\"@type\":\"ListItem\",\"position\":2,\"name\":\"Sidecars\"}]},{\"@type\":\"WebSite\",\"@id\":\"https:\\\/\\\/emltrike.com\\\/de\\\/nl\\\/startpagina\\\/#website\",\"url\":\"https:\\\/\\\/emltrike.com\\\/de\\\/nl\\\/startpagina\\\/\",\"name\":\"EML Trikes &amp; Sidecars\",\"description\":\"Performance by Technology\",\"potentialAction\":[{\"@type\":\"SearchAction\",\"target\":{\"@type\":\"EntryPoint\",\"urlTemplate\":\"https:\\\/\\\/emltrike.com\\\/de\\\/nl\\\/startpagina\\\/?s={search_term_string}\"},\"query-input\":{\"@type\":\"PropertyValueSpecification\",\"valueRequired\":true,\"valueName\":\"search_term_string\"}}],\"inLanguage\":\"de-DE\"}]}<\/script>\n<!-- \/ Yoast SEO plugin. -->","yoast_head_json":{"title":"Sidecars - EML Trikes &amp; Sidecars","robots":{"index":"index","follow":"follow","max-snippet":"max-snippet:-1","max-image-preview":"max-image-preview:large","max-video-preview":"max-video-preview:-1"},"canonical":"https:\/\/emltrike.com\/de\/sidecars\/","og_locale":"de_DE","og_type":"article","og_title":"Sidecars - EML Trikes &amp; Sidecars","og_description":"[vc_row full_width=&#8221;stretch_row_content_no_spaces&#8221; el_class=&#8221;border-large&#8221;][vc_column][vc_images_carousel images=&#8221;918,917,916,915&#8243; img_size=&#8221;full&#8221; onclick=&#8221;link_no&#8221; autoplay=&#8221;yes&#8221; hide_pagination_control=&#8221;yes&#8221; hide_prev_next_buttons=&#8221;yes&#8221; wrap=&#8221;yes&#8221; el_class=&#8221;header-carousel&#8221;][\/vc_column][\/vc_row][vc_row][vc_column width=&#8221;2\/3&#8243; el_class=&#8221;intro padding-normal fill shadow-2 border-bottom-6&#8243;][vc_custom_heading text=&#8221;Sidecars&#8221; font_container=&#8221;tag:h1|text_align:left&#8221; use_theme_fonts=&#8221;yes&#8221; link=&#8221;||&#8221;][vc_column_text]EML bietet ein gro\u00dfes Programm Beiwagen Modelle geeignet f\u00fcr verschiedene Motorradmodelle . Jedes Motorrad-Kit ist entwickelt und getestet Exklusiv von EML und f\u00fcr das angegebene Fahrzeug Model. Bei EML ist der Kunde nicht der Testfahrer.&hellip; Read More","og_url":"https:\/\/emltrike.com\/de\/sidecars\/","og_site_name":"EML Trikes &amp; Sidecars","article_modified_time":"2024-08-29T12:37:16+00:00","twitter_card":"summary_large_image","twitter_misc":{"Est. reading time":"2 minutes"},"schema":{"@context":"https:\/\/schema.org","@graph":[{"@type":"WebPage","@id":"https:\/\/emltrike.com\/de\/sidecars\/","url":"https:\/\/emltrike.com\/de\/sidecars\/","name":"Sidecars - EML Trikes &amp; Sidecars","isPartOf":{"@id":"https:\/\/emltrike.com\/de\/nl\/startpagina\/#website"},"datePublished":"2016-06-27T09:47:41+00:00","dateModified":"2024-08-29T12:37:16+00:00","breadcrumb":{"@id":"https:\/\/emltrike.com\/de\/sidecars\/#breadcrumb"},"inLanguage":"de-DE","potentialAction":[{"@type":"ReadAction","target":["https:\/\/emltrike.com\/de\/sidecars\/"]}]},{"@type":"BreadcrumbList","@id":"https:\/\/emltrike.com\/de\/sidecars\/#breadcrumb","itemListElement":[{"@type":"ListItem","position":1,"name":"Home","item":"https:\/\/emltrike.com\/de\/start\/"},{"@type":"ListItem","position":2,"name":"Sidecars"}]},{"@type":"WebSite","@id":"https:\/\/emltrike.com\/de\/nl\/startpagina\/#website","url":"https:\/\/emltrike.com\/de\/nl\/startpagina\/","name":"EML Trikes &amp; Sidecars","description":"Performance by Technology","potentialAction":[{"@type":"SearchAction","target":{"@type":"EntryPoint","urlTemplate":"https:\/\/emltrike.com\/de\/nl\/startpagina\/?s={search_term_string}"},"query-input":{"@type":"PropertyValueSpecification","valueRequired":true,"valueName":"search_term_string"}}],"inLanguage":"de-DE"}]}},"_links":{"self":[{"href":"https:\/\/emltrike.com\/de\/wp-json\/wp\/v2\/pages\/1212","targetHints":{"allow":["GET"]}}],"collection":[{"href":"https:\/\/emltrike.com\/de\/wp-json\/wp\/v2\/pages"}],"about":[{"href":"https:\/\/emltrike.com\/de\/wp-json\/wp\/v2\/types\/page"}],"author":[{"embeddable":true,"href":"https:\/\/emltrike.com\/de\/wp-json\/wp\/v2\/users\/1"}],"replies":[{"embeddable":true,"href":"https:\/\/emltrike.com\/de\/wp-json\/wp\/v2\/comments?post=1212"}],"version-history":[{"count":6,"href":"https:\/\/emltrike.com\/de\/wp-json\/wp\/v2\/pages\/1212\/revisions"}],"predecessor-version":[{"id":3820,"href":"https:\/\/emltrike.com\/de\/wp-json\/wp\/v2\/pages\/1212\/revisions\/3820"}],"wp:attachment":[{"href":"https:\/\/emltrike.com\/de\/wp-json\/wp\/v2\/media?parent=1212"}],"curies":[{"name":"wp","href":"https:\/\/api.w.org\/{rel}","templated":true}]}}