{"id":1189,"date":"2016-06-23T11:10:12","date_gmt":"2016-06-23T09:10:12","guid":{"rendered":"http:\/\/emltrike.com\/?page_id=1189"},"modified":"2024-08-29T15:29:01","modified_gmt":"2024-08-29T13:29:01","slug":"quadracing","status":"publish","type":"page","link":"https:\/\/emltrike.com\/de\/quadracing\/","title":{"rendered":"Quadracing"},"content":{"rendered":"<div class=\"wpb-content-wrapper\"><p>[vc_row full_width=&#8221;stretch_row_content_no_spaces&#8221; css=&#8221;.vc_custom_1464688053669{background-color: #ffffff !important;}&#8221;][vc_column][vc_empty_space height=&#8221;145px&#8221; css=&#8221;.vc_custom_1464795011193{background-color: #ffffff !important;}&#8221; el_class=&#8221;header-spacer&#8221;][\/vc_column][\/vc_row][vc_row full_width=&#8221;stretch_row&#8221; el_class=&#8221;intro-2&#8243; css=&#8221;.vc_custom_1464688227654{background-image: url(\/wp-content\/uploads\/2016\/05\/eml_background.png?id=220) !important;}&#8221;][vc_column][vc_row_inner el_class=&#8221;uk-flex&#8221;][vc_column_inner el_class=&#8221;uk-flex shadow-2 fill column-fix&#8221; width=&#8221;1\/2&#8243; css=&#8221;.vc_custom_1465904275973{background-color: #ffffff !important;background-position: center !important;background-repeat: no-repeat !important;background-size: cover !important;}&#8221; offset=&#8221;vc_col-xs-12&#8243;][vc_single_image image=&#8221;596&#8243; img_size=&#8221;large&#8221; alignment=&#8221;center&#8221; onclick=&#8221;link_image&#8221; el_class=&#8221;uk-flex uk-flex-middle zoom&#8221;][\/vc_column_inner][vc_column_inner el_class=&#8221;intro-2-title&#8221; width=&#8221;1\/2&#8243; offset=&#8221;vc_col-xs-12&#8243;][vc_empty_space height=&#8221;50%&#8221;][vc_column_text el_class=&#8221;title-white&#8221;]<\/p>\n<h1>W-TEC Eraser Evo 2011<small>Das einzige ultra leichte Racing Quad auf dem Markt<\/small><\/h1>\n<p>[\/vc_column_text][\/vc_column_inner][\/vc_row_inner][\/vc_column][\/vc_row][vc_row css=&#8221;.vc_custom_1464703868430{margin-top: 0px !important;margin-right: -15px !important;margin-bottom: 0px !important;margin-left: -15px !important;padding-top: 0px !important;padding-right: 0px !important;padding-bottom: 0px !important;padding-left: 0px !important;}&#8221;][vc_column offset=&#8221;vc_hidden-lg vc_hidden-md vc_hidden-sm&#8221; css=&#8221;.vc_custom_1464703819759{margin: 0px !important;padding: 0px !important;}&#8221;][vc_column_text el_class=&#8221;padding-large fill-blue shadow-2 title-white&#8221;]<\/p>\n<h1>W-TEC Eraser Evo 2011<small>Das einzige ultra leichte Racing Quad auf dem Markt<\/small><\/h1>\n<p>[\/vc_column_text][vc_single_image image=&#8221;596&#8243; img_size=&#8221;large&#8221; css=&#8221;.vc_custom_1464945506879{margin-top: 0px !important;margin-right: 0px !important;margin-bottom: 0px !important;margin-left: 0px !important;padding-top: 0px !important;padding-right: 0px !important;padding-bottom: 0px !important;padding-left: 0px !important;}&#8221; el_class=&#8221;fill shadow-2&#8243;][\/vc_column][\/vc_row][vc_row el_class=&#8221;margin-bottom&#8221;][vc_column width=&#8221;1\/2&#8243; css=&#8221;.vc_custom_1464796374996{margin-top: 0px !important;margin-bottom: 0px !important;padding-right: 0px !important;padding-left: 0px !important;}&#8221; el_class=&#8221;border-bottom shadow-2 fill padding-large&#8221;][vc_column_text]Der W-Tec Eraser Evo 2011 ist das einzige ultra leichte Racing Quad auf dem Markt. Das positive bewerte Konzept der Evo ist dieses mal nur etwas optimiert.<\/p>\n<p>Der Evo wird jetzt Standard mit Abnehmbaren Aluminium Nerbars geliefert. Der Geometrie von die Vorderradf\u00fchrung und Lenkeinrichtung mit Achsschenkel zum Teil aus Billet Aluminium und mit 4 Kolben Radial Zangen hat sich so bewertet das nicht viel ge\u00e4ndert ist.[\/vc_column_text][\/vc_column][\/vc_row][vc_row][vc_column css=&#8221;.vc_custom_1464688304848{padding-right: 0px !important;padding-left: 0px !important;}&#8221;][vc_custom_heading text=&#8221;Technische daten&#8221; font_container=&#8221;tag:h3|text_align:left&#8221; use_theme_fonts=&#8221;yes&#8221; el_class=&#8221;product-heading&#8221;][\/vc_column][\/vc_row][vc_row content_placement=&#8221;top&#8221; el_class=&#8221;border-top shadow-2 fill padding-large margin-bottom table-block&#8221;][vc_column width=&#8221;1\/2&#8243; offset=&#8221;vc_col-lg-4 vc_col-md-4 vc_col-xs-12&#8243;][vc_column_text]<\/p>\n<table style=\"margin-bottom: 0 !important;\">\n<tbody>\n<tr>\n<th>Gr\u00f6\u00dfe<\/th>\n<th><\/th>\n<\/tr>\n<tr>\n<td>Lange<\/td>\n<td>1.800 mm*<\/td>\n<\/tr>\n<tr>\n<td>Breite<\/td>\n<td>1.290 mm*<\/td>\n<\/tr>\n<tr>\n<td>Hohe<\/td>\n<td>1.020 mm*<\/td>\n<\/tr>\n<tr>\n<td>Radstand<\/td>\n<td>1.320 mm<\/td>\n<\/tr>\n<tr>\n<td>Spurbreite vorne<\/td>\n<td>1.030 mm*<\/td>\n<\/tr>\n<tr>\n<td>Spurbreite hinten<\/td>\n<td>1.060 mm*<\/td>\n<\/tr>\n<tr>\n<td>Sitz hohe<\/td>\n<td>510 mm<\/td>\n<\/tr>\n<\/tbody>\n<\/table>\n<p class=\"bg-info\">*Abh\u00e4ngig von Reifen<\/p>\n<p>[\/vc_column_text][\/vc_column][vc_column width=&#8221;1\/2&#8243; offset=&#8221;vc_col-lg-4 vc_col-md-4 vc_col-xs-12&#8243;][vc_column_text]<\/p>\n<table>\n<tbody>\n<tr>\n<th>Gewicht<\/th>\n<th><\/th>\n<\/tr>\n<tr>\n<td>Tank Inhalt<\/td>\n<td>9 liter<\/td>\n<\/tr>\n<tr>\n<td>Trocken Gewicht<\/td>\n<td>161kg mit KTM 530EXC-R Motor (6 Gang, Kick Start und E Start)<\/td>\n<\/tr>\n<tr>\n<td><\/td>\n<td>157 Kg mit Honda CRF450R Motor<\/td>\n<\/tr>\n<tr>\n<td><\/td>\n<td>155 KG mit Honda CRF250R Motor<\/td>\n<\/tr>\n<\/tbody>\n<\/table>\n<p>[\/vc_column_text][\/vc_column][vc_column width=&#8221;1\/2&#8243; offset=&#8221;vc_col-lg-4 vc_col-md-4 vc_col-xs-12&#8243;][vc_column_text]<\/p>\n<table style=\"margin-bottom: 0 !important;\">\n<tbody>\n<tr>\n<th>Motor<\/th>\n<th><\/th>\n<\/tr>\n<tr>\n<td>Motoren<\/td>\n<td>530EXC-R<\/td>\n<\/tr>\n<tr>\n<td><\/td>\n<td>CRF450R (X)<\/td>\n<\/tr>\n<tr>\n<td><\/td>\n<td>CRF250R<\/td>\n<\/tr>\n<\/tbody>\n<\/table>\n<p class=\"bg-info\">Der W-Tec Eraser Evo 2010 ist auch lieferbar ohne Motor und auch f\u00fcr zum Beispiel Yamaha oder Husaberg. Fragen Sie ihren Handler.<\/p>\n<p>[\/vc_column_text][\/vc_column][vc_column width=&#8221;1\/2&#8243; offset=&#8221;vc_col-xs-12&#8243;][vc_column_text]<\/p>\n<table>\n<tbody>\n<tr>\n<th>Bremsen<\/th>\n<th><\/th>\n<\/tr>\n<tr>\n<td>Bremsen vorne<\/td>\n<td>4- Kolben Radial Zangen auf 190mm schwebende Scheiben<\/td>\n<\/tr>\n<tr>\n<td>Bremsen hinten<\/td>\n<td>4- Kolben Zange auf 205mm schwebende Scheibe<\/td>\n<\/tr>\n<tr>\n<td>Sto\u00dfd\u00e4mpfer<\/td>\n<td>Ohlins PRX H\/L Speed Verst. Mit PDS (auch lieferbar ohne Sto\u00dfd\u00e4mpfer)<\/td>\n<\/tr>\n<tr>\n<td>Lenkungsdampfer<\/td>\n<td>Verstellbar hydraulisch integriert im Lenksystem<\/td>\n<\/tr>\n<\/tbody>\n<\/table>\n<p>[\/vc_column_text][\/vc_column][vc_column width=&#8221;1\/2&#8243; offset=&#8221;vc_col-xs-12&#8243;][vc_column_text]<\/p>\n<table>\n<tbody>\n<tr>\n<th>Reifen<\/th>\n<th><\/th>\n<\/tr>\n<tr>\n<td>Felgen<\/td>\n<td>Bead-lock<\/td>\n<\/tr>\n<tr>\n<td>Reifen Wahl vorne<\/td>\n<td>Cheng Shin 22-8-10<\/td>\n<\/tr>\n<tr>\n<td><\/td>\n<td>Cheng Shin 21-7-10<\/td>\n<\/tr>\n<tr>\n<td><\/td>\n<td>Razr MX 20-6-10<\/td>\n<\/tr>\n<tr>\n<td><\/td>\n<td>SX of MXF 20-6-10<\/td>\n<\/tr>\n<tr>\n<td>Reifen Wahl hinten<\/td>\n<td>Cheng Shin 22-8-10 (nicht mit Bead lock)<\/td>\n<\/tr>\n<tr>\n<td><\/td>\n<td>Razr MX 20-11-10<\/td>\n<\/tr>\n<tr>\n<td><\/td>\n<td>Razr MX 18-10-8<\/td>\n<\/tr>\n<tr>\n<td><\/td>\n<td>SX 20-6-10<\/td>\n<\/tr>\n<tr>\n<td><\/td>\n<td>Supermoto auf Anfrage<\/td>\n<\/tr>\n<tr>\n<td><\/td>\n<td>Oder Lieferung ohne Rader und Reifen<\/td>\n<\/tr>\n<\/tbody>\n<\/table>\n<p>[\/vc_column_text][\/vc_column][\/vc_row][vc_row][vc_column css=&#8221;.vc_custom_1464688320331{padding-right: 0px !important;padding-left: 0px !important;}&#8221;][vc_custom_heading text=&#8221;Beschreibung&#8221; font_container=&#8221;tag:h3|text_align:left&#8221; use_theme_fonts=&#8221;yes&#8221; el_class=&#8221;product-heading&#8221;][\/vc_column][\/vc_row][vc_row el_class=&#8221;border-top shadow-2 padding-large fill margin-bottom&#8221;][vc_column css=&#8221;.vc_custom_1464689159491{padding: 0px !important;}&#8221;][vc_column_text el_class=&#8221;margin-bottom&#8221;]Der W-Tec Eraser Evo 2011 ist das einzige ultra leichte Racing Quad auf dem Markt. Das positive bewerte Konzept der Evo ist dieses mal nur etwas optimiert.<\/p>\n<p>Der Evo wird jetzt Standard mit Abnehmbaren Aluminium Nerbars geliefert. Der Geometrie von die Vorderradf\u00fchrung und Lenkeinrichtung mit Achsschenkel zum Teil aus Billet Aluminium und mit 4 Kolben Radial Zangen hat sich so bewertet das nicht viel ge\u00e4ndert ist.<\/p>\n<p>Zur Standard Lieferumfang geh\u00f6ren jetzt auch Ohlins PRX-PDS Sto\u00dfd\u00e4mpfer die mit zusammen Arbeit mit die Engineering und Test Abteilung von Ohlins Schweden entwickelt und abgestimmt sind.<\/p>\n<p>Die Lieferungen von Ohlins Sto\u00dfd\u00e4mpfer kommen direkt von Ohlins in Schweden. Dadurch ist eine konstante Qualit\u00e4t gesichert. Die Evo wird ab sofort Standard mit Beadlock Felgen geliefert Diese neue Innovationen integriert mit die schon bekannte spezielle Features von der Evo, kombiniert mit die neue Nerfbars ergibt sich ein phantastisches Racing Maschine.<\/p>\n<p>Die Eraser Evo ist Lieferbar mit (oder vor) 250, 450 und 530 4-Takt Motoren. Der Rahmen ist hergestellt worden von 25CrMo4 nahtlosen Pr\u00e4zisionsrohr. Dadurch ist Rahmen sehr leicht und trotzdem au\u00dfergew\u00f6hnlich stark. Viele Stunden im schweren Motocross ist kein Problem.<\/p>\n<p>Der Nachlauf ist stufenlos verstellbar. Diese Verstellung kann man machen in nur wenige Minuten und ist ideal wann man auf viele verschiedene Sorten Rennstrecken f\u00e4hrt. Die Hinter Radaufh\u00e4ngung, hergestellt aus Vollem Aluminium, mit einstellbaren Stereo Sto\u00dfd\u00e4mpfer ist stabiler in Vergleich mit der \u00dcblichen Hinterrad Aufh\u00e4ngungen. Dadurch ist es m\u00f6glich um auf der Hinterachse, die von sehr speziellem Rohr hergestellt worden ist, viel Gewicht zu ersparen.<\/p>\n<p>Im Standard Lieferumfang:[\/vc_column_text][vc_column_text el_class=&#8221;features&#8221;]<\/p>\n<ul>\n<li>Alu Hinter schwinge aus dem vollem gefr\u00e4st<\/li>\n<li>Alu Radnaben vorne und hinten aus dem vollem gefr\u00e4st<\/li>\n<li>Alu Flansch aus dem vollem gefr\u00e4st f\u00fcr<\/li>\n<li>Zahnkranz und Bremsscheibe hinten<\/li>\n<li>Achsschenkelteile aus voll Alu gefr\u00e4st<\/li>\n<li>4 Kolben Radial Zangen vorne auf Schwebende Bremsscheiben<\/li>\n<li>4 Kolben Zange hinten auf schwebende Bremsscheibe<\/li>\n<li>Sehr leichte Hinterachse hergestellt aus spezielles Stahl (Rohr)<\/li>\n<li>Ultra leichtes und verchromtes 25CrMo4 Rahmen<\/li>\n<li>Integrierter Lenkungsd\u00e4mpfer im Lenkungssystem<\/li>\n<li>Rahmen in folgende Farben: Chrom, Schwarz, Gelb, Rot, Orange, Gr\u00fcn, Wei\u00df, Blau oder Grau<\/li>\n<li>Sto\u00dfstangen in folgende Farben Lieferbar: Schwarz, Gelb, Rot, Gr\u00fcn, Orange, und Wei\u00df<\/li>\n<li>Kotfl\u00fcgel lieferbar in 5 Farben: Gelb, Blau, Schwartz, Gr\u00fcn oder Wei\u00df<\/li>\n<li>Aufkleber Dekor: in 5 Farben lieferbar: Rot, Blau, Orange, Gelb und Wei\u00df<\/li>\n<li>Sitzbankpolsterung wird angepasst nach Aufkleber Farbe<\/li>\n<\/ul>\n<p>[\/vc_column_text][\/vc_column][\/vc_row][vc_row][vc_column css=&#8221;.vc_custom_1464688325460{padding-right: 0px !important;padding-left: 0px !important;}&#8221;][vc_custom_heading text=&#8221;Zubehor&#8221; font_container=&#8221;tag:h3|text_align:left&#8221; use_theme_fonts=&#8221;yes&#8221; el_class=&#8221;product-heading&#8221;][\/vc_column][\/vc_row][vc_row el_class=&#8221;border-top shadow-2 padding-large fill margin-bottom&#8221;][vc_column css=&#8221;.vc_custom_1464689504837{margin: 0px !important;padding: 0px !important;}&#8221;][vc_column_text el_class=&#8221;options&#8221;]<\/p>\n<ul>\n<li>21 Liter Tank<\/li>\n<li>Rad F\u00fchrung vorne 5 Cm breiter. (f\u00fcr Harte MX Strecken oder Supermoto)<\/li>\n<li>Vibration Dampfer in Lenkstange<\/li>\n<li>Scheibe und Kettenrad Schutz hinten<\/li>\n<li>Stabilisierungsstange (f\u00fcr harte MX strecken oder Supermoto)<\/li>\n<\/ul>\n<p>[\/vc_column_text][\/vc_column][\/vc_row][vc_row][vc_column css=&#8221;.vc_custom_1464688330988{padding-right: 0px !important;padding-left: 0px !important;}&#8221;][vc_custom_heading text=&#8221;Galerie&#8221; font_container=&#8221;tag:h3|text_align:left&#8221; use_theme_fonts=&#8221;yes&#8221; el_class=&#8221;product-heading&#8221;][\/vc_column][\/vc_row][vc_row el_class=&#8221;border-top shadow-2 padding-large fill margin-bottom&#8221;][vc_column css=&#8221;.vc_custom_1464696391453{margin-top: 0px !important;margin-right: 0px !important;margin-bottom: 0px !important;margin-left: 0px !important;padding-top: 0px !important;padding-right: 0px !important;padding-bottom: 0px !important;padding-left: 0px !important;}&#8221; el_class=&#8221;zoom&#8221;][vc_media_grid element_width=&#8221;3&#8243; gap=&#8221;25&#8243; item=&#8221;mediaGrid_SlideInTitle&#8221; grid_id=&#8221;vc_gid:1724938121432-ad311192-abeb-7&#8243; include=&#8221;605,606,607,608,609,610,611&#8243;][\/vc_column][\/vc_row][vc_row][vc_column css=&#8221;.vc_custom_1464688320331{padding-right: 0px !important;padding-left: 0px !important;}&#8221;][vc_custom_heading text=&#8221;Downloads&#8221; font_container=&#8221;tag:h3|text_align:left&#8221; use_theme_fonts=&#8221;yes&#8221; el_class=&#8221;product-heading&#8221;][\/vc_column][\/vc_row][vc_row el_class=&#8221;border-top shadow-2 padding-large fill margin-bottom&#8221;][vc_column][vc_column_text]2011 Erasor Evo Hinterachse DE[\/vc_column_text][vc_btn title=&#8221;Download .PDF&#8221; style=&#8221;flat&#8221; shape=&#8221;square&#8221; color=&#8221;primary&#8221; size=&#8221;xs&#8221; align=&#8221;left&#8221; css=&#8221;.vc_custom_1724937915548{margin-top: 5px !important;margin-bottom: 0px !important;}&#8221; link=&#8221;url:https%3A%2F%2Femltrike.com%2Fwp-content%2Fuploads%2F2024%2F08%2F93-de-2011_Erasor_Evo_Hinterachse_DE.pdf|target:_blank&#8221;][vc_separator][vc_column_text]2011 Erasor Evo Data DE[\/vc_column_text][vc_btn title=&#8221;Download .PDF&#8221; style=&#8221;flat&#8221; shape=&#8221;square&#8221; color=&#8221;primary&#8221; size=&#8221;xs&#8221; align=&#8221;left&#8221; css=&#8221;.vc_custom_1724938132599{margin-top: 5px !important;margin-bottom: 0px !important;}&#8221; link=&#8221;url:https%3A%2F%2Femltrike.com%2Fwp-content%2Fuploads%2F2024%2F08%2F94-de-2011_Erasor_Evo_Data_DE.pdf|target:_blank&#8221;][vc_separator][vc_column_text]2011 Erasor Evo Lenkungsdampfer DE[\/vc_column_text][vc_btn title=&#8221;Download .PDF&#8221; style=&#8221;flat&#8221; shape=&#8221;square&#8221; color=&#8221;primary&#8221; size=&#8221;xs&#8221; align=&#8221;left&#8221; css=&#8221;.vc_custom_1724938135770{margin-top: 5px !important;margin-bottom: 0px !important;}&#8221; link=&#8221;url:https%3A%2F%2Femltrike.com%2Fwp-content%2Fuploads%2F2024%2F08%2F95-de-2011_Erasor_Evo_Lenkungsdampfer_DE.pdf|target:_blank&#8221;][vc_separator][vc_column_text]2011 Erasor Evo Zugstange Einstellen DE[\/vc_column_text][vc_btn title=&#8221;Download .PDF&#8221; style=&#8221;flat&#8221; shape=&#8221;square&#8221; color=&#8221;primary&#8221; size=&#8221;xs&#8221; align=&#8221;left&#8221; css=&#8221;.vc_custom_1724938139049{margin-top: 5px !important;margin-bottom: 0px !important;}&#8221; link=&#8221;url:https%3A%2F%2Femltrike.com%2Fwp-content%2Fuploads%2F2024%2F08%2F96-de-2011_Erasor_Evo_Zugstange_Einstellen_DE.pdf|target:_blank&#8221;][\/vc_column][\/vc_row]<\/p>\n<\/div>","protected":false},"excerpt":{"rendered":"<p>[vc_row full_width=&#8221;stretch_row_content_no_spaces&#8221; css=&#8221;.vc_custom_1464688053669{background-color: #ffffff !important;}&#8221;][vc_column][vc_empty_space height=&#8221;145px&#8221; css=&#8221;.vc_custom_1464795011193{background-color: #ffffff !important;}&#8221; el_class=&#8221;header-spacer&#8221;][\/vc_column][\/vc_row][vc_row full_width=&#8221;stretch_row&#8221; el_class=&#8221;intro-2&#8243; css=&#8221;.vc_custom_1464688227654{background-image: url(\/wp-content\/uploads\/2016\/05\/eml_background.png?id=220) !important;}&#8221;][vc_column][vc_row_inner el_class=&#8221;uk-flex&#8221;][vc_column_inner el_class=&#8221;uk-flex shadow-2 fill column-fix&#8221; width=&#8221;1\/2&#8243; css=&#8221;.vc_custom_1465904275973{background-color: #ffffff !important;background-position: center !important;background-repeat: no-repeat !important;background-size: cover !important;}&#8221; offset=&#8221;vc_col-xs-12&#8243;][vc_single_image image=&#8221;596&#8243; img_size=&#8221;large&#8221; alignment=&#8221;center&#8221; onclick=&#8221;link_image&#8221; el_class=&#8221;uk-flex uk-flex-middle zoom&#8221;][\/vc_column_inner][vc_column_inner el_class=&#8221;intro-2-title&#8221; width=&#8221;1\/2&#8243; offset=&#8221;vc_col-xs-12&#8243;][vc_empty_space height=&#8221;50%&#8221;][vc_column_text el_class=&#8221;title-white&#8221;] W-TEC Eraser Evo 2011Das einzige ultra leichte Racing Quad auf dem Markt&hellip; <a class=\"read-more\" href=\"https:\/\/emltrike.com\/de\/quadracing\/\">Read More<\/a><\/p>\n","protected":false},"author":1,"featured_media":0,"parent":0,"menu_order":0,"comment_status":"closed","ping_status":"closed","template":"","meta":{"_acf_changed":false,"footnotes":""},"class_list":["post-1189","page","type-page","status-publish","hentry"],"acf":[],"yoast_head":"<!-- This site is optimized with the Yoast SEO plugin v27.3 - https:\/\/yoast.com\/product\/yoast-seo-wordpress\/ -->\n<title>Quadracing - EML Trikes &amp; Sidecars<\/title>\n<meta name=\"robots\" content=\"index, follow, max-snippet:-1, max-image-preview:large, max-video-preview:-1\" \/>\n<link rel=\"canonical\" href=\"https:\/\/emltrike.com\/de\/quadracing\/\" \/>\n<meta property=\"og:locale\" content=\"de_DE\" \/>\n<meta property=\"og:type\" content=\"article\" \/>\n<meta property=\"og:title\" content=\"Quadracing - EML Trikes &amp; Sidecars\" \/>\n<meta property=\"og:description\" content=\"[vc_row full_width=&#8221;stretch_row_content_no_spaces&#8221; css=&#8221;.vc_custom_1464688053669{background-color: #ffffff !important;}&#8221;][vc_column][vc_empty_space height=&#8221;145px&#8221; css=&#8221;.vc_custom_1464795011193{background-color: #ffffff !important;}&#8221; el_class=&#8221;header-spacer&#8221;][\/vc_column][\/vc_row][vc_row full_width=&#8221;stretch_row&#8221; el_class=&#8221;intro-2&#8243; css=&#8221;.vc_custom_1464688227654{background-image: url(\/wp-content\/uploads\/2016\/05\/eml_background.png?id=220) !important;}&#8221;][vc_column][vc_row_inner el_class=&#8221;uk-flex&#8221;][vc_column_inner el_class=&#8221;uk-flex shadow-2 fill column-fix&#8221; width=&#8221;1\/2&#8243; css=&#8221;.vc_custom_1465904275973{background-color: #ffffff !important;background-position: center !important;background-repeat: no-repeat !important;background-size: cover !important;}&#8221; offset=&#8221;vc_col-xs-12&#8243;][vc_single_image image=&#8221;596&#8243; img_size=&#8221;large&#8221; alignment=&#8221;center&#8221; onclick=&#8221;link_image&#8221; el_class=&#8221;uk-flex uk-flex-middle zoom&#8221;][\/vc_column_inner][vc_column_inner el_class=&#8221;intro-2-title&#8221; width=&#8221;1\/2&#8243; offset=&#8221;vc_col-xs-12&#8243;][vc_empty_space height=&#8221;50%&#8221;][vc_column_text el_class=&#8221;title-white&#8221;] W-TEC Eraser Evo 2011Das einzige ultra leichte Racing Quad auf dem Markt&hellip; Read More\" \/>\n<meta property=\"og:url\" content=\"https:\/\/emltrike.com\/de\/quadracing\/\" \/>\n<meta property=\"og:site_name\" content=\"EML Trikes &amp; Sidecars\" \/>\n<meta property=\"article:modified_time\" content=\"2024-08-29T13:29:01+00:00\" \/>\n<meta name=\"twitter:card\" content=\"summary_large_image\" \/>\n<meta name=\"twitter:label1\" content=\"Est. reading time\" \/>\n\t<meta name=\"twitter:data1\" content=\"6 minutes\" \/>\n<script type=\"application\/ld+json\" class=\"yoast-schema-graph\">{\"@context\":\"https:\\\/\\\/schema.org\",\"@graph\":[{\"@type\":\"WebPage\",\"@id\":\"https:\\\/\\\/emltrike.com\\\/de\\\/quadracing\\\/\",\"url\":\"https:\\\/\\\/emltrike.com\\\/de\\\/quadracing\\\/\",\"name\":\"Quadracing - EML Trikes &amp; Sidecars\",\"isPartOf\":{\"@id\":\"https:\\\/\\\/emltrike.com\\\/de\\\/nl\\\/startpagina\\\/#website\"},\"datePublished\":\"2016-06-23T09:10:12+00:00\",\"dateModified\":\"2024-08-29T13:29:01+00:00\",\"breadcrumb\":{\"@id\":\"https:\\\/\\\/emltrike.com\\\/de\\\/quadracing\\\/#breadcrumb\"},\"inLanguage\":\"de-DE\",\"potentialAction\":[{\"@type\":\"ReadAction\",\"target\":[\"https:\\\/\\\/emltrike.com\\\/de\\\/quadracing\\\/\"]}]},{\"@type\":\"BreadcrumbList\",\"@id\":\"https:\\\/\\\/emltrike.com\\\/de\\\/quadracing\\\/#breadcrumb\",\"itemListElement\":[{\"@type\":\"ListItem\",\"position\":1,\"name\":\"Home\",\"item\":\"https:\\\/\\\/emltrike.com\\\/de\\\/start\\\/\"},{\"@type\":\"ListItem\",\"position\":2,\"name\":\"Quadracing\"}]},{\"@type\":\"WebSite\",\"@id\":\"https:\\\/\\\/emltrike.com\\\/de\\\/nl\\\/startpagina\\\/#website\",\"url\":\"https:\\\/\\\/emltrike.com\\\/de\\\/nl\\\/startpagina\\\/\",\"name\":\"EML Trikes &amp; Sidecars\",\"description\":\"Performance by Technology\",\"potentialAction\":[{\"@type\":\"SearchAction\",\"target\":{\"@type\":\"EntryPoint\",\"urlTemplate\":\"https:\\\/\\\/emltrike.com\\\/de\\\/nl\\\/startpagina\\\/?s={search_term_string}\"},\"query-input\":{\"@type\":\"PropertyValueSpecification\",\"valueRequired\":true,\"valueName\":\"search_term_string\"}}],\"inLanguage\":\"de-DE\"}]}<\/script>\n<!-- \/ Yoast SEO plugin. -->","yoast_head_json":{"title":"Quadracing - EML Trikes &amp; Sidecars","robots":{"index":"index","follow":"follow","max-snippet":"max-snippet:-1","max-image-preview":"max-image-preview:large","max-video-preview":"max-video-preview:-1"},"canonical":"https:\/\/emltrike.com\/de\/quadracing\/","og_locale":"de_DE","og_type":"article","og_title":"Quadracing - EML Trikes &amp; Sidecars","og_description":"[vc_row full_width=&#8221;stretch_row_content_no_spaces&#8221; css=&#8221;.vc_custom_1464688053669{background-color: #ffffff !important;}&#8221;][vc_column][vc_empty_space height=&#8221;145px&#8221; css=&#8221;.vc_custom_1464795011193{background-color: #ffffff !important;}&#8221; el_class=&#8221;header-spacer&#8221;][\/vc_column][\/vc_row][vc_row full_width=&#8221;stretch_row&#8221; el_class=&#8221;intro-2&#8243; css=&#8221;.vc_custom_1464688227654{background-image: url(\/wp-content\/uploads\/2016\/05\/eml_background.png?id=220) !important;}&#8221;][vc_column][vc_row_inner el_class=&#8221;uk-flex&#8221;][vc_column_inner el_class=&#8221;uk-flex shadow-2 fill column-fix&#8221; width=&#8221;1\/2&#8243; css=&#8221;.vc_custom_1465904275973{background-color: #ffffff !important;background-position: center !important;background-repeat: no-repeat !important;background-size: cover !important;}&#8221; offset=&#8221;vc_col-xs-12&#8243;][vc_single_image image=&#8221;596&#8243; img_size=&#8221;large&#8221; alignment=&#8221;center&#8221; onclick=&#8221;link_image&#8221; el_class=&#8221;uk-flex uk-flex-middle zoom&#8221;][\/vc_column_inner][vc_column_inner el_class=&#8221;intro-2-title&#8221; width=&#8221;1\/2&#8243; offset=&#8221;vc_col-xs-12&#8243;][vc_empty_space height=&#8221;50%&#8221;][vc_column_text el_class=&#8221;title-white&#8221;] W-TEC Eraser Evo 2011Das einzige ultra leichte Racing Quad auf dem Markt&hellip; Read More","og_url":"https:\/\/emltrike.com\/de\/quadracing\/","og_site_name":"EML Trikes &amp; Sidecars","article_modified_time":"2024-08-29T13:29:01+00:00","twitter_card":"summary_large_image","twitter_misc":{"Est. reading time":"6 minutes"},"schema":{"@context":"https:\/\/schema.org","@graph":[{"@type":"WebPage","@id":"https:\/\/emltrike.com\/de\/quadracing\/","url":"https:\/\/emltrike.com\/de\/quadracing\/","name":"Quadracing - EML Trikes &amp; Sidecars","isPartOf":{"@id":"https:\/\/emltrike.com\/de\/nl\/startpagina\/#website"},"datePublished":"2016-06-23T09:10:12+00:00","dateModified":"2024-08-29T13:29:01+00:00","breadcrumb":{"@id":"https:\/\/emltrike.com\/de\/quadracing\/#breadcrumb"},"inLanguage":"de-DE","potentialAction":[{"@type":"ReadAction","target":["https:\/\/emltrike.com\/de\/quadracing\/"]}]},{"@type":"BreadcrumbList","@id":"https:\/\/emltrike.com\/de\/quadracing\/#breadcrumb","itemListElement":[{"@type":"ListItem","position":1,"name":"Home","item":"https:\/\/emltrike.com\/de\/start\/"},{"@type":"ListItem","position":2,"name":"Quadracing"}]},{"@type":"WebSite","@id":"https:\/\/emltrike.com\/de\/nl\/startpagina\/#website","url":"https:\/\/emltrike.com\/de\/nl\/startpagina\/","name":"EML Trikes &amp; Sidecars","description":"Performance by Technology","potentialAction":[{"@type":"SearchAction","target":{"@type":"EntryPoint","urlTemplate":"https:\/\/emltrike.com\/de\/nl\/startpagina\/?s={search_term_string}"},"query-input":{"@type":"PropertyValueSpecification","valueRequired":true,"valueName":"search_term_string"}}],"inLanguage":"de-DE"}]}},"_links":{"self":[{"href":"https:\/\/emltrike.com\/de\/wp-json\/wp\/v2\/pages\/1189","targetHints":{"allow":["GET"]}}],"collection":[{"href":"https:\/\/emltrike.com\/de\/wp-json\/wp\/v2\/pages"}],"about":[{"href":"https:\/\/emltrike.com\/de\/wp-json\/wp\/v2\/types\/page"}],"author":[{"embeddable":true,"href":"https:\/\/emltrike.com\/de\/wp-json\/wp\/v2\/users\/1"}],"replies":[{"embeddable":true,"href":"https:\/\/emltrike.com\/de\/wp-json\/wp\/v2\/comments?post=1189"}],"version-history":[{"count":6,"href":"https:\/\/emltrike.com\/de\/wp-json\/wp\/v2\/pages\/1189\/revisions"}],"predecessor-version":[{"id":3902,"href":"https:\/\/emltrike.com\/de\/wp-json\/wp\/v2\/pages\/1189\/revisions\/3902"}],"wp:attachment":[{"href":"https:\/\/emltrike.com\/de\/wp-json\/wp\/v2\/media?parent=1189"}],"curies":[{"name":"wp","href":"https:\/\/api.w.org\/{rel}","templated":true}]}}