{"id":1153,"date":"2016-06-21T10:12:19","date_gmt":"2016-06-21T08:12:19","guid":{"rendered":"http:\/\/emltrike.com\/?page_id=1153"},"modified":"2018-04-09T14:27:19","modified_gmt":"2018-04-09T12:27:19","slug":"uber-uns","status":"publish","type":"page","link":"https:\/\/emltrike.com\/de\/uber-uns\/","title":{"rendered":"\u00dcber uns"},"content":{"rendered":"<div class=\"wpb-content-wrapper\"><p>[vc_row full_width=&#8221;stretch_row_content&#8221; css=&#8221;.vc_custom_1464350313924{background-color: #ffffff !important;}&#8221;][vc_column][vc_empty_space height=&#8221;145px&#8221; el_class=&#8221;header-spacer&#8221;][\/vc_column][\/vc_row][vc_row full_width=&#8221;stretch_row&#8221; el_class=&#8221;intro-2&#8243; css=&#8221;.vc_custom_1464803130046{background-image: url(\/wp-content\/uploads\/2016\/05\/eml_background.png?id=220) !important;}&#8221;][vc_column][vc_row_inner el_class=&#8221;uk-flex&#8221;][vc_column_inner el_class=&#8221;uk-flex shadow-2 fill column-fix&#8221; width=&#8221;1\/2&#8243; css=&#8221;.vc_custom_1465904303845{background-position: center !important;background-repeat: no-repeat !important;background-size: cover !important;}&#8221; offset=&#8221;vc_col-xs-12&#8243;][vc_single_image image=&#8221;967&#8243; img_size=&#8221;large&#8221; onclick=&#8221;link_image&#8221; el_class=&#8221;uk-flex uk-flex-middle zoom&#8221;][\/vc_column_inner][vc_column_inner el_class=&#8221;intro-2-title&#8221; width=&#8221;1\/2&#8243; offset=&#8221;vc_col-xs-12&#8243;][vc_empty_space height=&#8221;50%&#8221; css=&#8221;.vc_custom_1464349383790{background-color: #ffffff !important;}&#8221;][vc_column_text el_class=&#8221;title-white&#8221;]<\/p>\n<h1>\u00dcber uns<\/h1>\n<p>[\/vc_column_text][\/vc_column_inner][\/vc_row_inner][\/vc_column][\/vc_row][vc_row el_class=&#8221;padding-fix&#8221;][vc_column offset=&#8221;vc_hidden-lg vc_hidden-md vc_hidden-sm&#8221;][vc_column_text el_class=&#8221;padding-large fill-blue shadow-2 title-white&#8221;]<\/p>\n<h1>\u00dcber uns<\/h1>\n<p>[\/vc_column_text][vc_single_image image=&#8221;967&#8243; img_size=&#8221;large&#8221; el_class=&#8221;fill shadow-2&#8243;][\/vc_column][\/vc_row][vc_row el_class=&#8221;padding-bottom&#8221;][vc_column el_class=&#8221;border-bottom shadow-2 padding-large fill&#8221;][vc_single_image image=&#8221;1700&#8243; img_size=&#8221;medium&#8221; el_class=&#8221;w-tec-logo-color&#8221;][vc_column_text]<span id=\"result_box\" lang=\"de\" tabindex=\"-1\"><span class=\"hps\">W<\/span>-Tec <span class=\"hps\">ist ein junges und<\/span> <span class=\"hps\">erfahrenes Unternehmen<\/span> <span class=\"hps\">in<\/span> <span class=\"hps\">den Niederlanden.<\/span><span class=\"hps\">Wir<\/span> <span class=\"hps\">sind spezialisiert auf die<\/span> <span class=\"hps\">Entwicklung und Produktion von<\/span> <span class=\"hps\">technischen Einheiten f\u00fcr<\/span> <span class=\"hps\">Motorrad<\/span>-Konvertierung und <span class=\"hps\">Motorsport.<\/span><br \/>\n<span class=\"hps\">In einer innovativen<\/span> <span class=\"hps\">Art und Weise<\/span> <span class=\"hps\">und<\/span> <span class=\"hps\">mit Technologien wie<\/span>: <span class=\"hps\">3D<\/span> <span class=\"hps\">CAD \/<\/span><span class=\"hps\">CAM<\/span> <span class=\"hps\">Technik,<\/span> <span class=\"hps\">CNC-Maschinen<\/span>, Laserschneiden, <span class=\"hps\">Maschinen und<\/span> <span class=\"hps\">Roboter<\/span><span class=\"hps\">etwa 18<\/span><span class=\"hps\">hoch qualifizierte Mitarbeiter<\/span> <span class=\"hps\">sind voll entwickelt<\/span> <span class=\"hps\">und Motorrad<\/span><span class=\"hps\">Umwandlung<\/span> <span class=\"hps\">hergestellt<\/span>.<br \/>\n<span class=\"hps\">EML<\/span> <span class=\"hps\">ist eine der<\/span> <span class=\"hps\">Marken, die<\/span> <span class=\"hps\">W<\/span>-Tec <span class=\"hps\">verantwortlich ist.<\/span> <span class=\"hps\">Seit \u00fcber 30<\/span> <span class=\"hps\">Jahren<\/span><span class=\"hps\">f\u00fchrend in der<\/span> <span class=\"hps\">EML<\/span> <span class=\"hps\">Beiwagen<\/span> <span class=\"hps\">Produktion.<\/span> <span class=\"hps\">Die<\/span> <span class=\"hps\">Gespanne<\/span> <span class=\"hps\">sind<\/span> <span class=\"hps\">entwickelt<\/span><span class=\"hps\">mit eigenen Mitteln<\/span>, <span class=\"hps\">getestet<\/span> <span class=\"hps\">und gebaut.<\/span> <span class=\"hps\">Als Ausgangspunkt<\/span> <span class=\"hps\">\u201cDelivery<\/span> <span class=\"hps\">of quality\u201d<\/span><\/span><\/p>\n<p><span class=\"hps\">Alle<\/span> <span class=\"hps\">Motorrad<\/span>-Modelle, die <span class=\"hps\">EML-oder<\/span> <span class=\"hps\">W<\/span>-Tec <span class=\"hps\">baut<\/span> <span class=\"hps\">eine umfassende<\/span><span class=\"hps\">\u00c4nderung<\/span> <span class=\"hps\">bekommen<\/span>. <span class=\"hps\">Denken Sie an die<\/span> <span class=\"hps\">Entwicklung, Erprobung und<\/span><span class=\"hps\">Herstellung<\/span> <span class=\"hps\">von R\u00e4dern<\/span>, <span class=\"hps\">Gabeln<\/span>, Sto\u00dfd\u00e4mpfer, Bremssysteme,<span class=\"hps\">Lenkungsd\u00e4mpfer<\/span> <span class=\"hps\">und hinten<\/span> <span class=\"hps\">Federungssysteme<\/span>. <span class=\"hps\">Jedes Produkt<\/span> <span class=\"hps\">ist speziell<\/span> <span class=\"hps\">f\u00fcr den Typ des<\/span> <span class=\"hps\">Motorrades<\/span><span class=\"hps\">angepasst<\/span>.<br \/>\n<span class=\"hps\">Diese \u00c4nderungen<\/span> <span class=\"hps\">sorgen f\u00fcr eine<\/span> <span class=\"hps\">h\u00f6here<\/span> <span class=\"hps\">Sicherheit und Qualit\u00e4t<\/span> <span class=\"hps\">der Behandlung zu.<\/span> <span class=\"hps\">Mit dem Ziel,<\/span> <span class=\"hps\">eine bessere Stabilit\u00e4t<\/span> <span class=\"hps\">und<\/span> <span class=\"hps\">Bremsleistung.<\/span><br \/>\n<span class=\"hps\">Alle unsere Produkte<\/span> <span class=\"hps\">f\u00fcr St\u00e4rke<\/span> <span class=\"hps\">(einschlie\u00dflich<\/span> <span class=\"hps\">Motorr\u00e4der)<\/span> <span class=\"hps\">sind beim Deutschen<\/span> <span class=\"hps\">T\u00dcV<\/span> <span class=\"hps\">getestet<\/span>, so dass ein <span class=\"hps\">hohes Ma\u00df an Sicherheit<\/span> <span class=\"hps\">ist<\/span> <span class=\"hps\">f\u00fcr jedes Fahrzeug<\/span><span class=\"hps\">(Konversion)<\/span>, die wir bieten.<\/p>\n<p><span class=\"hps\">Mit<\/span> <span class=\"hps\">3600<\/span> <span class=\"hps\">m2<\/span> <span class=\"hps\">Fabrik und<\/span> <span class=\"hps\">18<\/span> <span class=\"hps\">hoch qualifizierte Mitarbeiter<\/span> <span class=\"hps\">W-Tec\/EML<\/span><span class=\"hps\">verf\u00fcgt \u00fcber eine Produktionskapazit\u00e4t<\/span> <span class=\"hps\">von etwa<\/span> <span class=\"hps\">7 Einheiten<\/span> <span class=\"hps\">pro Woche<\/span>.<br \/>\n<span class=\"hps\">Mit einem<\/span> <span class=\"hps\">H\u00e4ndlernetz<\/span> <span class=\"hps\">in<\/span> <span class=\"hps\">Westeuropa,<\/span> <span class=\"hps\">die<\/span> <span class=\"hps\">U.S.A.<\/span> <span class=\"hps\">Japan<\/span> <span class=\"hps\">und wir<\/span> <span class=\"hps\">liefern unsere Produkte<\/span> <span class=\"hps\">in der ganzen Welt<\/span>.<br \/>\n<span class=\"hps\">Interessierte<\/span> <span class=\"hps\">oder<\/span> <span class=\"hps\">irgendeine Frage,<\/span> <span class=\"hps\"><a href=\"\/de\/verkauf\/\">kontaktieren<\/a> Sie bitte eine<\/span> <span class=\"hps\">unserer<\/span><span class=\"hps\">lokalen H\u00e4ndlern<\/span>. <span class=\"hps\">Sie<\/span> <span class=\"hps\">sind Ihr Ansprechpartner f\u00fcr<\/span> <span class=\"hps\">Ersatzteile,<\/span> <span class=\"hps\">Beratung und<\/span> <span class=\"hps\">einen guten Service<\/span> <span class=\"hps\">liefern<\/span>.[\/vc_column_text][\/vc_column][\/vc_row][vc_row][vc_column css=&#8221;.vc_custom_1464688330988{padding-right: 0px !important;padding-left: 0px !important;}&#8221;][vc_custom_heading text=&#8221;W-Tec Racing&#8221; font_container=&#8221;tag:h3|text_align:left&#8221; use_theme_fonts=&#8221;yes&#8221; el_class=&#8221;product-heading&#8221;][\/vc_column][\/vc_row][vc_row el_class=&#8221;border-top shadow-2 padding-large fill margin-bottom&#8221;][vc_column css=&#8221;.vc_custom_1464696391453{margin-top: 0px !important;margin-right: 0px !important;margin-bottom: 0px !important;margin-left: 0px !important;padding-top: 0px !important;padding-right: 0px !important;padding-bottom: 0px !important;padding-left: 0px !important;}&#8221; el_class=&#8221;zoom&#8221;][vc_media_grid element_width=&#8221;2&#8243; gap=&#8221;25&#8243; grid_id=&#8221;vc_gid:1467886720353-2dfd041d-7fa7-2&#8243; include=&#8221;637,638,639,640,641,642,643,644,645,646,647,648,649,650,651,652,653,654,655&#8243;][\/vc_column][\/vc_row]<\/p>\n<\/div>","protected":false},"excerpt":{"rendered":"<p>[vc_row full_width=&#8221;stretch_row_content&#8221; css=&#8221;.vc_custom_1464350313924{background-color: #ffffff !important;}&#8221;][vc_column][vc_empty_space height=&#8221;145px&#8221; el_class=&#8221;header-spacer&#8221;][\/vc_column][\/vc_row][vc_row full_width=&#8221;stretch_row&#8221; el_class=&#8221;intro-2&#8243; css=&#8221;.vc_custom_1464803130046{background-image: url(\/wp-content\/uploads\/2016\/05\/eml_background.png?id=220) !important;}&#8221;][vc_column][vc_row_inner el_class=&#8221;uk-flex&#8221;][vc_column_inner el_class=&#8221;uk-flex shadow-2 fill column-fix&#8221; width=&#8221;1\/2&#8243; css=&#8221;.vc_custom_1465904303845{background-position: center !important;background-repeat: no-repeat !important;background-size: cover !important;}&#8221; offset=&#8221;vc_col-xs-12&#8243;][vc_single_image image=&#8221;967&#8243; img_size=&#8221;large&#8221; onclick=&#8221;link_image&#8221; el_class=&#8221;uk-flex uk-flex-middle zoom&#8221;][\/vc_column_inner][vc_column_inner el_class=&#8221;intro-2-title&#8221; width=&#8221;1\/2&#8243; offset=&#8221;vc_col-xs-12&#8243;][vc_empty_space height=&#8221;50%&#8221; css=&#8221;.vc_custom_1464349383790{background-color: #ffffff !important;}&#8221;][vc_column_text el_class=&#8221;title-white&#8221;] \u00dcber uns [\/vc_column_text][\/vc_column_inner][\/vc_row_inner][\/vc_column][\/vc_row][vc_row el_class=&#8221;padding-fix&#8221;][vc_column offset=&#8221;vc_hidden-lg vc_hidden-md vc_hidden-sm&#8221;][vc_column_text el_class=&#8221;padding-large fill-blue shadow-2 title-white&#8221;] \u00dcber uns [\/vc_column_text][vc_single_image image=&#8221;967&#8243;&hellip; <a class=\"read-more\" href=\"https:\/\/emltrike.com\/de\/uber-uns\/\">Read More<\/a><\/p>\n","protected":false},"author":1,"featured_media":0,"parent":0,"menu_order":0,"comment_status":"closed","ping_status":"closed","template":"default.php","meta":{"_acf_changed":false,"footnotes":""},"class_list":["post-1153","page","type-page","status-publish","hentry"],"acf":[],"yoast_head":"<!-- This site is optimized with the Yoast SEO plugin v27.3 - https:\/\/yoast.com\/product\/yoast-seo-wordpress\/ -->\n<title>\u00dcber uns - EML Trikes &amp; Sidecars<\/title>\n<meta name=\"robots\" content=\"index, follow, max-snippet:-1, max-image-preview:large, max-video-preview:-1\" \/>\n<link rel=\"canonical\" href=\"https:\/\/emltrike.com\/de\/uber-uns\/\" \/>\n<meta property=\"og:locale\" content=\"de_DE\" \/>\n<meta property=\"og:type\" content=\"article\" \/>\n<meta property=\"og:title\" content=\"\u00dcber uns - EML Trikes &amp; Sidecars\" \/>\n<meta property=\"og:description\" content=\"[vc_row full_width=&#8221;stretch_row_content&#8221; css=&#8221;.vc_custom_1464350313924{background-color: #ffffff !important;}&#8221;][vc_column][vc_empty_space height=&#8221;145px&#8221; el_class=&#8221;header-spacer&#8221;][\/vc_column][\/vc_row][vc_row full_width=&#8221;stretch_row&#8221; el_class=&#8221;intro-2&#8243; css=&#8221;.vc_custom_1464803130046{background-image: url(\/wp-content\/uploads\/2016\/05\/eml_background.png?id=220) !important;}&#8221;][vc_column][vc_row_inner el_class=&#8221;uk-flex&#8221;][vc_column_inner el_class=&#8221;uk-flex shadow-2 fill column-fix&#8221; width=&#8221;1\/2&#8243; css=&#8221;.vc_custom_1465904303845{background-position: center !important;background-repeat: no-repeat !important;background-size: cover !important;}&#8221; offset=&#8221;vc_col-xs-12&#8243;][vc_single_image image=&#8221;967&#8243; img_size=&#8221;large&#8221; onclick=&#8221;link_image&#8221; el_class=&#8221;uk-flex uk-flex-middle zoom&#8221;][\/vc_column_inner][vc_column_inner el_class=&#8221;intro-2-title&#8221; width=&#8221;1\/2&#8243; offset=&#8221;vc_col-xs-12&#8243;][vc_empty_space height=&#8221;50%&#8221; css=&#8221;.vc_custom_1464349383790{background-color: #ffffff !important;}&#8221;][vc_column_text el_class=&#8221;title-white&#8221;] \u00dcber uns [\/vc_column_text][\/vc_column_inner][\/vc_row_inner][\/vc_column][\/vc_row][vc_row el_class=&#8221;padding-fix&#8221;][vc_column offset=&#8221;vc_hidden-lg vc_hidden-md vc_hidden-sm&#8221;][vc_column_text el_class=&#8221;padding-large fill-blue shadow-2 title-white&#8221;] \u00dcber uns [\/vc_column_text][vc_single_image image=&#8221;967&#8243;&hellip; Read More\" \/>\n<meta property=\"og:url\" content=\"https:\/\/emltrike.com\/de\/uber-uns\/\" \/>\n<meta property=\"og:site_name\" content=\"EML Trikes &amp; Sidecars\" \/>\n<meta property=\"article:modified_time\" content=\"2018-04-09T12:27:19+00:00\" \/>\n<meta name=\"twitter:card\" content=\"summary_large_image\" \/>\n<meta name=\"twitter:label1\" content=\"Est. reading time\" \/>\n\t<meta name=\"twitter:data1\" content=\"3 minutes\" \/>\n<script type=\"application\/ld+json\" class=\"yoast-schema-graph\">{\"@context\":\"https:\\\/\\\/schema.org\",\"@graph\":[{\"@type\":\"WebPage\",\"@id\":\"https:\\\/\\\/emltrike.com\\\/de\\\/uber-uns\\\/\",\"url\":\"https:\\\/\\\/emltrike.com\\\/de\\\/uber-uns\\\/\",\"name\":\"\u00dcber uns - EML Trikes &amp; Sidecars\",\"isPartOf\":{\"@id\":\"https:\\\/\\\/emltrike.com\\\/de\\\/nl\\\/startpagina\\\/#website\"},\"datePublished\":\"2016-06-21T08:12:19+00:00\",\"dateModified\":\"2018-04-09T12:27:19+00:00\",\"breadcrumb\":{\"@id\":\"https:\\\/\\\/emltrike.com\\\/de\\\/uber-uns\\\/#breadcrumb\"},\"inLanguage\":\"de-DE\",\"potentialAction\":[{\"@type\":\"ReadAction\",\"target\":[\"https:\\\/\\\/emltrike.com\\\/de\\\/uber-uns\\\/\"]}]},{\"@type\":\"BreadcrumbList\",\"@id\":\"https:\\\/\\\/emltrike.com\\\/de\\\/uber-uns\\\/#breadcrumb\",\"itemListElement\":[{\"@type\":\"ListItem\",\"position\":1,\"name\":\"Home\",\"item\":\"https:\\\/\\\/emltrike.com\\\/de\\\/start\\\/\"},{\"@type\":\"ListItem\",\"position\":2,\"name\":\"\u00dcber uns\"}]},{\"@type\":\"WebSite\",\"@id\":\"https:\\\/\\\/emltrike.com\\\/de\\\/nl\\\/startpagina\\\/#website\",\"url\":\"https:\\\/\\\/emltrike.com\\\/de\\\/nl\\\/startpagina\\\/\",\"name\":\"EML Trikes &amp; Sidecars\",\"description\":\"Performance by Technology\",\"potentialAction\":[{\"@type\":\"SearchAction\",\"target\":{\"@type\":\"EntryPoint\",\"urlTemplate\":\"https:\\\/\\\/emltrike.com\\\/de\\\/nl\\\/startpagina\\\/?s={search_term_string}\"},\"query-input\":{\"@type\":\"PropertyValueSpecification\",\"valueRequired\":true,\"valueName\":\"search_term_string\"}}],\"inLanguage\":\"de-DE\"}]}<\/script>\n<!-- \/ Yoast SEO plugin. -->","yoast_head_json":{"title":"\u00dcber uns - EML Trikes &amp; Sidecars","robots":{"index":"index","follow":"follow","max-snippet":"max-snippet:-1","max-image-preview":"max-image-preview:large","max-video-preview":"max-video-preview:-1"},"canonical":"https:\/\/emltrike.com\/de\/uber-uns\/","og_locale":"de_DE","og_type":"article","og_title":"\u00dcber uns - EML Trikes &amp; Sidecars","og_description":"[vc_row full_width=&#8221;stretch_row_content&#8221; css=&#8221;.vc_custom_1464350313924{background-color: #ffffff !important;}&#8221;][vc_column][vc_empty_space height=&#8221;145px&#8221; el_class=&#8221;header-spacer&#8221;][\/vc_column][\/vc_row][vc_row full_width=&#8221;stretch_row&#8221; el_class=&#8221;intro-2&#8243; css=&#8221;.vc_custom_1464803130046{background-image: url(\/wp-content\/uploads\/2016\/05\/eml_background.png?id=220) !important;}&#8221;][vc_column][vc_row_inner el_class=&#8221;uk-flex&#8221;][vc_column_inner el_class=&#8221;uk-flex shadow-2 fill column-fix&#8221; width=&#8221;1\/2&#8243; css=&#8221;.vc_custom_1465904303845{background-position: center !important;background-repeat: no-repeat !important;background-size: cover !important;}&#8221; offset=&#8221;vc_col-xs-12&#8243;][vc_single_image image=&#8221;967&#8243; img_size=&#8221;large&#8221; onclick=&#8221;link_image&#8221; el_class=&#8221;uk-flex uk-flex-middle zoom&#8221;][\/vc_column_inner][vc_column_inner el_class=&#8221;intro-2-title&#8221; width=&#8221;1\/2&#8243; offset=&#8221;vc_col-xs-12&#8243;][vc_empty_space height=&#8221;50%&#8221; css=&#8221;.vc_custom_1464349383790{background-color: #ffffff !important;}&#8221;][vc_column_text el_class=&#8221;title-white&#8221;] \u00dcber uns [\/vc_column_text][\/vc_column_inner][\/vc_row_inner][\/vc_column][\/vc_row][vc_row el_class=&#8221;padding-fix&#8221;][vc_column offset=&#8221;vc_hidden-lg vc_hidden-md vc_hidden-sm&#8221;][vc_column_text el_class=&#8221;padding-large fill-blue shadow-2 title-white&#8221;] \u00dcber uns [\/vc_column_text][vc_single_image image=&#8221;967&#8243;&hellip; Read More","og_url":"https:\/\/emltrike.com\/de\/uber-uns\/","og_site_name":"EML Trikes &amp; Sidecars","article_modified_time":"2018-04-09T12:27:19+00:00","twitter_card":"summary_large_image","twitter_misc":{"Est. reading time":"3 minutes"},"schema":{"@context":"https:\/\/schema.org","@graph":[{"@type":"WebPage","@id":"https:\/\/emltrike.com\/de\/uber-uns\/","url":"https:\/\/emltrike.com\/de\/uber-uns\/","name":"\u00dcber uns - EML Trikes &amp; Sidecars","isPartOf":{"@id":"https:\/\/emltrike.com\/de\/nl\/startpagina\/#website"},"datePublished":"2016-06-21T08:12:19+00:00","dateModified":"2018-04-09T12:27:19+00:00","breadcrumb":{"@id":"https:\/\/emltrike.com\/de\/uber-uns\/#breadcrumb"},"inLanguage":"de-DE","potentialAction":[{"@type":"ReadAction","target":["https:\/\/emltrike.com\/de\/uber-uns\/"]}]},{"@type":"BreadcrumbList","@id":"https:\/\/emltrike.com\/de\/uber-uns\/#breadcrumb","itemListElement":[{"@type":"ListItem","position":1,"name":"Home","item":"https:\/\/emltrike.com\/de\/start\/"},{"@type":"ListItem","position":2,"name":"\u00dcber uns"}]},{"@type":"WebSite","@id":"https:\/\/emltrike.com\/de\/nl\/startpagina\/#website","url":"https:\/\/emltrike.com\/de\/nl\/startpagina\/","name":"EML Trikes &amp; Sidecars","description":"Performance by Technology","potentialAction":[{"@type":"SearchAction","target":{"@type":"EntryPoint","urlTemplate":"https:\/\/emltrike.com\/de\/nl\/startpagina\/?s={search_term_string}"},"query-input":{"@type":"PropertyValueSpecification","valueRequired":true,"valueName":"search_term_string"}}],"inLanguage":"de-DE"}]}},"_links":{"self":[{"href":"https:\/\/emltrike.com\/de\/wp-json\/wp\/v2\/pages\/1153","targetHints":{"allow":["GET"]}}],"collection":[{"href":"https:\/\/emltrike.com\/de\/wp-json\/wp\/v2\/pages"}],"about":[{"href":"https:\/\/emltrike.com\/de\/wp-json\/wp\/v2\/types\/page"}],"author":[{"embeddable":true,"href":"https:\/\/emltrike.com\/de\/wp-json\/wp\/v2\/users\/1"}],"replies":[{"embeddable":true,"href":"https:\/\/emltrike.com\/de\/wp-json\/wp\/v2\/comments?post=1153"}],"version-history":[{"count":5,"href":"https:\/\/emltrike.com\/de\/wp-json\/wp\/v2\/pages\/1153\/revisions"}],"predecessor-version":[{"id":2539,"href":"https:\/\/emltrike.com\/de\/wp-json\/wp\/v2\/pages\/1153\/revisions\/2539"}],"wp:attachment":[{"href":"https:\/\/emltrike.com\/de\/wp-json\/wp\/v2\/media?parent=1153"}],"curies":[{"name":"wp","href":"https:\/\/api.w.org\/{rel}","templated":true}]}}